{"id":5151,"date":"2020-01-13T19:10:13","date_gmt":"2020-01-13T19:10:13","guid":{"rendered":"http:\/\/omiwebdev.it\/ocma_n\/bohrkronen-imlochhammer\/"},"modified":"2023-05-26T17:19:03","modified_gmt":"2023-05-26T17:19:03","slug":"bohrkronen-imlochhammer","status":"publish","type":"page","link":"https:\/\/www.ocmasrl.com\/de\/bohrkronen-imlochhammer\/","title":{"rendered":"Bohrkronen Imlochhammer"},"content":{"rendered":"<div class=\"wpb-content-wrapper\"><p>[vc_row unlock_row_content=&#8220;yes&#8220; row_height_percent=&#8220;0&#8243; back_color=&#8220;accent&#8220; overlay_alpha=&#8220;50&#8243; gutter_size=&#8220;3&#8243; column_width_percent=&#8220;100&#8243; shift_y=&#8220;0&#8243; z_index=&#8220;0&#8243;][vc_column column_width_percent=&#8220;100&#8243; align_horizontal=&#8220;align_center&#8220; gutter_size=&#8220;3&#8243; style=&#8220;dark&#8220; overlay_alpha=&#8220;50&#8243; shift_x=&#8220;0&#8243; shift_y=&#8220;0&#8243; shift_y_down=&#8220;0&#8243; z_index=&#8220;0&#8243; medium_width=&#8220;0&#8243; mobile_width=&#8220;0&#8243; width=&#8220;1\/1&#8243;][vc_custom_heading]<\/p>\n<h2 class=\"p1\">IMLOCHHAMMER BOHRKRONEN &#8211; STIFTBOHRKRONEN<\/h2>\n<p>[\/vc_custom_heading][\/vc_column][\/vc_row][vc_row][vc_column width=&#8220;1\/1&#8243;][vc_column_text]Unsere Imlochbohrkronen <span id=\"result_box\" lang=\"de\"><span class=\"hps\">werden\u00a0gemaess den h\u00f6chsten<\/span> <span class=\"hps\">Qualit\u00e4tsstandards<\/span> <span class=\"hps\">mit hochwertigen Materialien hergestellt<\/span>, um die maximale Leistung <span class=\"hps\">zu gew\u00e4hrleisten<\/span><span class=\"hps\">.<\/span> <span class=\"hps\">Die Anwendungsbereiche von unseren Bohrkronen sind: <\/span><span class=\"hps\">Brunnenbau<\/span>, Geothermie, <span class=\"hps\">Mikropf\u00e4hle<\/span>, <span class=\"hps\">Steinbr\u00fcche<\/span> <span class=\"hps\">und<\/span> <span class=\"hps\">Bergwerke.<\/span><\/span>[\/vc_column_text][vc_tabs][vc_tab title=&#8220;Konkave Bohrkronen&#8220; tab_id=&#8220;1549101233-1-78&#8243;][vc_row_inner limit_content=&#8220;&#8220;][vc_column_inner width=&#8220;1\/2&#8243;][vc_single_image media=&#8220;625&#8243; media_lightbox=&#8220;yes&#8220; media_width_percent=&#8220;70&#8243;][\/vc_column_inner][vc_column_inner width=&#8220;1\/2&#8243;][vc_column_text]<strong>Konkave Bohrkronen<\/strong> F\u00fcr mittelweiches bis mittelhartes Gestein bei festem Untergrund und Gestein mit mittlerer Abrasivit\u00e4t. Die Rillen an der Vorderseite sorgen f\u00fcr eine hervorragende Entfernung der Sp\u00e4ne und die konkave Mitte f\u00fcr eine optimale Geradheit der L\u00f6cher. Das konkave Design ist die h\u00e4ufigste Bitform.[\/vc_column_text][\/vc_column_inner][\/vc_row_inner][\/vc_tab][vc_tab title=&#8220;Konvexe Bohrkronen&#8220; tab_id=&#8220;1549101233-2-48&#8243;][vc_row_inner limit_content=&#8220;&#8220;][vc_column_inner width=&#8220;1\/2&#8243;][vc_single_image media=&#8220;629&#8243; media_lightbox=&#8220;yes&#8220; media_width_percent=&#8220;70&#8243;][\/vc_column_inner][vc_column_inner width=&#8220;1\/2&#8243;][vc_column_text]<strong>Konvexe Bohrkronen<\/strong> F\u00fcr mittelweiches bis mittelhartes Gestein bei guten Bodenverh\u00e4ltnissen, bei denen eine maximale Penetrationsrate gew\u00fcnscht wird. Das konvexe Design vertr\u00e4gt abrasive Formationen besser als ein konkaves oder flaches Design. Das konvexe Design erm\u00f6glicht auch die Verwendung einer h\u00f6heren Einsatzdichte f\u00fcr aggressive sph\u00e4rische, konische oder ballistische Bits.[\/vc_column_text][\/vc_column_inner][\/vc_row_inner][\/vc_tab][vc_tab title=&#8220;Flache Bohrkronen&#8220; tab_id=&#8220;1549102008527-2-1&#8243;][vc_row_inner limit_content=&#8220;&#8220;][vc_column_inner width=&#8220;1\/2&#8243;][vc_single_image media=&#8220;632&#8243; media_lightbox=&#8220;yes&#8220; media_width_percent=&#8220;70&#8243;][\/vc_column_inner][vc_column_inner width=&#8220;1\/2&#8243;][vc_column_text]<strong>Flache Bohrkronen<\/strong> F\u00fcr Hartgesteinsformationen, bei denen ein sehr haltbarer Kopf erforderlich ist. Das flache Gesichtsdesign ist sehr stabil und verzeihend in gebrochenen, leeren oder nicht konsolidierten Formationen. Das flache Gesichtsdesign handhabt auch abrasive Formationen gut. Einige Modelle sind mit Gesichtsschlitzen f\u00fcr eine verbesserte Lochreinigung erh\u00e4ltlich.[\/vc_column_text][\/vc_column_inner][\/vc_row_inner][\/vc_tab][vc_tab title=&#8220;Oilfield Bohrkronen&#8220; tab_id=&#8220;1549103594273-3-0&#8243;][vc_row_inner limit_content=&#8220;&#8220;][vc_column_inner width=&#8220;1\/2&#8243;][vc_single_image media=&#8220;634&#8243; media_width_percent=&#8220;70&#8243;][\/vc_column_inner][vc_column_inner width=&#8220;1\/2&#8243;][vc_column_text]<strong>Oilfield Bohrkronen<\/strong> Das \u00d6lfeld-Kopf-Design ist eine Kombination aus konvexem und konkavem Design und bietet die Vorteile von beidem in allen Anwendungen. Die zweite Messreihe teilt sich die hohen Belastungen der Messeins\u00e4tze, um die Lebensdauer zu erhalten und den Verschlei\u00df zu verringern. Der Mittelkegel sorgt f\u00fcr Stabilit\u00e4t und Geradheit.[\/vc_column_text][\/vc_column_inner][\/vc_row_inner][\/vc_tab][\/vc_tabs][\/vc_column][\/vc_row][vc_row][vc_column width=&#8220;1\/1&#8243;][vc_icon position=&#8220;left&#8220; title_aligned_icon=&#8220;yes&#8220; icon=&#8220;fa fa-file-pdf-o&#8220; icon_color=&#8220;color-153373&#8243; size=&#8220;fa-5x&#8220; heading_semantic=&#8220;h5&#8243; text_size=&#8220;h5&#8243; linked_title=&#8220;yes&#8220; link=&#8220;url:https%3A%2F%2Fwww.ocmasrl.com%2Fwp-content%2Fuploads%2FDown-the-hole-Bits.pdf|||&#8220;][\/vc_icon][vc_column_text]Download Catalogue DTH BITS[\/vc_column_text][\/vc_column][\/vc_row][vc_row row_height_percent=&#8220;0&#8243; overlay_alpha=&#8220;50&#8243; gutter_size=&#8220;3&#8243; column_width_percent=&#8220;100&#8243; shift_y=&#8220;0&#8243; z_index=&#8220;0&#8243;][vc_column width=&#8220;1\/1&#8243;][vc_single_image media=&#8220;2059&#8243; media_width_percent=&#8220;80&#8243;][vc_wp_text]\n<table id=\"tablepress-84\" class=\"tablepress tablepress-id-84\">\n<thead>\n<tr class=\"row-1 odd\">\n\t<th class=\"column-1\">SHANK CODES<\/th><th class=\"column-2\">&nbsp;<\/th><th class=\"column-3\">&nbsp;<\/th><th class=\"column-4\">&nbsp;<\/th><th class=\"column-5\">&nbsp;<\/th><th class=\"column-6\">&nbsp;<\/th>\n<\/tr>\n<\/thead>\n<tbody>\n<tr class=\"row-2 even\">\n\t<td class=\"column-1\">BR2=21<\/td><td class=\"column-2\">COP32=32<\/td><td class=\"column-3\">COP34=34<\/td><td class=\"column-4\">DHD3.5=35<\/td><td class=\"column-5\">M30=36<\/td><td class=\"column-6\">DHD340=44<\/td>\n<\/tr>\n<tr class=\"row-3 odd\">\n\t<td class=\"column-1\">M40=45<\/td><td class=\"column-2\">MACH44=46<\/td><td class=\"column-3\">TD40=48<\/td><td class=\"column-4\">DHD350=54<\/td><td class=\"column-5\">QL50=55<\/td><td class=\"column-6\">SD5=56<\/td>\n<\/tr>\n<tr class=\"row-4 even\">\n\t<td class=\"column-1\">M50=57<\/td><td class=\"column-2\">MACH50=58<\/td><td class=\"column-3\">DHD360=64<\/td><td class=\"column-4\">QL60=65<\/td><td class=\"column-5\">SD6=66<\/td><td class=\"column-6\">MACH60=67<\/td>\n<\/tr>\n<tr class=\"row-5 odd\">\n\t<td class=\"column-1\">M60=68<\/td><td class=\"column-2\">DHD380=80<\/td><td class=\"column-3\">QL80=81<\/td><td class=\"column-4\">SD8=82<\/td><td class=\"column-5\">MACH80=83<\/td><td class=\"column-6\">M85=84<\/td>\n<\/tr>\n<tr class=\"row-6 even\">\n\t<td class=\"column-1\">SD10=85<\/td><td class=\"column-2\">DHD112=90<\/td><td class=\"column-3\">SD12=91<\/td><td class=\"column-4\">N120=92<\/td><td class=\"column-5\">N125=93<\/td><td class=\"column-6\">QL120=94<\/td>\n<\/tr>\n<\/tbody>\n<\/table>\n<!-- #tablepress-84 from cache -->[\/vc_wp_text][vc_column_text]<div role=\"form\" class=\"wpcf7\" id=\"wpcf7-f2906-o1\" lang=\"it-IT\" dir=\"ltr\">\n<div class=\"screen-reader-response\"><p role=\"status\" aria-live=\"polite\" aria-atomic=\"true\"><\/p> <ul><\/ul><\/div>\n<form action=\"\/de\/wp-json\/wp\/v2\/pages\/5151#wpcf7-f2906-o1\" method=\"post\" class=\"wpcf7-form init\" novalidate=\"novalidate\" data-status=\"init\">\n<div style=\"display: none;\">\n<input type=\"hidden\" name=\"_wpcf7\" value=\"2906\" \/>\n<input type=\"hidden\" name=\"_wpcf7_version\" value=\"5.4\" \/>\n<input type=\"hidden\" name=\"_wpcf7_locale\" value=\"it_IT\" \/>\n<input type=\"hidden\" name=\"_wpcf7_unit_tag\" value=\"wpcf7-f2906-o1\" \/>\n<input type=\"hidden\" name=\"_wpcf7_container_post\" value=\"0\" \/>\n<input type=\"hidden\" name=\"_wpcf7_posted_data_hash\" value=\"\" \/>\n<input type=\"hidden\" name=\"_wpcf7_recaptcha_response\" value=\"\" \/>\n<\/div>\n<p>REQUEST DTH BIT by CODE<\/p>\n<p><span class=\"wpcf7-form-control-wrap text-220\"><input type=\"text\" name=\"text-220\" value=\"\" size=\"40\" class=\"wpcf7-form-control wpcf7-text\" aria-invalid=\"false\" placeholder=\"DTH BIT CODE\" \/><\/span>  <span class=\"wpcf7-form-control-wrap text-221\"><input type=\"text\" name=\"text-221\" value=\"\" size=\"40\" class=\"wpcf7-form-control wpcf7-text\" aria-invalid=\"false\" placeholder=\"N\u00b0 Pcs\" \/><\/span>  <span class=\"wpcf7-form-control-wrap text-222\"><input type=\"text\" name=\"text-222\" value=\"\" size=\"40\" class=\"wpcf7-form-control wpcf7-text wpcf7-validates-as-required\" aria-required=\"true\" aria-invalid=\"false\" placeholder=\"COMPANY\" \/><\/span>  <span class=\"wpcf7-form-control-wrap your-email\"><input type=\"email\" name=\"your-email\" value=\"\" size=\"40\" class=\"wpcf7-form-control wpcf7-text wpcf7-email wpcf7-validates-as-required wpcf7-validates-as-email\" aria-required=\"true\" aria-invalid=\"false\" placeholder=\"EMAIL\" \/><\/span>  <span class=\"wpcf7-form-control-wrap your\"><input type=\"tel\" name=\"your\" value=\"\" size=\"40\" class=\"wpcf7-form-control wpcf7-text wpcf7-tel wpcf7-validates-as-required wpcf7-validates-as-tel\" aria-required=\"true\" aria-invalid=\"false\" placeholder=\"TELEPHONE\" \/><\/span><\/p>\n<p><input type=\"submit\" value=\"Send Request Offer\" class=\"wpcf7-form-control wpcf7-submit\" \/><\/p>\n<div class=\"wpcf7-response-output\" aria-hidden=\"true\"><\/div><\/form><\/div>[\/vc_column_text][\/vc_column][\/vc_row][vc_row row_height_percent=&#8220;0&#8243; overlay_alpha=&#8220;50&#8243; gutter_size=&#8220;3&#8243; column_width_percent=&#8220;100&#8243; shift_y=&#8220;0&#8243; z_index=&#8220;0&#8243;][vc_column width=&#8220;1\/1&#8243;][vc_custom_heading heading_semantic=&#8220;h4&#8243; text_size=&#8220;h4&#8243; text_color=&#8220;color-153373&#8243; css_animation=&#8220;zoom-in&#8220; animation_speed=&#8220;400&#8243; animation_delay=&#8220;400&#8243;]CUSTOMIZE YOUR DTH BIT![\/vc_custom_heading][vc_column_text]<div role=\"form\" class=\"wpcf7\" id=\"wpcf7-f2907-o2\" lang=\"it-IT\" dir=\"ltr\">\n<div class=\"screen-reader-response\"><p role=\"status\" aria-live=\"polite\" aria-atomic=\"true\"><\/p> <ul><\/ul><\/div>\n<form action=\"\/de\/wp-json\/wp\/v2\/pages\/5151#wpcf7-f2907-o2\" method=\"post\" class=\"wpcf7-form init\" novalidate=\"novalidate\" data-status=\"init\">\n<div style=\"display: none;\">\n<input type=\"hidden\" name=\"_wpcf7\" value=\"2907\" \/>\n<input type=\"hidden\" name=\"_wpcf7_version\" value=\"5.4\" \/>\n<input type=\"hidden\" name=\"_wpcf7_locale\" value=\"it_IT\" \/>\n<input type=\"hidden\" name=\"_wpcf7_unit_tag\" value=\"wpcf7-f2907-o2\" \/>\n<input type=\"hidden\" name=\"_wpcf7_container_post\" value=\"0\" \/>\n<input type=\"hidden\" name=\"_wpcf7_posted_data_hash\" value=\"\" \/>\n<input type=\"hidden\" name=\"_wpcf7_recaptcha_response\" value=\"\" \/>\n<\/div>\n<p>DTH Bit Diam. - mm \/ inch<br \/>\n<span class=\"wpcf7-form-control-wrap text-206\"><input type=\"text\" name=\"text-206\" value=\"\" size=\"40\" class=\"wpcf7-form-control wpcf7-text wpcf7-validates-as-required\" aria-required=\"true\" aria-invalid=\"false\" placeholder=\"DTH Bit Diam.\" \/><\/span><\/p>\n<p> DTH HAMMER SIZE (Inch\")<br \/>\n<span class=\"wpcf7-form-control-wrap menu-126\"><select name=\"menu-126\" class=\"wpcf7-form-control wpcf7-select wpcf7-validates-as-required\" aria-required=\"true\" aria-invalid=\"false\"><option value=\"3&quot; HAMMER\">3&quot; HAMMER<\/option><option value=\"4&quot; HAMMER\">4&quot; HAMMER<\/option><option value=\"5&quot; HAMMER\">5&quot; HAMMER<\/option><option value=\"6&quot; HAMMER\">6&quot; HAMMER<\/option><option value=\"8&quot; HAMMER\">8&quot; HAMMER<\/option><option value=\"10&quot; HAMMER\">10&quot; HAMMER<\/option><option value=\"12&quot; HAMMER\">12&quot; HAMMER<\/option><\/select><\/span><\/p>\n<p> DTH BIT SHANK TYPE<br \/>\n<span class=\"wpcf7-form-control-wrap menu-178\"><select name=\"menu-178\" class=\"wpcf7-form-control wpcf7-select wpcf7-validates-as-required\" aria-required=\"true\" aria-invalid=\"false\"><option value=\"BR2\">BR2<\/option><option value=\"\"><\/option><option value=\"DHD 3.5\">DHD 3.5<\/option><option value=\"DHD 340\">DHD 340<\/option><option value=\"DHD 350\">DHD 350<\/option><option value=\"DHD 360\">DHD 360<\/option><option value=\"DHD 380\">DHD 380<\/option><option value=\"DHD112\">DHD112<\/option><option value=\"\"><\/option><option value=\"QL40\/TD40\">QL40\/TD40<\/option><option value=\"QL50\">QL50<\/option><option value=\"QL60\">QL60<\/option><option value=\"QL80\">QL80<\/option><option value=\"QL120\">QL120<\/option><option value=\"\"><\/option><option value=\"M40\">M40<\/option><option value=\"M50\">M50<\/option><option value=\"M60\">M60<\/option><option value=\"M85\">M85<\/option><option value=\"\"><\/option><option value=\"SD5\">SD5<\/option><option value=\"SD6\">SD6<\/option><option value=\"SD8\">SD8<\/option><option value=\"SD10\">SD10<\/option><option value=\"SD12\">SD12<\/option><option value=\"\"><\/option><option value=\"MACH44\">MACH44<\/option><option value=\"MACH50\">MACH50<\/option><option value=\"MACH60\">MACH60<\/option><option value=\"MACH80\">MACH80<\/option><option value=\"\"><\/option><option value=\"N100\">N100<\/option><option value=\"N120\">N120<\/option><option value=\"N125\">N125<\/option><\/select><\/span><\/p>\n<p> FACE DESIGN TYPE<br \/>\n<span class=\"wpcf7-form-control-wrap menu-75\"><select name=\"menu-75\" class=\"wpcf7-form-control wpcf7-select wpcf7-validates-as-required\" aria-required=\"true\" aria-invalid=\"false\"><option value=\"CONCAVE FACE\">CONCAVE FACE<\/option><option value=\"FLAT FACE\">FLAT FACE<\/option><option value=\"CONVEX FACE\">CONVEX FACE<\/option><option value=\"CONVEX\/CONCAVE FACE - OILFIELD\">CONVEX\/CONCAVE FACE - OILFIELD<\/option><\/select><\/span><\/p>\n<p> N. FLUSHING HOLES<br \/>\n<span class=\"wpcf7-form-control-wrap menu-290\"><select name=\"menu-290\" class=\"wpcf7-form-control wpcf7-select wpcf7-validates-as-required\" aria-required=\"true\" aria-invalid=\"false\"><option value=\"N\u00b0 2 FLUSHING HOLES\">N\u00b0 2 FLUSHING HOLES<\/option><option value=\"N\u00b0 3 FLUSHING HOLES\">N\u00b0 3 FLUSHING HOLES<\/option><\/select><\/span> <\/p>\n<p> SELECT CARBIDE BUTTONS TYPE<br \/>\n<span class=\"wpcf7-form-control-wrap menu-291\"><select name=\"menu-291\" class=\"wpcf7-form-control wpcf7-select wpcf7-validates-as-required\" aria-required=\"true\" aria-invalid=\"false\"><option value=\"SPHERICAL BUTTONS\">SPHERICAL BUTTONS<\/option><option value=\"BALLISTIC BUTTONS\">BALLISTIC BUTTONS<\/option><option value=\"SEMI-BALLISTIC BUTTONS\">SEMI-BALLISTIC BUTTONS<\/option><option value=\"SPHERICAL and BALLISTIC BUTTONS\">SPHERICAL and BALLISTIC BUTTONS<\/option><option value=\"SPHERICAL and SEMI-BALLISTIC BUTTONS\">SPHERICAL and SEMI-BALLISTIC BUTTONS<\/option><\/select><\/span><\/p>\n<p> OUTSIDE WEAR CARBIDES<br \/>\n<span class=\"wpcf7-form-control-wrap menu-832\"><select name=\"menu-832\" class=\"wpcf7-form-control wpcf7-select wpcf7-validates-as-required\" aria-required=\"true\" aria-invalid=\"false\"><option value=\"YES\">YES<\/option><option value=\"NO\">NO<\/option><\/select><\/span><\/p>\n<p> QUANTITY<br \/>\n<span class=\"wpcf7-form-control-wrap text-278\"><input type=\"text\" name=\"text-278\" value=\"\" size=\"40\" class=\"wpcf7-form-control wpcf7-text wpcf7-validates-as-required\" aria-required=\"true\" aria-invalid=\"false\" placeholder=\"N\u00b0 PZ\" \/><\/span><\/p>\n<p> COMPANY NAME<br \/>\n<span class=\"wpcf7-form-control-wrap text-202\"><input type=\"text\" name=\"text-202\" value=\"\" size=\"40\" class=\"wpcf7-form-control wpcf7-text wpcf7-validates-as-required\" aria-required=\"true\" aria-invalid=\"false\" placeholder=\"COMPANY\" \/><\/span><\/p>\n<p> COUNTRY<br \/>\n<span class=\"wpcf7-form-control-wrap text-203\"><input type=\"text\" name=\"text-203\" value=\"\" size=\"40\" class=\"wpcf7-form-control wpcf7-text wpcf7-validates-as-required\" aria-required=\"true\" aria-invalid=\"false\" placeholder=\"COUNTRY\" \/><\/span><\/p>\n<p> EMAIL ADDRESS<br \/>\n<span class=\"wpcf7-form-control-wrap your-email\"><input type=\"email\" name=\"your-email\" value=\"\" size=\"40\" class=\"wpcf7-form-control wpcf7-text wpcf7-email wpcf7-validates-as-required wpcf7-validates-as-email\" aria-required=\"true\" aria-invalid=\"false\" placeholder=\"EMAIL\" \/><\/span> <\/p>\n<p> TELEPHONE NUMBER<br \/>\n<span class=\"wpcf7-form-control-wrap your\"><input type=\"tel\" name=\"your\" value=\"\" size=\"40\" class=\"wpcf7-form-control wpcf7-text wpcf7-tel wpcf7-validates-as-required wpcf7-validates-as-tel\" aria-required=\"true\" aria-invalid=\"false\" placeholder=\"TELEPHONE\" \/><\/span><\/p>\n<p><input type=\"submit\" value=\"SEND REQUEST OFFER\" class=\"wpcf7-form-control wpcf7-submit\" \/><\/p>\n<div class=\"wpcf7-response-output\" aria-hidden=\"true\"><\/div><\/form><\/div>[\/vc_column_text][\/vc_column][\/vc_row][vc_row][vc_column width=&#8220;1\/1&#8243;][vc_gallery el_id=&#8220;gallery-124491&#8243; type=&#8220;justified&#8220; medias=&#8220;641,643,644,645&#8243; justify_row_height=&#8220;200&#8243; gutter_size=&#8220;3&#8243; media_items=&#8220;media|lightbox|original,icon,title&#8220; single_overlay_opacity=&#8220;50&#8243; single_padding=&#8220;2&#8243; lbox_title=&#8220;yes&#8220;][\/vc_column][\/vc_row]<\/p>\n<\/div>","protected":false},"excerpt":{"rendered":"<p>[vc_row unlock_row_content=&#8220;yes&#8220; row_height_percent=&#8220;0&#8243; back_color=&#8220;accent&#8220; overlay_alpha=&#8220;50&#8243; gutter_size=&#8220;3&#8243; column_width_percent=&#8220;100&#8243; shift_y=&#8220;0&#8243; z_index=&#8220;0&#8243;][vc_column column_width_percent=&#8220;100&#8243; align_horizontal=&#8220;align_center&#8220; gutter_size=&#8220;3&#8243; style=&#8220;dark&#8220; overlay_alpha=&#8220;50&#8243; shift_x=&#8220;0&#8243; shift_y=&#8220;0&#8243; shift_y_down=&#8220;0&#8243; z_index=&#8220;0&#8243; medium_width=&#8220;0&#8243; mobile_width=&#8220;0&#8243; [&hellip;]<\/p>\n","protected":false},"author":1,"featured_media":0,"parent":0,"menu_order":0,"comment_status":"closed","ping_status":"closed","template":"","meta":[],"yoast_head":"<!-- This site is optimized with the Yoast SEO Premium plugin v16.0.2 (Yoast SEO v18.2) - https:\/\/yoast.com\/wordpress\/plugins\/seo\/ -->\n<title>Bohrkronen Imlochhammer | Ocma<\/title>\n<meta name=\"description\" content=\"Unsere Imlochbohrkronen werden\u00a0gemaess den h\u00f6chsten Qualit\u00e4tsstandards mit hochwertigen Materialien hergestellt, um die maximale Leistung zu gew\u00e4hrleisten.\" \/>\n<meta name=\"robots\" content=\"index, follow, max-snippet:-1, max-image-preview:large, max-video-preview:-1\" \/>\n<link rel=\"canonical\" href=\"https:\/\/www.ocmasrl.com\/de\/bohrkronen-imlochhammer\/\" \/>\n<meta property=\"og:locale\" content=\"de_DE\" \/>\n<meta property=\"og:type\" content=\"article\" \/>\n<meta property=\"og:title\" content=\"Bohrkronen Imlochhammer | Ocma\" \/>\n<meta property=\"og:description\" content=\"Unsere Imlochbohrkronen werden\u00a0gemaess den h\u00f6chsten Qualit\u00e4tsstandards mit hochwertigen Materialien hergestellt, um die maximale Leistung zu gew\u00e4hrleisten.\" \/>\n<meta property=\"og:url\" content=\"https:\/\/www.ocmasrl.com\/de\/bohrkronen-imlochhammer\/\" \/>\n<meta property=\"og:site_name\" content=\"Ocma\" \/>\n<meta property=\"article:publisher\" content=\"https:\/\/www.facebook.com\/OCMA-DrillTech-227901890599501\/\" \/>\n<meta property=\"article:modified_time\" content=\"2023-05-26T17:19:03+00:00\" \/>\n<meta name=\"twitter:card\" content=\"summary_large_image\" \/>\n<meta name=\"twitter:label1\" content=\"Gesch\u00e4tzte Lesezeit\" \/>\n\t<meta name=\"twitter:data1\" content=\"4\u00a0Minuten\" \/>\n<script type=\"application\/ld+json\" class=\"yoast-schema-graph\">{\"@context\":\"https:\/\/schema.org\",\"@graph\":[{\"@type\":\"Organization\",\"@id\":\"https:\/\/www.ocmasrl.com\/#organization\",\"name\":\"OCMA s.r.l.\",\"url\":\"https:\/\/www.ocmasrl.com\/\",\"sameAs\":[\"https:\/\/www.facebook.com\/OCMA-DrillTech-227901890599501\/\",\"https:\/\/www.instagram.com\/ocmadrilltech\/\"],\"logo\":{\"@type\":\"ImageObject\",\"@id\":\"https:\/\/www.ocmasrl.com\/#logo\",\"inLanguage\":\"de\",\"url\":\"https:\/\/www.ocmasrl.com\/wp-content\/uploads\/OCMA-DrillTech.jpg\",\"contentUrl\":\"https:\/\/www.ocmasrl.com\/wp-content\/uploads\/OCMA-DrillTech.jpg\",\"width\":575,\"height\":105,\"caption\":\"OCMA s.r.l.\"},\"image\":{\"@id\":\"https:\/\/www.ocmasrl.com\/#logo\"}},{\"@type\":\"WebSite\",\"@id\":\"https:\/\/www.ocmasrl.com\/#website\",\"url\":\"https:\/\/www.ocmasrl.com\/\",\"name\":\"Ocma\",\"description\":\"Martelli Fondo Foro\",\"publisher\":{\"@id\":\"https:\/\/www.ocmasrl.com\/#organization\"},\"potentialAction\":[{\"@type\":\"SearchAction\",\"target\":{\"@type\":\"EntryPoint\",\"urlTemplate\":\"https:\/\/www.ocmasrl.com\/?s={search_term_string}\"},\"query-input\":\"required name=search_term_string\"}],\"inLanguage\":\"de\"},{\"@type\":\"WebPage\",\"@id\":\"https:\/\/www.ocmasrl.com\/de\/bohrkronen-imlochhammer\/#webpage\",\"url\":\"https:\/\/www.ocmasrl.com\/de\/bohrkronen-imlochhammer\/\",\"name\":\"Bohrkronen Imlochhammer | Ocma\",\"isPartOf\":{\"@id\":\"https:\/\/www.ocmasrl.com\/#website\"},\"datePublished\":\"2020-01-13T19:10:13+00:00\",\"dateModified\":\"2023-05-26T17:19:03+00:00\",\"description\":\"Unsere Imlochbohrkronen werden\u00a0gemaess den h\u00f6chsten Qualit\u00e4tsstandards mit hochwertigen Materialien hergestellt, um die maximale Leistung zu gew\u00e4hrleisten.\",\"breadcrumb\":{\"@id\":\"https:\/\/www.ocmasrl.com\/de\/bohrkronen-imlochhammer\/#breadcrumb\"},\"inLanguage\":\"de\",\"potentialAction\":[{\"@type\":\"ReadAction\",\"target\":[\"https:\/\/www.ocmasrl.com\/de\/bohrkronen-imlochhammer\/\"]}]},{\"@type\":\"BreadcrumbList\",\"@id\":\"https:\/\/www.ocmasrl.com\/de\/bohrkronen-imlochhammer\/#breadcrumb\",\"itemListElement\":[{\"@type\":\"ListItem\",\"position\":1,\"name\":\"Home\",\"item\":\"https:\/\/www.ocmasrl.com\/de\/\"},{\"@type\":\"ListItem\",\"position\":2,\"name\":\"Bohrkronen Imlochhammer\"}]}]}<\/script>\n<!-- \/ Yoast SEO Premium plugin. -->","yoast_head_json":{"title":"Bohrkronen Imlochhammer | Ocma","description":"Unsere Imlochbohrkronen werden\u00a0gemaess den h\u00f6chsten Qualit\u00e4tsstandards mit hochwertigen Materialien hergestellt, um die maximale Leistung zu gew\u00e4hrleisten.","robots":{"index":"index","follow":"follow","max-snippet":"max-snippet:-1","max-image-preview":"max-image-preview:large","max-video-preview":"max-video-preview:-1"},"canonical":"https:\/\/www.ocmasrl.com\/de\/bohrkronen-imlochhammer\/","og_locale":"de_DE","og_type":"article","og_title":"Bohrkronen Imlochhammer | Ocma","og_description":"Unsere Imlochbohrkronen werden\u00a0gemaess den h\u00f6chsten Qualit\u00e4tsstandards mit hochwertigen Materialien hergestellt, um die maximale Leistung zu gew\u00e4hrleisten.","og_url":"https:\/\/www.ocmasrl.com\/de\/bohrkronen-imlochhammer\/","og_site_name":"Ocma","article_publisher":"https:\/\/www.facebook.com\/OCMA-DrillTech-227901890599501\/","article_modified_time":"2023-05-26T17:19:03+00:00","twitter_card":"summary_large_image","twitter_misc":{"Gesch\u00e4tzte Lesezeit":"4\u00a0Minuten"},"schema":{"@context":"https:\/\/schema.org","@graph":[{"@type":"Organization","@id":"https:\/\/www.ocmasrl.com\/#organization","name":"OCMA s.r.l.","url":"https:\/\/www.ocmasrl.com\/","sameAs":["https:\/\/www.facebook.com\/OCMA-DrillTech-227901890599501\/","https:\/\/www.instagram.com\/ocmadrilltech\/"],"logo":{"@type":"ImageObject","@id":"https:\/\/www.ocmasrl.com\/#logo","inLanguage":"de","url":"https:\/\/www.ocmasrl.com\/wp-content\/uploads\/OCMA-DrillTech.jpg","contentUrl":"https:\/\/www.ocmasrl.com\/wp-content\/uploads\/OCMA-DrillTech.jpg","width":575,"height":105,"caption":"OCMA s.r.l."},"image":{"@id":"https:\/\/www.ocmasrl.com\/#logo"}},{"@type":"WebSite","@id":"https:\/\/www.ocmasrl.com\/#website","url":"https:\/\/www.ocmasrl.com\/","name":"Ocma","description":"Martelli Fondo Foro","publisher":{"@id":"https:\/\/www.ocmasrl.com\/#organization"},"potentialAction":[{"@type":"SearchAction","target":{"@type":"EntryPoint","urlTemplate":"https:\/\/www.ocmasrl.com\/?s={search_term_string}"},"query-input":"required name=search_term_string"}],"inLanguage":"de"},{"@type":"WebPage","@id":"https:\/\/www.ocmasrl.com\/de\/bohrkronen-imlochhammer\/#webpage","url":"https:\/\/www.ocmasrl.com\/de\/bohrkronen-imlochhammer\/","name":"Bohrkronen Imlochhammer | Ocma","isPartOf":{"@id":"https:\/\/www.ocmasrl.com\/#website"},"datePublished":"2020-01-13T19:10:13+00:00","dateModified":"2023-05-26T17:19:03+00:00","description":"Unsere Imlochbohrkronen werden\u00a0gemaess den h\u00f6chsten Qualit\u00e4tsstandards mit hochwertigen Materialien hergestellt, um die maximale Leistung zu gew\u00e4hrleisten.","breadcrumb":{"@id":"https:\/\/www.ocmasrl.com\/de\/bohrkronen-imlochhammer\/#breadcrumb"},"inLanguage":"de","potentialAction":[{"@type":"ReadAction","target":["https:\/\/www.ocmasrl.com\/de\/bohrkronen-imlochhammer\/"]}]},{"@type":"BreadcrumbList","@id":"https:\/\/www.ocmasrl.com\/de\/bohrkronen-imlochhammer\/#breadcrumb","itemListElement":[{"@type":"ListItem","position":1,"name":"Home","item":"https:\/\/www.ocmasrl.com\/de\/"},{"@type":"ListItem","position":2,"name":"Bohrkronen Imlochhammer"}]}]}},"_links":{"self":[{"href":"https:\/\/www.ocmasrl.com\/de\/wp-json\/wp\/v2\/pages\/5151"}],"collection":[{"href":"https:\/\/www.ocmasrl.com\/de\/wp-json\/wp\/v2\/pages"}],"about":[{"href":"https:\/\/www.ocmasrl.com\/de\/wp-json\/wp\/v2\/types\/page"}],"author":[{"embeddable":true,"href":"https:\/\/www.ocmasrl.com\/de\/wp-json\/wp\/v2\/users\/1"}],"replies":[{"embeddable":true,"href":"https:\/\/www.ocmasrl.com\/de\/wp-json\/wp\/v2\/comments?post=5151"}],"version-history":[{"count":16,"href":"https:\/\/www.ocmasrl.com\/de\/wp-json\/wp\/v2\/pages\/5151\/revisions"}],"predecessor-version":[{"id":8055,"href":"https:\/\/www.ocmasrl.com\/de\/wp-json\/wp\/v2\/pages\/5151\/revisions\/8055"}],"wp:attachment":[{"href":"https:\/\/www.ocmasrl.com\/de\/wp-json\/wp\/v2\/media?parent=5151"}],"curies":[{"name":"wp","href":"https:\/\/api.w.org\/{rel}","templated":true}]}}