{"id":5259,"date":"2020-01-15T16:50:17","date_gmt":"2020-01-15T16:50:17","guid":{"rendered":"http:\/\/omiwebdev.it\/ocma_n\/tubage-a-lavancement-hyperbit\/"},"modified":"2024-10-08T10:38:47","modified_gmt":"2024-10-08T10:38:47","slug":"ueberlagerungsbohrsysteme","status":"publish","type":"page","link":"https:\/\/www.ocmasrl.com\/de\/ueberlagerungsbohrsysteme\/","title":{"rendered":"\u00dcberlagerungsbohrsysteme HYPERBIT"},"content":{"rendered":"<div class=\"wpb-content-wrapper\"><p>[vc_row unlock_row_content=&#8220;yes&#8220; row_height_percent=&#8220;0&#8243; back_color=&#8220;accent&#8220; overlay_alpha=&#8220;50&#8243; gutter_size=&#8220;3&#8243; column_width_percent=&#8220;100&#8243; shift_y=&#8220;0&#8243; z_index=&#8220;0&#8243;][vc_column column_width_percent=&#8220;100&#8243; align_horizontal=&#8220;align_center&#8220; gutter_size=&#8220;3&#8243; style=&#8220;dark&#8220; overlay_alpha=&#8220;50&#8243; shift_x=&#8220;0&#8243; shift_y=&#8220;0&#8243; shift_y_down=&#8220;0&#8243; z_index=&#8220;0&#8243; medium_width=&#8220;0&#8243; mobile_width=&#8220;0&#8243; width=&#8220;1\/1&#8243;][vc_custom_heading]<\/p>\n<h2>\u00dcberlagerungsbohrsysteme HYPERBIT &#8211; \u00dcberlagerungsbohren HYPERBIT<\/h2>\n<p>[\/vc_custom_heading][\/vc_column][\/vc_row][vc_row][vc_column column_width_percent=&#8220;100&#8243; position_vertical=&#8220;middle&#8220; gutter_size=&#8220;3&#8243; overlay_alpha=&#8220;50&#8243; shift_x=&#8220;0&#8243; shift_y=&#8220;0&#8243; shift_y_down=&#8220;0&#8243; z_index=&#8220;0&#8243; medium_width=&#8220;0&#8243; mobile_width=&#8220;0&#8243; width=&#8220;1\/2&#8243;][vc_row_inner limit_content=&#8220;&#8220;][vc_column_inner column_width_percent=&#8220;100&#8243; position_vertical=&#8220;middle&#8220; gutter_size=&#8220;3&#8243; overlay_alpha=&#8220;50&#8243; shift_x=&#8220;0&#8243; shift_y=&#8220;0&#8243; shift_y_down=&#8220;0&#8243; z_index=&#8220;0&#8243; medium_width=&#8220;0&#8243; mobile_width=&#8220;0&#8243; width=&#8220;1\/1&#8243;][vc_single_image media=&#8220;731&#8243; media_width_percent=&#8220;100&#8243; alignment=&#8220;center&#8220;][\/vc_column_inner][\/vc_row_inner][vc_column_text]<strong>HYPERBIT<\/strong> ist ein fortschrittliches Bohrsystem (Overburden Drilling System), das f\u00fcr das Hochgeschwindigkeitsbohren in weicher und harter Formation entwickelt wurde. Das HYPERBIT-Geh\u00e4usesystem eignet sich f\u00fcr Fundament- und Pfahlbau-, Wasserbrunnen- und Geothermiebohrungen. Das System ist je nach Geh\u00e4usegr\u00f6\u00dfe und Durchmesser mit zwei oder drei Fl\u00fcgeln erh\u00e4ltlich und mit dem DTH Hammer verbunden.[\/vc_column_text][vc_single_image media=&#8220;175&#8243; media_width_percent=&#8220;100&#8243;][\/vc_column][vc_column column_width_percent=&#8220;100&#8243; position_vertical=&#8220;middle&#8220; gutter_size=&#8220;3&#8243; overlay_alpha=&#8220;50&#8243; shift_x=&#8220;0&#8243; shift_y=&#8220;0&#8243; shift_y_down=&#8220;0&#8243; z_index=&#8220;0&#8243; medium_width=&#8220;0&#8243; mobile_width=&#8220;0&#8243; width=&#8220;1\/2&#8243;][vc_single_image media=&#8220;738&#8243; media_lightbox=&#8220;yes&#8220; media_width_percent=&#8220;80&#8243; alignment=&#8220;center&#8220;][vc_column_text]<\/p>\n<p style=\"text-align: center;\"><span style=\"color: #ff0000;\"><em><strong>EINFACH und SCHNELL offener Fl\u00fcgelmechanismus<\/strong><\/em><\/span><\/p>\n<p>[\/vc_column_text][vc_single_image media=&#8220;740&#8243; media_lightbox=&#8220;yes&#8220; media_width_percent=&#8220;60&#8243; alignment=&#8220;center&#8220;][\/vc_column][\/vc_row][vc_row][vc_column width=&#8220;1\/2&#8243;][vc_row_inner row_inner_height_percent=&#8220;0&#8243; back_color=&#8220;accent&#8220; overlay_alpha=&#8220;50&#8243; gutter_size=&#8220;3&#8243; shift_y=&#8220;0&#8243; z_index=&#8220;0&#8243; limit_content=&#8220;&#8220;][vc_column_inner column_width_percent=&#8220;100&#8243; gutter_size=&#8220;3&#8243; style=&#8220;dark&#8220; overlay_alpha=&#8220;50&#8243; shift_x=&#8220;0&#8243; shift_y=&#8220;0&#8243; shift_y_down=&#8220;0&#8243; z_index=&#8220;0&#8243; medium_width=&#8220;0&#8243; mobile_width=&#8220;0&#8243; width=&#8220;1\/1&#8243;][vc_column_text]<\/p>\n<p style=\"text-align: center;\"><strong>Avantages HYPERBIT<\/strong><strong><br \/>\n<\/strong>[\/vc_column_text][\/vc_column_inner][\/vc_row_inner][vc_column_text]\u2022 Schnellbohren in weicher und harter Formation<br \/>\n\u2022 Schnelles System zum Entfernen \/ \u00c4ndern der Fl\u00fcgel<br \/>\n\u2022 Gerade L\u00f6cher<br \/>\n\u2022 Starker Fl\u00fcgelmechanismus<br \/>\n\u2022 Long Life Wings mit Hartmetall-Verschlei\u00dfschutz[\/vc_column_text][vc_row_inner limit_content=&#8220;&#8220;][vc_column_inner column_width_percent=&#8220;100&#8243; position_vertical=&#8220;middle&#8220; align_horizontal=&#8220;align_center&#8220; gutter_size=&#8220;3&#8243; overlay_alpha=&#8220;50&#8243; shift_x=&#8220;0&#8243; shift_y=&#8220;0&#8243; shift_y_down=&#8220;0&#8243; z_index=&#8220;0&#8243; medium_width=&#8220;0&#8243; mobile_width=&#8220;0&#8243; width=&#8220;1\/1&#8243;][vc_icon icon=&#8220;fa fa-file-pdf-o&#8220; icon_color=&#8220;color-153373&#8243; size=&#8220;fa-5x&#8220; heading_semantic=&#8220;h5&#8243; text_size=&#8220;h5&#8243; link=&#8220;url:https%3A%2F%2Fwww.ocmasrl.com%2Fwp-content%2Fuploads%2FHYPERBIT-2024.pdf|title:HYPERBIT%202024|target:_blank&#8220;][\/vc_icon][vc_column_text]Download Catalogue[\/vc_column_text][\/vc_column_inner][\/vc_row_inner][\/vc_column][vc_column width=&#8220;1\/2&#8243;][vc_row_inner row_inner_height_percent=&#8220;0&#8243; back_color=&#8220;accent&#8220; overlay_alpha=&#8220;50&#8243; gutter_size=&#8220;3&#8243; shift_y=&#8220;0&#8243; z_index=&#8220;0&#8243; limit_content=&#8220;&#8220;][vc_column_inner column_width_percent=&#8220;100&#8243; gutter_size=&#8220;3&#8243; style=&#8220;dark&#8220; overlay_alpha=&#8220;50&#8243; shift_x=&#8220;0&#8243; shift_y=&#8220;0&#8243; shift_y_down=&#8220;0&#8243; z_index=&#8220;0&#8243; medium_width=&#8220;0&#8243; mobile_width=&#8220;0&#8243; width=&#8220;1\/1&#8243;][vc_column_text]<\/p>\n<p style=\"text-align: center;\"><strong>PUSH TO RELEASE<\/strong><\/p>\n<p>[\/vc_column_text][\/vc_column_inner][\/vc_row_inner][vc_column_text]<strong>&#8222;PUSH TO RELEASE&#8220;<\/strong> ist ein innovatives Verriegelungssystem von <strong>OCMA DrillTech<\/strong>, mit dem die gebrauchten Fl\u00fcgel sehr schnell ausgetauscht werden k\u00f6nnen. Die verbrauchten Fl\u00fcgel k\u00f6nnen durch Dr\u00fccken von <strong>&#8222;PLUG&#8220;<\/strong> und Entfernen des Rings, der Feder und des Stifts vom Pilotbit entfernt werden.[\/vc_column_text][vc_single_image media=&#8220;747&#8243; media_lightbox=&#8220;yes&#8220; media_width_percent=&#8220;80&#8243;][\/vc_column][\/vc_row][vc_row][vc_column width=&#8220;1\/1&#8243;][vc_tabs][vc_tab title=&#8220;DIMENSIONS&#8220; tab_id=&#8220;1549131001512-3-6e3ac-3c9d&#8220;][vc_row_inner limit_content=&#8220;&#8220;][vc_column_inner width=&#8220;1\/1&#8243;][vc_single_image media=&#8220;8080&#8243; media_lightbox=&#8220;yes&#8220; media_width_percent=&#8220;69&#8243;][vc_custom_heading heading_semantic=&#8220;h4&#8243; text_size=&#8220;h4&#8243; text_color=&#8220;color-153373&#8243; css_animation=&#8220;zoom-in&#8220;]Angebot \u00dcberlagerungsbohrsysteme HYPERBIT[\/vc_custom_heading][vc_column_text]<div role=\"form\" class=\"wpcf7\" id=\"wpcf7-f2767-o1\" lang=\"it-IT\" dir=\"ltr\">\n<div class=\"screen-reader-response\"><p role=\"status\" aria-live=\"polite\" aria-atomic=\"true\"><\/p> <ul><\/ul><\/div>\n<form action=\"\/de\/wp-json\/wp\/v2\/pages\/5259#wpcf7-f2767-o1\" method=\"post\" class=\"wpcf7-form init\" novalidate=\"novalidate\" data-status=\"init\">\n<div style=\"display: none;\">\n<input type=\"hidden\" name=\"_wpcf7\" value=\"2767\" \/>\n<input type=\"hidden\" name=\"_wpcf7_version\" value=\"5.4\" \/>\n<input type=\"hidden\" name=\"_wpcf7_locale\" value=\"it_IT\" \/>\n<input type=\"hidden\" name=\"_wpcf7_unit_tag\" value=\"wpcf7-f2767-o1\" \/>\n<input type=\"hidden\" name=\"_wpcf7_container_post\" value=\"0\" \/>\n<input type=\"hidden\" name=\"_wpcf7_posted_data_hash\" value=\"\" \/>\n<input type=\"hidden\" name=\"_wpcf7_recaptcha_response\" value=\"\" \/>\n<\/div>\n<p>CASING Outside Diam. - mm<br \/>\n<span class=\"wpcf7-form-control-wrap menu-2000\"><select name=\"menu-2000\" class=\"wpcf7-form-control wpcf7-select wpcf7-validates-as-required\" aria-required=\"true\" aria-invalid=\"false\"><option value=\"114.3 mm\">114.3 mm<\/option><option value=\"127 mm\">127 mm<\/option><option value=\"133 mm\">133 mm<\/option><option value=\"139.8 mm\">139.8 mm<\/option><option value=\"152 mm\">152 mm<\/option><option value=\"159 mm\">159 mm<\/option><option value=\"168 mm\">168 mm<\/option><option value=\"177.8 mm\">177.8 mm<\/option><option value=\"193.7 mm\">193.7 mm<\/option><option value=\"203 mm\">203 mm<\/option><option value=\"219.1 mm\">219.1 mm<\/option><option value=\"244.4 mm\">244.4 mm<\/option><option value=\"254 mm\">254 mm<\/option><option value=\"273 mm\">273 mm<\/option><option value=\"298.5 mm\">298.5 mm<\/option><option value=\"323.9 mm\">323.9 mm<\/option><option value=\"355.6 mm\">355.6 mm<\/option><option value=\"368 mm\">368 mm<\/option><option value=\"406.4 mm\">406.4 mm<\/option><option value=\"508 mm\">508 mm<\/option><\/select><\/span><\/p>\n<p> CASING Wall Thickness - mm<br \/>\n<span class=\"wpcf7-form-control-wrap menu-2001\"><select name=\"menu-2001\" class=\"wpcf7-form-control wpcf7-select wpcf7-validates-as-required\" aria-required=\"true\" aria-invalid=\"false\"><option value=\"4 mm\">4 mm<\/option><option value=\"4.5 mm\">4.5 mm<\/option><option value=\"5 mm\">5 mm<\/option><option value=\"5.5 mm\">5.5 mm<\/option><option value=\"6.3 mm\">6.3 mm<\/option><option value=\"7.1 mm\">7.1 mm<\/option><option value=\"8 mm\">8 mm<\/option><option value=\"8.8 mm\">8.8 mm<\/option><option value=\"10 mm\">10 mm<\/option><option value=\"11 mm\">11 mm<\/option><option value=\"12.5 mm\">12.5 mm<\/option><option value=\"14 mm\">14 mm<\/option><\/select><\/span><\/p>\n<p> DTH HAMMER Size (Inch\")<br \/>\n<span class=\"wpcf7-form-control-wrap menu-2002\"><select name=\"menu-2002\" class=\"wpcf7-form-control wpcf7-select wpcf7-validates-as-required\" aria-required=\"true\" aria-invalid=\"false\"><option value=\"3&quot; HAMMER\">3&quot; HAMMER<\/option><option value=\"4&quot; HAMMER\">4&quot; HAMMER<\/option><option value=\"5&quot; HAMMER\">5&quot; HAMMER<\/option><option value=\"6&quot; HAMMER\">6&quot; HAMMER<\/option><option value=\"8&quot; HAMMER\">8&quot; HAMMER<\/option><option value=\"10&quot; HAMMER\">10&quot; HAMMER<\/option><option value=\"12&quot; HAMMER\">12&quot; HAMMER<\/option><\/select><\/span><\/p>\n<p> BIT SHANK Type<br \/>\n<span class=\"wpcf7-form-control-wrap menu-2003\"><select name=\"menu-2003\" class=\"wpcf7-form-control wpcf7-select wpcf7-validates-as-required\" aria-required=\"true\" aria-invalid=\"false\"><option value=\"DHD 3.5\">DHD 3.5<\/option><option value=\"DHD 340\">DHD 340<\/option><option value=\"DHD 350\">DHD 350<\/option><option value=\"DHD 360\">DHD 360<\/option><option value=\"DHD 380\">DHD 380<\/option><option value=\"DHD112\">DHD112<\/option><option value=\"\"><\/option><option value=\"QL40\/TD40\">QL40\/TD40<\/option><option value=\"QL50\">QL50<\/option><option value=\"QL60\">QL60<\/option><option value=\"QL80\">QL80<\/option><option value=\"QL120\">QL120<\/option><option value=\"\"><\/option><option value=\"M40\">M40<\/option><option value=\"M50\">M50<\/option><option value=\"M60\">M60<\/option><option value=\"M85\">M85<\/option><option value=\"\"><\/option><option value=\"SD5\">SD5<\/option><option value=\"SD6\">SD6<\/option><option value=\"SD8\">SD8<\/option><option value=\"SD10\">SD10<\/option><option value=\"SD12\">SD12<\/option><option value=\"\"><\/option><option value=\"MACH44\">MACH44<\/option><option value=\"MACH50\">MACH50<\/option><option value=\"MACH60\">MACH60<\/option><option value=\"MACH80\">MACH80<\/option><option value=\"\"><\/option><option value=\"N100\">N100<\/option><option value=\"N120\">N120<\/option><option value=\"N125\">N125<\/option><\/select><\/span><\/p>\n<p> HYPERBIT Model<br \/>\n<span class=\"wpcf7-form-control-wrap menu-2004\"><select name=\"menu-2004\" class=\"wpcf7-form-control wpcf7-select wpcf7-validates-as-required\" aria-required=\"true\" aria-invalid=\"false\"><option value=\"HYPERBIT 90\">HYPERBIT 90<\/option><option value=\"HYPERBIT 105\">HYPERBIT 105<\/option><option value=\"HYPERBIT 110\">HYPERBIT 110<\/option><option value=\"HYPERBIT 115\">HYPERBIT 115<\/option><option value=\"HYPERBIT 125\">HYPERBIT 125<\/option><option value=\"HYPERBIT 130\">HYPERBIT 130<\/option><option value=\"HYPERBIT 135\">HYPERBIT 135<\/option><option value=\"HYPERBIT 140\">HYPERBIT 140<\/option><option value=\"HYPERBIT 150\">HYPERBIT 150<\/option><option value=\"HYPERBIT 165\">HYPERBIT 165<\/option><option value=\"HYPERBIT 185\">HYPERBIT 185<\/option><option value=\"HYPERBIT 190\">HYPERBIT 190<\/option><option value=\"HYPERBIT 215\">HYPERBIT 215<\/option><option value=\"HYPERBIT 220\">HYPERBIT 220<\/option><option value=\"HYPERBIT 230\">HYPERBIT 230<\/option><option value=\"HYPERBIT 240\">HYPERBIT 240<\/option><option value=\"HYPERBIT 265\">HYPERBIT 265<\/option><option value=\"HYPERBIT 275\">HYPERBIT 275<\/option><option value=\"HYPERBIT 280\">HYPERBIT 280<\/option><option value=\"HYPERBIT 315\">HYPERBIT 315<\/option><option value=\"HYPERBIT 330\">HYPERBIT 330<\/option><option value=\"HYPERBIT 355\">HYPERBIT 355<\/option><option value=\"HYPERBIT 365\">HYPERBIT 365<\/option><option value=\"HYPERBIT 460\">HYPERBIT 460<\/option><option value=\"HYPERBIT 465\">HYPERBIT 465<\/option><option value=\"HYPERBIT 470\">HYPERBIT 470<\/option><\/select><\/span><\/p>\n<p> QUANTITY<br \/>\n<span class=\"wpcf7-form-control-wrap text-2005\"><input type=\"text\" name=\"text-2005\" value=\"\" size=\"40\" class=\"wpcf7-form-control wpcf7-text wpcf7-validates-as-required\" aria-required=\"true\" aria-invalid=\"false\" placeholder=\"N\u00b0 Pz\" \/><\/span><\/p>\n<p> COMPANY NAME<br \/>\n<span class=\"wpcf7-form-control-wrap text-2006\"><input type=\"text\" name=\"text-2006\" value=\"\" size=\"40\" class=\"wpcf7-form-control wpcf7-text wpcf7-validates-as-required\" aria-required=\"true\" aria-invalid=\"false\" placeholder=\"COMPANY\" \/><\/span><\/p>\n<p> COUNTRY<br \/>\n<span class=\"wpcf7-form-control-wrap text-2007\"><input type=\"text\" name=\"text-2007\" value=\"\" size=\"40\" class=\"wpcf7-form-control wpcf7-text wpcf7-validates-as-required\" aria-required=\"true\" aria-invalid=\"false\" placeholder=\"COUNTRY\" \/><\/span><\/p>\n<p> EMAIL Address<br \/>\n<span class=\"wpcf7-form-control-wrap your-email\"><input type=\"email\" name=\"your-email\" value=\"\" size=\"40\" class=\"wpcf7-form-control wpcf7-text wpcf7-email wpcf7-validates-as-required wpcf7-validates-as-email\" aria-required=\"true\" aria-invalid=\"false\" placeholder=\"EMAIL\" \/><\/span> <\/p>\n<p><input type=\"submit\" value=\"Send Request Offer\" class=\"wpcf7-form-control wpcf7-submit\" \/><\/p>\n<div class=\"wpcf7-response-output\" aria-hidden=\"true\"><\/div><\/form><\/div>[\/vc_column_text][\/vc_column_inner][\/vc_row_inner][\/vc_tab][vc_tab title=&#8220;APPLICAZIONI&#8220; tab_id=&#8220;1549131264130-4-1e3ac-3c9d&#8220;][vc_gallery el_id=&#8220;gallery-193510&#8243; medias=&#8220;721,723,724,725&#8243; gutter_size=&#8220;2&#8243; media_items=&#8220;media|lightbox|original,title&#8220; screen_lg=&#8220;1000&#8243; screen_md=&#8220;600&#8243; screen_sm=&#8220;480&#8243; single_width=&#8220;3&#8243; images_size=&#8220;one-one&#8220; single_overlay_opacity=&#8220;50&#8243; single_padding=&#8220;2&#8243; lbox_title=&#8220;yes&#8220;][\/vc_tab][\/vc_tabs][vc_tab title=&#8220;GHIERA USO SINGOLO&#8220; tab_id=&#8220;1549111315-2-39e3ac-3c9d&#8220;][\/vc_tab][\/vc_column][\/vc_row]<\/p>\n<\/div>","protected":false},"excerpt":{"rendered":"<p>[vc_row unlock_row_content=&#8220;yes&#8220; row_height_percent=&#8220;0&#8243; back_color=&#8220;accent&#8220; overlay_alpha=&#8220;50&#8243; gutter_size=&#8220;3&#8243; column_width_percent=&#8220;100&#8243; shift_y=&#8220;0&#8243; z_index=&#8220;0&#8243;][vc_column column_width_percent=&#8220;100&#8243; align_horizontal=&#8220;align_center&#8220; gutter_size=&#8220;3&#8243; style=&#8220;dark&#8220; overlay_alpha=&#8220;50&#8243; shift_x=&#8220;0&#8243; shift_y=&#8220;0&#8243; shift_y_down=&#8220;0&#8243; z_index=&#8220;0&#8243; medium_width=&#8220;0&#8243; mobile_width=&#8220;0&#8243; [&hellip;]<\/p>\n","protected":false},"author":1,"featured_media":0,"parent":0,"menu_order":0,"comment_status":"closed","ping_status":"closed","template":"","meta":[],"yoast_head":"<!-- This site is optimized with the Yoast SEO Premium plugin v16.0.2 (Yoast SEO v18.2) - https:\/\/yoast.com\/wordpress\/plugins\/seo\/ -->\n<title>\u00dcberlagerungsbohrsysteme HYPERBIT | Ocma<\/title>\n<meta name=\"description\" content=\"HYPERBIT - Fortschrittliches Bohrsystem, das f\u00fcr das Hochgeschwindigkeitsbohren in weicher und harter Formation entwickelt wurde. Das HYPERBIT \u00dcberlagerungsbohrsysteme eignet sich f\u00fcr Fundament und Pfahlbau, Wasserbrunnen und Geothermiebohrungen.\" \/>\n<meta name=\"robots\" content=\"index, follow, max-snippet:-1, max-image-preview:large, max-video-preview:-1\" \/>\n<link rel=\"canonical\" href=\"https:\/\/www.ocmasrl.com\/de\/ueberlagerungsbohrsysteme\/\" \/>\n<meta property=\"og:locale\" content=\"de_DE\" \/>\n<meta property=\"og:type\" content=\"article\" \/>\n<meta property=\"og:title\" content=\"\u00dcberlagerungsbohrsysteme HYPERBIT | Ocma\" \/>\n<meta property=\"og:description\" content=\"HYPERBIT - Fortschrittliches Bohrsystem, das f\u00fcr das Hochgeschwindigkeitsbohren in weicher und harter Formation entwickelt wurde. Das HYPERBIT \u00dcberlagerungsbohrsysteme eignet sich f\u00fcr Fundament und Pfahlbau, Wasserbrunnen und Geothermiebohrungen.\" \/>\n<meta property=\"og:url\" content=\"https:\/\/www.ocmasrl.com\/de\/ueberlagerungsbohrsysteme\/\" \/>\n<meta property=\"og:site_name\" content=\"Ocma\" \/>\n<meta property=\"article:publisher\" content=\"https:\/\/www.facebook.com\/OCMA-DrillTech-227901890599501\/\" \/>\n<meta property=\"article:modified_time\" content=\"2024-10-08T10:38:47+00:00\" \/>\n<meta name=\"twitter:card\" content=\"summary_large_image\" \/>\n<meta name=\"twitter:label1\" content=\"Gesch\u00e4tzte Lesezeit\" \/>\n\t<meta name=\"twitter:data1\" content=\"4\u00a0Minuten\" \/>\n<script type=\"application\/ld+json\" class=\"yoast-schema-graph\">{\"@context\":\"https:\/\/schema.org\",\"@graph\":[{\"@type\":\"Organization\",\"@id\":\"https:\/\/www.ocmasrl.com\/#organization\",\"name\":\"OCMA s.r.l.\",\"url\":\"https:\/\/www.ocmasrl.com\/\",\"sameAs\":[\"https:\/\/www.facebook.com\/OCMA-DrillTech-227901890599501\/\",\"https:\/\/www.instagram.com\/ocmadrilltech\/\"],\"logo\":{\"@type\":\"ImageObject\",\"@id\":\"https:\/\/www.ocmasrl.com\/#logo\",\"inLanguage\":\"de\",\"url\":\"https:\/\/www.ocmasrl.com\/wp-content\/uploads\/OCMA-DrillTech.jpg\",\"contentUrl\":\"https:\/\/www.ocmasrl.com\/wp-content\/uploads\/OCMA-DrillTech.jpg\",\"width\":575,\"height\":105,\"caption\":\"OCMA s.r.l.\"},\"image\":{\"@id\":\"https:\/\/www.ocmasrl.com\/#logo\"}},{\"@type\":\"WebSite\",\"@id\":\"https:\/\/www.ocmasrl.com\/#website\",\"url\":\"https:\/\/www.ocmasrl.com\/\",\"name\":\"Ocma\",\"description\":\"Martelli Fondo Foro\",\"publisher\":{\"@id\":\"https:\/\/www.ocmasrl.com\/#organization\"},\"potentialAction\":[{\"@type\":\"SearchAction\",\"target\":{\"@type\":\"EntryPoint\",\"urlTemplate\":\"https:\/\/www.ocmasrl.com\/?s={search_term_string}\"},\"query-input\":\"required name=search_term_string\"}],\"inLanguage\":\"de\"},{\"@type\":\"WebPage\",\"@id\":\"https:\/\/www.ocmasrl.com\/de\/ueberlagerungsbohrsysteme\/#webpage\",\"url\":\"https:\/\/www.ocmasrl.com\/de\/ueberlagerungsbohrsysteme\/\",\"name\":\"\u00dcberlagerungsbohrsysteme HYPERBIT | Ocma\",\"isPartOf\":{\"@id\":\"https:\/\/www.ocmasrl.com\/#website\"},\"datePublished\":\"2020-01-15T16:50:17+00:00\",\"dateModified\":\"2024-10-08T10:38:47+00:00\",\"description\":\"HYPERBIT - Fortschrittliches Bohrsystem, das f\u00fcr das Hochgeschwindigkeitsbohren in weicher und harter Formation entwickelt wurde. Das HYPERBIT \u00dcberlagerungsbohrsysteme eignet sich f\u00fcr Fundament und Pfahlbau, Wasserbrunnen und Geothermiebohrungen.\",\"breadcrumb\":{\"@id\":\"https:\/\/www.ocmasrl.com\/de\/ueberlagerungsbohrsysteme\/#breadcrumb\"},\"inLanguage\":\"de\",\"potentialAction\":[{\"@type\":\"ReadAction\",\"target\":[\"https:\/\/www.ocmasrl.com\/de\/ueberlagerungsbohrsysteme\/\"]}]},{\"@type\":\"BreadcrumbList\",\"@id\":\"https:\/\/www.ocmasrl.com\/de\/ueberlagerungsbohrsysteme\/#breadcrumb\",\"itemListElement\":[{\"@type\":\"ListItem\",\"position\":1,\"name\":\"Home\",\"item\":\"https:\/\/www.ocmasrl.com\/de\/\"},{\"@type\":\"ListItem\",\"position\":2,\"name\":\"\u00dcberlagerungsbohrsysteme HYPERBIT\"}]}]}<\/script>\n<!-- \/ Yoast SEO Premium plugin. -->","yoast_head_json":{"title":"\u00dcberlagerungsbohrsysteme HYPERBIT | Ocma","description":"HYPERBIT - Fortschrittliches Bohrsystem, das f\u00fcr das Hochgeschwindigkeitsbohren in weicher und harter Formation entwickelt wurde. Das HYPERBIT \u00dcberlagerungsbohrsysteme eignet sich f\u00fcr Fundament und Pfahlbau, Wasserbrunnen und Geothermiebohrungen.","robots":{"index":"index","follow":"follow","max-snippet":"max-snippet:-1","max-image-preview":"max-image-preview:large","max-video-preview":"max-video-preview:-1"},"canonical":"https:\/\/www.ocmasrl.com\/de\/ueberlagerungsbohrsysteme\/","og_locale":"de_DE","og_type":"article","og_title":"\u00dcberlagerungsbohrsysteme HYPERBIT | Ocma","og_description":"HYPERBIT - Fortschrittliches Bohrsystem, das f\u00fcr das Hochgeschwindigkeitsbohren in weicher und harter Formation entwickelt wurde. Das HYPERBIT \u00dcberlagerungsbohrsysteme eignet sich f\u00fcr Fundament und Pfahlbau, Wasserbrunnen und Geothermiebohrungen.","og_url":"https:\/\/www.ocmasrl.com\/de\/ueberlagerungsbohrsysteme\/","og_site_name":"Ocma","article_publisher":"https:\/\/www.facebook.com\/OCMA-DrillTech-227901890599501\/","article_modified_time":"2024-10-08T10:38:47+00:00","twitter_card":"summary_large_image","twitter_misc":{"Gesch\u00e4tzte Lesezeit":"4\u00a0Minuten"},"schema":{"@context":"https:\/\/schema.org","@graph":[{"@type":"Organization","@id":"https:\/\/www.ocmasrl.com\/#organization","name":"OCMA s.r.l.","url":"https:\/\/www.ocmasrl.com\/","sameAs":["https:\/\/www.facebook.com\/OCMA-DrillTech-227901890599501\/","https:\/\/www.instagram.com\/ocmadrilltech\/"],"logo":{"@type":"ImageObject","@id":"https:\/\/www.ocmasrl.com\/#logo","inLanguage":"de","url":"https:\/\/www.ocmasrl.com\/wp-content\/uploads\/OCMA-DrillTech.jpg","contentUrl":"https:\/\/www.ocmasrl.com\/wp-content\/uploads\/OCMA-DrillTech.jpg","width":575,"height":105,"caption":"OCMA s.r.l."},"image":{"@id":"https:\/\/www.ocmasrl.com\/#logo"}},{"@type":"WebSite","@id":"https:\/\/www.ocmasrl.com\/#website","url":"https:\/\/www.ocmasrl.com\/","name":"Ocma","description":"Martelli Fondo Foro","publisher":{"@id":"https:\/\/www.ocmasrl.com\/#organization"},"potentialAction":[{"@type":"SearchAction","target":{"@type":"EntryPoint","urlTemplate":"https:\/\/www.ocmasrl.com\/?s={search_term_string}"},"query-input":"required name=search_term_string"}],"inLanguage":"de"},{"@type":"WebPage","@id":"https:\/\/www.ocmasrl.com\/de\/ueberlagerungsbohrsysteme\/#webpage","url":"https:\/\/www.ocmasrl.com\/de\/ueberlagerungsbohrsysteme\/","name":"\u00dcberlagerungsbohrsysteme HYPERBIT | Ocma","isPartOf":{"@id":"https:\/\/www.ocmasrl.com\/#website"},"datePublished":"2020-01-15T16:50:17+00:00","dateModified":"2024-10-08T10:38:47+00:00","description":"HYPERBIT - Fortschrittliches Bohrsystem, das f\u00fcr das Hochgeschwindigkeitsbohren in weicher und harter Formation entwickelt wurde. Das HYPERBIT \u00dcberlagerungsbohrsysteme eignet sich f\u00fcr Fundament und Pfahlbau, Wasserbrunnen und Geothermiebohrungen.","breadcrumb":{"@id":"https:\/\/www.ocmasrl.com\/de\/ueberlagerungsbohrsysteme\/#breadcrumb"},"inLanguage":"de","potentialAction":[{"@type":"ReadAction","target":["https:\/\/www.ocmasrl.com\/de\/ueberlagerungsbohrsysteme\/"]}]},{"@type":"BreadcrumbList","@id":"https:\/\/www.ocmasrl.com\/de\/ueberlagerungsbohrsysteme\/#breadcrumb","itemListElement":[{"@type":"ListItem","position":1,"name":"Home","item":"https:\/\/www.ocmasrl.com\/de\/"},{"@type":"ListItem","position":2,"name":"\u00dcberlagerungsbohrsysteme HYPERBIT"}]}]}},"_links":{"self":[{"href":"https:\/\/www.ocmasrl.com\/de\/wp-json\/wp\/v2\/pages\/5259"}],"collection":[{"href":"https:\/\/www.ocmasrl.com\/de\/wp-json\/wp\/v2\/pages"}],"about":[{"href":"https:\/\/www.ocmasrl.com\/de\/wp-json\/wp\/v2\/types\/page"}],"author":[{"embeddable":true,"href":"https:\/\/www.ocmasrl.com\/de\/wp-json\/wp\/v2\/users\/1"}],"replies":[{"embeddable":true,"href":"https:\/\/www.ocmasrl.com\/de\/wp-json\/wp\/v2\/comments?post=5259"}],"version-history":[{"count":7,"href":"https:\/\/www.ocmasrl.com\/de\/wp-json\/wp\/v2\/pages\/5259\/revisions"}],"predecessor-version":[{"id":8250,"href":"https:\/\/www.ocmasrl.com\/de\/wp-json\/wp\/v2\/pages\/5259\/revisions\/8250"}],"wp:attachment":[{"href":"https:\/\/www.ocmasrl.com\/de\/wp-json\/wp\/v2\/media?parent=5259"}],"curies":[{"name":"wp","href":"https:\/\/api.w.org\/{rel}","templated":true}]}}