{"id":5560,"date":"2020-01-17T18:53:16","date_gmt":"2020-01-17T18:53:16","guid":{"rendered":"http:\/\/omiwebdev.it\/ocma_n\/bohrgestaenge-und-zubehoer\/"},"modified":"2023-05-26T16:32:05","modified_gmt":"2023-05-26T16:32:05","slug":"bohrgestaenge-und-zubehoer","status":"publish","type":"page","link":"https:\/\/www.ocmasrl.com\/de\/bohrgestaenge-und-zubehoer\/","title":{"rendered":"Bohrgest\u00e4nge und Zubeh\u00f6r"},"content":{"rendered":"<div class=\"wpb-content-wrapper\"><p>[vc_row unlock_row_content=&#8220;yes&#8220; row_height_percent=&#8220;0&#8243; back_color=&#8220;accent&#8220; overlay_alpha=&#8220;50&#8243; gutter_size=&#8220;3&#8243; column_width_percent=&#8220;100&#8243; shift_y=&#8220;0&#8243; z_index=&#8220;0&#8243;][vc_column column_width_percent=&#8220;100&#8243; align_horizontal=&#8220;align_center&#8220; gutter_size=&#8220;3&#8243; style=&#8220;dark&#8220; overlay_alpha=&#8220;50&#8243; shift_x=&#8220;0&#8243; shift_y=&#8220;0&#8243; shift_y_down=&#8220;0&#8243; z_index=&#8220;0&#8243; medium_width=&#8220;0&#8243; mobile_width=&#8220;0&#8243; width=&#8220;1\/1&#8243;][vc_column_text]<\/p>\n<h2 style=\"text-align: center;\">HDD Gest\u00e4nge &#8211; Bohrgest\u00e4nge f\u00fcr drehendes und schlagendes Bohren<\/h2>\n<p>[\/vc_column_text][\/vc_column][\/vc_row][vc_row][vc_column width=&#8220;1\/2&#8243;][vc_single_image media=&#8220;2114&#8243; media_width_percent=&#8220;70&#8243; css_animation=&#8220;zoom-in&#8220;][\/vc_column][vc_column width=&#8220;1\/2&#8243;][vc_empty_space empty_h=&#8220;3&#8243;][vc_column_text]Bohrgest\u00e4nge und Zubeh\u00f6r werden mit Kohlenstoffst\u00e4hlen gem\u00e4\u00df API 5DP und API 5CT &#8211; American Petroleum Institute hergestellt. Die Werkzeugverbindungen bestehen aus 42CrMo4-Stahl, geh\u00e4rtet und angelassen mit Stickstoff, um die beste Qualit\u00e4t auf dem Markt zu gew\u00e4hrleisten. Die S135- oder N80-Stahlrohre und die Werkzeugverbindungen werden mit einer &#8222;Reibschwei\u00dfmaschine&#8220; verschwei\u00dft, um eine bessere Verbindung zwischen den beiden Bauteilen zu erreichen.[\/vc_column_text][\/vc_column][\/vc_row][vc_row][vc_column width=&#8220;1\/1&#8243;][vc_custom_heading heading_semantic=&#8220;h4&#8243; text_size=&#8220;h4&#8243; text_color=&#8220;color-153373&#8243; css_animation=&#8220;zoom-in&#8220; animation_speed=&#8220;400&#8243; animation_delay=&#8220;400&#8243;]<\/p>\n<p style=\"text-align: left;\"><strong>Bohrgest\u00e4nge Anfrage<\/strong><\/p>\n<p>[\/vc_custom_heading][vc_single_image media=&#8220;2133&#8243; media_width_percent=&#8220;70&#8243;][vc_column_text]<div role=\"form\" class=\"wpcf7\" id=\"wpcf7-f2961-o1\" lang=\"it-IT\" dir=\"ltr\">\n<div class=\"screen-reader-response\"><p role=\"status\" aria-live=\"polite\" aria-atomic=\"true\"><\/p> <ul><\/ul><\/div>\n<form action=\"\/de\/wp-json\/wp\/v2\/pages\/5560#wpcf7-f2961-o1\" method=\"post\" class=\"wpcf7-form init\" novalidate=\"novalidate\" data-status=\"init\">\n<div style=\"display: none;\">\n<input type=\"hidden\" name=\"_wpcf7\" value=\"2961\" \/>\n<input type=\"hidden\" name=\"_wpcf7_version\" value=\"5.4\" \/>\n<input type=\"hidden\" name=\"_wpcf7_locale\" value=\"it_IT\" \/>\n<input type=\"hidden\" name=\"_wpcf7_unit_tag\" value=\"wpcf7-f2961-o1\" \/>\n<input type=\"hidden\" name=\"_wpcf7_container_post\" value=\"0\" \/>\n<input type=\"hidden\" name=\"_wpcf7_posted_data_hash\" value=\"\" \/>\n<input type=\"hidden\" name=\"_wpcf7_recaptcha_response\" value=\"\" \/>\n<\/div>\n<p>DRILL PIPE DIAMETER \"D\" - mm \/ inch<br \/>\n<span class=\"wpcf7-form-control-wrap menu-500\"><select name=\"menu-500\" class=\"wpcf7-form-control wpcf7-select wpcf7-validates-as-required\" aria-required=\"true\" aria-invalid=\"false\"><option value=\"76 mm \/ 3 Inch\">76 mm \/ 3 Inch<\/option><option value=\"88.9 mm \/ 3 1\/2 Inch\">88.9 mm \/ 3 1\/2 Inch<\/option><option value=\"101.6 mm \/ 4 Inch\">101.6 mm \/ 4 Inch<\/option><option value=\"114 mm \/ 4 1\/2 Inch\">114 mm \/ 4 1\/2 Inch<\/option><option value=\"127 mm \/ 5 Inch\">127 mm \/ 5 Inch<\/option><option value=\"140 mm \/ 5 1\/2 Inch\">140 mm \/ 5 1\/2 Inch<\/option><option value=\"152 mm \/ 6 Inch\">152 mm \/ 6 Inch<\/option><option value=\"168 mm \/ 6 5\/8 Inch\">168 mm \/ 6 5\/8 Inch<\/option><option value=\"180 mm \/ 7 Inch\">180 mm \/ 7 Inch<\/option><option value=\"194 mm \/ 7 5\/8 Inch\">194 mm \/ 7 5\/8 Inch<\/option><\/select><\/span><\/p>\n<p> DRILL PIPE LENGHT \"L\" - mm<br \/>\n<span class=\"wpcf7-form-control-wrap menu-501\"><select name=\"menu-501\" class=\"wpcf7-form-control wpcf7-select wpcf7-validates-as-required\" aria-required=\"true\" aria-invalid=\"false\"><option value=\"1000\">1000<\/option><option value=\"1500\">1500<\/option><option value=\"2000\">2000<\/option><option value=\"3000\">3000<\/option><option value=\"4000\">4000<\/option><option value=\"5000\">5000<\/option><option value=\"6000\">6000<\/option><\/select><\/span><\/p>\n<p> CASING WALL THICKNESS \"W.T.\" - mm<br \/>\n<span class=\"wpcf7-form-control-wrap menu-502\"><select name=\"menu-502\" class=\"wpcf7-form-control wpcf7-select wpcf7-validates-as-required\" aria-required=\"true\" aria-invalid=\"false\"><option value=\"6.3\">6.3<\/option><option value=\"8\">8<\/option><option value=\"8.8\">8.8<\/option><\/select><\/span><\/p>\n<p> THREAD TYPE API \/ I.F.<br \/>\n<span class=\"wpcf7-form-control-wrap menu-503\"><select name=\"menu-503\" class=\"wpcf7-form-control wpcf7-select wpcf7-validates-as-required\" aria-required=\"true\" aria-invalid=\"false\"><option value=\"2 3\/8&quot; API Reg.\">2 3\/8&quot; API Reg.<\/option><option value=\"2 3\/8&quot; I.F.\">2 3\/8&quot; I.F.<\/option><option value=\"2 7\/8&quot; API Reg.\">2 7\/8&quot; API Reg.<\/option><option value=\"3 1\/2&quot; API Reg.\">3 1\/2&quot; API Reg.<\/option><option value=\"2 7\/8&quot; I.F.\">2 7\/8&quot; I.F.<\/option><option value=\"3 1\/2&quot; I.F.\">3 1\/2&quot; I.F.<\/option><option value=\"4 1\/2&quot; API Reg.\">4 1\/2&quot; API Reg.<\/option><option value=\"4&quot; I.F.\">4&quot; I.F.<\/option><option value=\"4 1\/2&quot; I.F.\">4 1\/2&quot; I.F.<\/option><option value=\"6 5\/8&quot; API Reg.\">6 5\/8&quot; API Reg.<\/option><option value=\"7 5\/8&quot; API Reg.\">7 5\/8&quot; API Reg.<\/option><\/select><\/span><\/p>\n<p> CASING STEEL GRADE<br \/>\n<span class=\"wpcf7-form-control-wrap menu-504\"><select name=\"menu-504\" class=\"wpcf7-form-control wpcf7-select wpcf7-validates-as-required\" aria-required=\"true\" aria-invalid=\"false\"><option value=\"N80\">N80<\/option><option value=\"S135\">S135<\/option><\/select><\/span><\/p>\n<p> QUANTITY<br \/>\n<span class=\"wpcf7-form-control-wrap text-505\"><input type=\"text\" name=\"text-505\" value=\"\" size=\"40\" class=\"wpcf7-form-control wpcf7-text wpcf7-validates-as-required\" aria-required=\"true\" aria-invalid=\"false\" placeholder=\"N\u00b0 PZ\" \/><\/span><\/p>\n<p> COMPANY NAME<br \/>\n<span class=\"wpcf7-form-control-wrap text-506\"><input type=\"text\" name=\"text-506\" value=\"\" size=\"40\" class=\"wpcf7-form-control wpcf7-text wpcf7-validates-as-required\" aria-required=\"true\" aria-invalid=\"false\" placeholder=\"COMPANY\" \/><\/span><\/p>\n<p> COUNTRY<br \/>\n<span class=\"wpcf7-form-control-wrap text-507\"><input type=\"text\" name=\"text-507\" value=\"\" size=\"40\" class=\"wpcf7-form-control wpcf7-text wpcf7-validates-as-required\" aria-required=\"true\" aria-invalid=\"false\" placeholder=\"COUNTRY\" \/><\/span><\/p>\n<p> EMAIL ADDRESS<br \/>\n<span class=\"wpcf7-form-control-wrap your-email\"><input type=\"email\" name=\"your-email\" value=\"\" size=\"40\" class=\"wpcf7-form-control wpcf7-text wpcf7-email wpcf7-validates-as-required wpcf7-validates-as-email\" aria-required=\"true\" aria-invalid=\"false\" placeholder=\"EMAIL\" \/><\/span> <\/p>\n<p> TELEPHONE NUMBER<br \/>\n<span class=\"wpcf7-form-control-wrap your\"><input type=\"tel\" name=\"your\" value=\"\" size=\"40\" class=\"wpcf7-form-control wpcf7-text wpcf7-tel wpcf7-validates-as-required wpcf7-validates-as-tel\" aria-required=\"true\" aria-invalid=\"false\" placeholder=\"TELEPHONE\" \/><\/span> <\/p>\n<p><input type=\"submit\" value=\"SEND REQUEST OFFER\" class=\"wpcf7-form-control wpcf7-submit\" \/><\/p>\n<div class=\"wpcf7-response-output\" aria-hidden=\"true\"><\/div><\/form><\/div>[\/vc_column_text][\/vc_column][\/vc_row]<\/p>\n<\/div>","protected":false},"excerpt":{"rendered":"<p>[vc_row unlock_row_content=&#8220;yes&#8220; row_height_percent=&#8220;0&#8243; back_color=&#8220;accent&#8220; overlay_alpha=&#8220;50&#8243; gutter_size=&#8220;3&#8243; column_width_percent=&#8220;100&#8243; shift_y=&#8220;0&#8243; z_index=&#8220;0&#8243;][vc_column column_width_percent=&#8220;100&#8243; align_horizontal=&#8220;align_center&#8220; gutter_size=&#8220;3&#8243; style=&#8220;dark&#8220; overlay_alpha=&#8220;50&#8243; shift_x=&#8220;0&#8243; shift_y=&#8220;0&#8243; shift_y_down=&#8220;0&#8243; z_index=&#8220;0&#8243; medium_width=&#8220;0&#8243; mobile_width=&#8220;0&#8243; [&hellip;]<\/p>\n","protected":false},"author":1,"featured_media":0,"parent":0,"menu_order":0,"comment_status":"closed","ping_status":"closed","template":"","meta":[],"yoast_head":"<!-- This site is optimized with the Yoast SEO Premium plugin v16.0.2 (Yoast SEO v18.2) - https:\/\/yoast.com\/wordpress\/plugins\/seo\/ -->\n<title>Bohrgest\u00e4nge und Zubeh\u00f6r | Ocma<\/title>\n<meta name=\"description\" content=\"Bohrgest\u00e4nge und Zubeh\u00f6r werden mit Kohlenstoffst\u00e4hlen gem\u00e4\u00df API 5DP und API 5CT - American Petroleum Institute hergestellt.\" \/>\n<meta name=\"robots\" content=\"index, follow, max-snippet:-1, max-image-preview:large, max-video-preview:-1\" \/>\n<link rel=\"canonical\" href=\"https:\/\/www.ocmasrl.com\/de\/bohrgestaenge-und-zubehoer\/\" \/>\n<meta property=\"og:locale\" content=\"de_DE\" \/>\n<meta property=\"og:type\" content=\"article\" \/>\n<meta property=\"og:title\" content=\"Bohrgest\u00e4nge und Zubeh\u00f6r | Ocma\" \/>\n<meta property=\"og:description\" content=\"Bohrgest\u00e4nge und Zubeh\u00f6r werden mit Kohlenstoffst\u00e4hlen gem\u00e4\u00df API 5DP und API 5CT - American Petroleum Institute hergestellt.\" \/>\n<meta property=\"og:url\" content=\"https:\/\/www.ocmasrl.com\/de\/bohrgestaenge-und-zubehoer\/\" \/>\n<meta property=\"og:site_name\" content=\"Ocma\" \/>\n<meta property=\"article:publisher\" content=\"https:\/\/www.facebook.com\/OCMA-DrillTech-227901890599501\/\" \/>\n<meta property=\"article:modified_time\" content=\"2023-05-26T16:32:05+00:00\" \/>\n<meta name=\"twitter:card\" content=\"summary_large_image\" \/>\n<meta name=\"twitter:label1\" content=\"Gesch\u00e4tzte Lesezeit\" \/>\n\t<meta name=\"twitter:data1\" content=\"1\u00a0Minute\" \/>\n<script type=\"application\/ld+json\" class=\"yoast-schema-graph\">{\"@context\":\"https:\/\/schema.org\",\"@graph\":[{\"@type\":\"Organization\",\"@id\":\"https:\/\/www.ocmasrl.com\/#organization\",\"name\":\"OCMA s.r.l.\",\"url\":\"https:\/\/www.ocmasrl.com\/\",\"sameAs\":[\"https:\/\/www.facebook.com\/OCMA-DrillTech-227901890599501\/\",\"https:\/\/www.instagram.com\/ocmadrilltech\/\"],\"logo\":{\"@type\":\"ImageObject\",\"@id\":\"https:\/\/www.ocmasrl.com\/#logo\",\"inLanguage\":\"de\",\"url\":\"https:\/\/www.ocmasrl.com\/wp-content\/uploads\/OCMA-DrillTech.jpg\",\"contentUrl\":\"https:\/\/www.ocmasrl.com\/wp-content\/uploads\/OCMA-DrillTech.jpg\",\"width\":575,\"height\":105,\"caption\":\"OCMA s.r.l.\"},\"image\":{\"@id\":\"https:\/\/www.ocmasrl.com\/#logo\"}},{\"@type\":\"WebSite\",\"@id\":\"https:\/\/www.ocmasrl.com\/#website\",\"url\":\"https:\/\/www.ocmasrl.com\/\",\"name\":\"Ocma\",\"description\":\"Martelli Fondo Foro\",\"publisher\":{\"@id\":\"https:\/\/www.ocmasrl.com\/#organization\"},\"potentialAction\":[{\"@type\":\"SearchAction\",\"target\":{\"@type\":\"EntryPoint\",\"urlTemplate\":\"https:\/\/www.ocmasrl.com\/?s={search_term_string}\"},\"query-input\":\"required name=search_term_string\"}],\"inLanguage\":\"de\"},{\"@type\":\"WebPage\",\"@id\":\"https:\/\/www.ocmasrl.com\/de\/bohrgestaenge-und-zubehoer\/#webpage\",\"url\":\"https:\/\/www.ocmasrl.com\/de\/bohrgestaenge-und-zubehoer\/\",\"name\":\"Bohrgest\u00e4nge und Zubeh\u00f6r | Ocma\",\"isPartOf\":{\"@id\":\"https:\/\/www.ocmasrl.com\/#website\"},\"datePublished\":\"2020-01-17T18:53:16+00:00\",\"dateModified\":\"2023-05-26T16:32:05+00:00\",\"description\":\"Bohrgest\u00e4nge und Zubeh\u00f6r werden mit Kohlenstoffst\u00e4hlen gem\u00e4\u00df API 5DP und API 5CT - American Petroleum Institute hergestellt.\",\"breadcrumb\":{\"@id\":\"https:\/\/www.ocmasrl.com\/de\/bohrgestaenge-und-zubehoer\/#breadcrumb\"},\"inLanguage\":\"de\",\"potentialAction\":[{\"@type\":\"ReadAction\",\"target\":[\"https:\/\/www.ocmasrl.com\/de\/bohrgestaenge-und-zubehoer\/\"]}]},{\"@type\":\"BreadcrumbList\",\"@id\":\"https:\/\/www.ocmasrl.com\/de\/bohrgestaenge-und-zubehoer\/#breadcrumb\",\"itemListElement\":[{\"@type\":\"ListItem\",\"position\":1,\"name\":\"Home\",\"item\":\"https:\/\/www.ocmasrl.com\/de\/\"},{\"@type\":\"ListItem\",\"position\":2,\"name\":\"Bohrgest\u00e4nge und Zubeh\u00f6r\"}]}]}<\/script>\n<!-- \/ Yoast SEO Premium plugin. -->","yoast_head_json":{"title":"Bohrgest\u00e4nge und Zubeh\u00f6r | Ocma","description":"Bohrgest\u00e4nge und Zubeh\u00f6r werden mit Kohlenstoffst\u00e4hlen gem\u00e4\u00df API 5DP und API 5CT - American Petroleum Institute hergestellt.","robots":{"index":"index","follow":"follow","max-snippet":"max-snippet:-1","max-image-preview":"max-image-preview:large","max-video-preview":"max-video-preview:-1"},"canonical":"https:\/\/www.ocmasrl.com\/de\/bohrgestaenge-und-zubehoer\/","og_locale":"de_DE","og_type":"article","og_title":"Bohrgest\u00e4nge und Zubeh\u00f6r | Ocma","og_description":"Bohrgest\u00e4nge und Zubeh\u00f6r werden mit Kohlenstoffst\u00e4hlen gem\u00e4\u00df API 5DP und API 5CT - American Petroleum Institute hergestellt.","og_url":"https:\/\/www.ocmasrl.com\/de\/bohrgestaenge-und-zubehoer\/","og_site_name":"Ocma","article_publisher":"https:\/\/www.facebook.com\/OCMA-DrillTech-227901890599501\/","article_modified_time":"2023-05-26T16:32:05+00:00","twitter_card":"summary_large_image","twitter_misc":{"Gesch\u00e4tzte Lesezeit":"1\u00a0Minute"},"schema":{"@context":"https:\/\/schema.org","@graph":[{"@type":"Organization","@id":"https:\/\/www.ocmasrl.com\/#organization","name":"OCMA s.r.l.","url":"https:\/\/www.ocmasrl.com\/","sameAs":["https:\/\/www.facebook.com\/OCMA-DrillTech-227901890599501\/","https:\/\/www.instagram.com\/ocmadrilltech\/"],"logo":{"@type":"ImageObject","@id":"https:\/\/www.ocmasrl.com\/#logo","inLanguage":"de","url":"https:\/\/www.ocmasrl.com\/wp-content\/uploads\/OCMA-DrillTech.jpg","contentUrl":"https:\/\/www.ocmasrl.com\/wp-content\/uploads\/OCMA-DrillTech.jpg","width":575,"height":105,"caption":"OCMA s.r.l."},"image":{"@id":"https:\/\/www.ocmasrl.com\/#logo"}},{"@type":"WebSite","@id":"https:\/\/www.ocmasrl.com\/#website","url":"https:\/\/www.ocmasrl.com\/","name":"Ocma","description":"Martelli Fondo Foro","publisher":{"@id":"https:\/\/www.ocmasrl.com\/#organization"},"potentialAction":[{"@type":"SearchAction","target":{"@type":"EntryPoint","urlTemplate":"https:\/\/www.ocmasrl.com\/?s={search_term_string}"},"query-input":"required name=search_term_string"}],"inLanguage":"de"},{"@type":"WebPage","@id":"https:\/\/www.ocmasrl.com\/de\/bohrgestaenge-und-zubehoer\/#webpage","url":"https:\/\/www.ocmasrl.com\/de\/bohrgestaenge-und-zubehoer\/","name":"Bohrgest\u00e4nge und Zubeh\u00f6r | Ocma","isPartOf":{"@id":"https:\/\/www.ocmasrl.com\/#website"},"datePublished":"2020-01-17T18:53:16+00:00","dateModified":"2023-05-26T16:32:05+00:00","description":"Bohrgest\u00e4nge und Zubeh\u00f6r werden mit Kohlenstoffst\u00e4hlen gem\u00e4\u00df API 5DP und API 5CT - American Petroleum Institute hergestellt.","breadcrumb":{"@id":"https:\/\/www.ocmasrl.com\/de\/bohrgestaenge-und-zubehoer\/#breadcrumb"},"inLanguage":"de","potentialAction":[{"@type":"ReadAction","target":["https:\/\/www.ocmasrl.com\/de\/bohrgestaenge-und-zubehoer\/"]}]},{"@type":"BreadcrumbList","@id":"https:\/\/www.ocmasrl.com\/de\/bohrgestaenge-und-zubehoer\/#breadcrumb","itemListElement":[{"@type":"ListItem","position":1,"name":"Home","item":"https:\/\/www.ocmasrl.com\/de\/"},{"@type":"ListItem","position":2,"name":"Bohrgest\u00e4nge und Zubeh\u00f6r"}]}]}},"_links":{"self":[{"href":"https:\/\/www.ocmasrl.com\/de\/wp-json\/wp\/v2\/pages\/5560"}],"collection":[{"href":"https:\/\/www.ocmasrl.com\/de\/wp-json\/wp\/v2\/pages"}],"about":[{"href":"https:\/\/www.ocmasrl.com\/de\/wp-json\/wp\/v2\/types\/page"}],"author":[{"embeddable":true,"href":"https:\/\/www.ocmasrl.com\/de\/wp-json\/wp\/v2\/users\/1"}],"replies":[{"embeddable":true,"href":"https:\/\/www.ocmasrl.com\/de\/wp-json\/wp\/v2\/comments?post=5560"}],"version-history":[{"count":6,"href":"https:\/\/www.ocmasrl.com\/de\/wp-json\/wp\/v2\/pages\/5560\/revisions"}],"predecessor-version":[{"id":8022,"href":"https:\/\/www.ocmasrl.com\/de\/wp-json\/wp\/v2\/pages\/5560\/revisions\/8022"}],"wp:attachment":[{"href":"https:\/\/www.ocmasrl.com\/de\/wp-json\/wp\/v2\/media?parent=5560"}],"curies":[{"name":"wp","href":"https:\/\/api.w.org\/{rel}","templated":true}]}}