{"id":5641,"date":"2020-01-20T18:01:56","date_gmt":"2020-01-20T18:01:56","guid":{"rendered":"http:\/\/omiwebdev.it\/ocma_n\/imlochhaemmer-gt\/"},"modified":"2023-05-26T17:03:58","modified_gmt":"2023-05-26T17:03:58","slug":"imlochhaemmer-gt","status":"publish","type":"page","link":"https:\/\/www.ocmasrl.com\/de\/imlochhaemmer-gt\/","title":{"rendered":"imlochhaemmer-gt"},"content":{"rendered":"<div class=\"wpb-content-wrapper\"><p>[vc_row unlock_row_content=&#8220;yes&#8220; row_height_percent=&#8220;0&#8243; back_color=&#8220;accent&#8220; overlay_alpha=&#8220;50&#8243; gutter_size=&#8220;3&#8243; column_width_percent=&#8220;100&#8243; shift_y=&#8220;0&#8243; z_index=&#8220;0&#8243;][vc_column column_width_percent=&#8220;100&#8243; align_horizontal=&#8220;align_center&#8220; gutter_size=&#8220;3&#8243; style=&#8220;dark&#8220; overlay_alpha=&#8220;50&#8243; shift_x=&#8220;0&#8243; shift_y=&#8220;0&#8243; shift_y_down=&#8220;0&#8243; z_index=&#8220;0&#8243; medium_width=&#8220;0&#8243; mobile_width=&#8220;0&#8243; width=&#8220;1\/1&#8243;][vc_custom_heading]<\/p>\n<h2>IMLOCHHAEMMER GT Series<\/h2>\n<p>[\/vc_custom_heading][\/vc_column][\/vc_row][vc_row][vc_column column_width_percent=&#8220;100&#8243; position_vertical=&#8220;middle&#8220; gutter_size=&#8220;3&#8243; overlay_alpha=&#8220;50&#8243; shift_x=&#8220;0&#8243; shift_y=&#8220;0&#8243; shift_y_down=&#8220;0&#8243; z_index=&#8220;0&#8243; medium_width=&#8220;0&#8243; mobile_width=&#8220;0&#8243; width=&#8220;5\/6&#8243;][vc_single_image media=&#8220;1527&#8243; media_lightbox=&#8220;yes&#8220; media_width_percent=&#8220;100&#8243;][\/vc_column][vc_column column_width_percent=&#8220;100&#8243; gutter_size=&#8220;4&#8243; overlay_alpha=&#8220;50&#8243; shift_x=&#8220;0&#8243; shift_y=&#8220;0&#8243; shift_y_down=&#8220;0&#8243; z_index=&#8220;0&#8243; medium_width=&#8220;0&#8243; mobile_width=&#8220;0&#8243; width=&#8220;1\/6&#8243;][vc_button button_color=&#8220;accent&#8220; wide=&#8220;yes&#8220; border_width=&#8220;0&#8243; link=&#8220;url:https%3A%2F%2Fwww.ocmasrl.com%2Fde%2Fdth-imlochhaemmer-gt%2F4-imlochbohrhaemmer-gt%2F|&#8220;]4&#8243; GT Series[\/vc_button][vc_button button_color=&#8220;accent&#8220; wide=&#8220;yes&#8220; border_width=&#8220;0&#8243; link=&#8220;url:https%3A%2F%2Fwww.ocmasrl.com%2Fde%2Fdth-imlochhaemmer-gt%2F5-imlochbohrhaemmer-gt%2F|&#8220;]5&#8243; GT Series[\/vc_button][vc_button button_color=&#8220;accent&#8220; wide=&#8220;yes&#8220; border_width=&#8220;0&#8243; link=&#8220;url:https%3A%2F%2Fwww.ocmasrl.com%2Fde%2Fdth-imlochhaemmer-gt%2F6-imlochbohrhaemmer-gt%2F|&#8220;]6&#8243; GT Series[\/vc_button][vc_button button_color=&#8220;accent&#8220; wide=&#8220;yes&#8220; border_width=&#8220;0&#8243; link=&#8220;url:https%3A%2F%2Fwww.ocmasrl.com%2Fde%2Fdth-imlochhaemmer-gt%2F8-imlochbohrhaemmer-gt%2F|&#8220;]8&#8243; GT Series[\/vc_button][\/vc_column][\/vc_row][vc_row row_height_percent=&#8220;0&#8243; back_color=&#8220;color-xsdn&#8220; overlay_color=&#8220;color-xsdn&#8220; overlay_alpha=&#8220;50&#8243; gutter_size=&#8220;3&#8243; column_width_percent=&#8220;100&#8243; shift_y=&#8220;0&#8243; z_index=&#8220;0&#8243;][vc_column width=&#8220;1\/1&#8243;][vc_custom_heading text_color=&#8220;color-153373&#8243; sub_reduced=&#8220;yes&#8220; css_animation=&#8220;zoom-in&#8220; animation_speed=&#8220;1000&#8243; animation_delay=&#8220;1500&#8243;]Die neue IMLOCHHAEMMER Generation[\/vc_custom_heading][vc_column_text]Die neue <strong>OCMA DrillTech Imlochhaemmer GT<\/strong> Serie wurde entwickelt, um bei einigen der anspruchsvollsten Anwendungen eine h\u00f6here Bohrleistung zu erzielen als bei den anderen Imlochhaemmer auf dem Markt. Ihre beachtliche Leistung stellt sicher, dass jedes Bohrprojekt zu geringeren Kosten pro Bohrmeter ausgef\u00fchrt wird. Die <strong>GT-Serie<\/strong> wurde f\u00fcr alle Bohranwendungen wie Brunnenbohren, Sprengbohren \/ Steinbruchbohren, Geothermiebohren, Explorations- und Baubohren gebaut und entwickelt. Die <strong>GT-Serie<\/strong> verwendet Bohrkronen ohne Blasrohr oder Fu\u00dfventil &#8222;Tubeless Technology&#8220; und der robuste Schaft mit 12 Keilnuten verringert den Verschlei\u00df beim Bohren in gebrochenem oder weicherem Boden.[\/vc_column_text][\/vc_column][\/vc_row][vc_row][vc_column width=&#8220;1\/1&#8243;][vc_column_text css_animation=&#8220;zoom-in&#8220; animation_speed=&#8220;1000&#8243; animation_delay=&#8220;1500&#8243; css=&#8220;.vc_custom_1567763066137{margin-top: 0px !important;margin-right: 0px !important;margin-bottom: 0px !important;margin-left: 0px !important;padding-top: 0px !important;padding-right: 0px !important;padding-bottom: 0px !important;padding-left: 0px !important;}&#8220;]<\/p>\n<h2 style=\"text-align: left;\"><span style=\"color: #ff0000;\">Vorteile und Innovationen<\/span><\/h2>\n<p>[\/vc_column_text][\/vc_column][\/vc_row][vc_row][vc_column width=&#8220;2\/3&#8243;][vc_single_image media=&#8220;1797&#8243; media_width_percent=&#8220;100&#8243; css_animation=&#8220;alpha-anim&#8220; animation_speed=&#8220;800&#8243; animation_delay=&#8220;400&#8243;][vc_single_image media=&#8220;1920&#8243; media_width_percent=&#8220;100&#8243;][\/vc_column][vc_column column_width_percent=&#8220;100&#8243; gutter_size=&#8220;3&#8243; overlay_alpha=&#8220;50&#8243; shift_x=&#8220;0&#8243; shift_y=&#8220;0&#8243; shift_y_down=&#8220;0&#8243; z_index=&#8220;0&#8243; medium_width=&#8220;0&#8243; mobile_width=&#8220;0&#8243; width=&#8220;1\/3&#8243;][vc_column_text]Bohrkronen schaft mit 12 Keilnuten und hartem Futter zur Optimierung der Verschlei\u00dffestigkeit. Die GT-Serie wurde entwickelt, um das Blasrohr \/ Fu\u00dfventil aus dem Bohrer \u201eTubeless Technology\u201c zu entfernen.[\/vc_column_text][vc_column_text]Geh\u00e4rtete und strapazierf\u00e4hige Verschlei\u00dfh\u00fclse f\u00fcr optimale Best\u00e4ndigkeit bei abrasiven Bedingungen und l\u00e4ngere Lebensdauer des Hammers.[\/vc_column_text][vc_column_text]Das robuste, nicht mit \u00d6ffnungen versehene Kolbendesign erh\u00f6ht die Aufprallenergie auf den Bohrer und verbessert die Bohrleistung.[\/vc_column_text][vc_column_text]Die <strong>DTH-Imlochhaemmer GT-Serie<\/strong> sind mit einem &#8222;<strong>Choke-System<\/strong>&#8220; ausgestattet, mit dem der Bohrer die Luftmenge durch den Hammer regulieren kann, um die Schneidevakuierung beim Bohren unter einer Wassers\u00e4ule zu optimieren.[\/vc_column_text][vc_column_text]Die innovative Luftstr\u00f6mungskammer optimiert die Luftausdehnung und -kompression durch Minimierung von Turbulenzen und Erreichen einer hohen Kolbenschlagfrequenz, einer schnellen Durchdringungsrate und eines geringeren Luftverbrauchs, was niedrigere Kraftstoffkosten pro Bohrmeter bedeutet.[\/vc_column_text][\/vc_column][\/vc_row][vc_row][vc_column width=&#8220;1\/2&#8243;][vc_single_image media=&#8220;1818&#8243; media_width_percent=&#8220;100&#8243;][\/vc_column][vc_column width=&#8220;1\/2&#8243;][vc_icon position=&#8220;right&#8220; title_aligned_icon=&#8220;yes&#8220; icon=&#8220;fa fa-file-pdf-o&#8220; icon_color=&#8220;color-153373&#8243; size=&#8220;fa-5x&#8220; heading_semantic=&#8220;h5&#8243; text_size=&#8220;h5&#8243; linked_title=&#8220;yes&#8220; link=&#8220;url:https%3A%2F%2Fwww.ocmasrl.com%2Fwp-content%2Fuploads%2FDTH-HAMMERS-GT-SERIES.pdf||target:%20_blank|&#8220; title=&#8220;Download DTH HAMMERS GT Series General Catalogue&#8220;][\/vc_icon][vc_custom_heading heading_semantic=&#8220;h4&#8243; text_size=&#8220;h4&#8243; text_color=&#8220;color-153373&#8243; css_animation=&#8220;zoom-in&#8220;]ANFRAGE IMLOCHHAMMER GT SERIE[\/vc_custom_heading][vc_column_text]<div role=\"form\" class=\"wpcf7\" id=\"wpcf7-f2793-o1\" lang=\"it-IT\" dir=\"ltr\">\n<div class=\"screen-reader-response\"><p role=\"status\" aria-live=\"polite\" aria-atomic=\"true\"><\/p> <ul><\/ul><\/div>\n<form action=\"\/de\/wp-json\/wp\/v2\/pages\/5641#wpcf7-f2793-o1\" method=\"post\" class=\"wpcf7-form init\" novalidate=\"novalidate\" data-status=\"init\">\n<div style=\"display: none;\">\n<input type=\"hidden\" name=\"_wpcf7\" value=\"2793\" \/>\n<input type=\"hidden\" name=\"_wpcf7_version\" value=\"5.4\" \/>\n<input type=\"hidden\" name=\"_wpcf7_locale\" value=\"it_IT\" \/>\n<input type=\"hidden\" name=\"_wpcf7_unit_tag\" value=\"wpcf7-f2793-o1\" \/>\n<input type=\"hidden\" name=\"_wpcf7_container_post\" value=\"0\" \/>\n<input type=\"hidden\" name=\"_wpcf7_posted_data_hash\" value=\"\" \/>\n<input type=\"hidden\" name=\"_wpcf7_recaptcha_response\" value=\"\" \/>\n<\/div>\n<p>DTH HAMMER Model GT Series<br \/>\n<span class=\"wpcf7-form-control-wrap menu-6000\"><select name=\"menu-6000\" class=\"wpcf7-form-control wpcf7-select wpcf7-validates-as-required\" aria-required=\"true\" aria-invalid=\"false\"><option value=\"4&quot; HAMMER - GT40 Shank M40\">4&quot; HAMMER - GT40 Shank M40<\/option><option value=\"4&quot; HAMMER - GT40 Shank TD40\/COPP44GE\">4&quot; HAMMER - GT40 Shank TD40\/COPP44GE<\/option><option value=\"\"><\/option><option value=\"5&quot; HAMMER - GT50 Shank M50\">5&quot; HAMMER - GT50 Shank M50<\/option><option value=\"5&quot; HAMMER - GT50 Shank QL50\">5&quot; HAMMER - GT50 Shank QL50<\/option><option value=\"\"><\/option><option value=\"6&quot; HAMMER - GT60 Shank M60\">6&quot; HAMMER - GT60 Shank M60<\/option><option value=\"6&quot; HAMMER - GT60 Shank QL60\">6&quot; HAMMER - GT60 Shank QL60<\/option><option value=\"\"><\/option><option value=\"8&quot; HAMMER - GT80 Shank M80\">8&quot; HAMMER - GT80 Shank M80<\/option><option value=\"8&quot; HAMMER - GT80 Shank QL80\">8&quot; HAMMER - GT80 Shank QL80<\/option><\/select><\/span><\/p>\n<p> QUANTITY<br \/>\n<span class=\"wpcf7-form-control-wrap text-6001\"><input type=\"text\" name=\"text-6001\" value=\"\" size=\"40\" class=\"wpcf7-form-control wpcf7-text wpcf7-validates-as-required\" aria-required=\"true\" aria-invalid=\"false\" placeholder=\"N\u00b0 PZ\" \/><\/span><\/p>\n<p> COMPANY NAME<br \/>\n<span class=\"wpcf7-form-control-wrap text-6002\"><input type=\"text\" name=\"text-6002\" value=\"\" size=\"40\" class=\"wpcf7-form-control wpcf7-text wpcf7-validates-as-required\" aria-required=\"true\" aria-invalid=\"false\" placeholder=\"COMPANY\" \/><\/span><\/p>\n<p> COUNTRY<br \/>\n<span class=\"wpcf7-form-control-wrap text-6003\"><input type=\"text\" name=\"text-6003\" value=\"\" size=\"40\" class=\"wpcf7-form-control wpcf7-text wpcf7-validates-as-required\" aria-required=\"true\" aria-invalid=\"false\" placeholder=\"COUNTRY\" \/><\/span><\/p>\n<p> EMAIL Address<br \/>\n<span class=\"wpcf7-form-control-wrap your-email\"><input type=\"email\" name=\"your-email\" value=\"\" size=\"40\" class=\"wpcf7-form-control wpcf7-text wpcf7-email wpcf7-validates-as-required wpcf7-validates-as-email\" aria-required=\"true\" aria-invalid=\"false\" placeholder=\"EMAIL\" \/><\/span> <\/p>\n<p> TELEPHONE NUMBER<br \/>\n<span class=\"wpcf7-form-control-wrap your\"><input type=\"tel\" name=\"your\" value=\"\" size=\"40\" class=\"wpcf7-form-control wpcf7-text wpcf7-tel wpcf7-validates-as-required wpcf7-validates-as-tel\" aria-required=\"true\" aria-invalid=\"false\" placeholder=\"TELEPHONE\" \/><\/span><\/p>\n<p><input type=\"submit\" value=\"SEND REQUEST OFFER\" class=\"wpcf7-form-control wpcf7-submit\" \/><\/p>\n<div class=\"wpcf7-response-output\" aria-hidden=\"true\"><\/div><\/form><\/div>[\/vc_column_text][\/vc_column][\/vc_row]<\/p>\n<\/div>","protected":false},"excerpt":{"rendered":"<p>[vc_row unlock_row_content=&#8220;yes&#8220; row_height_percent=&#8220;0&#8243; back_color=&#8220;accent&#8220; overlay_alpha=&#8220;50&#8243; gutter_size=&#8220;3&#8243; column_width_percent=&#8220;100&#8243; shift_y=&#8220;0&#8243; z_index=&#8220;0&#8243;][vc_column column_width_percent=&#8220;100&#8243; align_horizontal=&#8220;align_center&#8220; gutter_size=&#8220;3&#8243; style=&#8220;dark&#8220; overlay_alpha=&#8220;50&#8243; shift_x=&#8220;0&#8243; shift_y=&#8220;0&#8243; shift_y_down=&#8220;0&#8243; z_index=&#8220;0&#8243; medium_width=&#8220;0&#8243; mobile_width=&#8220;0&#8243; [&hellip;]<\/p>\n","protected":false},"author":1,"featured_media":0,"parent":0,"menu_order":0,"comment_status":"closed","ping_status":"closed","template":"","meta":[],"yoast_head":"<!-- This site is optimized with the Yoast SEO Premium plugin v16.0.2 (Yoast SEO v18.2) - https:\/\/yoast.com\/wordpress\/plugins\/seo\/ -->\n<title>imlochhaemmer-gt | Ocma<\/title>\n<meta name=\"description\" content=\"Die neue OCMA DrillTech Imlochhaemmer GT Serie wurde entwickelt, um bei einigen der anspruchsvollsten Anwendungen eine h\u00f6here Bohrleistung zu erzielen als bei den anderen Imlochhaemmer auf dem Markt.\" \/>\n<meta name=\"robots\" content=\"index, follow, max-snippet:-1, max-image-preview:large, max-video-preview:-1\" \/>\n<link rel=\"canonical\" href=\"https:\/\/www.ocmasrl.com\/de\/imlochhaemmer-gt\/\" \/>\n<meta property=\"og:locale\" content=\"de_DE\" \/>\n<meta property=\"og:type\" content=\"article\" \/>\n<meta property=\"og:title\" content=\"imlochhaemmer-gt | Ocma\" \/>\n<meta property=\"og:description\" content=\"Die neue OCMA DrillTech Imlochhaemmer GT Serie wurde entwickelt, um bei einigen der anspruchsvollsten Anwendungen eine h\u00f6here Bohrleistung zu erzielen als bei den anderen Imlochhaemmer auf dem Markt.\" \/>\n<meta property=\"og:url\" content=\"https:\/\/www.ocmasrl.com\/de\/imlochhaemmer-gt\/\" \/>\n<meta property=\"og:site_name\" content=\"Ocma\" \/>\n<meta property=\"article:publisher\" content=\"https:\/\/www.facebook.com\/OCMA-DrillTech-227901890599501\/\" \/>\n<meta property=\"article:modified_time\" content=\"2023-05-26T17:03:58+00:00\" \/>\n<meta name=\"twitter:card\" content=\"summary_large_image\" \/>\n<meta name=\"twitter:label1\" content=\"Gesch\u00e4tzte Lesezeit\" \/>\n\t<meta name=\"twitter:data1\" content=\"4\u00a0Minuten\" \/>\n<script type=\"application\/ld+json\" class=\"yoast-schema-graph\">{\"@context\":\"https:\/\/schema.org\",\"@graph\":[{\"@type\":\"Organization\",\"@id\":\"https:\/\/www.ocmasrl.com\/#organization\",\"name\":\"OCMA s.r.l.\",\"url\":\"https:\/\/www.ocmasrl.com\/\",\"sameAs\":[\"https:\/\/www.facebook.com\/OCMA-DrillTech-227901890599501\/\",\"https:\/\/www.instagram.com\/ocmadrilltech\/\"],\"logo\":{\"@type\":\"ImageObject\",\"@id\":\"https:\/\/www.ocmasrl.com\/#logo\",\"inLanguage\":\"de\",\"url\":\"https:\/\/www.ocmasrl.com\/wp-content\/uploads\/OCMA-DrillTech.jpg\",\"contentUrl\":\"https:\/\/www.ocmasrl.com\/wp-content\/uploads\/OCMA-DrillTech.jpg\",\"width\":575,\"height\":105,\"caption\":\"OCMA s.r.l.\"},\"image\":{\"@id\":\"https:\/\/www.ocmasrl.com\/#logo\"}},{\"@type\":\"WebSite\",\"@id\":\"https:\/\/www.ocmasrl.com\/#website\",\"url\":\"https:\/\/www.ocmasrl.com\/\",\"name\":\"Ocma\",\"description\":\"Martelli Fondo Foro\",\"publisher\":{\"@id\":\"https:\/\/www.ocmasrl.com\/#organization\"},\"potentialAction\":[{\"@type\":\"SearchAction\",\"target\":{\"@type\":\"EntryPoint\",\"urlTemplate\":\"https:\/\/www.ocmasrl.com\/?s={search_term_string}\"},\"query-input\":\"required name=search_term_string\"}],\"inLanguage\":\"de\"},{\"@type\":\"WebPage\",\"@id\":\"https:\/\/www.ocmasrl.com\/de\/imlochhaemmer-gt\/#webpage\",\"url\":\"https:\/\/www.ocmasrl.com\/de\/imlochhaemmer-gt\/\",\"name\":\"imlochhaemmer-gt | Ocma\",\"isPartOf\":{\"@id\":\"https:\/\/www.ocmasrl.com\/#website\"},\"datePublished\":\"2020-01-20T18:01:56+00:00\",\"dateModified\":\"2023-05-26T17:03:58+00:00\",\"description\":\"Die neue OCMA DrillTech Imlochhaemmer GT Serie wurde entwickelt, um bei einigen der anspruchsvollsten Anwendungen eine h\u00f6here Bohrleistung zu erzielen als bei den anderen Imlochhaemmer auf dem Markt.\",\"breadcrumb\":{\"@id\":\"https:\/\/www.ocmasrl.com\/de\/imlochhaemmer-gt\/#breadcrumb\"},\"inLanguage\":\"de\",\"potentialAction\":[{\"@type\":\"ReadAction\",\"target\":[\"https:\/\/www.ocmasrl.com\/de\/imlochhaemmer-gt\/\"]}]},{\"@type\":\"BreadcrumbList\",\"@id\":\"https:\/\/www.ocmasrl.com\/de\/imlochhaemmer-gt\/#breadcrumb\",\"itemListElement\":[{\"@type\":\"ListItem\",\"position\":1,\"name\":\"Home\",\"item\":\"https:\/\/www.ocmasrl.com\/de\/\"},{\"@type\":\"ListItem\",\"position\":2,\"name\":\"imlochhaemmer-gt\"}]}]}<\/script>\n<!-- \/ Yoast SEO Premium plugin. -->","yoast_head_json":{"title":"imlochhaemmer-gt | Ocma","description":"Die neue OCMA DrillTech Imlochhaemmer GT Serie wurde entwickelt, um bei einigen der anspruchsvollsten Anwendungen eine h\u00f6here Bohrleistung zu erzielen als bei den anderen Imlochhaemmer auf dem Markt.","robots":{"index":"index","follow":"follow","max-snippet":"max-snippet:-1","max-image-preview":"max-image-preview:large","max-video-preview":"max-video-preview:-1"},"canonical":"https:\/\/www.ocmasrl.com\/de\/imlochhaemmer-gt\/","og_locale":"de_DE","og_type":"article","og_title":"imlochhaemmer-gt | Ocma","og_description":"Die neue OCMA DrillTech Imlochhaemmer GT Serie wurde entwickelt, um bei einigen der anspruchsvollsten Anwendungen eine h\u00f6here Bohrleistung zu erzielen als bei den anderen Imlochhaemmer auf dem Markt.","og_url":"https:\/\/www.ocmasrl.com\/de\/imlochhaemmer-gt\/","og_site_name":"Ocma","article_publisher":"https:\/\/www.facebook.com\/OCMA-DrillTech-227901890599501\/","article_modified_time":"2023-05-26T17:03:58+00:00","twitter_card":"summary_large_image","twitter_misc":{"Gesch\u00e4tzte Lesezeit":"4\u00a0Minuten"},"schema":{"@context":"https:\/\/schema.org","@graph":[{"@type":"Organization","@id":"https:\/\/www.ocmasrl.com\/#organization","name":"OCMA s.r.l.","url":"https:\/\/www.ocmasrl.com\/","sameAs":["https:\/\/www.facebook.com\/OCMA-DrillTech-227901890599501\/","https:\/\/www.instagram.com\/ocmadrilltech\/"],"logo":{"@type":"ImageObject","@id":"https:\/\/www.ocmasrl.com\/#logo","inLanguage":"de","url":"https:\/\/www.ocmasrl.com\/wp-content\/uploads\/OCMA-DrillTech.jpg","contentUrl":"https:\/\/www.ocmasrl.com\/wp-content\/uploads\/OCMA-DrillTech.jpg","width":575,"height":105,"caption":"OCMA s.r.l."},"image":{"@id":"https:\/\/www.ocmasrl.com\/#logo"}},{"@type":"WebSite","@id":"https:\/\/www.ocmasrl.com\/#website","url":"https:\/\/www.ocmasrl.com\/","name":"Ocma","description":"Martelli Fondo Foro","publisher":{"@id":"https:\/\/www.ocmasrl.com\/#organization"},"potentialAction":[{"@type":"SearchAction","target":{"@type":"EntryPoint","urlTemplate":"https:\/\/www.ocmasrl.com\/?s={search_term_string}"},"query-input":"required name=search_term_string"}],"inLanguage":"de"},{"@type":"WebPage","@id":"https:\/\/www.ocmasrl.com\/de\/imlochhaemmer-gt\/#webpage","url":"https:\/\/www.ocmasrl.com\/de\/imlochhaemmer-gt\/","name":"imlochhaemmer-gt | Ocma","isPartOf":{"@id":"https:\/\/www.ocmasrl.com\/#website"},"datePublished":"2020-01-20T18:01:56+00:00","dateModified":"2023-05-26T17:03:58+00:00","description":"Die neue OCMA DrillTech Imlochhaemmer GT Serie wurde entwickelt, um bei einigen der anspruchsvollsten Anwendungen eine h\u00f6here Bohrleistung zu erzielen als bei den anderen Imlochhaemmer auf dem Markt.","breadcrumb":{"@id":"https:\/\/www.ocmasrl.com\/de\/imlochhaemmer-gt\/#breadcrumb"},"inLanguage":"de","potentialAction":[{"@type":"ReadAction","target":["https:\/\/www.ocmasrl.com\/de\/imlochhaemmer-gt\/"]}]},{"@type":"BreadcrumbList","@id":"https:\/\/www.ocmasrl.com\/de\/imlochhaemmer-gt\/#breadcrumb","itemListElement":[{"@type":"ListItem","position":1,"name":"Home","item":"https:\/\/www.ocmasrl.com\/de\/"},{"@type":"ListItem","position":2,"name":"imlochhaemmer-gt"}]}]}},"_links":{"self":[{"href":"https:\/\/www.ocmasrl.com\/de\/wp-json\/wp\/v2\/pages\/5641"}],"collection":[{"href":"https:\/\/www.ocmasrl.com\/de\/wp-json\/wp\/v2\/pages"}],"about":[{"href":"https:\/\/www.ocmasrl.com\/de\/wp-json\/wp\/v2\/types\/page"}],"author":[{"embeddable":true,"href":"https:\/\/www.ocmasrl.com\/de\/wp-json\/wp\/v2\/users\/1"}],"replies":[{"embeddable":true,"href":"https:\/\/www.ocmasrl.com\/de\/wp-json\/wp\/v2\/comments?post=5641"}],"version-history":[{"count":15,"href":"https:\/\/www.ocmasrl.com\/de\/wp-json\/wp\/v2\/pages\/5641\/revisions"}],"predecessor-version":[{"id":8037,"href":"https:\/\/www.ocmasrl.com\/de\/wp-json\/wp\/v2\/pages\/5641\/revisions\/8037"}],"wp:attachment":[{"href":"https:\/\/www.ocmasrl.com\/de\/wp-json\/wp\/v2\/media?parent=5641"}],"curies":[{"name":"wp","href":"https:\/\/api.w.org\/{rel}","templated":true}]}}