{"id":5697,"date":"2020-01-22T16:24:59","date_gmt":"2020-01-22T16:24:59","guid":{"rendered":"http:\/\/omiwebdev.it\/ocma_n\/ocma-drilltech\/"},"modified":"2020-01-22T17:08:37","modified_gmt":"2020-01-22T17:08:37","slug":"ocma-drilltech","status":"publish","type":"page","link":"https:\/\/www.ocmasrl.com\/de\/ocma-drilltech\/","title":{"rendered":"OCMA DrillTech &#8211; DTH Imlochhaemmer, Bohrsystem f\u00fcr Rohrschirm, Rohrschirme im Tunnelbau, Bohrkronen f\u00fcr Imlochhaemmer, Stossdaempfers fuer Imlochhaemmer, Brechanlagen, Drehbohrsysteme, \u00dcberlagerungsbohrsysteme, Bohrgest\u00e4nge &#8211; Drehbohrrohre, Ringbohrkronen, Adapter f\u00fcr Einsteckenden"},"content":{"rendered":"<div class=\"wpb-content-wrapper\"><p>[vc_row unlock_row_content=&#8220;yes&#8220; row_height_percent=&#8220;0&#8243; back_color=&#8220;accent&#8220; overlay_alpha=&#8220;50&#8243; gutter_size=&#8220;3&#8243; column_width_percent=&#8220;100&#8243; shift_y=&#8220;0&#8243; z_index=&#8220;0&#8243;][vc_column column_width_percent=&#8220;100&#8243; align_horizontal=&#8220;align_center&#8220; style=&#8220;dark&#8220; overlay_alpha=&#8220;50&#8243; gutter_size=&#8220;3&#8243; medium_width=&#8220;0&#8243; mobile_width=&#8220;0&#8243; shift_x=&#8220;0&#8243; shift_y=&#8220;0&#8243; shift_y_down=&#8220;0&#8243; z_index=&#8220;0&#8243; width=&#8220;1\/1&#8243;][vc_column_text]<\/p>\n<h2 style=\"text-align: center;\">OCMA DrillTech &#8211; Gesteinsbohrwerkzeuge<\/h2>\n<p>[\/vc_column_text][\/vc_column][\/vc_row][vc_row][vc_column width=&#8220;1\/2&#8243;][vc_column_text]<\/p>\n<div>\n<p>OCMA Drilltech wurde 1976 gegruendet mit dem Ziel, hochqualitative Produkte gemaess den spezifischen Beduerfnissen der Grundbohrbranche herzustellen. Seit ihrer Gruendung hat die Firma OCMA eine klare und bestimmte Vision und ihre Aufmerksamkeit und Prioritaet sind fuer:<\/p>\n<p><em><strong>&#8211;\u00a0<\/strong><strong>Hohe Planungs-Spezifikationen<\/strong><\/em><\/p>\n<p><em><strong>&#8211;\u00a0<\/strong><strong>Verbesserung des Produktionsverfahrens<\/strong><strong>\u00a0<\/strong><\/em><\/p>\n<p><em><strong>&#8211; <\/strong><strong>Hoehe Qualitaet<\/strong><strong><br \/>\n<\/strong><\/em><\/p>\n<p><em><strong>&#8211; <\/strong><strong>Lieferung von hochwertigen Produkten<\/strong><strong>\u00a0<\/strong><\/em><\/p>\n<\/div>\n<p>[\/vc_column_text][\/vc_column][vc_column width=&#8220;1\/2&#8243;][vc_single_image media=&#8220;3112&#8243; media_lightbox=&#8220;yes&#8220; media_width_percent=&#8220;95&#8243;][\/vc_column][\/vc_row][vc_row][vc_column width=&#8220;1\/1&#8243;][vc_column_text]Die <strong>OCMA DrillTech<\/strong> Imlochhaemmer werden gemaess den hoechsten Qualitaetsnormen nach <strong>ISO 9001:2015<\/strong> hergestellt, um dem Anwender verschiedene Vorteile wie z.B. gute Leistung, Zuverlaessigkeit, Lebensdauer und tatsaechliche Kosten anzubieten.<br \/>\nUnsere Geschaeftsstrategie ist es, den Kunden als Hauptpunkt in alles, was wir tun, zu halten, und durch eine World Business Class, seine Erwartungen zu erfuellen und zu uebertreffen.<\/p>\n<p>Im Anfang des Jahres 2000 begannen wir mit der Produktion einer Reihe von <a href=\"http:\/\/www.ocmasrl.com\/de\/produkte\/imlochhammer\"><strong>Imlochhaemmer<\/strong><\/a> neuer Generation (<strong>PMK Serie<\/strong>) und jetzt bieten diese hochwertigen Produkte zahlreiche Vorteile f\u00fcr die Industrie der Felsbohrung an, wie z.B.: hoehere Bohrgeschwindigkeit, laengere Lebensdauer, hoehere Zuverlaessigkeit, einfache Wartung und Betrieb mit Kosteneffizienz. Mit der <a href=\"http:\/\/www.ocmasrl.com\/de\/produkte\/imlochhammer\"><strong>PMK<\/strong><\/a> Serie hat <strong>OCMA Drilltech<\/strong> das Management der Luft revolutioniert, indem sie eine Technologie verwendet, die den R\u00fcckfluss und die Turbulenzen reduziert und die Leistung der Imlochhaemmer erhoeht.<\/p>\n<p>2002 hat unsere technische Abteilung die <a href=\"http:\/\/www.ocmasrl.com\/de\/produkte\/serie-stabilisierte-imlochhaemmer\"><strong>PMK Serie von Stabilisierten Haemmern<\/strong><\/a> entwickelt und eingefuehrt, die mit hervorragenden Ergebnissen die Abweichungen der Bohrungsachse hoechstens reduziert. Ocma ist der einzige Hersteller von diesen Haemmern in der Welt, und ruemt sich dieses Patents. Weitere Innovationen sind im Laufe der Jahre eingef\u00fchrt worden, wie z.B. die <a href=\"http:\/\/www.ocmasrl.com\/de\/produkte\/stossdaempfers\"><strong>PHS Serie von Stossdaempfern fuer Imlochhaemmer<\/strong><\/a> von 4&#8243; bis 12&#8243;.<\/p>\n<p>2003 haben wir unsere Produktion mit den <a href=\"http:\/\/www.ocmasrl.com\/de\/produkte\/bohrkronen-imlochhammer\"><strong>Imlochbohrkronen erweitert<\/strong><\/a> oder Gewindebohrkronen. Wie fuer die Haemmer und die anderen Produkte, haben die Bohrkronen einen grossen Erfolg bei den Kunden und Haendlern weltweit gehabt. <strong>OCMA DrillTech<\/strong> ist fuehrend in diesem Bereich und dies ist das direkte Ergebnis unseres Engagements f\u00fcr Forschung und Entwicklung, hochwertiges Design und hohe technische Standards in Verbindung mit rigorosen Qualitaetskontrollen und ausgezeichneten Kenntnissen der Metallurgie. K\u00fcrzlich hat OCMA eine komplette Reihe von Ueberlagerungsbohrsysteme und die neue Generation der <strong>Imlochhaemmer GT-Serie<\/strong> mit &#8222;Tubeless Technology&#8220; vorgestellt.<\/p>\n<p>Wir sind st\u00e4ndig bem\u00fcht, den Bohrern die besten Produkte zu bieten, damit sie die h\u00f6chstm\u00f6gliche Produktivit\u00e4t f\u00fcr ihre Investition erzielen k\u00f6nnen. Aus diesem Grund ist OCMA DrillTech jetzt &#8222;<strong>The Driller&#8217;s Choice<\/strong>&#8222;.[\/vc_column_text][\/vc_column][\/vc_row]<\/p>\n<\/div>","protected":false},"excerpt":{"rendered":"<p>[vc_row unlock_row_content=&#8220;yes&#8220; row_height_percent=&#8220;0&#8243; back_color=&#8220;accent&#8220; overlay_alpha=&#8220;50&#8243; gutter_size=&#8220;3&#8243; column_width_percent=&#8220;100&#8243; shift_y=&#8220;0&#8243; z_index=&#8220;0&#8243;][vc_column column_width_percent=&#8220;100&#8243; align_horizontal=&#8220;align_center&#8220; style=&#8220;dark&#8220; overlay_alpha=&#8220;50&#8243; gutter_size=&#8220;3&#8243; medium_width=&#8220;0&#8243; mobile_width=&#8220;0&#8243; shift_x=&#8220;0&#8243; shift_y=&#8220;0&#8243; shift_y_down=&#8220;0&#8243; z_index=&#8220;0&#8243; [&hellip;]<\/p>\n","protected":false},"author":1,"featured_media":0,"parent":0,"menu_order":0,"comment_status":"closed","ping_status":"closed","template":"","meta":[],"yoast_head":"<!-- This site is optimized with the Yoast SEO Premium plugin v16.0.2 (Yoast SEO v18.2) - https:\/\/yoast.com\/wordpress\/plugins\/seo\/ -->\n<title>OCMA DrillTech - DTH Imlochhaemmer, Bohrsystem f\u00fcr Rohrschirm, Rohrschirme im Tunnelbau, Bohrkronen f\u00fcr Imlochhaemmer, Stossdaempfers fuer Imlochhaemmer, Brechanlagen, Drehbohrsysteme, \u00dcberlagerungsbohrsysteme, Bohrgest\u00e4nge - Drehbohrrohre, Ringbohrkronen, Adapter f\u00fcr Einsteckenden | Ocma<\/title>\n<meta name=\"robots\" content=\"index, follow, max-snippet:-1, max-image-preview:large, max-video-preview:-1\" \/>\n<link rel=\"canonical\" href=\"https:\/\/www.ocmasrl.com\/de\/ocma-drilltech\/\" \/>\n<meta property=\"og:locale\" content=\"de_DE\" \/>\n<meta property=\"og:type\" content=\"article\" \/>\n<meta property=\"og:title\" content=\"OCMA DrillTech - DTH Imlochhaemmer, Bohrsystem f\u00fcr Rohrschirm, Rohrschirme im Tunnelbau, Bohrkronen f\u00fcr Imlochhaemmer, Stossdaempfers fuer Imlochhaemmer, Brechanlagen, Drehbohrsysteme, \u00dcberlagerungsbohrsysteme, Bohrgest\u00e4nge - Drehbohrrohre, Ringbohrkronen, Adapter f\u00fcr Einsteckenden | Ocma\" \/>\n<meta property=\"og:description\" content=\"[vc_row unlock_row_content=&#8220;yes&#8220; row_height_percent=&#8220;0&#8243; back_color=&#8220;accent&#8220; overlay_alpha=&#8220;50&#8243; gutter_size=&#8220;3&#8243; column_width_percent=&#8220;100&#8243; shift_y=&#8220;0&#8243; z_index=&#8220;0&#8243;][vc_column column_width_percent=&#8220;100&#8243; align_horizontal=&#8220;align_center&#8220; style=&#8220;dark&#8220; overlay_alpha=&#8220;50&#8243; gutter_size=&#8220;3&#8243; medium_width=&#8220;0&#8243; mobile_width=&#8220;0&#8243; shift_x=&#8220;0&#8243; shift_y=&#8220;0&#8243; shift_y_down=&#8220;0&#8243; z_index=&#8220;0&#8243; [&hellip;]\" \/>\n<meta property=\"og:url\" content=\"https:\/\/www.ocmasrl.com\/de\/ocma-drilltech\/\" \/>\n<meta property=\"og:site_name\" content=\"Ocma\" \/>\n<meta property=\"article:publisher\" content=\"https:\/\/www.facebook.com\/OCMA-DrillTech-227901890599501\/\" \/>\n<meta property=\"article:modified_time\" content=\"2020-01-22T17:08:37+00:00\" \/>\n<meta name=\"twitter:card\" content=\"summary_large_image\" \/>\n<meta name=\"twitter:label1\" content=\"Gesch\u00e4tzte Lesezeit\" \/>\n\t<meta name=\"twitter:data1\" content=\"2\u00a0Minuten\" \/>\n<script type=\"application\/ld+json\" class=\"yoast-schema-graph\">{\"@context\":\"https:\/\/schema.org\",\"@graph\":[{\"@type\":\"Organization\",\"@id\":\"https:\/\/www.ocmasrl.com\/#organization\",\"name\":\"OCMA s.r.l.\",\"url\":\"https:\/\/www.ocmasrl.com\/\",\"sameAs\":[\"https:\/\/www.facebook.com\/OCMA-DrillTech-227901890599501\/\",\"https:\/\/www.instagram.com\/ocmadrilltech\/\"],\"logo\":{\"@type\":\"ImageObject\",\"@id\":\"https:\/\/www.ocmasrl.com\/#logo\",\"inLanguage\":\"de\",\"url\":\"https:\/\/www.ocmasrl.com\/wp-content\/uploads\/OCMA-DrillTech.jpg\",\"contentUrl\":\"https:\/\/www.ocmasrl.com\/wp-content\/uploads\/OCMA-DrillTech.jpg\",\"width\":575,\"height\":105,\"caption\":\"OCMA s.r.l.\"},\"image\":{\"@id\":\"https:\/\/www.ocmasrl.com\/#logo\"}},{\"@type\":\"WebSite\",\"@id\":\"https:\/\/www.ocmasrl.com\/#website\",\"url\":\"https:\/\/www.ocmasrl.com\/\",\"name\":\"Ocma\",\"description\":\"Martelli Fondo Foro\",\"publisher\":{\"@id\":\"https:\/\/www.ocmasrl.com\/#organization\"},\"potentialAction\":[{\"@type\":\"SearchAction\",\"target\":{\"@type\":\"EntryPoint\",\"urlTemplate\":\"https:\/\/www.ocmasrl.com\/?s={search_term_string}\"},\"query-input\":\"required name=search_term_string\"}],\"inLanguage\":\"de\"},{\"@type\":\"WebPage\",\"@id\":\"https:\/\/www.ocmasrl.com\/de\/ocma-drilltech\/#webpage\",\"url\":\"https:\/\/www.ocmasrl.com\/de\/ocma-drilltech\/\",\"name\":\"OCMA DrillTech - DTH Imlochhaemmer, Bohrsystem f\u00fcr Rohrschirm, Rohrschirme im Tunnelbau, Bohrkronen f\u00fcr Imlochhaemmer, Stossdaempfers fuer Imlochhaemmer, Brechanlagen, Drehbohrsysteme, \u00dcberlagerungsbohrsysteme, Bohrgest\u00e4nge - Drehbohrrohre, Ringbohrkronen, Adapter f\u00fcr Einsteckenden | Ocma\",\"isPartOf\":{\"@id\":\"https:\/\/www.ocmasrl.com\/#website\"},\"datePublished\":\"2020-01-22T16:24:59+00:00\",\"dateModified\":\"2020-01-22T17:08:37+00:00\",\"breadcrumb\":{\"@id\":\"https:\/\/www.ocmasrl.com\/de\/ocma-drilltech\/#breadcrumb\"},\"inLanguage\":\"de\",\"potentialAction\":[{\"@type\":\"ReadAction\",\"target\":[\"https:\/\/www.ocmasrl.com\/de\/ocma-drilltech\/\"]}]},{\"@type\":\"BreadcrumbList\",\"@id\":\"https:\/\/www.ocmasrl.com\/de\/ocma-drilltech\/#breadcrumb\",\"itemListElement\":[{\"@type\":\"ListItem\",\"position\":1,\"name\":\"Home\",\"item\":\"https:\/\/www.ocmasrl.com\/de\/\"},{\"@type\":\"ListItem\",\"position\":2,\"name\":\"OCMA DrillTech &#8211; DTH Imlochhaemmer, Bohrsystem f\u00fcr Rohrschirm, Rohrschirme im Tunnelbau, Bohrkronen f\u00fcr Imlochhaemmer, Stossdaempfers fuer Imlochhaemmer, Brechanlagen, Drehbohrsysteme, \u00dcberlagerungsbohrsysteme, Bohrgest\u00e4nge &#8211; Drehbohrrohre, Ringbohrkronen, Adapter f\u00fcr Einsteckenden\"}]}]}<\/script>\n<!-- \/ Yoast SEO Premium plugin. -->","yoast_head_json":{"title":"OCMA DrillTech - DTH Imlochhaemmer, Bohrsystem f\u00fcr Rohrschirm, Rohrschirme im Tunnelbau, Bohrkronen f\u00fcr Imlochhaemmer, Stossdaempfers fuer Imlochhaemmer, Brechanlagen, Drehbohrsysteme, \u00dcberlagerungsbohrsysteme, Bohrgest\u00e4nge - Drehbohrrohre, Ringbohrkronen, Adapter f\u00fcr Einsteckenden | Ocma","robots":{"index":"index","follow":"follow","max-snippet":"max-snippet:-1","max-image-preview":"max-image-preview:large","max-video-preview":"max-video-preview:-1"},"canonical":"https:\/\/www.ocmasrl.com\/de\/ocma-drilltech\/","og_locale":"de_DE","og_type":"article","og_title":"OCMA DrillTech - DTH Imlochhaemmer, Bohrsystem f\u00fcr Rohrschirm, Rohrschirme im Tunnelbau, Bohrkronen f\u00fcr Imlochhaemmer, Stossdaempfers fuer Imlochhaemmer, Brechanlagen, Drehbohrsysteme, \u00dcberlagerungsbohrsysteme, Bohrgest\u00e4nge - Drehbohrrohre, Ringbohrkronen, Adapter f\u00fcr Einsteckenden | Ocma","og_description":"[vc_row unlock_row_content=&#8220;yes&#8220; row_height_percent=&#8220;0&#8243; back_color=&#8220;accent&#8220; overlay_alpha=&#8220;50&#8243; gutter_size=&#8220;3&#8243; column_width_percent=&#8220;100&#8243; shift_y=&#8220;0&#8243; z_index=&#8220;0&#8243;][vc_column column_width_percent=&#8220;100&#8243; align_horizontal=&#8220;align_center&#8220; style=&#8220;dark&#8220; overlay_alpha=&#8220;50&#8243; gutter_size=&#8220;3&#8243; medium_width=&#8220;0&#8243; mobile_width=&#8220;0&#8243; shift_x=&#8220;0&#8243; shift_y=&#8220;0&#8243; shift_y_down=&#8220;0&#8243; z_index=&#8220;0&#8243; [&hellip;]","og_url":"https:\/\/www.ocmasrl.com\/de\/ocma-drilltech\/","og_site_name":"Ocma","article_publisher":"https:\/\/www.facebook.com\/OCMA-DrillTech-227901890599501\/","article_modified_time":"2020-01-22T17:08:37+00:00","twitter_card":"summary_large_image","twitter_misc":{"Gesch\u00e4tzte Lesezeit":"2\u00a0Minuten"},"schema":{"@context":"https:\/\/schema.org","@graph":[{"@type":"Organization","@id":"https:\/\/www.ocmasrl.com\/#organization","name":"OCMA s.r.l.","url":"https:\/\/www.ocmasrl.com\/","sameAs":["https:\/\/www.facebook.com\/OCMA-DrillTech-227901890599501\/","https:\/\/www.instagram.com\/ocmadrilltech\/"],"logo":{"@type":"ImageObject","@id":"https:\/\/www.ocmasrl.com\/#logo","inLanguage":"de","url":"https:\/\/www.ocmasrl.com\/wp-content\/uploads\/OCMA-DrillTech.jpg","contentUrl":"https:\/\/www.ocmasrl.com\/wp-content\/uploads\/OCMA-DrillTech.jpg","width":575,"height":105,"caption":"OCMA s.r.l."},"image":{"@id":"https:\/\/www.ocmasrl.com\/#logo"}},{"@type":"WebSite","@id":"https:\/\/www.ocmasrl.com\/#website","url":"https:\/\/www.ocmasrl.com\/","name":"Ocma","description":"Martelli Fondo Foro","publisher":{"@id":"https:\/\/www.ocmasrl.com\/#organization"},"potentialAction":[{"@type":"SearchAction","target":{"@type":"EntryPoint","urlTemplate":"https:\/\/www.ocmasrl.com\/?s={search_term_string}"},"query-input":"required name=search_term_string"}],"inLanguage":"de"},{"@type":"WebPage","@id":"https:\/\/www.ocmasrl.com\/de\/ocma-drilltech\/#webpage","url":"https:\/\/www.ocmasrl.com\/de\/ocma-drilltech\/","name":"OCMA DrillTech - DTH Imlochhaemmer, Bohrsystem f\u00fcr Rohrschirm, Rohrschirme im Tunnelbau, Bohrkronen f\u00fcr Imlochhaemmer, Stossdaempfers fuer Imlochhaemmer, Brechanlagen, Drehbohrsysteme, \u00dcberlagerungsbohrsysteme, Bohrgest\u00e4nge - Drehbohrrohre, Ringbohrkronen, Adapter f\u00fcr Einsteckenden | Ocma","isPartOf":{"@id":"https:\/\/www.ocmasrl.com\/#website"},"datePublished":"2020-01-22T16:24:59+00:00","dateModified":"2020-01-22T17:08:37+00:00","breadcrumb":{"@id":"https:\/\/www.ocmasrl.com\/de\/ocma-drilltech\/#breadcrumb"},"inLanguage":"de","potentialAction":[{"@type":"ReadAction","target":["https:\/\/www.ocmasrl.com\/de\/ocma-drilltech\/"]}]},{"@type":"BreadcrumbList","@id":"https:\/\/www.ocmasrl.com\/de\/ocma-drilltech\/#breadcrumb","itemListElement":[{"@type":"ListItem","position":1,"name":"Home","item":"https:\/\/www.ocmasrl.com\/de\/"},{"@type":"ListItem","position":2,"name":"OCMA DrillTech &#8211; DTH Imlochhaemmer, Bohrsystem f\u00fcr Rohrschirm, Rohrschirme im Tunnelbau, Bohrkronen f\u00fcr Imlochhaemmer, Stossdaempfers fuer Imlochhaemmer, Brechanlagen, Drehbohrsysteme, \u00dcberlagerungsbohrsysteme, Bohrgest\u00e4nge &#8211; Drehbohrrohre, Ringbohrkronen, Adapter f\u00fcr Einsteckenden"}]}]}},"_links":{"self":[{"href":"https:\/\/www.ocmasrl.com\/de\/wp-json\/wp\/v2\/pages\/5697"}],"collection":[{"href":"https:\/\/www.ocmasrl.com\/de\/wp-json\/wp\/v2\/pages"}],"about":[{"href":"https:\/\/www.ocmasrl.com\/de\/wp-json\/wp\/v2\/types\/page"}],"author":[{"embeddable":true,"href":"https:\/\/www.ocmasrl.com\/de\/wp-json\/wp\/v2\/users\/1"}],"replies":[{"embeddable":true,"href":"https:\/\/www.ocmasrl.com\/de\/wp-json\/wp\/v2\/comments?post=5697"}],"version-history":[{"count":5,"href":"https:\/\/www.ocmasrl.com\/de\/wp-json\/wp\/v2\/pages\/5697\/revisions"}],"predecessor-version":[{"id":5718,"href":"https:\/\/www.ocmasrl.com\/de\/wp-json\/wp\/v2\/pages\/5697\/revisions\/5718"}],"wp:attachment":[{"href":"https:\/\/www.ocmasrl.com\/de\/wp-json\/wp\/v2\/media?parent=5697"}],"curies":[{"name":"wp","href":"https:\/\/api.w.org\/{rel}","templated":true}]}}