{"id":5774,"date":"2020-01-23T09:01:08","date_gmt":"2020-01-23T09:01:08","guid":{"rendered":"http:\/\/omiwebdev.it\/ocma_n\/qualitaetskontrolle\/"},"modified":"2021-01-02T12:51:26","modified_gmt":"2021-01-02T12:51:26","slug":"qualitaetskontrolle","status":"publish","type":"page","link":"https:\/\/www.ocmasrl.com\/de\/qualitaetskontrolle\/","title":{"rendered":"Gesteinsbohrwerkzeuge Qualitaetskontrolle"},"content":{"rendered":"<div class=\"wpb-content-wrapper\"><p>[vc_row unlock_row_content=&#8220;yes&#8220; row_height_percent=&#8220;0&#8243; back_color=&#8220;accent&#8220; overlay_alpha=&#8220;50&#8243; gutter_size=&#8220;3&#8243; column_width_percent=&#8220;100&#8243; shift_y=&#8220;0&#8243; z_index=&#8220;0&#8243;][vc_column column_width_percent=&#8220;100&#8243; align_horizontal=&#8220;align_center&#8220; style=&#8220;dark&#8220; overlay_alpha=&#8220;50&#8243; gutter_size=&#8220;3&#8243; medium_width=&#8220;0&#8243; mobile_width=&#8220;0&#8243; shift_x=&#8220;0&#8243; shift_y=&#8220;0&#8243; shift_y_down=&#8220;0&#8243; z_index=&#8220;0&#8243; width=&#8220;1\/1&#8243;][vc_custom_heading]<\/p>\n<h2 style=\"text-align: center;\">Gesteinsbohrwerkzeuge Qualitaetskontrolle<\/h2>\n<p>[\/vc_custom_heading][\/vc_column][\/vc_row][vc_row][vc_column width=&#8220;1\/2&#8243;][vc_gallery el_id=&#8220;gallery-212163&#8243; type=&#8220;justified&#8220; medias=&#8220;945,946&#8243; justify_row_height=&#8220;200&#8243; gutter_size=&#8220;3&#8243; single_overlay_opacity=&#8220;50&#8243; single_padding=&#8220;2&#8243;][vc_row_inner][vc_column_inner width=&#8220;1\/1&#8243;][vc_single_image media=&#8220;3020&#8243; media_lightbox=&#8220;yes&#8220; media_width_percent=&#8220;36&#8243; alignment=&#8220;center&#8220;][\/vc_column_inner][\/vc_row_inner][\/vc_column][vc_column width=&#8220;1\/2&#8243;][vc_column_text]<strong>ISO9001:2015<\/strong><\/p>\n<p><strong>OCMA DrillTech <\/strong>wendet f\u00fcr alle seine Aktivit\u00e4ten die<strong> ISO9001: 2015<\/strong> Zertifizierung an, um alle f\u00fcr den globalen Markt hergestellten und vertriebenen Gesteinsbohrwerkzeuge, Bohrger\u00e4te, Bohrer, DTH-H\u00e4mmer, Bohrstangen und Sto\u00dfd\u00e4mpfer f\u00fcr Bohrlochh\u00e4mmer zu zertifizieren. <strong>ISO9001:2015<\/strong> ist die neueste Version der Verfahren f\u00fcr die Qualitaetskontrolle, die in der ganzen Welt anerkannt ist.<\/p>\n<p>Als Qualitaetskontrolle messt <strong>OCMA Drilltech<\/strong> die Haerte des Stuecks, fuehrt Bautests und dimensionale Kontrollen durch, und analysiert mit einem Elektronenmikroskop die\u00a0 Mikrostrukturen des Hartmetalls, das f\u00fcr die Imlochbohrkronen verwendet wird.<\/p>\n<p>Die Qualitaet ist auch f\u00fcr die Verkaeufe, Einkaeufe, Verwaltung und Management respektiert, und das Zertifikat wird regelmaessig durch das <strong>RINA<\/strong>-Zertifizierungsinstitut geprueft.[\/vc_column_text][\/vc_column][\/vc_row][vc_row][vc_column width=&#8220;2\/3&#8243;][vc_column_text]<strong>ISO 14001<\/strong><br \/>\nOCMA DrillTech ist auch nach ISO 14001 zertifiziert. Die Normen ISO 14001 legen die\u00a0 Anforderungen fuer das &#8222;Umwelt-Management-System&#8220; einer Organisation. Der Standard ISO 14001 (UNI EN ISO 14001:2004) ist die freiwillige Wahl unseres Unternehmens, die beschlossen hat, ihr eigenes Umwelt-Management-System festzustellen \/ zu folgen \/ aktiv zu halten \/ zu verbessern, und dies mit Respekt fuer die Umwelt und die Umweltbelastungen.[\/vc_column_text][\/vc_column][vc_column width=&#8220;1\/3&#8243;][vc_gallery el_id=&#8220;gallery-212163&#8243; type=&#8220;justified&#8220; medias=&#8220;948,949&#8243; justify_row_height=&#8220;150&#8243; gutter_size=&#8220;3&#8243; single_overlay_opacity=&#8220;50&#8243; single_padding=&#8220;2&#8243;][\/vc_column][\/vc_row][vc_row][vc_column width=&#8220;1\/1&#8243;][vc_gallery el_id=&#8220;gallery-656507&#8243; type=&#8220;justified&#8220; medias=&#8220;958,959,960,961,962&#8243; justify_row_height=&#8220;250&#8243; gutter_size=&#8220;3&#8243; single_overlay_opacity=&#8220;50&#8243; single_padding=&#8220;2&#8243;][\/vc_column][\/vc_row]<\/p>\n<\/div>","protected":false},"excerpt":{"rendered":"<p>[vc_row unlock_row_content=&#8220;yes&#8220; row_height_percent=&#8220;0&#8243; back_color=&#8220;accent&#8220; overlay_alpha=&#8220;50&#8243; gutter_size=&#8220;3&#8243; column_width_percent=&#8220;100&#8243; shift_y=&#8220;0&#8243; z_index=&#8220;0&#8243;][vc_column column_width_percent=&#8220;100&#8243; align_horizontal=&#8220;align_center&#8220; style=&#8220;dark&#8220; overlay_alpha=&#8220;50&#8243; gutter_size=&#8220;3&#8243; medium_width=&#8220;0&#8243; mobile_width=&#8220;0&#8243; shift_x=&#8220;0&#8243; shift_y=&#8220;0&#8243; shift_y_down=&#8220;0&#8243; z_index=&#8220;0&#8243; [&hellip;]<\/p>\n","protected":false},"author":1,"featured_media":0,"parent":0,"menu_order":0,"comment_status":"closed","ping_status":"closed","template":"","meta":[],"yoast_head":"<!-- This site is optimized with the Yoast SEO Premium plugin v16.0.2 (Yoast SEO v18.2) - https:\/\/yoast.com\/wordpress\/plugins\/seo\/ -->\n<title>Gesteinsbohrwerkzeuge Qualitaetskontrolle | Ocma<\/title>\n<meta name=\"description\" content=\"OCMA DrillTech wendet f\u00fcr alle seine Aktivit\u00e4ten die ISO9001: 2015 Zertifizierung f\u00fcr Gesteinsbohrwerkzeuge, Bohrger\u00e4te, Bohrer, DTH-imloch H\u00e4mmer, Bohrstangen und Sto\u00dfd\u00e4mpfer f\u00fcr Bohrlochh\u00e4mmer zu zertifizieren.\" \/>\n<meta name=\"robots\" content=\"index, follow, max-snippet:-1, max-image-preview:large, max-video-preview:-1\" \/>\n<link rel=\"canonical\" href=\"https:\/\/www.ocmasrl.com\/de\/qualitaetskontrolle\/\" \/>\n<meta property=\"og:locale\" content=\"de_DE\" \/>\n<meta property=\"og:type\" content=\"article\" \/>\n<meta property=\"og:title\" content=\"Gesteinsbohrwerkzeuge Qualitaetskontrolle | Ocma\" \/>\n<meta property=\"og:description\" content=\"OCMA DrillTech wendet f\u00fcr alle seine Aktivit\u00e4ten die ISO9001: 2015 Zertifizierung f\u00fcr Gesteinsbohrwerkzeuge, Bohrger\u00e4te, Bohrer, DTH-imloch H\u00e4mmer, Bohrstangen und Sto\u00dfd\u00e4mpfer f\u00fcr Bohrlochh\u00e4mmer zu zertifizieren.\" \/>\n<meta property=\"og:url\" content=\"https:\/\/www.ocmasrl.com\/de\/qualitaetskontrolle\/\" \/>\n<meta property=\"og:site_name\" content=\"Ocma\" \/>\n<meta property=\"article:publisher\" content=\"https:\/\/www.facebook.com\/OCMA-DrillTech-227901890599501\/\" \/>\n<meta property=\"article:modified_time\" content=\"2021-01-02T12:51:26+00:00\" \/>\n<meta name=\"twitter:card\" content=\"summary_large_image\" \/>\n<meta name=\"twitter:label1\" content=\"Gesch\u00e4tzte Lesezeit\" \/>\n\t<meta name=\"twitter:data1\" content=\"2\u00a0Minuten\" \/>\n<script type=\"application\/ld+json\" class=\"yoast-schema-graph\">{\"@context\":\"https:\/\/schema.org\",\"@graph\":[{\"@type\":\"Organization\",\"@id\":\"https:\/\/www.ocmasrl.com\/#organization\",\"name\":\"OCMA s.r.l.\",\"url\":\"https:\/\/www.ocmasrl.com\/\",\"sameAs\":[\"https:\/\/www.facebook.com\/OCMA-DrillTech-227901890599501\/\",\"https:\/\/www.instagram.com\/ocmadrilltech\/\"],\"logo\":{\"@type\":\"ImageObject\",\"@id\":\"https:\/\/www.ocmasrl.com\/#logo\",\"inLanguage\":\"de\",\"url\":\"https:\/\/www.ocmasrl.com\/wp-content\/uploads\/OCMA-DrillTech.jpg\",\"contentUrl\":\"https:\/\/www.ocmasrl.com\/wp-content\/uploads\/OCMA-DrillTech.jpg\",\"width\":575,\"height\":105,\"caption\":\"OCMA s.r.l.\"},\"image\":{\"@id\":\"https:\/\/www.ocmasrl.com\/#logo\"}},{\"@type\":\"WebSite\",\"@id\":\"https:\/\/www.ocmasrl.com\/#website\",\"url\":\"https:\/\/www.ocmasrl.com\/\",\"name\":\"Ocma\",\"description\":\"Martelli Fondo Foro\",\"publisher\":{\"@id\":\"https:\/\/www.ocmasrl.com\/#organization\"},\"potentialAction\":[{\"@type\":\"SearchAction\",\"target\":{\"@type\":\"EntryPoint\",\"urlTemplate\":\"https:\/\/www.ocmasrl.com\/?s={search_term_string}\"},\"query-input\":\"required name=search_term_string\"}],\"inLanguage\":\"de\"},{\"@type\":\"WebPage\",\"@id\":\"https:\/\/www.ocmasrl.com\/de\/qualitaetskontrolle\/#webpage\",\"url\":\"https:\/\/www.ocmasrl.com\/de\/qualitaetskontrolle\/\",\"name\":\"Gesteinsbohrwerkzeuge Qualitaetskontrolle | Ocma\",\"isPartOf\":{\"@id\":\"https:\/\/www.ocmasrl.com\/#website\"},\"datePublished\":\"2020-01-23T09:01:08+00:00\",\"dateModified\":\"2021-01-02T12:51:26+00:00\",\"description\":\"OCMA DrillTech wendet f\u00fcr alle seine Aktivit\u00e4ten die ISO9001: 2015 Zertifizierung f\u00fcr Gesteinsbohrwerkzeuge, Bohrger\u00e4te, Bohrer, DTH-imloch H\u00e4mmer, Bohrstangen und Sto\u00dfd\u00e4mpfer f\u00fcr Bohrlochh\u00e4mmer zu zertifizieren.\",\"breadcrumb\":{\"@id\":\"https:\/\/www.ocmasrl.com\/de\/qualitaetskontrolle\/#breadcrumb\"},\"inLanguage\":\"de\",\"potentialAction\":[{\"@type\":\"ReadAction\",\"target\":[\"https:\/\/www.ocmasrl.com\/de\/qualitaetskontrolle\/\"]}]},{\"@type\":\"BreadcrumbList\",\"@id\":\"https:\/\/www.ocmasrl.com\/de\/qualitaetskontrolle\/#breadcrumb\",\"itemListElement\":[{\"@type\":\"ListItem\",\"position\":1,\"name\":\"Home\",\"item\":\"https:\/\/www.ocmasrl.com\/de\/\"},{\"@type\":\"ListItem\",\"position\":2,\"name\":\"Gesteinsbohrwerkzeuge Qualitaetskontrolle\"}]}]}<\/script>\n<!-- \/ Yoast SEO Premium plugin. -->","yoast_head_json":{"title":"Gesteinsbohrwerkzeuge Qualitaetskontrolle | Ocma","description":"OCMA DrillTech wendet f\u00fcr alle seine Aktivit\u00e4ten die ISO9001: 2015 Zertifizierung f\u00fcr Gesteinsbohrwerkzeuge, Bohrger\u00e4te, Bohrer, DTH-imloch H\u00e4mmer, Bohrstangen und Sto\u00dfd\u00e4mpfer f\u00fcr Bohrlochh\u00e4mmer zu zertifizieren.","robots":{"index":"index","follow":"follow","max-snippet":"max-snippet:-1","max-image-preview":"max-image-preview:large","max-video-preview":"max-video-preview:-1"},"canonical":"https:\/\/www.ocmasrl.com\/de\/qualitaetskontrolle\/","og_locale":"de_DE","og_type":"article","og_title":"Gesteinsbohrwerkzeuge Qualitaetskontrolle | Ocma","og_description":"OCMA DrillTech wendet f\u00fcr alle seine Aktivit\u00e4ten die ISO9001: 2015 Zertifizierung f\u00fcr Gesteinsbohrwerkzeuge, Bohrger\u00e4te, Bohrer, DTH-imloch H\u00e4mmer, Bohrstangen und Sto\u00dfd\u00e4mpfer f\u00fcr Bohrlochh\u00e4mmer zu zertifizieren.","og_url":"https:\/\/www.ocmasrl.com\/de\/qualitaetskontrolle\/","og_site_name":"Ocma","article_publisher":"https:\/\/www.facebook.com\/OCMA-DrillTech-227901890599501\/","article_modified_time":"2021-01-02T12:51:26+00:00","twitter_card":"summary_large_image","twitter_misc":{"Gesch\u00e4tzte Lesezeit":"2\u00a0Minuten"},"schema":{"@context":"https:\/\/schema.org","@graph":[{"@type":"Organization","@id":"https:\/\/www.ocmasrl.com\/#organization","name":"OCMA s.r.l.","url":"https:\/\/www.ocmasrl.com\/","sameAs":["https:\/\/www.facebook.com\/OCMA-DrillTech-227901890599501\/","https:\/\/www.instagram.com\/ocmadrilltech\/"],"logo":{"@type":"ImageObject","@id":"https:\/\/www.ocmasrl.com\/#logo","inLanguage":"de","url":"https:\/\/www.ocmasrl.com\/wp-content\/uploads\/OCMA-DrillTech.jpg","contentUrl":"https:\/\/www.ocmasrl.com\/wp-content\/uploads\/OCMA-DrillTech.jpg","width":575,"height":105,"caption":"OCMA s.r.l."},"image":{"@id":"https:\/\/www.ocmasrl.com\/#logo"}},{"@type":"WebSite","@id":"https:\/\/www.ocmasrl.com\/#website","url":"https:\/\/www.ocmasrl.com\/","name":"Ocma","description":"Martelli Fondo Foro","publisher":{"@id":"https:\/\/www.ocmasrl.com\/#organization"},"potentialAction":[{"@type":"SearchAction","target":{"@type":"EntryPoint","urlTemplate":"https:\/\/www.ocmasrl.com\/?s={search_term_string}"},"query-input":"required name=search_term_string"}],"inLanguage":"de"},{"@type":"WebPage","@id":"https:\/\/www.ocmasrl.com\/de\/qualitaetskontrolle\/#webpage","url":"https:\/\/www.ocmasrl.com\/de\/qualitaetskontrolle\/","name":"Gesteinsbohrwerkzeuge Qualitaetskontrolle | Ocma","isPartOf":{"@id":"https:\/\/www.ocmasrl.com\/#website"},"datePublished":"2020-01-23T09:01:08+00:00","dateModified":"2021-01-02T12:51:26+00:00","description":"OCMA DrillTech wendet f\u00fcr alle seine Aktivit\u00e4ten die ISO9001: 2015 Zertifizierung f\u00fcr Gesteinsbohrwerkzeuge, Bohrger\u00e4te, Bohrer, DTH-imloch H\u00e4mmer, Bohrstangen und Sto\u00dfd\u00e4mpfer f\u00fcr Bohrlochh\u00e4mmer zu zertifizieren.","breadcrumb":{"@id":"https:\/\/www.ocmasrl.com\/de\/qualitaetskontrolle\/#breadcrumb"},"inLanguage":"de","potentialAction":[{"@type":"ReadAction","target":["https:\/\/www.ocmasrl.com\/de\/qualitaetskontrolle\/"]}]},{"@type":"BreadcrumbList","@id":"https:\/\/www.ocmasrl.com\/de\/qualitaetskontrolle\/#breadcrumb","itemListElement":[{"@type":"ListItem","position":1,"name":"Home","item":"https:\/\/www.ocmasrl.com\/de\/"},{"@type":"ListItem","position":2,"name":"Gesteinsbohrwerkzeuge Qualitaetskontrolle"}]}]}},"_links":{"self":[{"href":"https:\/\/www.ocmasrl.com\/de\/wp-json\/wp\/v2\/pages\/5774"}],"collection":[{"href":"https:\/\/www.ocmasrl.com\/de\/wp-json\/wp\/v2\/pages"}],"about":[{"href":"https:\/\/www.ocmasrl.com\/de\/wp-json\/wp\/v2\/types\/page"}],"author":[{"embeddable":true,"href":"https:\/\/www.ocmasrl.com\/de\/wp-json\/wp\/v2\/users\/1"}],"replies":[{"embeddable":true,"href":"https:\/\/www.ocmasrl.com\/de\/wp-json\/wp\/v2\/comments?post=5774"}],"version-history":[{"count":3,"href":"https:\/\/www.ocmasrl.com\/de\/wp-json\/wp\/v2\/pages\/5774\/revisions"}],"predecessor-version":[{"id":7584,"href":"https:\/\/www.ocmasrl.com\/de\/wp-json\/wp\/v2\/pages\/5774\/revisions\/7584"}],"wp:attachment":[{"href":"https:\/\/www.ocmasrl.com\/de\/wp-json\/wp\/v2\/media?parent=5774"}],"curies":[{"name":"wp","href":"https:\/\/api.w.org\/{rel}","templated":true}]}}