{"id":5808,"date":"2020-01-03T17:10:27","date_gmt":"2020-01-03T17:10:27","guid":{"rendered":"http:\/\/omiwebdev.it\/ocma_n\/research-and-development\/"},"modified":"2021-01-11T12:32:09","modified_gmt":"2021-01-11T12:32:09","slug":"forschung-a-entwicklung","status":"publish","type":"page","link":"https:\/\/www.ocmasrl.com\/de\/forschung-a-entwicklung\/","title":{"rendered":"Forschung und Entwicklung"},"content":{"rendered":"<div class=\"wpb-content-wrapper\"><p>[vc_row unlock_row_content=&#8220;yes&#8220; row_height_percent=&#8220;0&#8243; back_color=&#8220;accent&#8220; overlay_alpha=&#8220;50&#8243; gutter_size=&#8220;3&#8243; column_width_percent=&#8220;100&#8243; shift_y=&#8220;0&#8243; z_index=&#8220;0&#8243;][vc_column column_width_percent=&#8220;100&#8243; align_horizontal=&#8220;align_center&#8220; style=&#8220;dark&#8220; overlay_alpha=&#8220;50&#8243; gutter_size=&#8220;3&#8243; medium_width=&#8220;0&#8243; mobile_width=&#8220;0&#8243; shift_x=&#8220;0&#8243; shift_y=&#8220;0&#8243; shift_y_down=&#8220;0&#8243; z_index=&#8220;0&#8243; width=&#8220;1\/1&#8243;][vc_column_text]<\/p>\n<h1>Forschung und Entwicklung<\/h1>\n<p>[\/vc_column_text][\/vc_column][\/vc_row][vc_row row_height_percent=&#8220;0&#8243; overlay_alpha=&#8220;50&#8243; gutter_size=&#8220;3&#8243; column_width_percent=&#8220;100&#8243; shift_y=&#8220;0&#8243; z_index=&#8220;0&#8243;][vc_column column_width_percent=&#8220;100&#8243; position_vertical=&#8220;middle&#8220; overlay_alpha=&#8220;50&#8243; gutter_size=&#8220;3&#8243; medium_width=&#8220;0&#8243; mobile_width=&#8220;0&#8243; shift_x=&#8220;0&#8243; shift_y=&#8220;0&#8243; shift_y_down=&#8220;0&#8243; z_index=&#8220;0&#8243; width=&#8220;1\/2&#8243;][vc_column_text]<strong>PLANUNG<\/strong><\/p>\n<p>Ein Forschungs-und Entwicklungsteam ist st\u00e4ndig in der Planung und Entwicklung neuer Produkte und in der Verbesserung bestehender Produkte taetig.<\/p>\n<p><strong>OCMA DrillTech<\/strong> verwendet die neueste <strong>CAD CAM-Technologie<\/strong>, um die Leistung der Imlochhaemmer und Bohrkronen zu erhoehen, und spiegelt die Beduerfnisse des Kunden wider.[\/vc_column_text][\/vc_column][vc_column width=&#8220;1\/2&#8243;][vc_single_image media=&#8220;234&#8243; media_lightbox=&#8220;yes&#8220; media_width_percent=&#8220;75&#8243; alignment=&#8220;center&#8220;][\/vc_column][\/vc_row][vc_row row_height_percent=&#8220;0&#8243; overlay_alpha=&#8220;50&#8243; gutter_size=&#8220;3&#8243; column_width_percent=&#8220;100&#8243; shift_y=&#8220;0&#8243; z_index=&#8220;0&#8243;][vc_column column_width_percent=&#8220;100&#8243; position_horizontal=&#8220;right&#8220; overlay_alpha=&#8220;50&#8243; gutter_size=&#8220;3&#8243; medium_width=&#8220;0&#8243; mobile_width=&#8220;0&#8243; shift_x=&#8220;0&#8243; shift_y=&#8220;0&#8243; shift_y_down=&#8220;0&#8243; z_index=&#8220;0&#8243; width=&#8220;1\/2&#8243;][vc_single_image media=&#8220;235&#8243; media_lightbox=&#8220;yes&#8220; media_width_percent=&#8220;70&#8243;][\/vc_column][vc_column column_width_percent=&#8220;100&#8243; position_vertical=&#8220;middle&#8220; overlay_alpha=&#8220;50&#8243; gutter_size=&#8220;3&#8243; medium_width=&#8220;0&#8243; mobile_width=&#8220;0&#8243; shift_x=&#8220;0&#8243; shift_y=&#8220;0&#8243; shift_y_down=&#8220;0&#8243; z_index=&#8220;0&#8243; width=&#8220;1\/2&#8243;][vc_column_text]<strong>ERSTKLASSIGE MATERIALIEN<\/strong><\/p>\n<p>Alle Produkte OCMA DrillTech werden mit erstklassigen MADE IN ITALY und 100% recyclebaren Materialien hergestellt und halten einen sehr hoch Qualitaetsstandard.<\/p>\n<p>&nbsp;<\/p>\n<p>Das Hartmetall (Wolframkarbid) ist von entscheidender Bedeutung f\u00fcr die Leistung der Imlochbohrkronen, deshalb waehlt unser R &amp; D-Team die besten Rohstoffe, ueberwacht die Mikrostrukturen des Hartmetalls und plant sorgfaeltig die Form der Stifte (kugelfoermig, ballistisch, parabolisch) fuer die verschiedenen Felsformationen.<\/p>\n<p>[\/vc_column_text][\/vc_column][\/vc_row]<\/p>\n<\/div>","protected":false},"excerpt":{"rendered":"<p>[vc_row unlock_row_content=&#8220;yes&#8220; row_height_percent=&#8220;0&#8243; back_color=&#8220;accent&#8220; overlay_alpha=&#8220;50&#8243; gutter_size=&#8220;3&#8243; column_width_percent=&#8220;100&#8243; shift_y=&#8220;0&#8243; z_index=&#8220;0&#8243;][vc_column column_width_percent=&#8220;100&#8243; align_horizontal=&#8220;align_center&#8220; style=&#8220;dark&#8220; overlay_alpha=&#8220;50&#8243; gutter_size=&#8220;3&#8243; medium_width=&#8220;0&#8243; mobile_width=&#8220;0&#8243; shift_x=&#8220;0&#8243; shift_y=&#8220;0&#8243; shift_y_down=&#8220;0&#8243; z_index=&#8220;0&#8243; [&hellip;]<\/p>\n","protected":false},"author":1,"featured_media":0,"parent":0,"menu_order":0,"comment_status":"closed","ping_status":"closed","template":"","meta":[],"yoast_head":"<!-- This site is optimized with the Yoast SEO Premium plugin v16.0.2 (Yoast SEO v18.2) - https:\/\/yoast.com\/wordpress\/plugins\/seo\/ -->\n<title>Forschung und Entwicklung | Ocma<\/title>\n<meta name=\"description\" content=\"Unser Forschungs und Entwicklungsteam besch\u00e4ftigt sich st\u00e4ndig mit der Entwicklung neuer Bohrausr\u00fcstung und DTH-Werkzeuge sowie mit der Verbesserung bestehender Produkte.\" \/>\n<meta name=\"robots\" content=\"index, follow, max-snippet:-1, max-image-preview:large, max-video-preview:-1\" \/>\n<link rel=\"canonical\" href=\"https:\/\/www.ocmasrl.com\/de\/forschung-a-entwicklung\/\" \/>\n<meta property=\"og:locale\" content=\"de_DE\" \/>\n<meta property=\"og:type\" content=\"article\" \/>\n<meta property=\"og:title\" content=\"Forschung und Entwicklung | Ocma\" \/>\n<meta property=\"og:description\" content=\"Unser Forschungs und Entwicklungsteam besch\u00e4ftigt sich st\u00e4ndig mit der Entwicklung neuer Bohrausr\u00fcstung und DTH-Werkzeuge sowie mit der Verbesserung bestehender Produkte.\" \/>\n<meta property=\"og:url\" content=\"https:\/\/www.ocmasrl.com\/de\/forschung-a-entwicklung\/\" \/>\n<meta property=\"og:site_name\" content=\"Ocma\" \/>\n<meta property=\"article:publisher\" content=\"https:\/\/www.facebook.com\/OCMA-DrillTech-227901890599501\/\" \/>\n<meta property=\"article:modified_time\" content=\"2021-01-11T12:32:09+00:00\" \/>\n<meta name=\"twitter:card\" content=\"summary_large_image\" \/>\n<meta name=\"twitter:label1\" content=\"Gesch\u00e4tzte Lesezeit\" \/>\n\t<meta name=\"twitter:data1\" content=\"2\u00a0Minuten\" \/>\n<script type=\"application\/ld+json\" class=\"yoast-schema-graph\">{\"@context\":\"https:\/\/schema.org\",\"@graph\":[{\"@type\":\"Organization\",\"@id\":\"https:\/\/www.ocmasrl.com\/#organization\",\"name\":\"OCMA s.r.l.\",\"url\":\"https:\/\/www.ocmasrl.com\/\",\"sameAs\":[\"https:\/\/www.facebook.com\/OCMA-DrillTech-227901890599501\/\",\"https:\/\/www.instagram.com\/ocmadrilltech\/\"],\"logo\":{\"@type\":\"ImageObject\",\"@id\":\"https:\/\/www.ocmasrl.com\/#logo\",\"inLanguage\":\"de\",\"url\":\"https:\/\/www.ocmasrl.com\/wp-content\/uploads\/OCMA-DrillTech.jpg\",\"contentUrl\":\"https:\/\/www.ocmasrl.com\/wp-content\/uploads\/OCMA-DrillTech.jpg\",\"width\":575,\"height\":105,\"caption\":\"OCMA s.r.l.\"},\"image\":{\"@id\":\"https:\/\/www.ocmasrl.com\/#logo\"}},{\"@type\":\"WebSite\",\"@id\":\"https:\/\/www.ocmasrl.com\/#website\",\"url\":\"https:\/\/www.ocmasrl.com\/\",\"name\":\"Ocma\",\"description\":\"Martelli Fondo Foro\",\"publisher\":{\"@id\":\"https:\/\/www.ocmasrl.com\/#organization\"},\"potentialAction\":[{\"@type\":\"SearchAction\",\"target\":{\"@type\":\"EntryPoint\",\"urlTemplate\":\"https:\/\/www.ocmasrl.com\/?s={search_term_string}\"},\"query-input\":\"required name=search_term_string\"}],\"inLanguage\":\"de\"},{\"@type\":\"WebPage\",\"@id\":\"https:\/\/www.ocmasrl.com\/de\/forschung-a-entwicklung\/#webpage\",\"url\":\"https:\/\/www.ocmasrl.com\/de\/forschung-a-entwicklung\/\",\"name\":\"Forschung und Entwicklung | Ocma\",\"isPartOf\":{\"@id\":\"https:\/\/www.ocmasrl.com\/#website\"},\"datePublished\":\"2020-01-03T17:10:27+00:00\",\"dateModified\":\"2021-01-11T12:32:09+00:00\",\"description\":\"Unser Forschungs und Entwicklungsteam besch\u00e4ftigt sich st\u00e4ndig mit der Entwicklung neuer Bohrausr\u00fcstung und DTH-Werkzeuge sowie mit der Verbesserung bestehender Produkte.\",\"breadcrumb\":{\"@id\":\"https:\/\/www.ocmasrl.com\/de\/forschung-a-entwicklung\/#breadcrumb\"},\"inLanguage\":\"de\",\"potentialAction\":[{\"@type\":\"ReadAction\",\"target\":[\"https:\/\/www.ocmasrl.com\/de\/forschung-a-entwicklung\/\"]}]},{\"@type\":\"BreadcrumbList\",\"@id\":\"https:\/\/www.ocmasrl.com\/de\/forschung-a-entwicklung\/#breadcrumb\",\"itemListElement\":[{\"@type\":\"ListItem\",\"position\":1,\"name\":\"Home\",\"item\":\"https:\/\/www.ocmasrl.com\/de\/\"},{\"@type\":\"ListItem\",\"position\":2,\"name\":\"Forschung und Entwicklung\"}]}]}<\/script>\n<!-- \/ Yoast SEO Premium plugin. -->","yoast_head_json":{"title":"Forschung und Entwicklung | Ocma","description":"Unser Forschungs und Entwicklungsteam besch\u00e4ftigt sich st\u00e4ndig mit der Entwicklung neuer Bohrausr\u00fcstung und DTH-Werkzeuge sowie mit der Verbesserung bestehender Produkte.","robots":{"index":"index","follow":"follow","max-snippet":"max-snippet:-1","max-image-preview":"max-image-preview:large","max-video-preview":"max-video-preview:-1"},"canonical":"https:\/\/www.ocmasrl.com\/de\/forschung-a-entwicklung\/","og_locale":"de_DE","og_type":"article","og_title":"Forschung und Entwicklung | Ocma","og_description":"Unser Forschungs und Entwicklungsteam besch\u00e4ftigt sich st\u00e4ndig mit der Entwicklung neuer Bohrausr\u00fcstung und DTH-Werkzeuge sowie mit der Verbesserung bestehender Produkte.","og_url":"https:\/\/www.ocmasrl.com\/de\/forschung-a-entwicklung\/","og_site_name":"Ocma","article_publisher":"https:\/\/www.facebook.com\/OCMA-DrillTech-227901890599501\/","article_modified_time":"2021-01-11T12:32:09+00:00","twitter_card":"summary_large_image","twitter_misc":{"Gesch\u00e4tzte Lesezeit":"2\u00a0Minuten"},"schema":{"@context":"https:\/\/schema.org","@graph":[{"@type":"Organization","@id":"https:\/\/www.ocmasrl.com\/#organization","name":"OCMA s.r.l.","url":"https:\/\/www.ocmasrl.com\/","sameAs":["https:\/\/www.facebook.com\/OCMA-DrillTech-227901890599501\/","https:\/\/www.instagram.com\/ocmadrilltech\/"],"logo":{"@type":"ImageObject","@id":"https:\/\/www.ocmasrl.com\/#logo","inLanguage":"de","url":"https:\/\/www.ocmasrl.com\/wp-content\/uploads\/OCMA-DrillTech.jpg","contentUrl":"https:\/\/www.ocmasrl.com\/wp-content\/uploads\/OCMA-DrillTech.jpg","width":575,"height":105,"caption":"OCMA s.r.l."},"image":{"@id":"https:\/\/www.ocmasrl.com\/#logo"}},{"@type":"WebSite","@id":"https:\/\/www.ocmasrl.com\/#website","url":"https:\/\/www.ocmasrl.com\/","name":"Ocma","description":"Martelli Fondo Foro","publisher":{"@id":"https:\/\/www.ocmasrl.com\/#organization"},"potentialAction":[{"@type":"SearchAction","target":{"@type":"EntryPoint","urlTemplate":"https:\/\/www.ocmasrl.com\/?s={search_term_string}"},"query-input":"required name=search_term_string"}],"inLanguage":"de"},{"@type":"WebPage","@id":"https:\/\/www.ocmasrl.com\/de\/forschung-a-entwicklung\/#webpage","url":"https:\/\/www.ocmasrl.com\/de\/forschung-a-entwicklung\/","name":"Forschung und Entwicklung | Ocma","isPartOf":{"@id":"https:\/\/www.ocmasrl.com\/#website"},"datePublished":"2020-01-03T17:10:27+00:00","dateModified":"2021-01-11T12:32:09+00:00","description":"Unser Forschungs und Entwicklungsteam besch\u00e4ftigt sich st\u00e4ndig mit der Entwicklung neuer Bohrausr\u00fcstung und DTH-Werkzeuge sowie mit der Verbesserung bestehender Produkte.","breadcrumb":{"@id":"https:\/\/www.ocmasrl.com\/de\/forschung-a-entwicklung\/#breadcrumb"},"inLanguage":"de","potentialAction":[{"@type":"ReadAction","target":["https:\/\/www.ocmasrl.com\/de\/forschung-a-entwicklung\/"]}]},{"@type":"BreadcrumbList","@id":"https:\/\/www.ocmasrl.com\/de\/forschung-a-entwicklung\/#breadcrumb","itemListElement":[{"@type":"ListItem","position":1,"name":"Home","item":"https:\/\/www.ocmasrl.com\/de\/"},{"@type":"ListItem","position":2,"name":"Forschung und Entwicklung"}]}]}},"_links":{"self":[{"href":"https:\/\/www.ocmasrl.com\/de\/wp-json\/wp\/v2\/pages\/5808"}],"collection":[{"href":"https:\/\/www.ocmasrl.com\/de\/wp-json\/wp\/v2\/pages"}],"about":[{"href":"https:\/\/www.ocmasrl.com\/de\/wp-json\/wp\/v2\/types\/page"}],"author":[{"embeddable":true,"href":"https:\/\/www.ocmasrl.com\/de\/wp-json\/wp\/v2\/users\/1"}],"replies":[{"embeddable":true,"href":"https:\/\/www.ocmasrl.com\/de\/wp-json\/wp\/v2\/comments?post=5808"}],"version-history":[{"count":4,"href":"https:\/\/www.ocmasrl.com\/de\/wp-json\/wp\/v2\/pages\/5808\/revisions"}],"predecessor-version":[{"id":5833,"href":"https:\/\/www.ocmasrl.com\/de\/wp-json\/wp\/v2\/pages\/5808\/revisions\/5833"}],"wp:attachment":[{"href":"https:\/\/www.ocmasrl.com\/de\/wp-json\/wp\/v2\/media?parent=5808"}],"curies":[{"name":"wp","href":"https:\/\/api.w.org\/{rel}","templated":true}]}}