{"id":6052,"date":"2020-01-23T20:39:26","date_gmt":"2020-01-23T20:39:26","guid":{"rendered":"http:\/\/omiwebdev.it\/ocma_n\/stabilisierte-imlochhaemmer\/"},"modified":"2020-02-20T11:27:01","modified_gmt":"2020-02-20T11:27:01","slug":"stabilisierte-imlochhaemmer-pmk","status":"publish","type":"page","link":"https:\/\/www.ocmasrl.com\/de\/stabilisierte-imlochhaemmer-pmk\/","title":{"rendered":"stabilisierte-imlochhaemmer"},"content":{"rendered":"<div class=\"wpb-content-wrapper\"><p>[vc_row unlock_row_content=&#8220;yes&#8220; row_height_percent=&#8220;0&#8243; back_color=&#8220;accent&#8220; overlay_alpha=&#8220;50&#8243; gutter_size=&#8220;3&#8243; column_width_percent=&#8220;100&#8243; shift_y=&#8220;0&#8243; z_index=&#8220;0&#8243;][vc_column column_width_percent=&#8220;100&#8243; align_horizontal=&#8220;align_center&#8220; style=&#8220;dark&#8220; overlay_alpha=&#8220;50&#8243; gutter_size=&#8220;3&#8243; medium_width=&#8220;0&#8243; mobile_width=&#8220;0&#8243; shift_x=&#8220;0&#8243; shift_y=&#8220;0&#8243; shift_y_down=&#8220;0&#8243; z_index=&#8220;0&#8243; width=&#8220;1\/1&#8243;][vc_custom_heading]<\/p>\n<h2>STABILISIERTE IMLOCHHAEMMER<\/h2>\n<p>[\/vc_custom_heading][vc_empty_space empty_h=&#8220;2&#8243;][\/vc_column][\/vc_row][vc_row][vc_column column_width_percent=&#8220;100&#8243; position_vertical=&#8220;middle&#8220; overlay_alpha=&#8220;50&#8243; gutter_size=&#8220;3&#8243; medium_width=&#8220;0&#8243; mobile_width=&#8220;0&#8243; shift_x=&#8220;0&#8243; shift_y=&#8220;0&#8243; shift_y_down=&#8220;0&#8243; z_index=&#8220;0&#8243; width=&#8220;5\/6&#8243;][vc_single_image media=&#8220;481&#8243; media_lightbox=&#8220;yes&#8220; media_width_percent=&#8220;65&#8243; alignment=&#8220;center&#8220;][\/vc_column][vc_column column_width_percent=&#8220;100&#8243; position_vertical=&#8220;middle&#8220; overlay_alpha=&#8220;50&#8243; gutter_size=&#8220;3&#8243; medium_width=&#8220;0&#8243; mobile_width=&#8220;0&#8243; shift_x=&#8220;0&#8243; shift_y=&#8220;0&#8243; shift_y_down=&#8220;0&#8243; z_index=&#8220;0&#8243; width=&#8220;1\/6&#8243;][vc_button button_color=&#8220;accent&#8220; wide=&#8220;yes&#8220; border_width=&#8220;0&#8243; link=&#8220;url:https%3A%2F%2Fwww.ocmasrl.com%2Fserie-martelli-stabilizzati%2Fmartelli-stabilizzati-6q%2F|||&#8220;]6&#8243; DTH STABILISIERTE[\/vc_button][vc_button button_color=&#8220;accent&#8220; wide=&#8220;yes&#8220; border_width=&#8220;0&#8243; link=&#8220;url:https%3A%2F%2Fwww.ocmasrl.com%2Fserie-martelli-stabilizzati%2Fmartelli-stabilizzati-8q%2F|||&#8220;]8&#8243; DTH STABILISIERTE[\/vc_button][\/vc_column][\/vc_row][vc_row row_height_percent=&#8220;0&#8243; back_color=&#8220;color-xsdn&#8220; overlay_color=&#8220;color-xsdn&#8220; overlay_alpha=&#8220;50&#8243; gutter_size=&#8220;3&#8243; column_width_percent=&#8220;100&#8243; shift_y=&#8220;0&#8243; z_index=&#8220;0&#8243;][vc_column width=&#8220;1\/1&#8243;][vc_custom_heading text_color=&#8220;color-153373&#8243; sub_reduced=&#8220;yes&#8220; css_animation=&#8220;zoom-in&#8220; animation_speed=&#8220;1000&#8243; animation_delay=&#8220;400&#8243;]Die Perfekten Bohr[\/vc_custom_heading][vc_column_text]<br \/>\nDie stabilisierten H\u00e4mmer der PMK-Serie bieten hervorragende Leistung beim Bohren und extreme Pr\u00e4zision bei geraden L\u00f6chern. Der Stabilisator ist ein einzelner K\u00f6rper zum Zylinder des Hammers, ohne zu schwei\u00dfen, daher perfekt konzentrisch zum Hammer. Diese Eigenschaft macht die PMK-Serie Stabilized auf dem Weltmarkt einzigartig und f\u00fcr Kunden geeignet, die Perfektion in ihrer Arbeit suchen. Die drei Stabilisierungsfl\u00fcgel sind mit Hartmetallkn\u00f6pfen abgedeckt, um den Verschlei\u00df zu verhindern. Die Einsatzgebiete sind bei Bedarf Brunnenbohren, Geothermiebohren, horizontales Bauen und Bohren.<\/p>\n<p>Erh\u00e4ltlich mit Ingersoll Rand \/ Atlas Copco \/ Epiroc DHD- und Sandvik DTH Bit-Sch\u00e4ften.<br \/>\n[\/vc_column_text][vc_row_inner][vc_column_inner width=&#8220;1\/1&#8243;][vc_empty_space empty_h=&#8220;2&#8243;][vc_custom_heading heading_semantic=&#8220;h4&#8243; text_size=&#8220;h4&#8243; text_color=&#8220;color-153373&#8243; css_animation=&#8220;zoom-in&#8220;]ANFRAGE IMLOCHHAMMER STABILISIERTE[\/vc_custom_heading][vc_column_text]<div role=\"form\" class=\"wpcf7\" id=\"wpcf7-f2812-o1\" lang=\"it-IT\" dir=\"ltr\">\n<div class=\"screen-reader-response\"><p role=\"status\" aria-live=\"polite\" aria-atomic=\"true\"><\/p> <ul><\/ul><\/div>\n<form action=\"\/de\/wp-json\/wp\/v2\/pages\/6052#wpcf7-f2812-o1\" method=\"post\" class=\"wpcf7-form init\" novalidate=\"novalidate\" data-status=\"init\">\n<div style=\"display: none;\">\n<input type=\"hidden\" name=\"_wpcf7\" value=\"2812\" \/>\n<input type=\"hidden\" name=\"_wpcf7_version\" value=\"5.4\" \/>\n<input type=\"hidden\" name=\"_wpcf7_locale\" value=\"it_IT\" \/>\n<input type=\"hidden\" name=\"_wpcf7_unit_tag\" value=\"wpcf7-f2812-o1\" \/>\n<input type=\"hidden\" name=\"_wpcf7_container_post\" value=\"0\" \/>\n<input type=\"hidden\" name=\"_wpcf7_posted_data_hash\" value=\"\" \/>\n<input type=\"hidden\" name=\"_wpcf7_recaptcha_response\" value=\"\" \/>\n<\/div>\n<p>STABILIZED DTH HAMMER Model PMK<br \/>\n<span class=\"wpcf7-form-control-wrap menu-7000\"><select name=\"menu-7000\" class=\"wpcf7-form-control wpcf7-select wpcf7-validates-as-required\" aria-required=\"true\" aria-invalid=\"false\"><option value=\"6&quot; HAMMER - PMK 634 Shank DHD 360\">6&quot; HAMMER - PMK 634 Shank DHD 360<\/option><option value=\"6&quot; HAMMER - PMK 634 Shank SD6\">6&quot; HAMMER - PMK 634 Shank SD6<\/option><option value=\"6&quot; HAMMER - PMK 634 Shank QL60\">6&quot; HAMMER - PMK 634 Shank QL60<\/option><option value=\"\"><\/option><option value=\"6&quot; HAMMER - PMK 700 Shank DHD 360\">6&quot; HAMMER - PMK 700 Shank DHD 360<\/option><option value=\"6&quot; HAMMER - PMK 700 Shank SD6\">6&quot; HAMMER - PMK 700 Shank SD6<\/option><option value=\"6&quot; HAMMER - PMK 700 Shank QL60\">6&quot; HAMMER - PMK 700 Shank QL60<\/option><option value=\"\"><\/option><option value=\"6&quot; HAMMER - PMK 712 Shank DHD 360\">6&quot; HAMMER - PMK 712 Shank DHD 360<\/option><option value=\"6&quot; HAMMER - PMK 712 Shank SD6\">6&quot; HAMMER - PMK 712 Shank SD6<\/option><option value=\"6&quot; HAMMER - PMK 712 Shank QL60\">6&quot; HAMMER - PMK 712 Shank QL60<\/option><option value=\"\"><\/option><option value=\"8&quot; HAMMER - PMK 858 Shank SD8\">8&quot; HAMMER - PMK 858 Shank SD8<\/option><option value=\"8&quot; HAMMER - PMK 858 Shank DHD 380\">8&quot; HAMMER - PMK 858 Shank DHD 380<\/option><option value=\"8&quot; HAMMER - PMK 858 Shank QL80\">8&quot; HAMMER - PMK 858 Shank QL80<\/option><option value=\"\"><\/option><option value=\"8&quot; HAMMER - PMK 912 Shank SD8\">8&quot; HAMMER - PMK 912 Shank SD8<\/option><option value=\"8&quot; HAMMER - PMK 912 Shank DHD 380\">8&quot; HAMMER - PMK 912 Shank DHD 380<\/option><option value=\"8&quot; HAMMER - PMK 912 Shank QL80\">8&quot; HAMMER - PMK 912 Shank QL80<\/option><option value=\"\"><\/option><option value=\"8&quot; HAMMER - PMK 105 Shank SD8\">8&quot; HAMMER - PMK 105 Shank SD8<\/option><option value=\"8&quot; HAMMER - PMK 105 Shank DHD 380\">8&quot; HAMMER - PMK 105 Shank DHD 380<\/option><option value=\"8&quot; HAMMER - PMK 105 Shank QL80\">8&quot; HAMMER - PMK 105 Shank QL80<\/option><\/select><\/span><\/p>\n<p> QUANTITY<br \/>\n<span class=\"wpcf7-form-control-wrap text-7001\"><input type=\"text\" name=\"text-7001\" value=\"\" size=\"40\" class=\"wpcf7-form-control wpcf7-text wpcf7-validates-as-required\" aria-required=\"true\" aria-invalid=\"false\" placeholder=\"N\u00b0 Pcs\" \/><\/span><\/p>\n<p> COMPANY NAME<br \/>\n<span class=\"wpcf7-form-control-wrap text-7002\"><input type=\"text\" name=\"text-7002\" value=\"\" size=\"40\" class=\"wpcf7-form-control wpcf7-text wpcf7-validates-as-required\" aria-required=\"true\" aria-invalid=\"false\" placeholder=\"COMPANY\" \/><\/span><\/p>\n<p> COUNTRY<br \/>\n<span class=\"wpcf7-form-control-wrap text-7003\"><input type=\"text\" name=\"text-7003\" value=\"\" size=\"40\" class=\"wpcf7-form-control wpcf7-text wpcf7-validates-as-required\" aria-required=\"true\" aria-invalid=\"false\" placeholder=\"COUNTRY\" \/><\/span><\/p>\n<p> EMAIL Address<br \/>\n<span class=\"wpcf7-form-control-wrap your-email\"><input type=\"email\" name=\"your-email\" value=\"\" size=\"40\" class=\"wpcf7-form-control wpcf7-text wpcf7-email wpcf7-validates-as-required wpcf7-validates-as-email\" aria-required=\"true\" aria-invalid=\"false\" placeholder=\"EMAIL\" \/><\/span> <\/p>\n<p> TELEPHONE NUMBER<br \/>\n<span class=\"wpcf7-form-control-wrap your\"><input type=\"tel\" name=\"your\" value=\"\" size=\"40\" class=\"wpcf7-form-control wpcf7-text wpcf7-tel wpcf7-validates-as-required wpcf7-validates-as-tel\" aria-required=\"true\" aria-invalid=\"false\" placeholder=\"TELEPHONE\" \/><\/span><\/p>\n<p><input type=\"submit\" value=\"SEND REQUEST OFFER\" class=\"wpcf7-form-control wpcf7-submit\" \/><\/p>\n<div class=\"wpcf7-response-output\" aria-hidden=\"true\"><\/div><\/form><\/div>[\/vc_column_text][\/vc_column_inner][\/vc_row_inner][\/vc_column][\/vc_row]<\/p>\n<\/div>","protected":false},"excerpt":{"rendered":"<p>[vc_row unlock_row_content=&#8220;yes&#8220; row_height_percent=&#8220;0&#8243; back_color=&#8220;accent&#8220; overlay_alpha=&#8220;50&#8243; gutter_size=&#8220;3&#8243; column_width_percent=&#8220;100&#8243; shift_y=&#8220;0&#8243; z_index=&#8220;0&#8243;][vc_column column_width_percent=&#8220;100&#8243; align_horizontal=&#8220;align_center&#8220; style=&#8220;dark&#8220; overlay_alpha=&#8220;50&#8243; gutter_size=&#8220;3&#8243; medium_width=&#8220;0&#8243; mobile_width=&#8220;0&#8243; shift_x=&#8220;0&#8243; shift_y=&#8220;0&#8243; shift_y_down=&#8220;0&#8243; z_index=&#8220;0&#8243; [&hellip;]<\/p>\n","protected":false},"author":1,"featured_media":0,"parent":0,"menu_order":0,"comment_status":"closed","ping_status":"closed","template":"","meta":[],"yoast_head":"<!-- This site is optimized with the Yoast SEO Premium plugin v16.0.2 (Yoast SEO v18.2) - https:\/\/yoast.com\/wordpress\/plugins\/seo\/ -->\n<title>stabilisierte-imlochhaemmer | Ocma<\/title>\n<meta name=\"robots\" content=\"index, follow, max-snippet:-1, max-image-preview:large, max-video-preview:-1\" \/>\n<link rel=\"canonical\" href=\"https:\/\/www.ocmasrl.com\/de\/stabilisierte-imlochhaemmer-pmk\/\" \/>\n<meta property=\"og:locale\" content=\"de_DE\" \/>\n<meta property=\"og:type\" content=\"article\" \/>\n<meta property=\"og:title\" content=\"stabilisierte-imlochhaemmer | Ocma\" \/>\n<meta property=\"og:description\" content=\"[vc_row unlock_row_content=&#8220;yes&#8220; row_height_percent=&#8220;0&#8243; back_color=&#8220;accent&#8220; overlay_alpha=&#8220;50&#8243; gutter_size=&#8220;3&#8243; column_width_percent=&#8220;100&#8243; shift_y=&#8220;0&#8243; z_index=&#8220;0&#8243;][vc_column column_width_percent=&#8220;100&#8243; align_horizontal=&#8220;align_center&#8220; style=&#8220;dark&#8220; overlay_alpha=&#8220;50&#8243; gutter_size=&#8220;3&#8243; medium_width=&#8220;0&#8243; mobile_width=&#8220;0&#8243; shift_x=&#8220;0&#8243; shift_y=&#8220;0&#8243; shift_y_down=&#8220;0&#8243; z_index=&#8220;0&#8243; [&hellip;]\" \/>\n<meta property=\"og:url\" content=\"https:\/\/www.ocmasrl.com\/de\/stabilisierte-imlochhaemmer-pmk\/\" \/>\n<meta property=\"og:site_name\" content=\"Ocma\" \/>\n<meta property=\"article:publisher\" content=\"https:\/\/www.facebook.com\/OCMA-DrillTech-227901890599501\/\" \/>\n<meta property=\"article:modified_time\" content=\"2020-02-20T11:27:01+00:00\" \/>\n<meta name=\"twitter:card\" content=\"summary_large_image\" \/>\n<meta name=\"twitter:label1\" content=\"Gesch\u00e4tzte Lesezeit\" \/>\n\t<meta name=\"twitter:data1\" content=\"2\u00a0Minuten\" \/>\n<script type=\"application\/ld+json\" class=\"yoast-schema-graph\">{\"@context\":\"https:\/\/schema.org\",\"@graph\":[{\"@type\":\"Organization\",\"@id\":\"https:\/\/www.ocmasrl.com\/#organization\",\"name\":\"OCMA s.r.l.\",\"url\":\"https:\/\/www.ocmasrl.com\/\",\"sameAs\":[\"https:\/\/www.facebook.com\/OCMA-DrillTech-227901890599501\/\",\"https:\/\/www.instagram.com\/ocmadrilltech\/\"],\"logo\":{\"@type\":\"ImageObject\",\"@id\":\"https:\/\/www.ocmasrl.com\/#logo\",\"inLanguage\":\"de\",\"url\":\"https:\/\/www.ocmasrl.com\/wp-content\/uploads\/OCMA-DrillTech.jpg\",\"contentUrl\":\"https:\/\/www.ocmasrl.com\/wp-content\/uploads\/OCMA-DrillTech.jpg\",\"width\":575,\"height\":105,\"caption\":\"OCMA s.r.l.\"},\"image\":{\"@id\":\"https:\/\/www.ocmasrl.com\/#logo\"}},{\"@type\":\"WebSite\",\"@id\":\"https:\/\/www.ocmasrl.com\/#website\",\"url\":\"https:\/\/www.ocmasrl.com\/\",\"name\":\"Ocma\",\"description\":\"Martelli Fondo Foro\",\"publisher\":{\"@id\":\"https:\/\/www.ocmasrl.com\/#organization\"},\"potentialAction\":[{\"@type\":\"SearchAction\",\"target\":{\"@type\":\"EntryPoint\",\"urlTemplate\":\"https:\/\/www.ocmasrl.com\/?s={search_term_string}\"},\"query-input\":\"required name=search_term_string\"}],\"inLanguage\":\"de\"},{\"@type\":\"WebPage\",\"@id\":\"https:\/\/www.ocmasrl.com\/de\/stabilisierte-imlochhaemmer-pmk\/#webpage\",\"url\":\"https:\/\/www.ocmasrl.com\/de\/stabilisierte-imlochhaemmer-pmk\/\",\"name\":\"stabilisierte-imlochhaemmer | Ocma\",\"isPartOf\":{\"@id\":\"https:\/\/www.ocmasrl.com\/#website\"},\"datePublished\":\"2020-01-23T20:39:26+00:00\",\"dateModified\":\"2020-02-20T11:27:01+00:00\",\"breadcrumb\":{\"@id\":\"https:\/\/www.ocmasrl.com\/de\/stabilisierte-imlochhaemmer-pmk\/#breadcrumb\"},\"inLanguage\":\"de\",\"potentialAction\":[{\"@type\":\"ReadAction\",\"target\":[\"https:\/\/www.ocmasrl.com\/de\/stabilisierte-imlochhaemmer-pmk\/\"]}]},{\"@type\":\"BreadcrumbList\",\"@id\":\"https:\/\/www.ocmasrl.com\/de\/stabilisierte-imlochhaemmer-pmk\/#breadcrumb\",\"itemListElement\":[{\"@type\":\"ListItem\",\"position\":1,\"name\":\"Home\",\"item\":\"https:\/\/www.ocmasrl.com\/de\/\"},{\"@type\":\"ListItem\",\"position\":2,\"name\":\"stabilisierte-imlochhaemmer\"}]}]}<\/script>\n<!-- \/ Yoast SEO Premium plugin. -->","yoast_head_json":{"title":"stabilisierte-imlochhaemmer | Ocma","robots":{"index":"index","follow":"follow","max-snippet":"max-snippet:-1","max-image-preview":"max-image-preview:large","max-video-preview":"max-video-preview:-1"},"canonical":"https:\/\/www.ocmasrl.com\/de\/stabilisierte-imlochhaemmer-pmk\/","og_locale":"de_DE","og_type":"article","og_title":"stabilisierte-imlochhaemmer | Ocma","og_description":"[vc_row unlock_row_content=&#8220;yes&#8220; row_height_percent=&#8220;0&#8243; back_color=&#8220;accent&#8220; overlay_alpha=&#8220;50&#8243; gutter_size=&#8220;3&#8243; column_width_percent=&#8220;100&#8243; shift_y=&#8220;0&#8243; z_index=&#8220;0&#8243;][vc_column column_width_percent=&#8220;100&#8243; align_horizontal=&#8220;align_center&#8220; style=&#8220;dark&#8220; overlay_alpha=&#8220;50&#8243; gutter_size=&#8220;3&#8243; medium_width=&#8220;0&#8243; mobile_width=&#8220;0&#8243; shift_x=&#8220;0&#8243; shift_y=&#8220;0&#8243; shift_y_down=&#8220;0&#8243; z_index=&#8220;0&#8243; [&hellip;]","og_url":"https:\/\/www.ocmasrl.com\/de\/stabilisierte-imlochhaemmer-pmk\/","og_site_name":"Ocma","article_publisher":"https:\/\/www.facebook.com\/OCMA-DrillTech-227901890599501\/","article_modified_time":"2020-02-20T11:27:01+00:00","twitter_card":"summary_large_image","twitter_misc":{"Gesch\u00e4tzte Lesezeit":"2\u00a0Minuten"},"schema":{"@context":"https:\/\/schema.org","@graph":[{"@type":"Organization","@id":"https:\/\/www.ocmasrl.com\/#organization","name":"OCMA s.r.l.","url":"https:\/\/www.ocmasrl.com\/","sameAs":["https:\/\/www.facebook.com\/OCMA-DrillTech-227901890599501\/","https:\/\/www.instagram.com\/ocmadrilltech\/"],"logo":{"@type":"ImageObject","@id":"https:\/\/www.ocmasrl.com\/#logo","inLanguage":"de","url":"https:\/\/www.ocmasrl.com\/wp-content\/uploads\/OCMA-DrillTech.jpg","contentUrl":"https:\/\/www.ocmasrl.com\/wp-content\/uploads\/OCMA-DrillTech.jpg","width":575,"height":105,"caption":"OCMA s.r.l."},"image":{"@id":"https:\/\/www.ocmasrl.com\/#logo"}},{"@type":"WebSite","@id":"https:\/\/www.ocmasrl.com\/#website","url":"https:\/\/www.ocmasrl.com\/","name":"Ocma","description":"Martelli Fondo Foro","publisher":{"@id":"https:\/\/www.ocmasrl.com\/#organization"},"potentialAction":[{"@type":"SearchAction","target":{"@type":"EntryPoint","urlTemplate":"https:\/\/www.ocmasrl.com\/?s={search_term_string}"},"query-input":"required name=search_term_string"}],"inLanguage":"de"},{"@type":"WebPage","@id":"https:\/\/www.ocmasrl.com\/de\/stabilisierte-imlochhaemmer-pmk\/#webpage","url":"https:\/\/www.ocmasrl.com\/de\/stabilisierte-imlochhaemmer-pmk\/","name":"stabilisierte-imlochhaemmer | Ocma","isPartOf":{"@id":"https:\/\/www.ocmasrl.com\/#website"},"datePublished":"2020-01-23T20:39:26+00:00","dateModified":"2020-02-20T11:27:01+00:00","breadcrumb":{"@id":"https:\/\/www.ocmasrl.com\/de\/stabilisierte-imlochhaemmer-pmk\/#breadcrumb"},"inLanguage":"de","potentialAction":[{"@type":"ReadAction","target":["https:\/\/www.ocmasrl.com\/de\/stabilisierte-imlochhaemmer-pmk\/"]}]},{"@type":"BreadcrumbList","@id":"https:\/\/www.ocmasrl.com\/de\/stabilisierte-imlochhaemmer-pmk\/#breadcrumb","itemListElement":[{"@type":"ListItem","position":1,"name":"Home","item":"https:\/\/www.ocmasrl.com\/de\/"},{"@type":"ListItem","position":2,"name":"stabilisierte-imlochhaemmer"}]}]}},"_links":{"self":[{"href":"https:\/\/www.ocmasrl.com\/de\/wp-json\/wp\/v2\/pages\/6052"}],"collection":[{"href":"https:\/\/www.ocmasrl.com\/de\/wp-json\/wp\/v2\/pages"}],"about":[{"href":"https:\/\/www.ocmasrl.com\/de\/wp-json\/wp\/v2\/types\/page"}],"author":[{"embeddable":true,"href":"https:\/\/www.ocmasrl.com\/de\/wp-json\/wp\/v2\/users\/1"}],"replies":[{"embeddable":true,"href":"https:\/\/www.ocmasrl.com\/de\/wp-json\/wp\/v2\/comments?post=6052"}],"version-history":[{"count":6,"href":"https:\/\/www.ocmasrl.com\/de\/wp-json\/wp\/v2\/pages\/6052\/revisions"}],"predecessor-version":[{"id":7174,"href":"https:\/\/www.ocmasrl.com\/de\/wp-json\/wp\/v2\/pages\/6052\/revisions\/7174"}],"wp:attachment":[{"href":"https:\/\/www.ocmasrl.com\/de\/wp-json\/wp\/v2\/media?parent=6052"}],"curies":[{"name":"wp","href":"https:\/\/api.w.org\/{rel}","templated":true}]}}