{"id":5271,"date":"2020-01-15T17:52:46","date_gmt":"2020-01-15T17:52:46","guid":{"rendered":"http:\/\/omiwebdev.it\/ocma_n\/broca-perforacion-simultanea\/"},"modified":"2024-10-08T10:37:58","modified_gmt":"2024-10-08T10:37:58","slug":"broca-perforacion-simultanea","status":"publish","type":"page","link":"https:\/\/www.ocmasrl.com\/es\/broca-perforacion-simultanea\/","title":{"rendered":"Broca Perforacion Simultanea"},"content":{"rendered":"<div class=\"wpb-content-wrapper\"><p>[vc_row unlock_row_content=\u00bbyes\u00bb row_height_percent=\u00bb0&#8243; back_color=\u00bbaccent\u00bb overlay_alpha=\u00bb50&#8243; gutter_size=\u00bb3&#8243; column_width_percent=\u00bb100&#8243; shift_y=\u00bb0&#8243; z_index=\u00bb0&#8243;][vc_column column_width_percent=\u00bb100&#8243; align_horizontal=\u00bbalign_center\u00bb gutter_size=\u00bb3&#8243; style=\u00bbdark\u00bb overlay_alpha=\u00bb50&#8243; shift_x=\u00bb0&#8243; shift_y=\u00bb0&#8243; shift_y_down=\u00bb0&#8243; z_index=\u00bb0&#8243; medium_width=\u00bb0&#8243; mobile_width=\u00bb0&#8243; width=\u00bb1\/1&#8243;][vc_custom_heading]<\/p>\n<h1 class=\"html-element has-rich-content user-selectable-element clickable-element has-rich-content has-text\" data-element-id=\"id1559535622052\">Sistema de Entubaci\u00f3n Simult\u00e1nea HYPERBIT<\/h1>\n<p>[\/vc_custom_heading][\/vc_column][\/vc_row][vc_row][vc_column column_width_percent=\u00bb100&#8243; position_vertical=\u00bbmiddle\u00bb gutter_size=\u00bb3&#8243; overlay_alpha=\u00bb50&#8243; shift_x=\u00bb0&#8243; shift_y=\u00bb0&#8243; shift_y_down=\u00bb0&#8243; z_index=\u00bb0&#8243; medium_width=\u00bb0&#8243; mobile_width=\u00bb0&#8243; width=\u00bb1\/2&#8243;][vc_row_inner limit_content=\u00bb\u00bb][vc_column_inner column_width_percent=\u00bb100&#8243; position_vertical=\u00bbmiddle\u00bb gutter_size=\u00bb3&#8243; overlay_alpha=\u00bb50&#8243; shift_x=\u00bb0&#8243; shift_y=\u00bb0&#8243; shift_y_down=\u00bb0&#8243; z_index=\u00bb0&#8243; medium_width=\u00bb0&#8243; mobile_width=\u00bb0&#8243; width=\u00bb1\/1&#8243;][vc_single_image media=\u00bb731&#8243; media_width_percent=\u00bb100&#8243; alignment=\u00bbcenter\u00bb][\/vc_column_inner][\/vc_row_inner][vc_column_text]<strong>HYPERBIT<\/strong> es un sistema avanzado de perforaci\u00f3n de entubaci\u00f3n simultanea (sistema de perforaci\u00f3n con tuber\u00eda de revestimiento) para la perforaci\u00f3n de alta velocidad en formaci\u00f3n blanda y dura. El sistema de revestimiento <strong>HYPERBIT<\/strong> es aplicable para la construcci\u00f3n de cimientos y pilotes, pozos de agua y perforaci\u00f3n geot\u00e9rmica. Disponible con dos o tres alas seg\u00fan la dimension de la tuberia y su di\u00e1metro, el sistema est\u00e1 conectado al martillo en fondo DTH.[\/vc_column_text][vc_single_image media=\u00bb175&#8243; media_width_percent=\u00bb100&#8243;][\/vc_column][vc_column column_width_percent=\u00bb100&#8243; position_vertical=\u00bbmiddle\u00bb gutter_size=\u00bb3&#8243; overlay_alpha=\u00bb50&#8243; shift_x=\u00bb0&#8243; shift_y=\u00bb0&#8243; shift_y_down=\u00bb0&#8243; z_index=\u00bb0&#8243; medium_width=\u00bb0&#8243; mobile_width=\u00bb0&#8243; width=\u00bb1\/2&#8243;][vc_single_image media=\u00bb738&#8243; media_lightbox=\u00bbyes\u00bb media_width_percent=\u00bb80&#8243; alignment=\u00bbcenter\u00bb][vc_column_text]<\/p>\n<p style=\"text-align: center;\"><span style=\"color: #ff0000;\"><em><strong>Mecanismo de alas abiertas SIMPLE y R\u00c1PIDO<\/strong><\/em><\/span><\/p>\n<p>[\/vc_column_text][vc_single_image media=\u00bb740&#8243; media_lightbox=\u00bbyes\u00bb media_width_percent=\u00bb60&#8243; alignment=\u00bbcenter\u00bb][\/vc_column][\/vc_row][vc_row][vc_column width=\u00bb1\/2&#8243;][vc_row_inner row_inner_height_percent=\u00bb0&#8243; back_color=\u00bbaccent\u00bb overlay_alpha=\u00bb50&#8243; gutter_size=\u00bb3&#8243; shift_y=\u00bb0&#8243; z_index=\u00bb0&#8243; limit_content=\u00bb\u00bb][vc_column_inner column_width_percent=\u00bb100&#8243; gutter_size=\u00bb3&#8243; style=\u00bbdark\u00bb overlay_alpha=\u00bb50&#8243; shift_x=\u00bb0&#8243; shift_y=\u00bb0&#8243; shift_y_down=\u00bb0&#8243; z_index=\u00bb0&#8243; medium_width=\u00bb0&#8243; mobile_width=\u00bb0&#8243; width=\u00bb1\/1&#8243;][vc_column_text]<\/p>\n<p style=\"text-align: center;\"><strong>HYPERBIT <\/strong><strong>Advantages<br \/>\n<\/strong>[\/vc_column_text][\/vc_column_inner][\/vc_row_inner][vc_column_text]\u2022 Perforaci\u00f3n de alta velocidad en formaci\u00f3n blanda y dura<br \/>\n\u2022 Sistema r\u00e1pido para eliminar \/ cambiar las alas<br \/>\n\u2022 Agujeros rectos<br \/>\n\u2022 Mecanismo de alas fuertes<br \/>\n\u2022 Alas de larga duraci\u00f3n con protecci\u00f3n contra el desgaste de carburo[\/vc_column_text][vc_row_inner limit_content=\u00bb\u00bb][vc_column_inner column_width_percent=\u00bb100&#8243; position_vertical=\u00bbmiddle\u00bb align_horizontal=\u00bbalign_center\u00bb gutter_size=\u00bb3&#8243; overlay_alpha=\u00bb50&#8243; shift_x=\u00bb0&#8243; shift_y=\u00bb0&#8243; shift_y_down=\u00bb0&#8243; z_index=\u00bb0&#8243; medium_width=\u00bb0&#8243; mobile_width=\u00bb0&#8243; width=\u00bb1\/1&#8243;][vc_icon icon=\u00bbfa fa-file-pdf-o\u00bb icon_color=\u00bbcolor-153373&#8243; size=\u00bbfa-5x\u00bb heading_semantic=\u00bbh5&#8243; text_size=\u00bbh5&#8243; link=\u00bburl:https%3A%2F%2Fwww.ocmasrl.com%2Fwp-content%2Fuploads%2FHYPERBIT-2024.pdf|title:HYPERBIT%202024|target:_blank\u00bb][\/vc_icon][vc_column_text]Download Catalogue[\/vc_column_text][\/vc_column_inner][\/vc_row_inner][\/vc_column][vc_column width=\u00bb1\/2&#8243;][vc_row_inner row_inner_height_percent=\u00bb0&#8243; back_color=\u00bbaccent\u00bb overlay_alpha=\u00bb50&#8243; gutter_size=\u00bb3&#8243; shift_y=\u00bb0&#8243; z_index=\u00bb0&#8243; limit_content=\u00bb\u00bb][vc_column_inner column_width_percent=\u00bb100&#8243; gutter_size=\u00bb3&#8243; style=\u00bbdark\u00bb overlay_alpha=\u00bb50&#8243; shift_x=\u00bb0&#8243; shift_y=\u00bb0&#8243; shift_y_down=\u00bb0&#8243; z_index=\u00bb0&#8243; medium_width=\u00bb0&#8243; mobile_width=\u00bb0&#8243; width=\u00bb1\/1&#8243;][vc_column_text]<\/p>\n<p style=\"text-align: center;\"><strong>PUSH TO RELEASE<\/strong><\/p>\n<p>[\/vc_column_text][\/vc_column_inner][\/vc_row_inner][vc_column_text]<strong>\u00abPUSH TO RELEASE\u00bb<\/strong> es un innovador sistema de bloqueo dise\u00f1ado por <strong>OCMA DrillTech<\/strong> que permite el reemplazo de las alas usadas muy r\u00e1pidamente. Las alas usadas se pueden quitar con la broca piloto presionando <strong>\u00abENCHUFE\u00bb<\/strong> y quitando el anillo, el resorte y el pasador.[\/vc_column_text][vc_single_image media=\u00bb747&#8243; media_lightbox=\u00bbyes\u00bb media_width_percent=\u00bb80&#8243;][\/vc_column][\/vc_row][vc_row][vc_column width=\u00bb1\/1&#8243;][vc_tabs][vc_tab title=\u00bbDIMENSIONES\u00bb tab_id=\u00bb1549131001512-3-6e3ac-3c9d\u00bb][vc_row_inner limit_content=\u00bb\u00bb][vc_column_inner width=\u00bb1\/1&#8243;][vc_single_image media=\u00bb8082&#8243; media_lightbox=\u00bbyes\u00bb media_width_percent=\u00bb67&#8243;][vc_custom_heading heading_semantic=\u00bbh4&#8243; text_size=\u00bbh4&#8243; text_color=\u00bbcolor-153373&#8243; css_animation=\u00bbzoom-in\u00bb]PIDE SU SISTEMA DE ENTUBACION SIMULTANEA HYPERBIT[\/vc_custom_heading][vc_column_text]<div role=\"form\" class=\"wpcf7\" id=\"wpcf7-f2767-o1\" lang=\"it-IT\" dir=\"ltr\">\n<div class=\"screen-reader-response\"><p role=\"status\" aria-live=\"polite\" aria-atomic=\"true\"><\/p> <ul><\/ul><\/div>\n<form action=\"\/es\/wp-json\/wp\/v2\/pages\/5271#wpcf7-f2767-o1\" method=\"post\" class=\"wpcf7-form init\" novalidate=\"novalidate\" data-status=\"init\">\n<div style=\"display: none;\">\n<input type=\"hidden\" name=\"_wpcf7\" value=\"2767\" \/>\n<input type=\"hidden\" name=\"_wpcf7_version\" value=\"5.4\" \/>\n<input type=\"hidden\" name=\"_wpcf7_locale\" value=\"it_IT\" \/>\n<input type=\"hidden\" name=\"_wpcf7_unit_tag\" value=\"wpcf7-f2767-o1\" \/>\n<input type=\"hidden\" name=\"_wpcf7_container_post\" value=\"0\" \/>\n<input type=\"hidden\" name=\"_wpcf7_posted_data_hash\" value=\"\" \/>\n<input type=\"hidden\" name=\"_wpcf7_recaptcha_response\" value=\"\" \/>\n<\/div>\n<p>CASING Outside Diam. - mm<br \/>\n<span class=\"wpcf7-form-control-wrap menu-2000\"><select name=\"menu-2000\" class=\"wpcf7-form-control wpcf7-select wpcf7-validates-as-required\" aria-required=\"true\" aria-invalid=\"false\"><option value=\"114.3 mm\">114.3 mm<\/option><option value=\"127 mm\">127 mm<\/option><option value=\"133 mm\">133 mm<\/option><option value=\"139.8 mm\">139.8 mm<\/option><option value=\"152 mm\">152 mm<\/option><option value=\"159 mm\">159 mm<\/option><option value=\"168 mm\">168 mm<\/option><option value=\"177.8 mm\">177.8 mm<\/option><option value=\"193.7 mm\">193.7 mm<\/option><option value=\"203 mm\">203 mm<\/option><option value=\"219.1 mm\">219.1 mm<\/option><option value=\"244.4 mm\">244.4 mm<\/option><option value=\"254 mm\">254 mm<\/option><option value=\"273 mm\">273 mm<\/option><option value=\"298.5 mm\">298.5 mm<\/option><option value=\"323.9 mm\">323.9 mm<\/option><option value=\"355.6 mm\">355.6 mm<\/option><option value=\"368 mm\">368 mm<\/option><option value=\"406.4 mm\">406.4 mm<\/option><option value=\"508 mm\">508 mm<\/option><\/select><\/span><\/p>\n<p> CASING Wall Thickness - mm<br \/>\n<span class=\"wpcf7-form-control-wrap menu-2001\"><select name=\"menu-2001\" class=\"wpcf7-form-control wpcf7-select wpcf7-validates-as-required\" aria-required=\"true\" aria-invalid=\"false\"><option value=\"4 mm\">4 mm<\/option><option value=\"4.5 mm\">4.5 mm<\/option><option value=\"5 mm\">5 mm<\/option><option value=\"5.5 mm\">5.5 mm<\/option><option value=\"6.3 mm\">6.3 mm<\/option><option value=\"7.1 mm\">7.1 mm<\/option><option value=\"8 mm\">8 mm<\/option><option value=\"8.8 mm\">8.8 mm<\/option><option value=\"10 mm\">10 mm<\/option><option value=\"11 mm\">11 mm<\/option><option value=\"12.5 mm\">12.5 mm<\/option><option value=\"14 mm\">14 mm<\/option><\/select><\/span><\/p>\n<p> DTH HAMMER Size (Inch\")<br \/>\n<span class=\"wpcf7-form-control-wrap menu-2002\"><select name=\"menu-2002\" class=\"wpcf7-form-control wpcf7-select wpcf7-validates-as-required\" aria-required=\"true\" aria-invalid=\"false\"><option value=\"3&quot; HAMMER\">3&quot; HAMMER<\/option><option value=\"4&quot; HAMMER\">4&quot; HAMMER<\/option><option value=\"5&quot; HAMMER\">5&quot; HAMMER<\/option><option value=\"6&quot; HAMMER\">6&quot; HAMMER<\/option><option value=\"8&quot; HAMMER\">8&quot; HAMMER<\/option><option value=\"10&quot; HAMMER\">10&quot; HAMMER<\/option><option value=\"12&quot; HAMMER\">12&quot; HAMMER<\/option><\/select><\/span><\/p>\n<p> BIT SHANK Type<br \/>\n<span class=\"wpcf7-form-control-wrap menu-2003\"><select name=\"menu-2003\" class=\"wpcf7-form-control wpcf7-select wpcf7-validates-as-required\" aria-required=\"true\" aria-invalid=\"false\"><option value=\"DHD 3.5\">DHD 3.5<\/option><option value=\"DHD 340\">DHD 340<\/option><option value=\"DHD 350\">DHD 350<\/option><option value=\"DHD 360\">DHD 360<\/option><option value=\"DHD 380\">DHD 380<\/option><option value=\"DHD112\">DHD112<\/option><option value=\"\"><\/option><option value=\"QL40\/TD40\">QL40\/TD40<\/option><option value=\"QL50\">QL50<\/option><option value=\"QL60\">QL60<\/option><option value=\"QL80\">QL80<\/option><option value=\"QL120\">QL120<\/option><option value=\"\"><\/option><option value=\"M40\">M40<\/option><option value=\"M50\">M50<\/option><option value=\"M60\">M60<\/option><option value=\"M85\">M85<\/option><option value=\"\"><\/option><option value=\"SD5\">SD5<\/option><option value=\"SD6\">SD6<\/option><option value=\"SD8\">SD8<\/option><option value=\"SD10\">SD10<\/option><option value=\"SD12\">SD12<\/option><option value=\"\"><\/option><option value=\"MACH44\">MACH44<\/option><option value=\"MACH50\">MACH50<\/option><option value=\"MACH60\">MACH60<\/option><option value=\"MACH80\">MACH80<\/option><option value=\"\"><\/option><option value=\"N100\">N100<\/option><option value=\"N120\">N120<\/option><option value=\"N125\">N125<\/option><\/select><\/span><\/p>\n<p> HYPERBIT Model<br \/>\n<span class=\"wpcf7-form-control-wrap menu-2004\"><select name=\"menu-2004\" class=\"wpcf7-form-control wpcf7-select wpcf7-validates-as-required\" aria-required=\"true\" aria-invalid=\"false\"><option value=\"HYPERBIT 90\">HYPERBIT 90<\/option><option value=\"HYPERBIT 105\">HYPERBIT 105<\/option><option value=\"HYPERBIT 110\">HYPERBIT 110<\/option><option value=\"HYPERBIT 115\">HYPERBIT 115<\/option><option value=\"HYPERBIT 125\">HYPERBIT 125<\/option><option value=\"HYPERBIT 130\">HYPERBIT 130<\/option><option value=\"HYPERBIT 135\">HYPERBIT 135<\/option><option value=\"HYPERBIT 140\">HYPERBIT 140<\/option><option value=\"HYPERBIT 150\">HYPERBIT 150<\/option><option value=\"HYPERBIT 165\">HYPERBIT 165<\/option><option value=\"HYPERBIT 185\">HYPERBIT 185<\/option><option value=\"HYPERBIT 190\">HYPERBIT 190<\/option><option value=\"HYPERBIT 215\">HYPERBIT 215<\/option><option value=\"HYPERBIT 220\">HYPERBIT 220<\/option><option value=\"HYPERBIT 230\">HYPERBIT 230<\/option><option value=\"HYPERBIT 240\">HYPERBIT 240<\/option><option value=\"HYPERBIT 265\">HYPERBIT 265<\/option><option value=\"HYPERBIT 275\">HYPERBIT 275<\/option><option value=\"HYPERBIT 280\">HYPERBIT 280<\/option><option value=\"HYPERBIT 315\">HYPERBIT 315<\/option><option value=\"HYPERBIT 330\">HYPERBIT 330<\/option><option value=\"HYPERBIT 355\">HYPERBIT 355<\/option><option value=\"HYPERBIT 365\">HYPERBIT 365<\/option><option value=\"HYPERBIT 460\">HYPERBIT 460<\/option><option value=\"HYPERBIT 465\">HYPERBIT 465<\/option><option value=\"HYPERBIT 470\">HYPERBIT 470<\/option><\/select><\/span><\/p>\n<p> QUANTITY<br \/>\n<span class=\"wpcf7-form-control-wrap text-2005\"><input type=\"text\" name=\"text-2005\" value=\"\" size=\"40\" class=\"wpcf7-form-control wpcf7-text wpcf7-validates-as-required\" aria-required=\"true\" aria-invalid=\"false\" placeholder=\"N\u00b0 Pz\" \/><\/span><\/p>\n<p> COMPANY NAME<br \/>\n<span class=\"wpcf7-form-control-wrap text-2006\"><input type=\"text\" name=\"text-2006\" value=\"\" size=\"40\" class=\"wpcf7-form-control wpcf7-text wpcf7-validates-as-required\" aria-required=\"true\" aria-invalid=\"false\" placeholder=\"COMPANY\" \/><\/span><\/p>\n<p> COUNTRY<br \/>\n<span class=\"wpcf7-form-control-wrap text-2007\"><input type=\"text\" name=\"text-2007\" value=\"\" size=\"40\" class=\"wpcf7-form-control wpcf7-text wpcf7-validates-as-required\" aria-required=\"true\" aria-invalid=\"false\" placeholder=\"COUNTRY\" \/><\/span><\/p>\n<p> EMAIL Address<br \/>\n<span class=\"wpcf7-form-control-wrap your-email\"><input type=\"email\" name=\"your-email\" value=\"\" size=\"40\" class=\"wpcf7-form-control wpcf7-text wpcf7-email wpcf7-validates-as-required wpcf7-validates-as-email\" aria-required=\"true\" aria-invalid=\"false\" placeholder=\"EMAIL\" \/><\/span> <\/p>\n<p><input type=\"submit\" value=\"Send Request Offer\" class=\"wpcf7-form-control wpcf7-submit\" \/><\/p>\n<div class=\"wpcf7-response-output\" aria-hidden=\"true\"><\/div><\/form><\/div>[\/vc_column_text][\/vc_column_inner][\/vc_row_inner][\/vc_tab][vc_tab title=\u00bbAPLICACIONES\u00bb tab_id=\u00bb1549131264130-4-1e3ac-3c9d\u00bb][vc_gallery el_id=\u00bbgallery-193510&#8243; medias=\u00bb721,723,724,725&#8243; gutter_size=\u00bb2&#8243; media_items=\u00bbmedia|lightbox|original,title\u00bb screen_lg=\u00bb1000&#8243; screen_md=\u00bb600&#8243; screen_sm=\u00bb480&#8243; single_width=\u00bb3&#8243; images_size=\u00bbone-one\u00bb single_overlay_opacity=\u00bb50&#8243; single_padding=\u00bb2&#8243; lbox_title=\u00bbyes\u00bb][\/vc_tab][\/vc_tabs][vc_tab title=\u00bbGHIERA USO SINGOLO\u00bb tab_id=\u00bb1549111315-2-39e3ac-3c9d\u00bb][\/vc_tab][\/vc_column][\/vc_row]<\/p>\n<\/div>","protected":false},"excerpt":{"rendered":"<p>[vc_row unlock_row_content=\u00bbyes\u00bb row_height_percent=\u00bb0&#8243; back_color=\u00bbaccent\u00bb overlay_alpha=\u00bb50&#8243; gutter_size=\u00bb3&#8243; column_width_percent=\u00bb100&#8243; shift_y=\u00bb0&#8243; z_index=\u00bb0&#8243;][vc_column column_width_percent=\u00bb100&#8243; align_horizontal=\u00bbalign_center\u00bb gutter_size=\u00bb3&#8243; style=\u00bbdark\u00bb overlay_alpha=\u00bb50&#8243; shift_x=\u00bb0&#8243; shift_y=\u00bb0&#8243; shift_y_down=\u00bb0&#8243; z_index=\u00bb0&#8243; medium_width=\u00bb0&#8243; mobile_width=\u00bb0&#8243; [&hellip;]<\/p>\n","protected":false},"author":1,"featured_media":0,"parent":0,"menu_order":0,"comment_status":"closed","ping_status":"closed","template":"","meta":[],"yoast_head":"<!-- This site is optimized with the Yoast SEO Premium plugin v16.0.2 (Yoast SEO v18.2) - https:\/\/yoast.com\/wordpress\/plugins\/seo\/ -->\n<title>Broca Perforacion Simultanea | Ocma<\/title>\n<meta name=\"description\" content=\"HYPERBIT - Sistema de perforaci\u00f3n de entubaci\u00f3n simultanea (sistema de perforaci\u00f3n con tuber\u00eda de revestimiento) para perforaci\u00f3n de alta velocidad en formaci\u00f3n blanda y dura. El sistema de revestimiento HYPERBIT es aplicable para la construcci\u00f3n de cimientos y pilotes, pozos de agua y perforaci\u00f3n geot\u00e9rmica.\" \/>\n<meta name=\"robots\" content=\"index, follow, max-snippet:-1, max-image-preview:large, max-video-preview:-1\" \/>\n<link rel=\"canonical\" href=\"https:\/\/www.ocmasrl.com\/es\/broca-perforacion-simultanea\/\" \/>\n<meta property=\"og:locale\" content=\"es_ES\" \/>\n<meta property=\"og:type\" content=\"article\" \/>\n<meta property=\"og:title\" content=\"Broca Perforacion Simultanea | Ocma\" \/>\n<meta property=\"og:description\" content=\"HYPERBIT - Sistema de perforaci\u00f3n de entubaci\u00f3n simultanea (sistema de perforaci\u00f3n con tuber\u00eda de revestimiento) para perforaci\u00f3n de alta velocidad en formaci\u00f3n blanda y dura. El sistema de revestimiento HYPERBIT es aplicable para la construcci\u00f3n de cimientos y pilotes, pozos de agua y perforaci\u00f3n geot\u00e9rmica.\" \/>\n<meta property=\"og:url\" content=\"https:\/\/www.ocmasrl.com\/es\/broca-perforacion-simultanea\/\" \/>\n<meta property=\"og:site_name\" content=\"Ocma\" \/>\n<meta property=\"article:publisher\" content=\"https:\/\/www.facebook.com\/OCMA-DrillTech-227901890599501\/\" \/>\n<meta property=\"article:modified_time\" content=\"2024-10-08T10:37:58+00:00\" \/>\n<meta name=\"twitter:card\" content=\"summary_large_image\" \/>\n<meta name=\"twitter:label1\" content=\"Tiempo de lectura\" \/>\n\t<meta name=\"twitter:data1\" content=\"4 minutos\" \/>\n<script type=\"application\/ld+json\" class=\"yoast-schema-graph\">{\"@context\":\"https:\/\/schema.org\",\"@graph\":[{\"@type\":\"Organization\",\"@id\":\"https:\/\/www.ocmasrl.com\/#organization\",\"name\":\"OCMA s.r.l.\",\"url\":\"https:\/\/www.ocmasrl.com\/\",\"sameAs\":[\"https:\/\/www.facebook.com\/OCMA-DrillTech-227901890599501\/\",\"https:\/\/www.instagram.com\/ocmadrilltech\/\"],\"logo\":{\"@type\":\"ImageObject\",\"@id\":\"https:\/\/www.ocmasrl.com\/#logo\",\"inLanguage\":\"es\",\"url\":\"https:\/\/www.ocmasrl.com\/wp-content\/uploads\/OCMA-DrillTech.jpg\",\"contentUrl\":\"https:\/\/www.ocmasrl.com\/wp-content\/uploads\/OCMA-DrillTech.jpg\",\"width\":575,\"height\":105,\"caption\":\"OCMA s.r.l.\"},\"image\":{\"@id\":\"https:\/\/www.ocmasrl.com\/#logo\"}},{\"@type\":\"WebSite\",\"@id\":\"https:\/\/www.ocmasrl.com\/#website\",\"url\":\"https:\/\/www.ocmasrl.com\/\",\"name\":\"Ocma\",\"description\":\"Martelli Fondo Foro\",\"publisher\":{\"@id\":\"https:\/\/www.ocmasrl.com\/#organization\"},\"potentialAction\":[{\"@type\":\"SearchAction\",\"target\":{\"@type\":\"EntryPoint\",\"urlTemplate\":\"https:\/\/www.ocmasrl.com\/?s={search_term_string}\"},\"query-input\":\"required name=search_term_string\"}],\"inLanguage\":\"es\"},{\"@type\":\"WebPage\",\"@id\":\"https:\/\/www.ocmasrl.com\/es\/broca-perforacion-simultanea\/#webpage\",\"url\":\"https:\/\/www.ocmasrl.com\/es\/broca-perforacion-simultanea\/\",\"name\":\"Broca Perforacion Simultanea | Ocma\",\"isPartOf\":{\"@id\":\"https:\/\/www.ocmasrl.com\/#website\"},\"datePublished\":\"2020-01-15T17:52:46+00:00\",\"dateModified\":\"2024-10-08T10:37:58+00:00\",\"description\":\"HYPERBIT - Sistema de perforaci\u00f3n de entubaci\u00f3n simultanea (sistema de perforaci\u00f3n con tuber\u00eda de revestimiento) para perforaci\u00f3n de alta velocidad en formaci\u00f3n blanda y dura. El sistema de revestimiento HYPERBIT es aplicable para la construcci\u00f3n de cimientos y pilotes, pozos de agua y perforaci\u00f3n geot\u00e9rmica.\",\"breadcrumb\":{\"@id\":\"https:\/\/www.ocmasrl.com\/es\/broca-perforacion-simultanea\/#breadcrumb\"},\"inLanguage\":\"es\",\"potentialAction\":[{\"@type\":\"ReadAction\",\"target\":[\"https:\/\/www.ocmasrl.com\/es\/broca-perforacion-simultanea\/\"]}]},{\"@type\":\"BreadcrumbList\",\"@id\":\"https:\/\/www.ocmasrl.com\/es\/broca-perforacion-simultanea\/#breadcrumb\",\"itemListElement\":[{\"@type\":\"ListItem\",\"position\":1,\"name\":\"Home\",\"item\":\"https:\/\/www.ocmasrl.com\/es\/\"},{\"@type\":\"ListItem\",\"position\":2,\"name\":\"Broca Perforacion Simultanea\"}]}]}<\/script>\n<!-- \/ Yoast SEO Premium plugin. -->","yoast_head_json":{"title":"Broca Perforacion Simultanea | Ocma","description":"HYPERBIT - Sistema de perforaci\u00f3n de entubaci\u00f3n simultanea (sistema de perforaci\u00f3n con tuber\u00eda de revestimiento) para perforaci\u00f3n de alta velocidad en formaci\u00f3n blanda y dura. El sistema de revestimiento HYPERBIT es aplicable para la construcci\u00f3n de cimientos y pilotes, pozos de agua y perforaci\u00f3n geot\u00e9rmica.","robots":{"index":"index","follow":"follow","max-snippet":"max-snippet:-1","max-image-preview":"max-image-preview:large","max-video-preview":"max-video-preview:-1"},"canonical":"https:\/\/www.ocmasrl.com\/es\/broca-perforacion-simultanea\/","og_locale":"es_ES","og_type":"article","og_title":"Broca Perforacion Simultanea | Ocma","og_description":"HYPERBIT - Sistema de perforaci\u00f3n de entubaci\u00f3n simultanea (sistema de perforaci\u00f3n con tuber\u00eda de revestimiento) para perforaci\u00f3n de alta velocidad en formaci\u00f3n blanda y dura. El sistema de revestimiento HYPERBIT es aplicable para la construcci\u00f3n de cimientos y pilotes, pozos de agua y perforaci\u00f3n geot\u00e9rmica.","og_url":"https:\/\/www.ocmasrl.com\/es\/broca-perforacion-simultanea\/","og_site_name":"Ocma","article_publisher":"https:\/\/www.facebook.com\/OCMA-DrillTech-227901890599501\/","article_modified_time":"2024-10-08T10:37:58+00:00","twitter_card":"summary_large_image","twitter_misc":{"Tiempo de lectura":"4 minutos"},"schema":{"@context":"https:\/\/schema.org","@graph":[{"@type":"Organization","@id":"https:\/\/www.ocmasrl.com\/#organization","name":"OCMA s.r.l.","url":"https:\/\/www.ocmasrl.com\/","sameAs":["https:\/\/www.facebook.com\/OCMA-DrillTech-227901890599501\/","https:\/\/www.instagram.com\/ocmadrilltech\/"],"logo":{"@type":"ImageObject","@id":"https:\/\/www.ocmasrl.com\/#logo","inLanguage":"es","url":"https:\/\/www.ocmasrl.com\/wp-content\/uploads\/OCMA-DrillTech.jpg","contentUrl":"https:\/\/www.ocmasrl.com\/wp-content\/uploads\/OCMA-DrillTech.jpg","width":575,"height":105,"caption":"OCMA s.r.l."},"image":{"@id":"https:\/\/www.ocmasrl.com\/#logo"}},{"@type":"WebSite","@id":"https:\/\/www.ocmasrl.com\/#website","url":"https:\/\/www.ocmasrl.com\/","name":"Ocma","description":"Martelli Fondo Foro","publisher":{"@id":"https:\/\/www.ocmasrl.com\/#organization"},"potentialAction":[{"@type":"SearchAction","target":{"@type":"EntryPoint","urlTemplate":"https:\/\/www.ocmasrl.com\/?s={search_term_string}"},"query-input":"required name=search_term_string"}],"inLanguage":"es"},{"@type":"WebPage","@id":"https:\/\/www.ocmasrl.com\/es\/broca-perforacion-simultanea\/#webpage","url":"https:\/\/www.ocmasrl.com\/es\/broca-perforacion-simultanea\/","name":"Broca Perforacion Simultanea | Ocma","isPartOf":{"@id":"https:\/\/www.ocmasrl.com\/#website"},"datePublished":"2020-01-15T17:52:46+00:00","dateModified":"2024-10-08T10:37:58+00:00","description":"HYPERBIT - Sistema de perforaci\u00f3n de entubaci\u00f3n simultanea (sistema de perforaci\u00f3n con tuber\u00eda de revestimiento) para perforaci\u00f3n de alta velocidad en formaci\u00f3n blanda y dura. El sistema de revestimiento HYPERBIT es aplicable para la construcci\u00f3n de cimientos y pilotes, pozos de agua y perforaci\u00f3n geot\u00e9rmica.","breadcrumb":{"@id":"https:\/\/www.ocmasrl.com\/es\/broca-perforacion-simultanea\/#breadcrumb"},"inLanguage":"es","potentialAction":[{"@type":"ReadAction","target":["https:\/\/www.ocmasrl.com\/es\/broca-perforacion-simultanea\/"]}]},{"@type":"BreadcrumbList","@id":"https:\/\/www.ocmasrl.com\/es\/broca-perforacion-simultanea\/#breadcrumb","itemListElement":[{"@type":"ListItem","position":1,"name":"Home","item":"https:\/\/www.ocmasrl.com\/es\/"},{"@type":"ListItem","position":2,"name":"Broca Perforacion Simultanea"}]}]}},"_links":{"self":[{"href":"https:\/\/www.ocmasrl.com\/es\/wp-json\/wp\/v2\/pages\/5271"}],"collection":[{"href":"https:\/\/www.ocmasrl.com\/es\/wp-json\/wp\/v2\/pages"}],"about":[{"href":"https:\/\/www.ocmasrl.com\/es\/wp-json\/wp\/v2\/types\/page"}],"author":[{"embeddable":true,"href":"https:\/\/www.ocmasrl.com\/es\/wp-json\/wp\/v2\/users\/1"}],"replies":[{"embeddable":true,"href":"https:\/\/www.ocmasrl.com\/es\/wp-json\/wp\/v2\/comments?post=5271"}],"version-history":[{"count":6,"href":"https:\/\/www.ocmasrl.com\/es\/wp-json\/wp\/v2\/pages\/5271\/revisions"}],"predecessor-version":[{"id":8249,"href":"https:\/\/www.ocmasrl.com\/es\/wp-json\/wp\/v2\/pages\/5271\/revisions\/8249"}],"wp:attachment":[{"href":"https:\/\/www.ocmasrl.com\/es\/wp-json\/wp\/v2\/media?parent=5271"}],"curies":[{"name":"wp","href":"https:\/\/api.w.org\/{rel}","templated":true}]}}