{"id":5309,"date":"2020-01-16T18:06:31","date_gmt":"2020-01-16T18:06:31","guid":{"rendered":"http:\/\/omiwebdev.it\/ocma_n\/tallantes-preforacion-y-entubacion-simultanea\/"},"modified":"2023-05-26T17:10:35","modified_gmt":"2023-05-26T17:10:35","slug":"tallantes-preforacion-y-entubacion-simultanea","status":"publish","type":"page","link":"https:\/\/www.ocmasrl.com\/es\/tallantes-preforacion-y-entubacion-simultanea\/","title":{"rendered":"Tallantes de Preforacion y Entubacion Simultanea"},"content":{"rendered":"<div class=\"wpb-content-wrapper\"><p>[vc_row unlock_row_content=\u00bbyes\u00bb row_height_percent=\u00bb0&#8243; back_color=\u00bbaccent\u00bb overlay_alpha=\u00bb50&#8243; gutter_size=\u00bb3&#8243; column_width_percent=\u00bb100&#8243; shift_y=\u00bb0&#8243; z_index=\u00bb0&#8243;][vc_column column_width_percent=\u00bb100&#8243; align_horizontal=\u00bbalign_center\u00bb gutter_size=\u00bb3&#8243; style=\u00bbdark\u00bb overlay_alpha=\u00bb50&#8243; shift_x=\u00bb0&#8243; shift_y=\u00bb0&#8243; shift_y_down=\u00bb0&#8243; z_index=\u00bb0&#8243; medium_width=\u00bb0&#8243; mobile_width=\u00bb0&#8243; width=\u00bb1\/1&#8243;][vc_custom_heading]<\/p>\n<h2>Tallantes Preforacion y Entubacion Simultanea SUPERBIT<\/h2>\n<p>[\/vc_custom_heading][\/vc_column][\/vc_row][vc_row][vc_column width=\u00bb1\/1&#8243;][vc_row_inner row_inner_height_percent=\u00bb0&#8243; overlay_alpha=\u00bb50&#8243; gutter_size=\u00bb3&#8243; shift_y=\u00bb0&#8243; z_index=\u00bb0&#8243; limit_content=\u00bb\u00bb][vc_column_inner width=\u00bb5\/6&#8243;][vc_column_text]<strong>OCMA Drilltech<\/strong> ha desarrollado una gama de tallantes para\u00a0perforaci\u00f3n y entubaci\u00f3n simultanea que permiten de entubar con tuberia metalica en zonas de gravas o materiales sueltos. (SISTEMA DE PERFORACION CON ENTUBADO SIMULTANEO &#8211; Brocas Escariadoras). Estos sistemas llamados <strong>SUPERBIT<\/strong> permiten las perforaciones en los terrenos sueltos y garantizan una performance excelente. Al comienzo de la perforaci\u00f3n las alas extensibles est\u00e1n cerradas para que el sistema pueda pasar a trav\u00e9s del tubo y ponerse sobre la zapata. Una vez que el sistema haya tocado el suelo por debajo, \u00e9l abre autom\u00e1ticamente las alas extensibles superando el di\u00e1metro del tubo y luego la perforaci\u00f3n puede comenzar. Una vez que la perforaci\u00f3n haya terminado, es suficiente tirar el <strong>SUPERBIT<\/strong> hacia arriba y las alas, apoyando contra la zapata, se recierran en el di\u00e1metro inicial.[\/vc_column_text][\/vc_column_inner][vc_column_inner column_width_percent=\u00bb100&#8243; position_vertical=\u00bbmiddle\u00bb align_horizontal=\u00bbalign_center\u00bb gutter_size=\u00bb3&#8243; overlay_alpha=\u00bb50&#8243; shift_x=\u00bb0&#8243; shift_y=\u00bb0&#8243; shift_y_down=\u00bb0&#8243; z_index=\u00bb0&#8243; medium_width=\u00bb0&#8243; mobile_width=\u00bb0&#8243; width=\u00bb1\/6&#8243;][vc_icon icon=\u00bbfa fa-file-pdf-o\u00bb icon_color=\u00bbcolor-153373&#8243; size=\u00bbfa-5x\u00bb heading_semantic=\u00bbh5&#8243; text_size=\u00bbh5&#8243; link=\u00bburl:https%3A%2F%2Fwww.ocmasrl.com%2Fwp-content%2Fuploads%2FSUPERBIT_Casing_System.pdf||target:%20_blank|\u00bb][\/vc_icon][vc_column_text]Download Catalogue[\/vc_column_text][\/vc_column_inner][\/vc_row_inner][vc_column_text]\n<table id=\"tablepress-57\" class=\"tablepress tablepress-id-57\">\n<thead>\n<tr class=\"row-1 odd\">\n\t<th colspan=\"8\" class=\"column-1\">SUPERBIT CASING SYSTEM SPECIFICATIONS<\/th>\n<\/tr>\n<\/thead>\n<tbody>\n<tr class=\"row-2 even\">\n\t<td colspan=\"2\" class=\"column-1\"><\/td><td colspan=\"2\" class=\"column-3\">SUPERBIT DIAMETER (mm)<\/td><td colspan=\"4\" class=\"column-5\">CASING SIZE (mm)<\/td>\n<\/tr>\n<tr class=\"row-3 odd\">\n\t<td class=\"column-1\">MODEL<\/td><td class=\"column-2\">No. of WINGS<\/td><td class=\"column-3\">EXTENDED WINGS<\/td><td class=\"column-4\">RETRACTED WINGS<\/td><td class=\"column-5\">CASING I.D.<\/td><td class=\"column-6\">CASING O.D.<\/td><td class=\"column-7\">WALL THICKNESS<\/td><td class=\"column-8\">HAMMER SIZE<\/td>\n<\/tr>\n<tr class=\"row-4 even\">\n\t<td class=\"column-1\">SUPERBIT 90<\/td><td class=\"column-2\">2<\/td><td class=\"column-3\">125<\/td><td class=\"column-4\">91<\/td><td class=\"column-5\">102,3<\/td><td class=\"column-6\">114,3<\/td><td class=\"column-7\">6<\/td><td class=\"column-8\">PMK 300 - (3\")<\/td>\n<\/tr>\n<tr class=\"row-5 odd\">\n\t<td class=\"column-1\">SUPERBIT 115<\/td><td class=\"column-2\">2<\/td><td class=\"column-3\">152<\/td><td class=\"column-4\">114<\/td><td class=\"column-5\">127<\/td><td class=\"column-6\">139,8<\/td><td class=\"column-7\">6,5<\/td><td class=\"column-8\">PMK 400 - (4\")<\/td>\n<\/tr>\n<tr class=\"row-6 even\">\n\t<td class=\"column-1\">SUPERBIT 130<\/td><td class=\"column-2\">2<\/td><td class=\"column-3\">170<\/td><td class=\"column-4\">129<\/td><td class=\"column-5\">133<\/td><td class=\"column-6\">152,4<\/td><td class=\"column-7\">9,7<\/td><td class=\"column-8\">PMK 400 - (4\")<\/td>\n<\/tr>\n<tr class=\"row-7 odd\">\n\t<td class=\"column-1\">SUPERBIT 140<\/td><td class=\"column-2\">2<\/td><td class=\"column-3\">190<\/td><td class=\"column-4\">141<\/td><td class=\"column-5\">155,2<\/td><td class=\"column-6\">168,2<\/td><td class=\"column-7\">6,5<\/td><td class=\"column-8\">PMK 500 - (5\")<\/td>\n<\/tr>\n<tr class=\"row-8 even\">\n\t<td class=\"column-1\">SUPERBIT 150<\/td><td class=\"column-2\">2<\/td><td class=\"column-3\">198<\/td><td class=\"column-4\">150<\/td><td class=\"column-5\">165<\/td><td class=\"column-6\">177,8<\/td><td class=\"column-7\">6,5<\/td><td class=\"column-8\">PMK 500 - (5\")<\/td>\n<\/tr>\n<tr class=\"row-9 odd\">\n\t<td class=\"column-1\">SUPERBIT 165<\/td><td class=\"column-2\">2<\/td><td class=\"column-3\">212<\/td><td class=\"column-4\">162<\/td><td class=\"column-5\">178<\/td><td class=\"column-6\">194<\/td><td class=\"column-7\">8<\/td><td class=\"column-8\">PMK 600 - (6\")<\/td>\n<\/tr>\n<tr class=\"row-10 even\">\n\t<td class=\"column-1\">SUPERBIT 190<\/td><td class=\"column-2\">3<\/td><td class=\"column-3\">239<\/td><td class=\"column-4\">188<\/td><td class=\"column-5\">203<\/td><td class=\"column-6\">219<\/td><td class=\"column-7\">8<\/td><td class=\"column-8\">PMK 600 - (6\")<\/td>\n<\/tr>\n<tr class=\"row-11 odd\">\n\t<td class=\"column-1\">SUPERBIT 215<\/td><td class=\"column-2\">3<\/td><td class=\"column-3\">264<\/td><td class=\"column-4\">213<\/td><td class=\"column-5\">225,9<\/td><td class=\"column-6\">244,4<\/td><td class=\"column-7\">9,3<\/td><td class=\"column-8\">PMK 800 - (8\")<\/td>\n<\/tr>\n<tr class=\"row-12 even\">\n\t<td class=\"column-1\">SUPERBIT 240<\/td><td class=\"column-2\">3<\/td><td class=\"column-3\">295<\/td><td class=\"column-4\">235<\/td><td class=\"column-5\">254,6<\/td><td class=\"column-6\">273<\/td><td class=\"column-7\">9,3<\/td><td class=\"column-8\">PMK 800 - (8\")<\/td>\n<\/tr>\n<tr class=\"row-13 odd\">\n\t<td class=\"column-1\">SUPERBIT 290<\/td><td class=\"column-2\">3<\/td><td class=\"column-3\">343<\/td><td class=\"column-4\">283<\/td><td class=\"column-5\">301,9<\/td><td class=\"column-6\">323,9<\/td><td class=\"column-7\">11<\/td><td class=\"column-8\">PMK 800 - (8\")<\/td>\n<\/tr>\n<tr class=\"row-14 even\">\n\t<td class=\"column-1\">SUPERBIT 290<\/td><td class=\"column-2\">3<\/td><td class=\"column-3\">343<\/td><td class=\"column-4\">283<\/td><td class=\"column-5\">301,9<\/td><td class=\"column-6\">323,9<\/td><td class=\"column-7\">11<\/td><td class=\"column-8\">PMK 800\/1000 - (8\"-10\")<\/td>\n<\/tr>\n<\/tbody>\n<\/table>\n<!-- #tablepress-57 from cache -->[\/vc_column_text][vc_row_inner limit_content=\u00bb\u00bb][vc_column_inner width=\u00bb1\/1&#8243;][vc_custom_heading heading_semantic=\u00bbh4&#8243; text_size=\u00bbh4&#8243; text_color=\u00bbcolor-153373&#8243; css_animation=\u00bbzoom-in\u00bb]REQUIRE YOUR CASING SYSTEM SUPERBIT[\/vc_custom_heading][vc_column_text]<div role=\"form\" class=\"wpcf7\" id=\"wpcf7-f2778-o1\" lang=\"it-IT\" dir=\"ltr\">\n<div class=\"screen-reader-response\"><p role=\"status\" aria-live=\"polite\" aria-atomic=\"true\"><\/p> <ul><\/ul><\/div>\n<form action=\"\/es\/wp-json\/wp\/v2\/pages\/5309#wpcf7-f2778-o1\" method=\"post\" class=\"wpcf7-form init\" novalidate=\"novalidate\" data-status=\"init\">\n<div style=\"display: none;\">\n<input type=\"hidden\" name=\"_wpcf7\" value=\"2778\" \/>\n<input type=\"hidden\" name=\"_wpcf7_version\" value=\"5.4\" \/>\n<input type=\"hidden\" name=\"_wpcf7_locale\" value=\"it_IT\" \/>\n<input type=\"hidden\" name=\"_wpcf7_unit_tag\" value=\"wpcf7-f2778-o1\" \/>\n<input type=\"hidden\" name=\"_wpcf7_container_post\" value=\"0\" \/>\n<input type=\"hidden\" name=\"_wpcf7_posted_data_hash\" value=\"\" \/>\n<input type=\"hidden\" name=\"_wpcf7_recaptcha_response\" value=\"\" \/>\n<\/div>\n<p>CASING Outside Diam. - mm<br \/>\n<span class=\"wpcf7-form-control-wrap menu-4000\"><select name=\"menu-4000\" class=\"wpcf7-form-control wpcf7-select wpcf7-validates-as-required\" aria-required=\"true\" aria-invalid=\"false\"><option value=\"114.3 mm\">114.3 mm<\/option><option value=\"139.8 mm\">139.8 mm<\/option><option value=\"152 mm\">152 mm<\/option><option value=\"168 mm\">168 mm<\/option><option value=\"177.8 mm\">177.8 mm<\/option><option value=\"193.7 mm\">193.7 mm<\/option><option value=\"219.1 mm\">219.1 mm<\/option><option value=\"244.4 mm\">244.4 mm<\/option><option value=\"273 mm\">273 mm<\/option><option value=\"323.9 mm\">323.9 mm<\/option><\/select><\/span><\/p>\n<p> CASING Wall Thickness - mm<br \/>\n<span class=\"wpcf7-form-control-wrap menu-4001\"><select name=\"menu-4001\" class=\"wpcf7-form-control wpcf7-select wpcf7-validates-as-required\" aria-required=\"true\" aria-invalid=\"false\"><option value=\"4 mm\">4 mm<\/option><option value=\"4.5 mm\">4.5 mm<\/option><option value=\"5 mm\">5 mm<\/option><option value=\"5.5 mm\">5.5 mm<\/option><option value=\"6.3 mm\">6.3 mm<\/option><option value=\"7.1 mm\">7.1 mm<\/option><option value=\"8 mm\">8 mm<\/option><option value=\"8.8 mm\">8.8 mm<\/option><option value=\"10 mm\">10 mm<\/option><option value=\"11 mm\">11 mm<\/option><option value=\"12.5 mm\">12.5 mm<\/option><\/select><\/span><\/p>\n<p> DTH HAMMER Size (Inch\")<br \/>\n<span class=\"wpcf7-form-control-wrap menu-4002\"><select name=\"menu-4002\" class=\"wpcf7-form-control wpcf7-select wpcf7-validates-as-required\" aria-required=\"true\" aria-invalid=\"false\"><option value=\"3&quot; HAMMER\">3&quot; HAMMER<\/option><option value=\"4&quot; HAMMER\">4&quot; HAMMER<\/option><option value=\"5&quot; HAMMER\">5&quot; HAMMER<\/option><option value=\"6&quot; HAMMER\">6&quot; HAMMER<\/option><option value=\"8&quot; HAMMER\">8&quot; HAMMER<\/option><option value=\"10&quot; HAMMER\">10&quot; HAMMER<\/option><\/select><\/span><\/p>\n<p> BIT SHANK Type<br \/>\n<span class=\"wpcf7-form-control-wrap menu-4003\"><select name=\"menu-4003\" class=\"wpcf7-form-control wpcf7-select wpcf7-validates-as-required\" aria-required=\"true\" aria-invalid=\"false\"><option value=\"DHD 3.5\">DHD 3.5<\/option><option value=\"DHD 340\">DHD 340<\/option><option value=\"DHD 350\">DHD 350<\/option><option value=\"DHD 360\">DHD 360<\/option><option value=\"DHD 380\">DHD 380<\/option><option value=\"\"><\/option><option value=\"QL40\/TD40\">QL40\/TD40<\/option><option value=\"QL50\">QL50<\/option><option value=\"QL60\">QL60<\/option><option value=\"QL80\">QL80<\/option><option value=\"\"><\/option><option value=\"M40\">M40<\/option><option value=\"M50\">M50<\/option><option value=\"M60\">M60<\/option><option value=\"M85\">M85<\/option><option value=\"\"><\/option><option value=\"SD5\">SD5<\/option><option value=\"SD6\">SD6<\/option><option value=\"SD8\">SD8<\/option><option value=\"SD10\">SD10<\/option><option value=\"\"><\/option><option value=\"MACH44\">MACH44<\/option><option value=\"MACH50\">MACH50<\/option><option value=\"MACH60\">MACH60<\/option><option value=\"MACH80\">MACH80<\/option><option value=\"\"><\/option><option value=\"N100\">N100<\/option><\/select><\/span><\/p>\n<p> SUPERBIT Model<br \/>\n<span class=\"wpcf7-form-control-wrap menu-4004\"><select name=\"menu-4004\" class=\"wpcf7-form-control wpcf7-select wpcf7-validates-as-required\" aria-required=\"true\" aria-invalid=\"false\"><option value=\"SUPERBIT 90\">SUPERBIT 90<\/option><option value=\"SUPERBIT 115\">SUPERBIT 115<\/option><option value=\"SUPERBIT 130\">SUPERBIT 130<\/option><option value=\"SUPERBIT 140\">SUPERBIT 140<\/option><option value=\"SUPERBIT 150\">SUPERBIT 150<\/option><option value=\"SUPERBIT 165\">SUPERBIT 165<\/option><option value=\"SUPERBIT 190\">SUPERBIT 190<\/option><option value=\"SUPERBIT 215\">SUPERBIT 215<\/option><option value=\"SUPERBIT 240\">SUPERBIT 240<\/option><option value=\"SUPERBIT 290\">SUPERBIT 290<\/option><\/select><\/span><\/p>\n<p> QUANTITY<br \/>\n<span class=\"wpcf7-form-control-wrap text-4005\"><input type=\"text\" name=\"text-4005\" value=\"\" size=\"40\" class=\"wpcf7-form-control wpcf7-text wpcf7-validates-as-required\" aria-required=\"true\" aria-invalid=\"false\" placeholder=\"N\u00b0 Pcs\" \/><\/span><\/p>\n<p> COMPANY NAME<br \/>\n<span class=\"wpcf7-form-control-wrap text-4006\"><input type=\"text\" name=\"text-4006\" value=\"\" size=\"40\" class=\"wpcf7-form-control wpcf7-text wpcf7-validates-as-required\" aria-required=\"true\" aria-invalid=\"false\" placeholder=\"COMPANY\" \/><\/span><\/p>\n<p> COUNTRY<br \/>\n<span class=\"wpcf7-form-control-wrap text-4007\"><input type=\"text\" name=\"text-4007\" value=\"\" size=\"40\" class=\"wpcf7-form-control wpcf7-text wpcf7-validates-as-required\" aria-required=\"true\" aria-invalid=\"false\" placeholder=\"COUNTRY\" \/><\/span><\/p>\n<p> EMAIL Address<br \/>\n<span class=\"wpcf7-form-control-wrap your-email\"><input type=\"email\" name=\"your-email\" value=\"\" size=\"40\" class=\"wpcf7-form-control wpcf7-text wpcf7-email wpcf7-validates-as-required wpcf7-validates-as-email\" aria-required=\"true\" aria-invalid=\"false\" placeholder=\"EMAIL\" \/><\/span> <\/p>\n<p> TELEPHONE NUMBER<br \/>\n<span class=\"wpcf7-form-control-wrap your\"><input type=\"tel\" name=\"your\" value=\"\" size=\"40\" class=\"wpcf7-form-control wpcf7-text wpcf7-tel wpcf7-validates-as-required wpcf7-validates-as-tel\" aria-required=\"true\" aria-invalid=\"false\" placeholder=\"TELEPHONE\" \/><\/span><\/p>\n<p><input type=\"submit\" value=\"SEND REQUEST OFFER\" class=\"wpcf7-form-control wpcf7-submit\" \/><\/p>\n<div class=\"wpcf7-response-output\" aria-hidden=\"true\"><\/div><\/form><\/div>[\/vc_column_text][\/vc_column_inner][\/vc_row_inner][\/vc_column][\/vc_row]<\/p>\n<\/div>","protected":false},"excerpt":{"rendered":"<p>[vc_row unlock_row_content=\u00bbyes\u00bb row_height_percent=\u00bb0&#8243; back_color=\u00bbaccent\u00bb overlay_alpha=\u00bb50&#8243; gutter_size=\u00bb3&#8243; column_width_percent=\u00bb100&#8243; shift_y=\u00bb0&#8243; z_index=\u00bb0&#8243;][vc_column column_width_percent=\u00bb100&#8243; align_horizontal=\u00bbalign_center\u00bb gutter_size=\u00bb3&#8243; style=\u00bbdark\u00bb overlay_alpha=\u00bb50&#8243; shift_x=\u00bb0&#8243; shift_y=\u00bb0&#8243; shift_y_down=\u00bb0&#8243; z_index=\u00bb0&#8243; medium_width=\u00bb0&#8243; mobile_width=\u00bb0&#8243; [&hellip;]<\/p>\n","protected":false},"author":1,"featured_media":0,"parent":0,"menu_order":0,"comment_status":"closed","ping_status":"closed","template":"","meta":[],"yoast_head":"<!-- This site is optimized with the Yoast SEO Premium plugin v16.0.2 (Yoast SEO v18.2) - https:\/\/yoast.com\/wordpress\/plugins\/seo\/ -->\n<title>Tallantes de Preforacion y Entubacion Simultanea | Ocma<\/title>\n<meta name=\"description\" content=\"OCMA Drilltech - Gama de tallantes para\u00a0perforaci\u00f3n y entubaci\u00f3n simultanea con tuber\u00eda de revestimiento - Brocas Escariadoras.\" \/>\n<meta name=\"robots\" content=\"index, follow, max-snippet:-1, max-image-preview:large, max-video-preview:-1\" \/>\n<link rel=\"canonical\" href=\"https:\/\/www.ocmasrl.com\/es\/tallantes-preforacion-y-entubacion-simultanea\/\" \/>\n<meta property=\"og:locale\" content=\"es_ES\" \/>\n<meta property=\"og:type\" content=\"article\" \/>\n<meta property=\"og:title\" content=\"Tallantes de Preforacion y Entubacion Simultanea | Ocma\" \/>\n<meta property=\"og:description\" content=\"OCMA Drilltech - Gama de tallantes para\u00a0perforaci\u00f3n y entubaci\u00f3n simultanea con tuber\u00eda de revestimiento - Brocas Escariadoras.\" \/>\n<meta property=\"og:url\" content=\"https:\/\/www.ocmasrl.com\/es\/tallantes-preforacion-y-entubacion-simultanea\/\" \/>\n<meta property=\"og:site_name\" content=\"Ocma\" \/>\n<meta property=\"article:publisher\" content=\"https:\/\/www.facebook.com\/OCMA-DrillTech-227901890599501\/\" \/>\n<meta property=\"article:modified_time\" content=\"2023-05-26T17:10:35+00:00\" \/>\n<meta name=\"twitter:card\" content=\"summary_large_image\" \/>\n<meta name=\"twitter:label1\" content=\"Tiempo de lectura\" \/>\n\t<meta name=\"twitter:data1\" content=\"2 minutos\" \/>\n<script type=\"application\/ld+json\" class=\"yoast-schema-graph\">{\"@context\":\"https:\/\/schema.org\",\"@graph\":[{\"@type\":\"Organization\",\"@id\":\"https:\/\/www.ocmasrl.com\/#organization\",\"name\":\"OCMA s.r.l.\",\"url\":\"https:\/\/www.ocmasrl.com\/\",\"sameAs\":[\"https:\/\/www.facebook.com\/OCMA-DrillTech-227901890599501\/\",\"https:\/\/www.instagram.com\/ocmadrilltech\/\"],\"logo\":{\"@type\":\"ImageObject\",\"@id\":\"https:\/\/www.ocmasrl.com\/#logo\",\"inLanguage\":\"es\",\"url\":\"https:\/\/www.ocmasrl.com\/wp-content\/uploads\/OCMA-DrillTech.jpg\",\"contentUrl\":\"https:\/\/www.ocmasrl.com\/wp-content\/uploads\/OCMA-DrillTech.jpg\",\"width\":575,\"height\":105,\"caption\":\"OCMA s.r.l.\"},\"image\":{\"@id\":\"https:\/\/www.ocmasrl.com\/#logo\"}},{\"@type\":\"WebSite\",\"@id\":\"https:\/\/www.ocmasrl.com\/#website\",\"url\":\"https:\/\/www.ocmasrl.com\/\",\"name\":\"Ocma\",\"description\":\"Martelli Fondo Foro\",\"publisher\":{\"@id\":\"https:\/\/www.ocmasrl.com\/#organization\"},\"potentialAction\":[{\"@type\":\"SearchAction\",\"target\":{\"@type\":\"EntryPoint\",\"urlTemplate\":\"https:\/\/www.ocmasrl.com\/?s={search_term_string}\"},\"query-input\":\"required name=search_term_string\"}],\"inLanguage\":\"es\"},{\"@type\":\"WebPage\",\"@id\":\"https:\/\/www.ocmasrl.com\/es\/tallantes-preforacion-y-entubacion-simultanea\/#webpage\",\"url\":\"https:\/\/www.ocmasrl.com\/es\/tallantes-preforacion-y-entubacion-simultanea\/\",\"name\":\"Tallantes de Preforacion y Entubacion Simultanea | Ocma\",\"isPartOf\":{\"@id\":\"https:\/\/www.ocmasrl.com\/#website\"},\"datePublished\":\"2020-01-16T18:06:31+00:00\",\"dateModified\":\"2023-05-26T17:10:35+00:00\",\"description\":\"OCMA Drilltech - Gama de tallantes para\u00a0perforaci\u00f3n y entubaci\u00f3n simultanea con tuber\u00eda de revestimiento - Brocas Escariadoras.\",\"breadcrumb\":{\"@id\":\"https:\/\/www.ocmasrl.com\/es\/tallantes-preforacion-y-entubacion-simultanea\/#breadcrumb\"},\"inLanguage\":\"es\",\"potentialAction\":[{\"@type\":\"ReadAction\",\"target\":[\"https:\/\/www.ocmasrl.com\/es\/tallantes-preforacion-y-entubacion-simultanea\/\"]}]},{\"@type\":\"BreadcrumbList\",\"@id\":\"https:\/\/www.ocmasrl.com\/es\/tallantes-preforacion-y-entubacion-simultanea\/#breadcrumb\",\"itemListElement\":[{\"@type\":\"ListItem\",\"position\":1,\"name\":\"Home\",\"item\":\"https:\/\/www.ocmasrl.com\/es\/\"},{\"@type\":\"ListItem\",\"position\":2,\"name\":\"Tallantes de Preforacion y Entubacion Simultanea\"}]}]}<\/script>\n<!-- \/ Yoast SEO Premium plugin. -->","yoast_head_json":{"title":"Tallantes de Preforacion y Entubacion Simultanea | Ocma","description":"OCMA Drilltech - Gama de tallantes para\u00a0perforaci\u00f3n y entubaci\u00f3n simultanea con tuber\u00eda de revestimiento - Brocas Escariadoras.","robots":{"index":"index","follow":"follow","max-snippet":"max-snippet:-1","max-image-preview":"max-image-preview:large","max-video-preview":"max-video-preview:-1"},"canonical":"https:\/\/www.ocmasrl.com\/es\/tallantes-preforacion-y-entubacion-simultanea\/","og_locale":"es_ES","og_type":"article","og_title":"Tallantes de Preforacion y Entubacion Simultanea | Ocma","og_description":"OCMA Drilltech - Gama de tallantes para\u00a0perforaci\u00f3n y entubaci\u00f3n simultanea con tuber\u00eda de revestimiento - Brocas Escariadoras.","og_url":"https:\/\/www.ocmasrl.com\/es\/tallantes-preforacion-y-entubacion-simultanea\/","og_site_name":"Ocma","article_publisher":"https:\/\/www.facebook.com\/OCMA-DrillTech-227901890599501\/","article_modified_time":"2023-05-26T17:10:35+00:00","twitter_card":"summary_large_image","twitter_misc":{"Tiempo de lectura":"2 minutos"},"schema":{"@context":"https:\/\/schema.org","@graph":[{"@type":"Organization","@id":"https:\/\/www.ocmasrl.com\/#organization","name":"OCMA s.r.l.","url":"https:\/\/www.ocmasrl.com\/","sameAs":["https:\/\/www.facebook.com\/OCMA-DrillTech-227901890599501\/","https:\/\/www.instagram.com\/ocmadrilltech\/"],"logo":{"@type":"ImageObject","@id":"https:\/\/www.ocmasrl.com\/#logo","inLanguage":"es","url":"https:\/\/www.ocmasrl.com\/wp-content\/uploads\/OCMA-DrillTech.jpg","contentUrl":"https:\/\/www.ocmasrl.com\/wp-content\/uploads\/OCMA-DrillTech.jpg","width":575,"height":105,"caption":"OCMA s.r.l."},"image":{"@id":"https:\/\/www.ocmasrl.com\/#logo"}},{"@type":"WebSite","@id":"https:\/\/www.ocmasrl.com\/#website","url":"https:\/\/www.ocmasrl.com\/","name":"Ocma","description":"Martelli Fondo Foro","publisher":{"@id":"https:\/\/www.ocmasrl.com\/#organization"},"potentialAction":[{"@type":"SearchAction","target":{"@type":"EntryPoint","urlTemplate":"https:\/\/www.ocmasrl.com\/?s={search_term_string}"},"query-input":"required name=search_term_string"}],"inLanguage":"es"},{"@type":"WebPage","@id":"https:\/\/www.ocmasrl.com\/es\/tallantes-preforacion-y-entubacion-simultanea\/#webpage","url":"https:\/\/www.ocmasrl.com\/es\/tallantes-preforacion-y-entubacion-simultanea\/","name":"Tallantes de Preforacion y Entubacion Simultanea | Ocma","isPartOf":{"@id":"https:\/\/www.ocmasrl.com\/#website"},"datePublished":"2020-01-16T18:06:31+00:00","dateModified":"2023-05-26T17:10:35+00:00","description":"OCMA Drilltech - Gama de tallantes para\u00a0perforaci\u00f3n y entubaci\u00f3n simultanea con tuber\u00eda de revestimiento - Brocas Escariadoras.","breadcrumb":{"@id":"https:\/\/www.ocmasrl.com\/es\/tallantes-preforacion-y-entubacion-simultanea\/#breadcrumb"},"inLanguage":"es","potentialAction":[{"@type":"ReadAction","target":["https:\/\/www.ocmasrl.com\/es\/tallantes-preforacion-y-entubacion-simultanea\/"]}]},{"@type":"BreadcrumbList","@id":"https:\/\/www.ocmasrl.com\/es\/tallantes-preforacion-y-entubacion-simultanea\/#breadcrumb","itemListElement":[{"@type":"ListItem","position":1,"name":"Home","item":"https:\/\/www.ocmasrl.com\/es\/"},{"@type":"ListItem","position":2,"name":"Tallantes de Preforacion y Entubacion Simultanea"}]}]}},"_links":{"self":[{"href":"https:\/\/www.ocmasrl.com\/es\/wp-json\/wp\/v2\/pages\/5309"}],"collection":[{"href":"https:\/\/www.ocmasrl.com\/es\/wp-json\/wp\/v2\/pages"}],"about":[{"href":"https:\/\/www.ocmasrl.com\/es\/wp-json\/wp\/v2\/types\/page"}],"author":[{"embeddable":true,"href":"https:\/\/www.ocmasrl.com\/es\/wp-json\/wp\/v2\/users\/1"}],"replies":[{"embeddable":true,"href":"https:\/\/www.ocmasrl.com\/es\/wp-json\/wp\/v2\/comments?post=5309"}],"version-history":[{"count":10,"href":"https:\/\/www.ocmasrl.com\/es\/wp-json\/wp\/v2\/pages\/5309\/revisions"}],"predecessor-version":[{"id":8042,"href":"https:\/\/www.ocmasrl.com\/es\/wp-json\/wp\/v2\/pages\/5309\/revisions\/8042"}],"wp:attachment":[{"href":"https:\/\/www.ocmasrl.com\/es\/wp-json\/wp\/v2\/media?parent=5309"}],"curies":[{"name":"wp","href":"https:\/\/api.w.org\/{rel}","templated":true}]}}