{"id":5332,"date":"2020-01-17T11:41:34","date_gmt":"2020-01-17T11:41:34","guid":{"rendered":"http:\/\/omiwebdev.it\/ocma_n\/paraguas-de-micropilotes-en-tunel\/"},"modified":"2020-01-31T18:18:05","modified_gmt":"2020-01-31T18:18:05","slug":"paraguas-de-micropilotes-en-tunel","status":"publish","type":"page","link":"https:\/\/www.ocmasrl.com\/es\/paraguas-de-micropilotes-en-tunel\/","title":{"rendered":"Paraguas de micropilotes en T\u00fanel"},"content":{"rendered":"<div class=\"wpb-content-wrapper\"><p>[vc_row unlock_row_content=\u00bbyes\u00bb row_height_percent=\u00bb0&#8243; back_color=\u00bbaccent\u00bb overlay_alpha=\u00bb50&#8243; gutter_size=\u00bb3&#8243; column_width_percent=\u00bb100&#8243; shift_y=\u00bb0&#8243; z_index=\u00bb0&#8243;][vc_column column_width_percent=\u00bb100&#8243; align_horizontal=\u00bbalign_center\u00bb style=\u00bbdark\u00bb overlay_alpha=\u00bb50&#8243; gutter_size=\u00bb3&#8243; medium_width=\u00bb0&#8243; mobile_width=\u00bb0&#8243; shift_x=\u00bb0&#8243; shift_y=\u00bb0&#8243; shift_y_down=\u00bb0&#8243; z_index=\u00bb0&#8243; width=\u00bb1\/1&#8243;][vc_custom_heading subheading=\u00bbSistema de perforaci\u00f3n paraguas para construcci\u00f3n de t\u00faneles &#8211; MEGABIT\u00bb]<\/p>\n<h2 class=\"p1\" style=\"text-align: center;\">Paraguas de micropilotes en T\u00fanel &#8211; MEGABIT<\/h2>\n<p>[\/vc_custom_heading][\/vc_column][\/vc_row][vc_row][vc_column column_width_percent=\u00bb100&#8243; position_vertical=\u00bbmiddle\u00bb overlay_alpha=\u00bb50&#8243; gutter_size=\u00bb3&#8243; medium_width=\u00bb0&#8243; mobile_width=\u00bb0&#8243; shift_x=\u00bb0&#8243; shift_y=\u00bb0&#8243; shift_y_down=\u00bb0&#8243; z_index=\u00bb0&#8243; width=\u00bb1\/2&#8243;][vc_row_inner][vc_column_inner column_width_percent=\u00bb100&#8243; position_vertical=\u00bbmiddle\u00bb gutter_size=\u00bb3&#8243; overlay_alpha=\u00bb50&#8243; medium_width=\u00bb0&#8243; mobile_width=\u00bb0&#8243; shift_x=\u00bb0&#8243; shift_y=\u00bb0&#8243; shift_y_down=\u00bb0&#8243; z_index=\u00bb0&#8243; width=\u00bb1\/1&#8243;][vc_single_image media=\u00bb796&#8243; media_lightbox=\u00bbyes\u00bb media_width_percent=\u00bb70&#8243; alignment=\u00bbcenter\u00bb][\/vc_column_inner][\/vc_row_inner][vc_column_text]Para la perforaci\u00f3n de paraguas de tubo: perforaci\u00f3n de perforaci\u00f3n frontal, el <strong>MEGABIT<\/strong> tambi\u00e9n se utiliza en la construcci\u00f3n de t\u00faneles. El \u00faltimo producto nuevo e innovador nacido en <strong>OCMA DrillTech<\/strong> garantiza varias ventajas.[\/vc_column_text][\/vc_column][vc_column column_width_percent=\u00bb100&#8243; position_vertical=\u00bbmiddle\u00bb align_horizontal=\u00bbalign_center\u00bb overlay_alpha=\u00bb50&#8243; gutter_size=\u00bb3&#8243; medium_width=\u00bb0&#8243; mobile_width=\u00bb0&#8243; shift_x=\u00bb0&#8243; shift_y=\u00bb0&#8243; shift_y_down=\u00bb0&#8243; z_index=\u00bb0&#8243; width=\u00bb1\/2&#8243;][vc_single_image media=\u00bb797&#8243; media_lightbox=\u00bbyes\u00bb media_width_percent=\u00bb56&#8243;][vc_icon icon=\u00bbfa fa-file-pdf-o\u00bb icon_color=\u00bbcolor-153373&#8243; size=\u00bbfa-5x\u00bb link=\u00bburl:https%3A%2F%2Fwww.ocmasrl.com%2Fwp-content%2Fuploads%2FForepoling-Megabit-web.pdf||target:%20_blank|\u00bb][\/vc_icon][vc_column_text]Download Catalogue[\/vc_column_text][\/vc_column][\/vc_row][vc_row][vc_column width=\u00bb1\/2&#8243;][vc_row_inner row_inner_height_percent=\u00bb0&#8243; back_color=\u00bbaccent\u00bb overlay_alpha=\u00bb50&#8243; gutter_size=\u00bb3&#8243; shift_y=\u00bb0&#8243; z_index=\u00bb0&#8243;][vc_column_inner column_width_percent=\u00bb100&#8243; style=\u00bbdark\u00bb gutter_size=\u00bb3&#8243; overlay_alpha=\u00bb50&#8243; medium_width=\u00bb0&#8243; mobile_width=\u00bb0&#8243; shift_x=\u00bb0&#8243; shift_y=\u00bb0&#8243; shift_y_down=\u00bb0&#8243; z_index=\u00bb0&#8243; width=\u00bb1\/1&#8243;][vc_column_text]<\/p>\n<p style=\"text-align: center;\"><strong>MEGABIT Advantages<br \/>\n<\/strong><\/p>\n<p>[\/vc_column_text][\/vc_column_inner][\/vc_row_inner][vc_column_text]\u2022 Agujeros rectos y tasa de penetraci\u00f3n r\u00e1pida<br \/>\n\u2022 Menos torque en todas las condiciones del terreno<br \/>\n\u2022 Sistema f\u00e1cil de bloquear y desbloquear el anillo<br \/>\n\u2022 Perforaci\u00f3n en cualquier \u00e1ngulo requerido<br \/>\n\u2022 M\u00e1s agujeros y baja inversi\u00f3n[\/vc_column_text][vc_row_inner row_inner_height_percent=\u00bb0&#8243; back_color=\u00bbaccent\u00bb overlay_alpha=\u00bb50&#8243; gutter_size=\u00bb3&#8243; shift_y=\u00bb0&#8243; z_index=\u00bb0&#8243;][vc_column_inner column_width_percent=\u00bb100&#8243; style=\u00bbdark\u00bb gutter_size=\u00bb3&#8243; overlay_alpha=\u00bb50&#8243; medium_width=\u00bb0&#8243; mobile_width=\u00bb0&#8243; shift_x=\u00bb0&#8243; shift_y=\u00bb0&#8243; shift_y_down=\u00bb0&#8243; z_index=\u00bb0&#8243; width=\u00bb1\/1&#8243;][vc_column_text]<\/p>\n<p style=\"text-align: center;\"><strong>Easy system to lock and unlock Ring Bit<\/strong><\/p>\n<p>[\/vc_column_text][\/vc_column_inner][\/vc_row_inner][vc_column_text]El anillo de un solo uso es para aplicaciones de perforaci\u00f3n de carcasa permanente. Utilizado para todas las condiciones del terreno y corta longitud de perforaci\u00f3n.[\/vc_column_text][\/vc_column][vc_column width=\u00bb1\/2&#8243;][vc_row_inner row_inner_height_percent=\u00bb0&#8243; back_color=\u00bbaccent\u00bb overlay_alpha=\u00bb50&#8243; gutter_size=\u00bb3&#8243; shift_y=\u00bb0&#8243; z_index=\u00bb0&#8243;][vc_column_inner column_width_percent=\u00bb100&#8243; style=\u00bbdark\u00bb gutter_size=\u00bb3&#8243; overlay_alpha=\u00bb50&#8243; medium_width=\u00bb0&#8243; mobile_width=\u00bb0&#8243; shift_x=\u00bb0&#8243; shift_y=\u00bb0&#8243; shift_y_down=\u00bb0&#8243; z_index=\u00bb0&#8243; width=\u00bb1\/1&#8243;][vc_column_text]<\/p>\n<p style=\"text-align: center;\"><strong>MEGABIT vs Competitors Systems<\/strong><\/p>\n<p>[\/vc_column_text][\/vc_column_inner][\/vc_row_inner][vc_column_text]La ventaja del sistema <strong>MEGABIT<\/strong> en comparaci\u00f3n con los modelos de la competencia es que la zona de energ\u00eda de percusi\u00f3n transmitida por el bit piloto al bit corona o\u00a0 anillo est\u00e1 cerca del suelo y se encuentra cerca del extremo del anillo. Esto garantiza m\u00e1s energ\u00eda de impacto para una mayor tasa de penetraci\u00f3n.[\/vc_column_text][vc_single_image media=\u00bb804&#8243; media_lightbox=\u00bbyes\u00bb media_width_percent=\u00bb100&#8243;][\/vc_column][\/vc_row][vc_row][vc_column width=\u00bb1\/1&#8243;][vc_tabs][vc_tab title=\u00bbDIMENSIONS\u00bb tab_id=\u00bb1549131001512-3-6e3ac-3c9d1549189335684&#8243;][vc_row_inner][vc_column_inner width=\u00bb1\/1&#8243;][vc_single_image media=\u00bb806&#8243; media_lightbox=\u00bbyes\u00bb media_width_percent=\u00bb70&#8243;][\/vc_column_inner][\/vc_row_inner][\/vc_tab][vc_tab title=\u00bbAPPLICATIONS\u00bb tab_id=\u00bb1549131264130-4-1e3ac-3c9d1549189335684&#8243;][vc_gallery el_id=\u00bbgallery-193510&#8243; medias=\u00bb807,808&#8243; gutter_size=\u00bb2&#8243; media_items=\u00bbmedia|lightbox|original,title\u00bb screen_lg=\u00bb1000&#8243; screen_md=\u00bb600&#8243; screen_sm=\u00bb480&#8243; single_width=\u00bb3&#8243; images_size=\u00bbone-one\u00bb single_overlay_opacity=\u00bb50&#8243; single_padding=\u00bb2&#8243; lbox_title=\u00bbyes\u00bb][\/vc_tab][\/vc_tabs][vc_tab title=\u00bbSINGLE USE RING BIT\u00bb tab_id=\u00bb1549111315-2-39e3ac-3c9d1549189335684&#8243;][vc_row_inner][vc_column_inner width=\u00bb1\/3&#8243;][vc_column_text]El anillo de un solo uso es para aplicaciones de perforaci\u00f3n de carcasa permanente. Utilizado para todas las condiciones del terreno y corta longitud de perforaci\u00f3n.[\/vc_column_text][\/vc_column_inner][vc_column_inner width=\u00bb1\/3&#8243;][vc_single_image media=\u00bb708&#8243; media_lightbox=\u00bbyes\u00bb media_width_percent=\u00bb100&#8243;][\/vc_column_inner][vc_column_inner width=\u00bb1\/3&#8243;][vc_single_image media=\u00bb709&#8243; media_lightbox=\u00bbyes\u00bb media_width_percent=\u00bb100&#8243;][\/vc_column_inner][\/vc_row_inner][\/vc_tab][vc_tab title=\u00bbSINGLE USE RING BIT\u00bb tab_id=\u00bb1549111315-2-39e3ac-3c9d1549189335684&#8243;][vc_row_inner][vc_column_inner width=\u00bb1\/3&#8243;][vc_column_text]El anillo de un solo uso es para aplicaciones de perforaci\u00f3n de carcasa permanente. Utilizado para todas las condiciones del terreno y corta longitud de perforaci\u00f3n.[\/vc_column_text][\/vc_column_inner][vc_column_inner width=\u00bb1\/3&#8243;][vc_single_image media=\u00bb708&#8243; media_lightbox=\u00bbyes\u00bb media_width_percent=\u00bb100&#8243;][\/vc_column_inner][vc_column_inner width=\u00bb1\/3&#8243;][vc_single_image media=\u00bb709&#8243; media_lightbox=\u00bbyes\u00bb media_width_percent=\u00bb100&#8243;][\/vc_column_inner][\/vc_row_inner][\/vc_tab][\/vc_column][\/vc_row]<\/p>\n<\/div>","protected":false},"excerpt":{"rendered":"<p>[vc_row unlock_row_content=\u00bbyes\u00bb row_height_percent=\u00bb0&#8243; back_color=\u00bbaccent\u00bb overlay_alpha=\u00bb50&#8243; gutter_size=\u00bb3&#8243; column_width_percent=\u00bb100&#8243; shift_y=\u00bb0&#8243; z_index=\u00bb0&#8243;][vc_column column_width_percent=\u00bb100&#8243; align_horizontal=\u00bbalign_center\u00bb style=\u00bbdark\u00bb overlay_alpha=\u00bb50&#8243; gutter_size=\u00bb3&#8243; medium_width=\u00bb0&#8243; mobile_width=\u00bb0&#8243; shift_x=\u00bb0&#8243; shift_y=\u00bb0&#8243; shift_y_down=\u00bb0&#8243; z_index=\u00bb0&#8243; [&hellip;]<\/p>\n","protected":false},"author":1,"featured_media":0,"parent":0,"menu_order":0,"comment_status":"closed","ping_status":"closed","template":"","meta":[],"yoast_head":"<!-- This site is optimized with the Yoast SEO Premium plugin v16.0.2 (Yoast SEO v18.2) - https:\/\/yoast.com\/wordpress\/plugins\/seo\/ -->\n<title>Paraguas de micropilotes en T\u00fanel | Ocma<\/title>\n<meta name=\"robots\" content=\"index, follow, max-snippet:-1, max-image-preview:large, max-video-preview:-1\" \/>\n<link rel=\"canonical\" href=\"https:\/\/www.ocmasrl.com\/es\/paraguas-de-micropilotes-en-tunel\/\" \/>\n<meta property=\"og:locale\" content=\"es_ES\" \/>\n<meta property=\"og:type\" content=\"article\" \/>\n<meta property=\"og:title\" content=\"Paraguas de micropilotes en T\u00fanel | Ocma\" \/>\n<meta property=\"og:description\" content=\"[vc_row unlock_row_content=\u00bbyes\u00bb row_height_percent=\u00bb0&#8243; back_color=\u00bbaccent\u00bb overlay_alpha=\u00bb50&#8243; gutter_size=\u00bb3&#8243; column_width_percent=\u00bb100&#8243; shift_y=\u00bb0&#8243; z_index=\u00bb0&#8243;][vc_column column_width_percent=\u00bb100&#8243; align_horizontal=\u00bbalign_center\u00bb style=\u00bbdark\u00bb overlay_alpha=\u00bb50&#8243; gutter_size=\u00bb3&#8243; medium_width=\u00bb0&#8243; mobile_width=\u00bb0&#8243; shift_x=\u00bb0&#8243; shift_y=\u00bb0&#8243; shift_y_down=\u00bb0&#8243; z_index=\u00bb0&#8243; [&hellip;]\" \/>\n<meta property=\"og:url\" content=\"https:\/\/www.ocmasrl.com\/es\/paraguas-de-micropilotes-en-tunel\/\" \/>\n<meta property=\"og:site_name\" content=\"Ocma\" \/>\n<meta property=\"article:publisher\" content=\"https:\/\/www.facebook.com\/OCMA-DrillTech-227901890599501\/\" \/>\n<meta property=\"article:modified_time\" content=\"2020-01-31T18:18:05+00:00\" \/>\n<meta name=\"twitter:card\" content=\"summary_large_image\" \/>\n<meta name=\"twitter:label1\" content=\"Tiempo de lectura\" \/>\n\t<meta name=\"twitter:data1\" content=\"5 minutos\" \/>\n<script type=\"application\/ld+json\" class=\"yoast-schema-graph\">{\"@context\":\"https:\/\/schema.org\",\"@graph\":[{\"@type\":\"Organization\",\"@id\":\"https:\/\/www.ocmasrl.com\/#organization\",\"name\":\"OCMA s.r.l.\",\"url\":\"https:\/\/www.ocmasrl.com\/\",\"sameAs\":[\"https:\/\/www.facebook.com\/OCMA-DrillTech-227901890599501\/\",\"https:\/\/www.instagram.com\/ocmadrilltech\/\"],\"logo\":{\"@type\":\"ImageObject\",\"@id\":\"https:\/\/www.ocmasrl.com\/#logo\",\"inLanguage\":\"es\",\"url\":\"https:\/\/www.ocmasrl.com\/wp-content\/uploads\/OCMA-DrillTech.jpg\",\"contentUrl\":\"https:\/\/www.ocmasrl.com\/wp-content\/uploads\/OCMA-DrillTech.jpg\",\"width\":575,\"height\":105,\"caption\":\"OCMA s.r.l.\"},\"image\":{\"@id\":\"https:\/\/www.ocmasrl.com\/#logo\"}},{\"@type\":\"WebSite\",\"@id\":\"https:\/\/www.ocmasrl.com\/#website\",\"url\":\"https:\/\/www.ocmasrl.com\/\",\"name\":\"Ocma\",\"description\":\"Martelli Fondo Foro\",\"publisher\":{\"@id\":\"https:\/\/www.ocmasrl.com\/#organization\"},\"potentialAction\":[{\"@type\":\"SearchAction\",\"target\":{\"@type\":\"EntryPoint\",\"urlTemplate\":\"https:\/\/www.ocmasrl.com\/?s={search_term_string}\"},\"query-input\":\"required name=search_term_string\"}],\"inLanguage\":\"es\"},{\"@type\":\"WebPage\",\"@id\":\"https:\/\/www.ocmasrl.com\/es\/paraguas-de-micropilotes-en-tunel\/#webpage\",\"url\":\"https:\/\/www.ocmasrl.com\/es\/paraguas-de-micropilotes-en-tunel\/\",\"name\":\"Paraguas de micropilotes en T\u00fanel | Ocma\",\"isPartOf\":{\"@id\":\"https:\/\/www.ocmasrl.com\/#website\"},\"datePublished\":\"2020-01-17T11:41:34+00:00\",\"dateModified\":\"2020-01-31T18:18:05+00:00\",\"breadcrumb\":{\"@id\":\"https:\/\/www.ocmasrl.com\/es\/paraguas-de-micropilotes-en-tunel\/#breadcrumb\"},\"inLanguage\":\"es\",\"potentialAction\":[{\"@type\":\"ReadAction\",\"target\":[\"https:\/\/www.ocmasrl.com\/es\/paraguas-de-micropilotes-en-tunel\/\"]}]},{\"@type\":\"BreadcrumbList\",\"@id\":\"https:\/\/www.ocmasrl.com\/es\/paraguas-de-micropilotes-en-tunel\/#breadcrumb\",\"itemListElement\":[{\"@type\":\"ListItem\",\"position\":1,\"name\":\"Home\",\"item\":\"https:\/\/www.ocmasrl.com\/es\/\"},{\"@type\":\"ListItem\",\"position\":2,\"name\":\"Paraguas de micropilotes en T\u00fanel\"}]}]}<\/script>\n<!-- \/ Yoast SEO Premium plugin. -->","yoast_head_json":{"title":"Paraguas de micropilotes en T\u00fanel | Ocma","robots":{"index":"index","follow":"follow","max-snippet":"max-snippet:-1","max-image-preview":"max-image-preview:large","max-video-preview":"max-video-preview:-1"},"canonical":"https:\/\/www.ocmasrl.com\/es\/paraguas-de-micropilotes-en-tunel\/","og_locale":"es_ES","og_type":"article","og_title":"Paraguas de micropilotes en T\u00fanel | Ocma","og_description":"[vc_row unlock_row_content=\u00bbyes\u00bb row_height_percent=\u00bb0&#8243; back_color=\u00bbaccent\u00bb overlay_alpha=\u00bb50&#8243; gutter_size=\u00bb3&#8243; column_width_percent=\u00bb100&#8243; shift_y=\u00bb0&#8243; z_index=\u00bb0&#8243;][vc_column column_width_percent=\u00bb100&#8243; align_horizontal=\u00bbalign_center\u00bb style=\u00bbdark\u00bb overlay_alpha=\u00bb50&#8243; gutter_size=\u00bb3&#8243; medium_width=\u00bb0&#8243; mobile_width=\u00bb0&#8243; shift_x=\u00bb0&#8243; shift_y=\u00bb0&#8243; shift_y_down=\u00bb0&#8243; z_index=\u00bb0&#8243; [&hellip;]","og_url":"https:\/\/www.ocmasrl.com\/es\/paraguas-de-micropilotes-en-tunel\/","og_site_name":"Ocma","article_publisher":"https:\/\/www.facebook.com\/OCMA-DrillTech-227901890599501\/","article_modified_time":"2020-01-31T18:18:05+00:00","twitter_card":"summary_large_image","twitter_misc":{"Tiempo de lectura":"5 minutos"},"schema":{"@context":"https:\/\/schema.org","@graph":[{"@type":"Organization","@id":"https:\/\/www.ocmasrl.com\/#organization","name":"OCMA s.r.l.","url":"https:\/\/www.ocmasrl.com\/","sameAs":["https:\/\/www.facebook.com\/OCMA-DrillTech-227901890599501\/","https:\/\/www.instagram.com\/ocmadrilltech\/"],"logo":{"@type":"ImageObject","@id":"https:\/\/www.ocmasrl.com\/#logo","inLanguage":"es","url":"https:\/\/www.ocmasrl.com\/wp-content\/uploads\/OCMA-DrillTech.jpg","contentUrl":"https:\/\/www.ocmasrl.com\/wp-content\/uploads\/OCMA-DrillTech.jpg","width":575,"height":105,"caption":"OCMA s.r.l."},"image":{"@id":"https:\/\/www.ocmasrl.com\/#logo"}},{"@type":"WebSite","@id":"https:\/\/www.ocmasrl.com\/#website","url":"https:\/\/www.ocmasrl.com\/","name":"Ocma","description":"Martelli Fondo Foro","publisher":{"@id":"https:\/\/www.ocmasrl.com\/#organization"},"potentialAction":[{"@type":"SearchAction","target":{"@type":"EntryPoint","urlTemplate":"https:\/\/www.ocmasrl.com\/?s={search_term_string}"},"query-input":"required name=search_term_string"}],"inLanguage":"es"},{"@type":"WebPage","@id":"https:\/\/www.ocmasrl.com\/es\/paraguas-de-micropilotes-en-tunel\/#webpage","url":"https:\/\/www.ocmasrl.com\/es\/paraguas-de-micropilotes-en-tunel\/","name":"Paraguas de micropilotes en T\u00fanel | Ocma","isPartOf":{"@id":"https:\/\/www.ocmasrl.com\/#website"},"datePublished":"2020-01-17T11:41:34+00:00","dateModified":"2020-01-31T18:18:05+00:00","breadcrumb":{"@id":"https:\/\/www.ocmasrl.com\/es\/paraguas-de-micropilotes-en-tunel\/#breadcrumb"},"inLanguage":"es","potentialAction":[{"@type":"ReadAction","target":["https:\/\/www.ocmasrl.com\/es\/paraguas-de-micropilotes-en-tunel\/"]}]},{"@type":"BreadcrumbList","@id":"https:\/\/www.ocmasrl.com\/es\/paraguas-de-micropilotes-en-tunel\/#breadcrumb","itemListElement":[{"@type":"ListItem","position":1,"name":"Home","item":"https:\/\/www.ocmasrl.com\/es\/"},{"@type":"ListItem","position":2,"name":"Paraguas de micropilotes en T\u00fanel"}]}]}},"_links":{"self":[{"href":"https:\/\/www.ocmasrl.com\/es\/wp-json\/wp\/v2\/pages\/5332"}],"collection":[{"href":"https:\/\/www.ocmasrl.com\/es\/wp-json\/wp\/v2\/pages"}],"about":[{"href":"https:\/\/www.ocmasrl.com\/es\/wp-json\/wp\/v2\/types\/page"}],"author":[{"embeddable":true,"href":"https:\/\/www.ocmasrl.com\/es\/wp-json\/wp\/v2\/users\/1"}],"replies":[{"embeddable":true,"href":"https:\/\/www.ocmasrl.com\/es\/wp-json\/wp\/v2\/comments?post=5332"}],"version-history":[{"count":2,"href":"https:\/\/www.ocmasrl.com\/es\/wp-json\/wp\/v2\/pages\/5332\/revisions"}],"predecessor-version":[{"id":6488,"href":"https:\/\/www.ocmasrl.com\/es\/wp-json\/wp\/v2\/pages\/5332\/revisions\/6488"}],"wp:attachment":[{"href":"https:\/\/www.ocmasrl.com\/es\/wp-json\/wp\/v2\/media?parent=5332"}],"curies":[{"name":"wp","href":"https:\/\/api.w.org\/{rel}","templated":true}]}}