{"id":5532,"date":"2020-01-17T17:55:57","date_gmt":"2020-01-17T17:55:57","guid":{"rendered":"http:\/\/omiwebdev.it\/ocma_n\/martillo-en-cabeza\/"},"modified":"2020-01-17T17:59:11","modified_gmt":"2020-01-17T17:59:11","slug":"martillo-en-cabeza","status":"publish","type":"page","link":"https:\/\/www.ocmasrl.com\/es\/martillo-en-cabeza\/","title":{"rendered":"martillo-en-cabeza"},"content":{"rendered":"<div class=\"wpb-content-wrapper\"><p>[vc_row unlock_row_content=\u00bbyes\u00bb row_height_percent=\u00bb0&#8243; back_color=\u00bbaccent\u00bb overlay_alpha=\u00bb50&#8243; gutter_size=\u00bb3&#8243; column_width_percent=\u00bb100&#8243; shift_y=\u00bb0&#8243; z_index=\u00bb0&#8243;][vc_column column_width_percent=\u00bb100&#8243; align_horizontal=\u00bbalign_center\u00bb style=\u00bbdark\u00bb overlay_alpha=\u00bb50&#8243; gutter_size=\u00bb3&#8243; medium_width=\u00bb0&#8243; mobile_width=\u00bb0&#8243; shift_x=\u00bb0&#8243; shift_y=\u00bb0&#8243; shift_y_down=\u00bb0&#8243; z_index=\u00bb0&#8243; width=\u00bb1\/1&#8243;][vc_custom_heading]<\/p>\n<h2 style=\"text-align: center;\">Adaptadores de Culata EURODRILL &#8211; KRUPP &#8211; KLEMM &#8211; ATLAS COPCO &#8211; SANDVIK<\/h2>\n<p>[\/vc_custom_heading][\/vc_column][\/vc_row][vc_row][vc_column width=\u00bb4\/12&#8243;][vc_single_image media=\u00bb820&#8243; media_lightbox=\u00bbyes\u00bb media_width_percent=\u00bb100&#8243;][\/vc_column][vc_column width=\u00bb8\/12&#8243;][vc_column_text]<br \/>\nLa amplia gama de Adaptadores de Culata para martillos en Cabeza la OCMA DrillTech se fabrica respetando las normas de alta calidad lo que garantiza una mayor producci\u00f3n en comparaci\u00f3n con los productos en el mercado.<\/p>\n<p dir=\"ltr\">La elecci\u00f3n de las materias primas para la producci\u00f3n de productos de alta calidad es el resultado de una experiencia que se transmite desde generaciones y adquerida en las obras.<\/p>\n<p>[\/vc_column_text][\/vc_column][\/vc_row][vc_row][vc_column width=\u00bb1\/1&#8243;][vc_custom_heading text_color=\u00bbcolor-153373&#8243; css_animation=\u00bbzoom-in\u00bb animation_speed=\u00bb1000&#8243; animation_delay=\u00bb600&#8243;]<strong>Disponibilidad de todos los adaptadores para martillos en cabeza EURODRILL<\/strong>[\/vc_custom_heading][vc_gallery el_id=\u00bbgallery-193510&#8243; medias=\u00bb2919,2922&#8243; gutter_size=\u00bb3&#8243; media_items=\u00bbmedia|lightbox|original,title\u00bb screen_lg=\u00bb1000&#8243; screen_md=\u00bb600&#8243; screen_sm=\u00bb480&#8243; single_width=\u00bb3&#8243; single_overlay_opacity=\u00bb50&#8243; single_padding=\u00bb2&#8243; lbox_title=\u00bbyes\u00bb][\/vc_column][\/vc_row][vc_row][vc_column width=\u00bb1\/1&#8243;][vc_custom_heading heading_semantic=\u00bbh4&#8243; text_size=\u00bbh4&#8243; text_color=\u00bbcolor-153373&#8243; css_animation=\u00bbzoom-in\u00bb]SOLICITE UNA COTIZACI\u00d3N PARA SU ADAPTADOR EURODRILL[\/vc_custom_heading][vc_column_text]<div role=\"form\" class=\"wpcf7\" id=\"wpcf7-f2934-o1\" lang=\"it-IT\" dir=\"ltr\">\n<div class=\"screen-reader-response\"><p role=\"status\" aria-live=\"polite\" aria-atomic=\"true\"><\/p> <ul><\/ul><\/div>\n<form action=\"\/es\/wp-json\/wp\/v2\/pages\/5532#wpcf7-f2934-o1\" method=\"post\" class=\"wpcf7-form init\" novalidate=\"novalidate\" data-status=\"init\">\n<div style=\"display: none;\">\n<input type=\"hidden\" name=\"_wpcf7\" value=\"2934\" \/>\n<input type=\"hidden\" name=\"_wpcf7_version\" value=\"5.4\" \/>\n<input type=\"hidden\" name=\"_wpcf7_locale\" value=\"it_IT\" \/>\n<input type=\"hidden\" name=\"_wpcf7_unit_tag\" value=\"wpcf7-f2934-o1\" \/>\n<input type=\"hidden\" name=\"_wpcf7_container_post\" value=\"0\" \/>\n<input type=\"hidden\" name=\"_wpcf7_posted_data_hash\" value=\"\" \/>\n<input type=\"hidden\" name=\"_wpcf7_recaptcha_response\" value=\"\" \/>\n<\/div>\n<p>EURODRILL SHANK ADAPTER<br \/>\n<span class=\"wpcf7-form-control-wrap menu-3301\"><select name=\"menu-3301\" class=\"wpcf7-form-control wpcf7-select wpcf7-validates-as-required\" aria-required=\"true\" aria-invalid=\"false\"><option value=\"EURODRILL HD 1001 - shaft D 45 mm\">EURODRILL HD 1001 - shaft D 45 mm<\/option><option value=\"EURODRILL HD 1001 - shaft D 56 mm\">EURODRILL HD 1001 - shaft D 56 mm<\/option><option value=\"\"><\/option><option value=\"EURODRILL HD 1002 - shaft D 45 mm\">EURODRILL HD 1002 - shaft D 45 mm<\/option><option value=\"EURODRILL HD 1002 - shaft D 56 mm\">EURODRILL HD 1002 - shaft D 56 mm<\/option><option value=\"\"><\/option><option value=\"EURODRILL HD 2002 - shaft D 56 mm\">EURODRILL HD 2002 - shaft D 56 mm<\/option><option value=\"EURODRILL HD 2002 - shaft D 68 mm\">EURODRILL HD 2002 - shaft D 68 mm<\/option><option value=\"\"><\/option><option value=\"EURODRILL HD 2004 - shaft D 56 mm\">EURODRILL HD 2004 - shaft D 56 mm<\/option><option value=\"EURODRILL HD 2004 - shaft D 68 mm\">EURODRILL HD 2004 - shaft D 68 mm<\/option><option value=\"\"><\/option><option value=\"EURODRILL HD 2005\">EURODRILL HD 2005<\/option><option value=\"\"><\/option><option value=\"EURODRILL HD 2006\">EURODRILL HD 2006<\/option><option value=\"\"><\/option><option value=\"EURODRILL HD 4005\">EURODRILL HD 4005<\/option><option value=\"\"><\/option><option value=\"EURODRILL HD 4008\">EURODRILL HD 4008<\/option><option value=\"\"><\/option><option value=\"EURODRILL HD 4010\">EURODRILL HD 4010<\/option><option value=\"\"><\/option><option value=\"EURODRILL HD 4011\">EURODRILL HD 4011<\/option><option value=\"\"><\/option><option value=\"EURODRILL HD 5012\">EURODRILL HD 5012<\/option><option value=\"\"><\/option><option value=\"EURODRILL HD 5017\">EURODRILL HD 5017<\/option><option value=\"\"><\/option><option value=\"EURODRILL HD 8021\">EURODRILL HD 8021<\/option><option value=\"\"><\/option><option value=\"EURODRILL HD 8032\">EURODRILL HD 8032<\/option><\/select><\/span><\/p>\n<p> THREAD TYPE - RH (Filetto Destro) - LH (Filetto Sinistro)<br \/>\n<span class=\"wpcf7-form-control-wrap menu-3303\"><select name=\"menu-3303\" class=\"wpcf7-form-control wpcf7-select wpcf7-validates-as-required\" aria-required=\"true\" aria-invalid=\"false\"><option value=\"R32 LH Pin\">R32 LH Pin<\/option><option value=\"R44 LH Pin\">R44 LH Pin<\/option><option value=\"R44 RH Pin\">R44 RH Pin<\/option><option value=\"R38 LH Pin\">R38 LH Pin<\/option><option value=\"T38 LH Pin\">T38 LH Pin<\/option><option value=\"T38 LH Box\">T38 LH Box<\/option><option value=\"T45 LH Pin\">T45 LH Pin<\/option><option value=\"T45 LH Box\">T45 LH Box<\/option><option value=\"T51 LH Pin\">T51 LH Pin<\/option><option value=\"H55 RH Pin\">H55 RH Pin<\/option><option value=\"H55 LH Pin\">H55 LH Pin<\/option><option value=\"H55 RH Pin \/ R32 LH Box\">H55 RH Pin \/ R32 LH Box<\/option><option value=\"H64 RH Pin\">H64 RH Pin<\/option><option value=\"H64 LH Pin\">H64 LH Pin<\/option><option value=\"H66 RH Pin \/ R38 LH Box\">H66 RH Pin \/ R38 LH Box<\/option><option value=\"H90 LH Pin\">H90 LH Pin<\/option><option value=\"H90 RH Pin\">H90 RH Pin<\/option><option value=\"H92 LH Pin\">H92 LH Pin<\/option><option value=\"H92 RH Pin\">H92 RH Pin<\/option><option value=\"H112 LH Pin\">H112 LH Pin<\/option><option value=\"H112 RH Pin\">H112 RH Pin<\/option><option value=\"H114 LH Pin\">H114 LH Pin<\/option><option value=\"H114 RH Pin\">H114 RH Pin<\/option><\/select><\/span><\/p>\n<p> QUANTITY<br \/>\n<span class=\"wpcf7-form-control-wrap text-3304\"><input type=\"text\" name=\"text-3304\" value=\"\" size=\"40\" class=\"wpcf7-form-control wpcf7-text wpcf7-validates-as-required\" aria-required=\"true\" aria-invalid=\"false\" placeholder=\"N\u00b0 Pz\" \/><\/span><\/p>\n<p> COMPANY NAME<br \/>\n<span class=\"wpcf7-form-control-wrap text-3305\"><input type=\"text\" name=\"text-3305\" value=\"\" size=\"40\" class=\"wpcf7-form-control wpcf7-text wpcf7-validates-as-required\" aria-required=\"true\" aria-invalid=\"false\" placeholder=\"COMPANY\" \/><\/span><\/p>\n<p> COUNTRY<br \/>\n<span class=\"wpcf7-form-control-wrap text-3306\"><input type=\"text\" name=\"text-3306\" value=\"\" size=\"40\" class=\"wpcf7-form-control wpcf7-text wpcf7-validates-as-required\" aria-required=\"true\" aria-invalid=\"false\" placeholder=\"COUNTRY\" \/><\/span><\/p>\n<p> EMAIL ADDRESS<br \/>\n<span class=\"wpcf7-form-control-wrap your-email\"><input type=\"email\" name=\"your-email\" value=\"\" size=\"40\" class=\"wpcf7-form-control wpcf7-text wpcf7-email wpcf7-validates-as-required wpcf7-validates-as-email\" aria-required=\"true\" aria-invalid=\"false\" placeholder=\"EMAIL\" \/><\/span> <\/p>\n<p> TELEPHONE NUMBER<br \/>\n<span class=\"wpcf7-form-control-wrap your\"><input type=\"tel\" name=\"your\" value=\"\" size=\"40\" class=\"wpcf7-form-control wpcf7-text wpcf7-tel wpcf7-validates-as-required wpcf7-validates-as-tel\" aria-required=\"true\" aria-invalid=\"false\" placeholder=\"TELEPHONE\" \/><\/span><\/p>\n<p><input type=\"submit\" value=\"SEND REQUEST OFFER\" class=\"wpcf7-form-control wpcf7-submit\" \/><\/p>\n<div class=\"wpcf7-response-output\" aria-hidden=\"true\"><\/div><\/form><\/div>[\/vc_column_text][\/vc_column][\/vc_row][vc_row][vc_column width=\u00bb1\/1&#8243;][vc_tabs][vc_tab title=\u00bbPRODUCTION PROCESS\u00bb tab_id=\u00bb1549191540-1-33&#8243;][vc_row_inner][vc_column_inner width=\u00bb1\/2&#8243;][vc_column_text]Construidas para ser perfectamente adecuadas a todos tipos de perforadoras hidr\u00e1ulicas y neum\u00e1ticas y martillos, nuestras Adaptadores de Culata est\u00e1n disponibles en una amplia gama de roscas est\u00e1ndar.<\/p>\n<p dir=\"ltr\">El proceso de rectificado de precisi\u00f3n garantiza la rectitud, la concentricidad y la tolerancia de los di\u00e1metros. Las enmangaduras son sometidas a tratamientos t\u00e9rmicos avanzados.<\/p>\n<p>[\/vc_column_text][\/vc_column_inner][vc_column_inner column_width_percent=\u00bb67&#8243; position_vertical=\u00bbmiddle\u00bb align_horizontal=\u00bbalign_center\u00bb gutter_size=\u00bb3&#8243; overlay_alpha=\u00bb50&#8243; medium_width=\u00bb0&#8243; mobile_width=\u00bb0&#8243; shift_x=\u00bb0&#8243; shift_y=\u00bb0&#8243; shift_y_down=\u00bb0&#8243; z_index=\u00bb0&#8243; width=\u00bb1\/2&#8243;][vc_single_image media=\u00bb824&#8243; media_lightbox=\u00bbyes\u00bb media_width_percent=\u00bb100&#8243;][\/vc_column_inner][\/vc_row_inner][\/vc_tab][vc_tab title=\u00bbSHANK ADAPTERS TO REQUEST OF CUSTOMER\u00bb tab_id=\u00bb1549191540-2-7&#8243;][vc_row_inner][vc_column_inner width=\u00bb1\/1&#8243;][vc_empty_space empty_h=\u00bb1&#8243;][\/vc_column_inner][\/vc_row_inner][vc_row_inner][vc_column_inner width=\u00bb1\/3&#8243;][vc_column_text]<br \/>\nNuestra experiencia nos permite producir enmangaduras para perforadoras hidraulicas y neumaticas a petici\u00f3n del cliente, asegurando una perfecta compatibilidad.<br \/>\n[\/vc_column_text][\/vc_column_inner][vc_column_inner column_width_percent=\u00bb100&#8243; position_vertical=\u00bbmiddle\u00bb align_horizontal=\u00bbalign_center\u00bb gutter_size=\u00bb3&#8243; overlay_alpha=\u00bb50&#8243; medium_width=\u00bb0&#8243; mobile_width=\u00bb0&#8243; shift_x=\u00bb0&#8243; shift_y=\u00bb0&#8243; shift_y_down=\u00bb0&#8243; z_index=\u00bb0&#8243; width=\u00bb1\/3&#8243;][vc_column_text]<\/p>\n<p style=\"text-align: left;\"><strong>\u2022 ATLAS COPCO<\/strong><br \/>\n<strong>\u2022 SANDVIK<\/strong><br \/>\n<strong>\u2022 BOART LONGYEAR<\/strong><br \/>\n<strong>\u2022\u00a0FURUKAWA<\/strong><br \/>\n<strong>\u2022 KLEMM<\/strong><br \/>\n<strong>\u2022 GARDNER DENVER<\/strong><br \/>\n<strong>\u2022\u00a0INGERSOLL RAND<\/strong><br \/>\n<strong>\u2022\u00a0KRUPP<\/strong><br \/>\n<strong>\u2022\u00a0EURODRILL<\/strong><br \/>\n<strong>\u2022 MONTABERT<\/strong><br \/>\n<strong>\u2022\u00a0TAMROCK<\/strong><br \/>\n<strong>\u2022 SIG<\/strong><br \/>\n<strong>\u2022 SECOMA<\/strong><\/p>\n<p>[\/vc_column_text][\/vc_column_inner][vc_column_inner width=\u00bb1\/3&#8243;][vc_single_image media=\u00bb826&#8243; media_lightbox=\u00bbyes\u00bb media_width_percent=\u00bb100&#8243;][\/vc_column_inner][\/vc_row_inner][\/vc_tab][\/vc_tabs][\/vc_column][\/vc_row]<\/p>\n<\/div>","protected":false},"excerpt":{"rendered":"<p>[vc_row unlock_row_content=\u00bbyes\u00bb row_height_percent=\u00bb0&#8243; back_color=\u00bbaccent\u00bb overlay_alpha=\u00bb50&#8243; gutter_size=\u00bb3&#8243; column_width_percent=\u00bb100&#8243; shift_y=\u00bb0&#8243; z_index=\u00bb0&#8243;][vc_column column_width_percent=\u00bb100&#8243; align_horizontal=\u00bbalign_center\u00bb style=\u00bbdark\u00bb overlay_alpha=\u00bb50&#8243; gutter_size=\u00bb3&#8243; medium_width=\u00bb0&#8243; mobile_width=\u00bb0&#8243; shift_x=\u00bb0&#8243; shift_y=\u00bb0&#8243; shift_y_down=\u00bb0&#8243; z_index=\u00bb0&#8243; [&hellip;]<\/p>\n","protected":false},"author":1,"featured_media":0,"parent":0,"menu_order":0,"comment_status":"closed","ping_status":"closed","template":"","meta":[],"yoast_head":"<!-- This site is optimized with the Yoast SEO Premium plugin v16.0.2 (Yoast SEO v18.2) - https:\/\/yoast.com\/wordpress\/plugins\/seo\/ -->\n<title>martillo-en-cabeza | Ocma<\/title>\n<meta name=\"robots\" content=\"index, follow, max-snippet:-1, max-image-preview:large, max-video-preview:-1\" \/>\n<link rel=\"canonical\" href=\"https:\/\/www.ocmasrl.com\/es\/martillo-en-cabeza\/\" \/>\n<meta property=\"og:locale\" content=\"es_ES\" \/>\n<meta property=\"og:type\" content=\"article\" \/>\n<meta property=\"og:title\" content=\"martillo-en-cabeza | Ocma\" \/>\n<meta property=\"og:description\" content=\"[vc_row unlock_row_content=\u00bbyes\u00bb row_height_percent=\u00bb0&#8243; back_color=\u00bbaccent\u00bb overlay_alpha=\u00bb50&#8243; gutter_size=\u00bb3&#8243; column_width_percent=\u00bb100&#8243; shift_y=\u00bb0&#8243; z_index=\u00bb0&#8243;][vc_column column_width_percent=\u00bb100&#8243; align_horizontal=\u00bbalign_center\u00bb style=\u00bbdark\u00bb overlay_alpha=\u00bb50&#8243; gutter_size=\u00bb3&#8243; medium_width=\u00bb0&#8243; mobile_width=\u00bb0&#8243; shift_x=\u00bb0&#8243; shift_y=\u00bb0&#8243; shift_y_down=\u00bb0&#8243; z_index=\u00bb0&#8243; [&hellip;]\" \/>\n<meta property=\"og:url\" content=\"https:\/\/www.ocmasrl.com\/es\/martillo-en-cabeza\/\" \/>\n<meta property=\"og:site_name\" content=\"Ocma\" \/>\n<meta property=\"article:publisher\" content=\"https:\/\/www.facebook.com\/OCMA-DrillTech-227901890599501\/\" \/>\n<meta property=\"article:modified_time\" content=\"2020-01-17T17:59:11+00:00\" \/>\n<meta name=\"twitter:card\" content=\"summary_large_image\" \/>\n<meta name=\"twitter:label1\" content=\"Tiempo de lectura\" \/>\n\t<meta name=\"twitter:data1\" content=\"3 minutos\" \/>\n<script type=\"application\/ld+json\" class=\"yoast-schema-graph\">{\"@context\":\"https:\/\/schema.org\",\"@graph\":[{\"@type\":\"Organization\",\"@id\":\"https:\/\/www.ocmasrl.com\/#organization\",\"name\":\"OCMA s.r.l.\",\"url\":\"https:\/\/www.ocmasrl.com\/\",\"sameAs\":[\"https:\/\/www.facebook.com\/OCMA-DrillTech-227901890599501\/\",\"https:\/\/www.instagram.com\/ocmadrilltech\/\"],\"logo\":{\"@type\":\"ImageObject\",\"@id\":\"https:\/\/www.ocmasrl.com\/#logo\",\"inLanguage\":\"es\",\"url\":\"https:\/\/www.ocmasrl.com\/wp-content\/uploads\/OCMA-DrillTech.jpg\",\"contentUrl\":\"https:\/\/www.ocmasrl.com\/wp-content\/uploads\/OCMA-DrillTech.jpg\",\"width\":575,\"height\":105,\"caption\":\"OCMA s.r.l.\"},\"image\":{\"@id\":\"https:\/\/www.ocmasrl.com\/#logo\"}},{\"@type\":\"WebSite\",\"@id\":\"https:\/\/www.ocmasrl.com\/#website\",\"url\":\"https:\/\/www.ocmasrl.com\/\",\"name\":\"Ocma\",\"description\":\"Martelli Fondo Foro\",\"publisher\":{\"@id\":\"https:\/\/www.ocmasrl.com\/#organization\"},\"potentialAction\":[{\"@type\":\"SearchAction\",\"target\":{\"@type\":\"EntryPoint\",\"urlTemplate\":\"https:\/\/www.ocmasrl.com\/?s={search_term_string}\"},\"query-input\":\"required name=search_term_string\"}],\"inLanguage\":\"es\"},{\"@type\":\"WebPage\",\"@id\":\"https:\/\/www.ocmasrl.com\/es\/martillo-en-cabeza\/#webpage\",\"url\":\"https:\/\/www.ocmasrl.com\/es\/martillo-en-cabeza\/\",\"name\":\"martillo-en-cabeza | Ocma\",\"isPartOf\":{\"@id\":\"https:\/\/www.ocmasrl.com\/#website\"},\"datePublished\":\"2020-01-17T17:55:57+00:00\",\"dateModified\":\"2020-01-17T17:59:11+00:00\",\"breadcrumb\":{\"@id\":\"https:\/\/www.ocmasrl.com\/es\/martillo-en-cabeza\/#breadcrumb\"},\"inLanguage\":\"es\",\"potentialAction\":[{\"@type\":\"ReadAction\",\"target\":[\"https:\/\/www.ocmasrl.com\/es\/martillo-en-cabeza\/\"]}]},{\"@type\":\"BreadcrumbList\",\"@id\":\"https:\/\/www.ocmasrl.com\/es\/martillo-en-cabeza\/#breadcrumb\",\"itemListElement\":[{\"@type\":\"ListItem\",\"position\":1,\"name\":\"Home\",\"item\":\"https:\/\/www.ocmasrl.com\/es\/\"},{\"@type\":\"ListItem\",\"position\":2,\"name\":\"martillo-en-cabeza\"}]}]}<\/script>\n<!-- \/ Yoast SEO Premium plugin. -->","yoast_head_json":{"title":"martillo-en-cabeza | Ocma","robots":{"index":"index","follow":"follow","max-snippet":"max-snippet:-1","max-image-preview":"max-image-preview:large","max-video-preview":"max-video-preview:-1"},"canonical":"https:\/\/www.ocmasrl.com\/es\/martillo-en-cabeza\/","og_locale":"es_ES","og_type":"article","og_title":"martillo-en-cabeza | Ocma","og_description":"[vc_row unlock_row_content=\u00bbyes\u00bb row_height_percent=\u00bb0&#8243; back_color=\u00bbaccent\u00bb overlay_alpha=\u00bb50&#8243; gutter_size=\u00bb3&#8243; column_width_percent=\u00bb100&#8243; shift_y=\u00bb0&#8243; z_index=\u00bb0&#8243;][vc_column column_width_percent=\u00bb100&#8243; align_horizontal=\u00bbalign_center\u00bb style=\u00bbdark\u00bb overlay_alpha=\u00bb50&#8243; gutter_size=\u00bb3&#8243; medium_width=\u00bb0&#8243; mobile_width=\u00bb0&#8243; shift_x=\u00bb0&#8243; shift_y=\u00bb0&#8243; shift_y_down=\u00bb0&#8243; z_index=\u00bb0&#8243; [&hellip;]","og_url":"https:\/\/www.ocmasrl.com\/es\/martillo-en-cabeza\/","og_site_name":"Ocma","article_publisher":"https:\/\/www.facebook.com\/OCMA-DrillTech-227901890599501\/","article_modified_time":"2020-01-17T17:59:11+00:00","twitter_card":"summary_large_image","twitter_misc":{"Tiempo de lectura":"3 minutos"},"schema":{"@context":"https:\/\/schema.org","@graph":[{"@type":"Organization","@id":"https:\/\/www.ocmasrl.com\/#organization","name":"OCMA s.r.l.","url":"https:\/\/www.ocmasrl.com\/","sameAs":["https:\/\/www.facebook.com\/OCMA-DrillTech-227901890599501\/","https:\/\/www.instagram.com\/ocmadrilltech\/"],"logo":{"@type":"ImageObject","@id":"https:\/\/www.ocmasrl.com\/#logo","inLanguage":"es","url":"https:\/\/www.ocmasrl.com\/wp-content\/uploads\/OCMA-DrillTech.jpg","contentUrl":"https:\/\/www.ocmasrl.com\/wp-content\/uploads\/OCMA-DrillTech.jpg","width":575,"height":105,"caption":"OCMA s.r.l."},"image":{"@id":"https:\/\/www.ocmasrl.com\/#logo"}},{"@type":"WebSite","@id":"https:\/\/www.ocmasrl.com\/#website","url":"https:\/\/www.ocmasrl.com\/","name":"Ocma","description":"Martelli Fondo Foro","publisher":{"@id":"https:\/\/www.ocmasrl.com\/#organization"},"potentialAction":[{"@type":"SearchAction","target":{"@type":"EntryPoint","urlTemplate":"https:\/\/www.ocmasrl.com\/?s={search_term_string}"},"query-input":"required name=search_term_string"}],"inLanguage":"es"},{"@type":"WebPage","@id":"https:\/\/www.ocmasrl.com\/es\/martillo-en-cabeza\/#webpage","url":"https:\/\/www.ocmasrl.com\/es\/martillo-en-cabeza\/","name":"martillo-en-cabeza | Ocma","isPartOf":{"@id":"https:\/\/www.ocmasrl.com\/#website"},"datePublished":"2020-01-17T17:55:57+00:00","dateModified":"2020-01-17T17:59:11+00:00","breadcrumb":{"@id":"https:\/\/www.ocmasrl.com\/es\/martillo-en-cabeza\/#breadcrumb"},"inLanguage":"es","potentialAction":[{"@type":"ReadAction","target":["https:\/\/www.ocmasrl.com\/es\/martillo-en-cabeza\/"]}]},{"@type":"BreadcrumbList","@id":"https:\/\/www.ocmasrl.com\/es\/martillo-en-cabeza\/#breadcrumb","itemListElement":[{"@type":"ListItem","position":1,"name":"Home","item":"https:\/\/www.ocmasrl.com\/es\/"},{"@type":"ListItem","position":2,"name":"martillo-en-cabeza"}]}]}},"_links":{"self":[{"href":"https:\/\/www.ocmasrl.com\/es\/wp-json\/wp\/v2\/pages\/5532"}],"collection":[{"href":"https:\/\/www.ocmasrl.com\/es\/wp-json\/wp\/v2\/pages"}],"about":[{"href":"https:\/\/www.ocmasrl.com\/es\/wp-json\/wp\/v2\/types\/page"}],"author":[{"embeddable":true,"href":"https:\/\/www.ocmasrl.com\/es\/wp-json\/wp\/v2\/users\/1"}],"replies":[{"embeddable":true,"href":"https:\/\/www.ocmasrl.com\/es\/wp-json\/wp\/v2\/comments?post=5532"}],"version-history":[{"count":2,"href":"https:\/\/www.ocmasrl.com\/es\/wp-json\/wp\/v2\/pages\/5532\/revisions"}],"predecessor-version":[{"id":5537,"href":"https:\/\/www.ocmasrl.com\/es\/wp-json\/wp\/v2\/pages\/5532\/revisions\/5537"}],"wp:attachment":[{"href":"https:\/\/www.ocmasrl.com\/es\/wp-json\/wp\/v2\/media?parent=5532"}],"curies":[{"name":"wp","href":"https:\/\/api.w.org\/{rel}","templated":true}]}}