{"id":5606,"date":"2020-01-20T12:21:53","date_gmt":"2020-01-20T12:21:53","guid":{"rendered":"http:\/\/omiwebdev.it\/ocma_n\/martillos-en-fondo-pmk\/"},"modified":"2023-05-26T17:00:24","modified_gmt":"2023-05-26T17:00:24","slug":"martillos-en-fondo-pmk","status":"publish","type":"page","link":"https:\/\/www.ocmasrl.com\/es\/martillos-en-fondo-pmk\/","title":{"rendered":"Martillos en Fondo PMK"},"content":{"rendered":"<div class=\"wpb-content-wrapper\"><p>[vc_row unlock_row_content=\u00bbyes\u00bb row_height_percent=\u00bb0&#8243; back_color=\u00bbaccent\u00bb overlay_alpha=\u00bb50&#8243; gutter_size=\u00bb3&#8243; column_width_percent=\u00bb100&#8243; shift_y=\u00bb0&#8243; z_index=\u00bb0&#8243;][vc_column column_width_percent=\u00bb100&#8243; align_horizontal=\u00bbalign_center\u00bb gutter_size=\u00bb3&#8243; style=\u00bbdark\u00bb overlay_alpha=\u00bb50&#8243; shift_x=\u00bb0&#8243; shift_y=\u00bb0&#8243; shift_y_down=\u00bb0&#8243; z_index=\u00bb0&#8243; medium_width=\u00bb0&#8243; mobile_width=\u00bb0&#8243; width=\u00bb1\/1&#8243;][vc_custom_heading]Martillos en Fondo Serie PMK[\/vc_custom_heading][\/vc_column][\/vc_row][vc_row][vc_column width=\u00bb5\/6&#8243;][vc_single_image media=\u00bb1519&#8243; media_lightbox=\u00bbyes\u00bb media_width_percent=\u00bb100&#8243;][vc_custom_heading text_color=\u00bbcolor-153373&#8243; css_animation=\u00bbzoom-in\u00bb animation_speed=\u00bb1000&#8243; animation_delay=\u00bb600&#8243;]<strong>La Mejor Serie de Martillos por Fiabilidad \/ Rendimiento <\/strong>[\/vc_custom_heading][vc_column_text]Los Martillos en Fondo serie PMK son la mejor soluci\u00f3n para contratistas de perforaci\u00f3n y operadores que buscan la m\u00e1xima productividad, confiabilidad y nivel de precios. La gama PMK ha estado en el mercado mundial m\u00e1s de 10 a\u00f1os, experimentando mejoras continuas a lo largo de los a\u00f1os para satisfacer las diversas necesidades de los clientes. La serie PMK se puedon utilizar para todas las aplicaciones de perforaci\u00f3n, como perforaci\u00f3n de pozos de agua, perforaci\u00f3n de canteras, construcci\u00f3n de t\u00faneles. perforaci\u00f3n geot\u00e9rmica, perforaci\u00f3n de construcci\u00f3n, pilotes y micropilotes. Disponible con mango de broca Ingersoll Rand &#8211; Atlas Copco &#8211; Epiroc &#8211; Sandvik &#8211; Numa y Halco.[\/vc_column_text][vc_row_inner limit_content=\u00bb\u00bb][vc_column_inner width=\u00bb1\/1&#8243;][vc_empty_space empty_h=\u00bb2&#8243;][vc_custom_heading heading_semantic=\u00bbh4&#8243; text_size=\u00bbh4&#8243; text_color=\u00bbcolor-153373&#8243; css_animation=\u00bbzoom-in\u00bb]SOLICITE SU MARTILLO EN FONDO SERIE PMK[\/vc_custom_heading][vc_column_text]<div role=\"form\" class=\"wpcf7\" id=\"wpcf7-f2791-o1\" lang=\"it-IT\" dir=\"ltr\">\n<div class=\"screen-reader-response\"><p role=\"status\" aria-live=\"polite\" aria-atomic=\"true\"><\/p> <ul><\/ul><\/div>\n<form action=\"\/es\/wp-json\/wp\/v2\/pages\/5606#wpcf7-f2791-o1\" method=\"post\" class=\"wpcf7-form init\" novalidate=\"novalidate\" data-status=\"init\">\n<div style=\"display: none;\">\n<input type=\"hidden\" name=\"_wpcf7\" value=\"2791\" \/>\n<input type=\"hidden\" name=\"_wpcf7_version\" value=\"5.4\" \/>\n<input type=\"hidden\" name=\"_wpcf7_locale\" value=\"it_IT\" \/>\n<input type=\"hidden\" name=\"_wpcf7_unit_tag\" value=\"wpcf7-f2791-o1\" \/>\n<input type=\"hidden\" name=\"_wpcf7_container_post\" value=\"0\" \/>\n<input type=\"hidden\" name=\"_wpcf7_posted_data_hash\" value=\"\" \/>\n<input type=\"hidden\" name=\"_wpcf7_recaptcha_response\" value=\"\" \/>\n<\/div>\n<p>DTH HAMMER Model Serie PMK<br \/>\n<span class=\"wpcf7-form-control-wrap menu-5000\"><select name=\"menu-5000\" class=\"wpcf7-form-control wpcf7-select wpcf7-validates-as-required\" aria-required=\"true\" aria-invalid=\"false\"><option value=\"2&quot; HAMMER - PMK 200HD Shank BR2\">2&quot; HAMMER - PMK 200HD Shank BR2<\/option><option value=\"\"><\/option><option value=\"3&quot; HAMMER - PMK 300HD Shank DHD 3.5\">3&quot; HAMMER - PMK 300HD Shank DHD 3.5<\/option><option value=\"3&quot; HAMMER - PMK 350HD Shank DHD 3.5\">3&quot; HAMMER - PMK 350HD Shank DHD 3.5<\/option><option value=\"\"><\/option><option value=\"4&quot; HAMMER - PMK 400HD Shank DHD 340\">4&quot; HAMMER - PMK 400HD Shank DHD 340<\/option><option value=\"4&quot; HAMMER - PMK 400HTD Shank TD40\/COPP44GE\">4&quot; HAMMER - PMK 400HTD Shank TD40\/COPP44GE<\/option><option value=\"4&quot; HAMMER - PMK 400HMD Shank MD4\">4&quot; HAMMER - PMK 400HMD Shank MD4<\/option><option value=\"4&quot; HAMMER - PMK 400HMH Shank MACH44\">4&quot; HAMMER - PMK 400HMH Shank MACH44<\/option><option value=\"\"><\/option><option value=\"5&quot; HAMMER - PMK 500HD Shank DHD 350\">5&quot; HAMMER - PMK 500HD Shank DHD 350<\/option><option value=\"5&quot; HAMMER - PMK 500HMH Shank MACH 50\">5&quot; HAMMER - PMK 500HMH Shank MACH 50<\/option><option value=\"5&quot; HAMMER - PMK 500HQ Shank QL50\">5&quot; HAMMER - PMK 500HQ Shank QL50<\/option><option value=\"5&quot; HAMMER - PMK 500HMD Shank MACH 50\">5&quot; HAMMER - PMK 500HMD Shank MACH 50<\/option><option value=\"5&quot; HAMMER - PMK 500HS Shank SD5\">5&quot; HAMMER - PMK 500HS Shank SD5<\/option><option value=\"5&quot; HAMMER - PMK 500VD Shank DHD 350\">5&quot; HAMMER - PMK 500VD Shank DHD 350<\/option><option value=\"5&quot; HAMMER - PMK 500VS Shank SD5\">5&quot; HAMMER - PMK 500VS Shank SD5<\/option><option value=\"\"><\/option><option value=\"6&quot; HAMMER - PMK 600HD Shank DHD 360\">6&quot; HAMMER - PMK 600HD Shank DHD 360<\/option><option value=\"6&quot; HAMMER - PMK 600HQ Shank QL60\">6&quot; HAMMER - PMK 600HQ Shank QL60<\/option><option value=\"6&quot; HAMMER - PMK 600HS Shank SD6\">6&quot; HAMMER - PMK 600HS Shank SD6<\/option><option value=\"6&quot; HAMMER - PMK 600HMH Shank MACH 60\">6&quot; HAMMER - PMK 600HMH Shank MACH 60<\/option><option value=\"\"><\/option><option value=\"8&quot; HAMMER - PMK 800HS Shank SD8\">8&quot; HAMMER - PMK 800HS Shank SD8<\/option><option value=\"8&quot; HAMMER - PMK 800S HD Shank DHD380\">8&quot; HAMMER - PMK 800S HD Shank DHD380<\/option><option value=\"8&quot; HAMMER - PMK 800S HQ Shank QL80\">8&quot; HAMMER - PMK 800S HQ Shank QL80<\/option><option value=\"8&quot; HAMMER - PMK 800S MHM Shank MACH 80\">8&quot; HAMMER - PMK 800S MHM Shank MACH 80<\/option><option value=\"\"><\/option><option value=\"10&quot; HAMMER - PMK 1000HS Shank SD10\">10&quot; HAMMER - PMK 1000HS Shank SD10<\/option><option value=\"10&quot; HAMMER - PMK 1000HC Shank N100\">10&quot; HAMMER - PMK 1000HC Shank N100<\/option><option value=\"\"><\/option><option value=\"12&quot; HAMMER - PMK 1200HS Shank SD12\">12&quot; HAMMER - PMK 1200HS Shank SD12<\/option><option value=\"12&quot; HAMMER - PMK 1200HD Shank DHD 112\">12&quot; HAMMER - PMK 1200HD Shank DHD 112<\/option><option value=\"12&quot; HAMMER - PMK 1200HN Shank N120\">12&quot; HAMMER - PMK 1200HN Shank N120<\/option><option value=\"12&quot; HAMMER - PMK 1200HNS Shank N125\">12&quot; HAMMER - PMK 1200HNS Shank N125<\/option><\/select><\/span><\/p>\n<p> QUANTITY<br \/>\n<span class=\"wpcf7-form-control-wrap text-5001\"><input type=\"text\" name=\"text-5001\" value=\"\" size=\"40\" class=\"wpcf7-form-control wpcf7-text wpcf7-validates-as-required\" aria-required=\"true\" aria-invalid=\"false\" placeholder=\"N\u00b0 Pcs\" \/><\/span><\/p>\n<p> COMPANY NAME<br \/>\n<span class=\"wpcf7-form-control-wrap text-5002\"><input type=\"text\" name=\"text-5002\" value=\"\" size=\"40\" class=\"wpcf7-form-control wpcf7-text wpcf7-validates-as-required\" aria-required=\"true\" aria-invalid=\"false\" placeholder=\"COMPANY\" \/><\/span><\/p>\n<p> COUNTRY<br \/>\n<span class=\"wpcf7-form-control-wrap text-5003\"><input type=\"text\" name=\"text-5003\" value=\"\" size=\"40\" class=\"wpcf7-form-control wpcf7-text wpcf7-validates-as-required\" aria-required=\"true\" aria-invalid=\"false\" placeholder=\"COUNTRY\" \/><\/span><\/p>\n<p> EMAIL Address<br \/>\n<span class=\"wpcf7-form-control-wrap your-email\"><input type=\"email\" name=\"your-email\" value=\"\" size=\"40\" class=\"wpcf7-form-control wpcf7-text wpcf7-email wpcf7-validates-as-required wpcf7-validates-as-email\" aria-required=\"true\" aria-invalid=\"false\" placeholder=\"EMAIL\" \/><\/span> <\/p>\n<p> TELEPHONE NUMBER<br \/>\n<span class=\"wpcf7-form-control-wrap your\"><input type=\"tel\" name=\"your\" value=\"\" size=\"40\" class=\"wpcf7-form-control wpcf7-text wpcf7-tel wpcf7-validates-as-required wpcf7-validates-as-tel\" aria-required=\"true\" aria-invalid=\"false\" placeholder=\"TELEPHONE\" \/><\/span><\/p>\n<p><input type=\"submit\" value=\"SEND REQUEST OFFER\" class=\"wpcf7-form-control wpcf7-submit\" \/><\/p>\n<div class=\"wpcf7-response-output\" aria-hidden=\"true\"><\/div><\/form><\/div>[\/vc_column_text][\/vc_column_inner][\/vc_row_inner][\/vc_column][vc_column width=\u00bb1\/6&#8243;][vc_button button_color=\u00bbaccent\u00bb radius=\u00bbbtn-square\u00bb wide=\u00bbyes\u00bb border_width=\u00bb0&#8243; link=\u00bburl:https%3A%2F%2Fwww.ocmasrl.com%2Fes%2Fmartillos-en-fondo%2Fmartillo-en-fondo-2%2F|\u00bb]2&#8243; SERIES[\/vc_button][vc_button button_color=\u00bbaccent\u00bb wide=\u00bbyes\u00bb border_width=\u00bb0&#8243; link=\u00bburl:https%3A%2F%2Fwww.ocmasrl.com%2Fes%2Fmartillos-en-fondo%2Fmartillo-en-fondo-3%2F|\u00bb]3&#8243; SERIES[\/vc_button][vc_button button_color=\u00bbaccent\u00bb wide=\u00bbyes\u00bb border_width=\u00bb0&#8243; link=\u00bburl:https%3A%2F%2Fwww.ocmasrl.com%2Fes%2Fmartillos-en-fondo%2Fmartillo-en-fondo-3-5%2F|\u00bb]3.5&#8243; SERIES[\/vc_button][vc_button button_color=\u00bbaccent\u00bb wide=\u00bbyes\u00bb border_width=\u00bb0&#8243; link=\u00bburl:https%3A%2F%2Fwww.ocmasrl.com%2Fes%2Fmartillos-en-fondo%2Fmartillo-en-fondo-4%2F|\u00bb]4&#8243; SERIES[\/vc_button][vc_button button_color=\u00bbaccent\u00bb wide=\u00bbyes\u00bb border_width=\u00bb0&#8243; link=\u00bburl:https%3A%2F%2Fwww.ocmasrl.com%2Fes%2Fmartillos-en-fondo%2Fmartillo-en-fondo-5%2F|\u00bb]5&#8243; SERIES[\/vc_button][vc_button button_color=\u00bbaccent\u00bb wide=\u00bbyes\u00bb border_width=\u00bb0&#8243; link=\u00bburl:https%3A%2F%2Fwww.ocmasrl.com%2Fes%2Fmartillos-en-fondo%2Fmartillo-en-fondo-6%2F|\u00bb]6&#8243; SERIES[\/vc_button][vc_button button_color=\u00bbaccent\u00bb wide=\u00bbyes\u00bb border_width=\u00bb0&#8243; link=\u00bburl:https%3A%2F%2Fwww.ocmasrl.com%2Fes%2Fmartillos-en-fondo%2Fmartillo-en-fondo-8%2F|\u00bb]8&#8243; SERIES[\/vc_button][vc_button button_color=\u00bbaccent\u00bb wide=\u00bbyes\u00bb border_width=\u00bb0&#8243; link=\u00bburl:https%3A%2F%2Fwww.ocmasrl.com%2Fes%2Fmartillos-en-fondo%2Fmartillo-en-fondo-10%2F|\u00bb]10&#8243; SERIES[\/vc_button][vc_button button_color=\u00bbaccent\u00bb wide=\u00bbyes\u00bb border_width=\u00bb0&#8243; link=\u00bburl:https%3A%2F%2Fwww.ocmasrl.com%2Fes%2Fmartillos-en-fondo%2Fmartillo-en-fondo-12%2F|\u00bb]12&#8243; SERIES[\/vc_button][\/vc_column][\/vc_row]<\/p>\n<\/div>","protected":false},"excerpt":{"rendered":"<p>[vc_row unlock_row_content=\u00bbyes\u00bb row_height_percent=\u00bb0&#8243; back_color=\u00bbaccent\u00bb overlay_alpha=\u00bb50&#8243; gutter_size=\u00bb3&#8243; column_width_percent=\u00bb100&#8243; shift_y=\u00bb0&#8243; z_index=\u00bb0&#8243;][vc_column column_width_percent=\u00bb100&#8243; align_horizontal=\u00bbalign_center\u00bb gutter_size=\u00bb3&#8243; style=\u00bbdark\u00bb overlay_alpha=\u00bb50&#8243; shift_x=\u00bb0&#8243; shift_y=\u00bb0&#8243; shift_y_down=\u00bb0&#8243; z_index=\u00bb0&#8243; medium_width=\u00bb0&#8243; mobile_width=\u00bb0&#8243; [&hellip;]<\/p>\n","protected":false},"author":1,"featured_media":0,"parent":0,"menu_order":0,"comment_status":"closed","ping_status":"closed","template":"","meta":[],"yoast_head":"<!-- This site is optimized with the Yoast SEO Premium plugin v16.0.2 (Yoast SEO v18.2) - https:\/\/yoast.com\/wordpress\/plugins\/seo\/ -->\n<title>Martillos en Fondo PMK | BROCAS MARTILLOS EN FONDO | Ocma<\/title>\n<meta name=\"description\" content=\"Los Martillos en Fondo serie PMK son la mejor soluci\u00f3n para contratistas de perforaci\u00f3n y operadores que buscan la m\u00e1xima productividad, confiabilidad y nivel de precios.\" \/>\n<meta name=\"robots\" content=\"index, follow, max-snippet:-1, max-image-preview:large, max-video-preview:-1\" \/>\n<link rel=\"canonical\" href=\"https:\/\/www.ocmasrl.com\/es\/martillos-en-fondo-pmk\/\" \/>\n<meta property=\"og:locale\" content=\"es_ES\" \/>\n<meta property=\"og:type\" content=\"article\" \/>\n<meta property=\"og:title\" content=\"Martillos en Fondo PMK | BROCAS MARTILLOS EN FONDO | Ocma\" \/>\n<meta property=\"og:description\" content=\"Los Martillos en Fondo serie PMK son la mejor soluci\u00f3n para contratistas de perforaci\u00f3n y operadores que buscan la m\u00e1xima productividad, confiabilidad y nivel de precios.\" \/>\n<meta property=\"og:url\" content=\"https:\/\/www.ocmasrl.com\/es\/martillos-en-fondo-pmk\/\" \/>\n<meta property=\"og:site_name\" content=\"Ocma\" \/>\n<meta property=\"article:publisher\" content=\"https:\/\/www.facebook.com\/OCMA-DrillTech-227901890599501\/\" \/>\n<meta property=\"article:modified_time\" content=\"2023-05-26T17:00:24+00:00\" \/>\n<meta name=\"twitter:card\" content=\"summary_large_image\" \/>\n<meta name=\"twitter:label1\" content=\"Tiempo de lectura\" \/>\n\t<meta name=\"twitter:data1\" content=\"3 minutos\" \/>\n<script type=\"application\/ld+json\" class=\"yoast-schema-graph\">{\"@context\":\"https:\/\/schema.org\",\"@graph\":[{\"@type\":\"Organization\",\"@id\":\"https:\/\/www.ocmasrl.com\/#organization\",\"name\":\"OCMA s.r.l.\",\"url\":\"https:\/\/www.ocmasrl.com\/\",\"sameAs\":[\"https:\/\/www.facebook.com\/OCMA-DrillTech-227901890599501\/\",\"https:\/\/www.instagram.com\/ocmadrilltech\/\"],\"logo\":{\"@type\":\"ImageObject\",\"@id\":\"https:\/\/www.ocmasrl.com\/#logo\",\"inLanguage\":\"es\",\"url\":\"https:\/\/www.ocmasrl.com\/wp-content\/uploads\/OCMA-DrillTech.jpg\",\"contentUrl\":\"https:\/\/www.ocmasrl.com\/wp-content\/uploads\/OCMA-DrillTech.jpg\",\"width\":575,\"height\":105,\"caption\":\"OCMA s.r.l.\"},\"image\":{\"@id\":\"https:\/\/www.ocmasrl.com\/#logo\"}},{\"@type\":\"WebSite\",\"@id\":\"https:\/\/www.ocmasrl.com\/#website\",\"url\":\"https:\/\/www.ocmasrl.com\/\",\"name\":\"Ocma\",\"description\":\"Martelli Fondo Foro\",\"publisher\":{\"@id\":\"https:\/\/www.ocmasrl.com\/#organization\"},\"potentialAction\":[{\"@type\":\"SearchAction\",\"target\":{\"@type\":\"EntryPoint\",\"urlTemplate\":\"https:\/\/www.ocmasrl.com\/?s={search_term_string}\"},\"query-input\":\"required name=search_term_string\"}],\"inLanguage\":\"es\"},{\"@type\":\"WebPage\",\"@id\":\"https:\/\/www.ocmasrl.com\/es\/martillos-en-fondo-pmk\/#webpage\",\"url\":\"https:\/\/www.ocmasrl.com\/es\/martillos-en-fondo-pmk\/\",\"name\":\"Martillos en Fondo PMK | BROCAS MARTILLOS EN FONDO | Ocma\",\"isPartOf\":{\"@id\":\"https:\/\/www.ocmasrl.com\/#website\"},\"datePublished\":\"2020-01-20T12:21:53+00:00\",\"dateModified\":\"2023-05-26T17:00:24+00:00\",\"description\":\"Los Martillos en Fondo serie PMK son la mejor soluci\u00f3n para contratistas de perforaci\u00f3n y operadores que buscan la m\u00e1xima productividad, confiabilidad y nivel de precios.\",\"breadcrumb\":{\"@id\":\"https:\/\/www.ocmasrl.com\/es\/martillos-en-fondo-pmk\/#breadcrumb\"},\"inLanguage\":\"es\",\"potentialAction\":[{\"@type\":\"ReadAction\",\"target\":[\"https:\/\/www.ocmasrl.com\/es\/martillos-en-fondo-pmk\/\"]}]},{\"@type\":\"BreadcrumbList\",\"@id\":\"https:\/\/www.ocmasrl.com\/es\/martillos-en-fondo-pmk\/#breadcrumb\",\"itemListElement\":[{\"@type\":\"ListItem\",\"position\":1,\"name\":\"Home\",\"item\":\"https:\/\/www.ocmasrl.com\/es\/\"},{\"@type\":\"ListItem\",\"position\":2,\"name\":\"Martillos en Fondo PMK\"}]}]}<\/script>\n<!-- \/ Yoast SEO Premium plugin. -->","yoast_head_json":{"title":"Martillos en Fondo PMK | BROCAS MARTILLOS EN FONDO | Ocma","description":"Los Martillos en Fondo serie PMK son la mejor soluci\u00f3n para contratistas de perforaci\u00f3n y operadores que buscan la m\u00e1xima productividad, confiabilidad y nivel de precios.","robots":{"index":"index","follow":"follow","max-snippet":"max-snippet:-1","max-image-preview":"max-image-preview:large","max-video-preview":"max-video-preview:-1"},"canonical":"https:\/\/www.ocmasrl.com\/es\/martillos-en-fondo-pmk\/","og_locale":"es_ES","og_type":"article","og_title":"Martillos en Fondo PMK | BROCAS MARTILLOS EN FONDO | Ocma","og_description":"Los Martillos en Fondo serie PMK son la mejor soluci\u00f3n para contratistas de perforaci\u00f3n y operadores que buscan la m\u00e1xima productividad, confiabilidad y nivel de precios.","og_url":"https:\/\/www.ocmasrl.com\/es\/martillos-en-fondo-pmk\/","og_site_name":"Ocma","article_publisher":"https:\/\/www.facebook.com\/OCMA-DrillTech-227901890599501\/","article_modified_time":"2023-05-26T17:00:24+00:00","twitter_card":"summary_large_image","twitter_misc":{"Tiempo de lectura":"3 minutos"},"schema":{"@context":"https:\/\/schema.org","@graph":[{"@type":"Organization","@id":"https:\/\/www.ocmasrl.com\/#organization","name":"OCMA s.r.l.","url":"https:\/\/www.ocmasrl.com\/","sameAs":["https:\/\/www.facebook.com\/OCMA-DrillTech-227901890599501\/","https:\/\/www.instagram.com\/ocmadrilltech\/"],"logo":{"@type":"ImageObject","@id":"https:\/\/www.ocmasrl.com\/#logo","inLanguage":"es","url":"https:\/\/www.ocmasrl.com\/wp-content\/uploads\/OCMA-DrillTech.jpg","contentUrl":"https:\/\/www.ocmasrl.com\/wp-content\/uploads\/OCMA-DrillTech.jpg","width":575,"height":105,"caption":"OCMA s.r.l."},"image":{"@id":"https:\/\/www.ocmasrl.com\/#logo"}},{"@type":"WebSite","@id":"https:\/\/www.ocmasrl.com\/#website","url":"https:\/\/www.ocmasrl.com\/","name":"Ocma","description":"Martelli Fondo Foro","publisher":{"@id":"https:\/\/www.ocmasrl.com\/#organization"},"potentialAction":[{"@type":"SearchAction","target":{"@type":"EntryPoint","urlTemplate":"https:\/\/www.ocmasrl.com\/?s={search_term_string}"},"query-input":"required name=search_term_string"}],"inLanguage":"es"},{"@type":"WebPage","@id":"https:\/\/www.ocmasrl.com\/es\/martillos-en-fondo-pmk\/#webpage","url":"https:\/\/www.ocmasrl.com\/es\/martillos-en-fondo-pmk\/","name":"Martillos en Fondo PMK | BROCAS MARTILLOS EN FONDO | Ocma","isPartOf":{"@id":"https:\/\/www.ocmasrl.com\/#website"},"datePublished":"2020-01-20T12:21:53+00:00","dateModified":"2023-05-26T17:00:24+00:00","description":"Los Martillos en Fondo serie PMK son la mejor soluci\u00f3n para contratistas de perforaci\u00f3n y operadores que buscan la m\u00e1xima productividad, confiabilidad y nivel de precios.","breadcrumb":{"@id":"https:\/\/www.ocmasrl.com\/es\/martillos-en-fondo-pmk\/#breadcrumb"},"inLanguage":"es","potentialAction":[{"@type":"ReadAction","target":["https:\/\/www.ocmasrl.com\/es\/martillos-en-fondo-pmk\/"]}]},{"@type":"BreadcrumbList","@id":"https:\/\/www.ocmasrl.com\/es\/martillos-en-fondo-pmk\/#breadcrumb","itemListElement":[{"@type":"ListItem","position":1,"name":"Home","item":"https:\/\/www.ocmasrl.com\/es\/"},{"@type":"ListItem","position":2,"name":"Martillos en Fondo PMK"}]}]}},"_links":{"self":[{"href":"https:\/\/www.ocmasrl.com\/es\/wp-json\/wp\/v2\/pages\/5606"}],"collection":[{"href":"https:\/\/www.ocmasrl.com\/es\/wp-json\/wp\/v2\/pages"}],"about":[{"href":"https:\/\/www.ocmasrl.com\/es\/wp-json\/wp\/v2\/types\/page"}],"author":[{"embeddable":true,"href":"https:\/\/www.ocmasrl.com\/es\/wp-json\/wp\/v2\/users\/1"}],"replies":[{"embeddable":true,"href":"https:\/\/www.ocmasrl.com\/es\/wp-json\/wp\/v2\/comments?post=5606"}],"version-history":[{"count":16,"href":"https:\/\/www.ocmasrl.com\/es\/wp-json\/wp\/v2\/pages\/5606\/revisions"}],"predecessor-version":[{"id":8031,"href":"https:\/\/www.ocmasrl.com\/es\/wp-json\/wp\/v2\/pages\/5606\/revisions\/8031"}],"wp:attachment":[{"href":"https:\/\/www.ocmasrl.com\/es\/wp-json\/wp\/v2\/media?parent=5606"}],"curies":[{"name":"wp","href":"https:\/\/api.w.org\/{rel}","templated":true}]}}