{"id":5657,"date":"2020-01-20T18:24:30","date_gmt":"2020-01-20T18:24:30","guid":{"rendered":"http:\/\/omiwebdev.it\/ocma_n\/martillos-en-fondo-gt\/"},"modified":"2023-05-26T17:03:32","modified_gmt":"2023-05-26T17:03:32","slug":"martillos-en-fondo-gt","status":"publish","type":"page","link":"https:\/\/www.ocmasrl.com\/es\/martillos-en-fondo-gt\/","title":{"rendered":"martillos-en-fondo-gt"},"content":{"rendered":"<div class=\"wpb-content-wrapper\"><p>[vc_row unlock_row_content=\u00bbyes\u00bb row_height_percent=\u00bb0&#8243; back_color=\u00bbaccent\u00bb overlay_alpha=\u00bb50&#8243; gutter_size=\u00bb3&#8243; column_width_percent=\u00bb100&#8243; shift_y=\u00bb0&#8243; z_index=\u00bb0&#8243;][vc_column column_width_percent=\u00bb100&#8243; align_horizontal=\u00bbalign_center\u00bb gutter_size=\u00bb3&#8243; style=\u00bbdark\u00bb overlay_alpha=\u00bb50&#8243; shift_x=\u00bb0&#8243; shift_y=\u00bb0&#8243; shift_y_down=\u00bb0&#8243; z_index=\u00bb0&#8243; medium_width=\u00bb0&#8243; mobile_width=\u00bb0&#8243; width=\u00bb1\/1&#8243;][vc_custom_heading]<\/p>\n<h2>MARTILLOS EN FONDO Serie GT<\/h2>\n<p>[\/vc_custom_heading][\/vc_column][\/vc_row][vc_row][vc_column column_width_percent=\u00bb100&#8243; position_vertical=\u00bbmiddle\u00bb gutter_size=\u00bb3&#8243; overlay_alpha=\u00bb50&#8243; shift_x=\u00bb0&#8243; shift_y=\u00bb0&#8243; shift_y_down=\u00bb0&#8243; z_index=\u00bb0&#8243; medium_width=\u00bb0&#8243; mobile_width=\u00bb0&#8243; width=\u00bb5\/6&#8243;][vc_single_image media=\u00bb1527&#8243; media_lightbox=\u00bbyes\u00bb media_width_percent=\u00bb100&#8243;][\/vc_column][vc_column column_width_percent=\u00bb100&#8243; gutter_size=\u00bb4&#8243; overlay_alpha=\u00bb50&#8243; shift_x=\u00bb0&#8243; shift_y=\u00bb0&#8243; shift_y_down=\u00bb0&#8243; z_index=\u00bb0&#8243; medium_width=\u00bb0&#8243; mobile_width=\u00bb0&#8243; width=\u00bb1\/6&#8243;][vc_button button_color=\u00bbaccent\u00bb wide=\u00bbyes\u00bb border_width=\u00bb0&#8243; link=\u00bburl:https%3A%2F%2Fwww.ocmasrl.com%2Fes%2Fmartillos-de-fondo-gt%2F4-martillo-de-fondo-gt%2F|\u00bb]Serie GT 4&#8243;[\/vc_button][vc_button button_color=\u00bbaccent\u00bb wide=\u00bbyes\u00bb border_width=\u00bb0&#8243; link=\u00bburl:https%3A%2F%2Fwww.ocmasrl.com%2Fes%2Fmartillos-de-fondo-gt%2F5-martillo-de-fondo-gt%2F|\u00bb]Serie GT 5&#8243;[\/vc_button][vc_button button_color=\u00bbaccent\u00bb wide=\u00bbyes\u00bb border_width=\u00bb0&#8243; link=\u00bburl:https%3A%2F%2Fwww.ocmasrl.com%2Fes%2Fmartillos-de-fondo-gt%2F6-martillo-de-fondo-gt%2F|\u00bb]Serie GT 6&#8243;[\/vc_button][vc_button button_color=\u00bbaccent\u00bb wide=\u00bbyes\u00bb border_width=\u00bb0&#8243; link=\u00bburl:https%3A%2F%2Fwww.ocmasrl.com%2Fes%2Fmartillos-de-fondo-gt%2F8-martillo-de-fondo-gt%2F|\u00bb]Serie GT 8&#8243;[\/vc_button][\/vc_column][\/vc_row][vc_row row_height_percent=\u00bb0&#8243; back_color=\u00bbcolor-xsdn\u00bb overlay_color=\u00bbcolor-xsdn\u00bb overlay_alpha=\u00bb50&#8243; gutter_size=\u00bb3&#8243; column_width_percent=\u00bb100&#8243; shift_y=\u00bb0&#8243; z_index=\u00bb0&#8243;][vc_column width=\u00bb1\/1&#8243;][vc_custom_heading text_color=\u00bbcolor-153373&#8243; sub_reduced=\u00bbyes\u00bb css_animation=\u00bbzoom-in\u00bb animation_speed=\u00bb1000&#8243; animation_delay=\u00bb1500&#8243;]Nueva generaci\u00f3n de MARTILLOS EN FONDO[\/vc_custom_heading][vc_column_text]La nueva serie de <strong>martillos en fondo OCMA DrillTech GT<\/strong> est\u00e1 dise\u00f1ada para alcanzar un mayor rendimiento de perforaci\u00f3n en algunas de las aplicaciones m\u00e1s desafiantes en comparaci\u00f3n con los otros martillos en el mercado. Su considerable rendimiento garantiza que cualquier proyecto de perforaci\u00f3n se realice a un costo menor por metro de perforaci\u00f3n. La <strong>serie GT<\/strong> est\u00e1 construida y dise\u00f1ada para todas las aplicaciones de perforaci\u00f3n, tales como perforaci\u00f3n de pozos de agua, perforaci\u00f3n de pozos \/ perforaci\u00f3n de canteras, perforaci\u00f3n geot\u00e9rmica, perforaci\u00f3n de exploraci\u00f3n y construcci\u00f3n. La <strong>serie GT<\/strong> utiliza brocas de perforacion sin tubo plastico o v\u00e1lvula de pie \u00abTubeless Technology\u00bb y el v\u00e1stago robusto con 12 estr\u00edas reduce el desgaste al perforar en terreno roto o m\u00e1s blando.[\/vc_column_text][\/vc_column][\/vc_row][vc_row][vc_column width=\u00bb1\/1&#8243;][vc_column_text css_animation=\u00bbzoom-in\u00bb animation_speed=\u00bb1000&#8243; animation_delay=\u00bb1500&#8243; css=\u00bb.vc_custom_1567763066137{margin-top: 0px !important;margin-right: 0px !important;margin-bottom: 0px !important;margin-left: 0px !important;padding-top: 0px !important;padding-right: 0px !important;padding-bottom: 0px !important;padding-left: 0px !important;}\u00bb]<\/p>\n<h2 style=\"text-align: left;\"><span style=\"color: #ff0000;\">Ventajas e Innovaciones<\/span><\/h2>\n<p>[\/vc_column_text][\/vc_column][\/vc_row][vc_row][vc_column width=\u00bb2\/3&#8243;][vc_single_image media=\u00bb1797&#8243; media_width_percent=\u00bb100&#8243; css_animation=\u00bbalpha-anim\u00bb animation_speed=\u00bb800&#8243; animation_delay=\u00bb400&#8243;][vc_single_image media=\u00bb1920&#8243; media_width_percent=\u00bb100&#8243;][\/vc_column][vc_column column_width_percent=\u00bb100&#8243; gutter_size=\u00bb3&#8243; overlay_alpha=\u00bb50&#8243; shift_x=\u00bb0&#8243; shift_y=\u00bb0&#8243; shift_y_down=\u00bb0&#8243; z_index=\u00bb0&#8243; medium_width=\u00bb0&#8243; mobile_width=\u00bb0&#8243; width=\u00bb1\/3&#8243;][vc_column_text]<strong>Broca<\/strong> con 12 estr\u00edas y portabocas r\u00edgido para optimizar la resistencia al desgaste. La <strong>serie GT<\/strong> est\u00e1 dise\u00f1ada para eliminar el tubo plastico \/ v\u00e1lvula de pie de la broca \u00abTecnolog\u00eda sin tubo\u00bb.[\/vc_column_text][vc_column_text]<strong>Cilindro<\/strong> mas resistente para una resistencia \u00f3ptima en condiciones abrasivas y aumentar la vida \u00fatil del martillo.[\/vc_column_text][vc_column_text]El dise\u00f1o del <strong>pist\u00f3n<\/strong> aumenta la energ\u00eda de impacto en la broca y mejora el rendimiento de perforaci\u00f3n.[\/vc_column_text][vc_column_text]Los martillos DTH de la serie GT est\u00e1n equipados con un \u00absistema de estrangulamiento\u00bb que permite al perforador ajustar el volumen de aire a trav\u00e9s del martillo para optimizar la evacuaci\u00f3n de corte al perforar bajo una columna de agua.[\/vc_column_text][vc_column_text]La innovadora c\u00e1mara de flujo de aire optimiza la expansi\u00f3n y la compresi\u00f3n del aire, minimizando la turbulencia y alcanzando una gran frecuencia de golpe del pist\u00f3n, una tasa de penetraci\u00f3n r\u00e1pida y un menor consumo de aire, lo que significa menores costos de combustible por medidores de perforaci\u00f3n.[\/vc_column_text][\/vc_column][\/vc_row][vc_row][vc_column width=\u00bb1\/2&#8243;][vc_single_image media=\u00bb1818&#8243; media_width_percent=\u00bb100&#8243;][\/vc_column][vc_column width=\u00bb1\/2&#8243;][vc_icon position=\u00bbright\u00bb title_aligned_icon=\u00bbyes\u00bb icon=\u00bbfa fa-file-pdf-o\u00bb icon_color=\u00bbcolor-153373&#8243; size=\u00bbfa-5x\u00bb heading_semantic=\u00bbh5&#8243; text_size=\u00bbh5&#8243; linked_title=\u00bbyes\u00bb link=\u00bburl:https%3A%2F%2Fwww.ocmasrl.com%2Fwp-content%2Fuploads%2FDTH-HAMMERS-GT-SERIES.pdf||target:%20_blank|\u00bb title=\u00bbDownload DTH HAMMERS GT Series General Catalogue\u00bb][\/vc_icon][vc_custom_heading heading_semantic=\u00bbh4&#8243; text_size=\u00bbh4&#8243; text_color=\u00bbcolor-153373&#8243; css_animation=\u00bbzoom-in\u00bb]<\/p>\n<h4 class=\"h4 text-color-153373-color\">SOLICITE SU MARTILLO EN FONDO SERIE GT<\/h4>\n<p>[\/vc_custom_heading][vc_column_text]<div role=\"form\" class=\"wpcf7\" id=\"wpcf7-f2793-o1\" lang=\"it-IT\" dir=\"ltr\">\n<div class=\"screen-reader-response\"><p role=\"status\" aria-live=\"polite\" aria-atomic=\"true\"><\/p> <ul><\/ul><\/div>\n<form action=\"\/es\/wp-json\/wp\/v2\/pages\/5657#wpcf7-f2793-o1\" method=\"post\" class=\"wpcf7-form init\" novalidate=\"novalidate\" data-status=\"init\">\n<div style=\"display: none;\">\n<input type=\"hidden\" name=\"_wpcf7\" value=\"2793\" \/>\n<input type=\"hidden\" name=\"_wpcf7_version\" value=\"5.4\" \/>\n<input type=\"hidden\" name=\"_wpcf7_locale\" value=\"it_IT\" \/>\n<input type=\"hidden\" name=\"_wpcf7_unit_tag\" value=\"wpcf7-f2793-o1\" \/>\n<input type=\"hidden\" name=\"_wpcf7_container_post\" value=\"0\" \/>\n<input type=\"hidden\" name=\"_wpcf7_posted_data_hash\" value=\"\" \/>\n<input type=\"hidden\" name=\"_wpcf7_recaptcha_response\" value=\"\" \/>\n<\/div>\n<p>DTH HAMMER Model GT Series<br \/>\n<span class=\"wpcf7-form-control-wrap menu-6000\"><select name=\"menu-6000\" class=\"wpcf7-form-control wpcf7-select wpcf7-validates-as-required\" aria-required=\"true\" aria-invalid=\"false\"><option value=\"4&quot; HAMMER - GT40 Shank M40\">4&quot; HAMMER - GT40 Shank M40<\/option><option value=\"4&quot; HAMMER - GT40 Shank TD40\/COPP44GE\">4&quot; HAMMER - GT40 Shank TD40\/COPP44GE<\/option><option value=\"\"><\/option><option value=\"5&quot; HAMMER - GT50 Shank M50\">5&quot; HAMMER - GT50 Shank M50<\/option><option value=\"5&quot; HAMMER - GT50 Shank QL50\">5&quot; HAMMER - GT50 Shank QL50<\/option><option value=\"\"><\/option><option value=\"6&quot; HAMMER - GT60 Shank M60\">6&quot; HAMMER - GT60 Shank M60<\/option><option value=\"6&quot; HAMMER - GT60 Shank QL60\">6&quot; HAMMER - GT60 Shank QL60<\/option><option value=\"\"><\/option><option value=\"8&quot; HAMMER - GT80 Shank M80\">8&quot; HAMMER - GT80 Shank M80<\/option><option value=\"8&quot; HAMMER - GT80 Shank QL80\">8&quot; HAMMER - GT80 Shank QL80<\/option><\/select><\/span><\/p>\n<p> QUANTITY<br \/>\n<span class=\"wpcf7-form-control-wrap text-6001\"><input type=\"text\" name=\"text-6001\" value=\"\" size=\"40\" class=\"wpcf7-form-control wpcf7-text wpcf7-validates-as-required\" aria-required=\"true\" aria-invalid=\"false\" placeholder=\"N\u00b0 PZ\" \/><\/span><\/p>\n<p> COMPANY NAME<br \/>\n<span class=\"wpcf7-form-control-wrap text-6002\"><input type=\"text\" name=\"text-6002\" value=\"\" size=\"40\" class=\"wpcf7-form-control wpcf7-text wpcf7-validates-as-required\" aria-required=\"true\" aria-invalid=\"false\" placeholder=\"COMPANY\" \/><\/span><\/p>\n<p> COUNTRY<br \/>\n<span class=\"wpcf7-form-control-wrap text-6003\"><input type=\"text\" name=\"text-6003\" value=\"\" size=\"40\" class=\"wpcf7-form-control wpcf7-text wpcf7-validates-as-required\" aria-required=\"true\" aria-invalid=\"false\" placeholder=\"COUNTRY\" \/><\/span><\/p>\n<p> EMAIL Address<br \/>\n<span class=\"wpcf7-form-control-wrap your-email\"><input type=\"email\" name=\"your-email\" value=\"\" size=\"40\" class=\"wpcf7-form-control wpcf7-text wpcf7-email wpcf7-validates-as-required wpcf7-validates-as-email\" aria-required=\"true\" aria-invalid=\"false\" placeholder=\"EMAIL\" \/><\/span> <\/p>\n<p> TELEPHONE NUMBER<br \/>\n<span class=\"wpcf7-form-control-wrap your\"><input type=\"tel\" name=\"your\" value=\"\" size=\"40\" class=\"wpcf7-form-control wpcf7-text wpcf7-tel wpcf7-validates-as-required wpcf7-validates-as-tel\" aria-required=\"true\" aria-invalid=\"false\" placeholder=\"TELEPHONE\" \/><\/span><\/p>\n<p><input type=\"submit\" value=\"SEND REQUEST OFFER\" class=\"wpcf7-form-control wpcf7-submit\" \/><\/p>\n<div class=\"wpcf7-response-output\" aria-hidden=\"true\"><\/div><\/form><\/div>[\/vc_column_text][\/vc_column][\/vc_row]<\/p>\n<\/div>","protected":false},"excerpt":{"rendered":"<p>[vc_row unlock_row_content=\u00bbyes\u00bb row_height_percent=\u00bb0&#8243; back_color=\u00bbaccent\u00bb overlay_alpha=\u00bb50&#8243; gutter_size=\u00bb3&#8243; column_width_percent=\u00bb100&#8243; shift_y=\u00bb0&#8243; z_index=\u00bb0&#8243;][vc_column column_width_percent=\u00bb100&#8243; align_horizontal=\u00bbalign_center\u00bb gutter_size=\u00bb3&#8243; style=\u00bbdark\u00bb overlay_alpha=\u00bb50&#8243; shift_x=\u00bb0&#8243; shift_y=\u00bb0&#8243; shift_y_down=\u00bb0&#8243; z_index=\u00bb0&#8243; medium_width=\u00bb0&#8243; mobile_width=\u00bb0&#8243; [&hellip;]<\/p>\n","protected":false},"author":1,"featured_media":0,"parent":0,"menu_order":0,"comment_status":"closed","ping_status":"closed","template":"","meta":[],"yoast_head":"<!-- This site is optimized with the Yoast SEO Premium plugin v16.0.2 (Yoast SEO v18.2) - https:\/\/yoast.com\/wordpress\/plugins\/seo\/ -->\n<title>martillos-en-fondo-gt | Ocma<\/title>\n<meta name=\"description\" content=\"Los martillos en fondo GT logran un mayor rendimiento de perforaci\u00f3n en algunas de las aplicaciones m\u00e1s desafiantes en comparaci\u00f3n con los otros martillos en el mercado.\" \/>\n<meta name=\"robots\" content=\"index, follow, max-snippet:-1, max-image-preview:large, max-video-preview:-1\" \/>\n<link rel=\"canonical\" href=\"https:\/\/www.ocmasrl.com\/es\/martillos-en-fondo-gt\/\" \/>\n<meta property=\"og:locale\" content=\"es_ES\" \/>\n<meta property=\"og:type\" content=\"article\" \/>\n<meta property=\"og:title\" content=\"martillos-en-fondo-gt | Ocma\" \/>\n<meta property=\"og:description\" content=\"Los martillos en fondo GT logran un mayor rendimiento de perforaci\u00f3n en algunas de las aplicaciones m\u00e1s desafiantes en comparaci\u00f3n con los otros martillos en el mercado.\" \/>\n<meta property=\"og:url\" content=\"https:\/\/www.ocmasrl.com\/es\/martillos-en-fondo-gt\/\" \/>\n<meta property=\"og:site_name\" content=\"Ocma\" \/>\n<meta property=\"article:publisher\" content=\"https:\/\/www.facebook.com\/OCMA-DrillTech-227901890599501\/\" \/>\n<meta property=\"article:modified_time\" content=\"2023-05-26T17:03:32+00:00\" \/>\n<meta name=\"twitter:card\" content=\"summary_large_image\" \/>\n<meta name=\"twitter:label1\" content=\"Tiempo de lectura\" \/>\n\t<meta name=\"twitter:data1\" content=\"4 minutos\" \/>\n<script type=\"application\/ld+json\" class=\"yoast-schema-graph\">{\"@context\":\"https:\/\/schema.org\",\"@graph\":[{\"@type\":\"Organization\",\"@id\":\"https:\/\/www.ocmasrl.com\/#organization\",\"name\":\"OCMA s.r.l.\",\"url\":\"https:\/\/www.ocmasrl.com\/\",\"sameAs\":[\"https:\/\/www.facebook.com\/OCMA-DrillTech-227901890599501\/\",\"https:\/\/www.instagram.com\/ocmadrilltech\/\"],\"logo\":{\"@type\":\"ImageObject\",\"@id\":\"https:\/\/www.ocmasrl.com\/#logo\",\"inLanguage\":\"es\",\"url\":\"https:\/\/www.ocmasrl.com\/wp-content\/uploads\/OCMA-DrillTech.jpg\",\"contentUrl\":\"https:\/\/www.ocmasrl.com\/wp-content\/uploads\/OCMA-DrillTech.jpg\",\"width\":575,\"height\":105,\"caption\":\"OCMA s.r.l.\"},\"image\":{\"@id\":\"https:\/\/www.ocmasrl.com\/#logo\"}},{\"@type\":\"WebSite\",\"@id\":\"https:\/\/www.ocmasrl.com\/#website\",\"url\":\"https:\/\/www.ocmasrl.com\/\",\"name\":\"Ocma\",\"description\":\"Martelli Fondo Foro\",\"publisher\":{\"@id\":\"https:\/\/www.ocmasrl.com\/#organization\"},\"potentialAction\":[{\"@type\":\"SearchAction\",\"target\":{\"@type\":\"EntryPoint\",\"urlTemplate\":\"https:\/\/www.ocmasrl.com\/?s={search_term_string}\"},\"query-input\":\"required name=search_term_string\"}],\"inLanguage\":\"es\"},{\"@type\":\"WebPage\",\"@id\":\"https:\/\/www.ocmasrl.com\/es\/martillos-en-fondo-gt\/#webpage\",\"url\":\"https:\/\/www.ocmasrl.com\/es\/martillos-en-fondo-gt\/\",\"name\":\"martillos-en-fondo-gt | Ocma\",\"isPartOf\":{\"@id\":\"https:\/\/www.ocmasrl.com\/#website\"},\"datePublished\":\"2020-01-20T18:24:30+00:00\",\"dateModified\":\"2023-05-26T17:03:32+00:00\",\"description\":\"Los martillos en fondo GT logran un mayor rendimiento de perforaci\u00f3n en algunas de las aplicaciones m\u00e1s desafiantes en comparaci\u00f3n con los otros martillos en el mercado.\",\"breadcrumb\":{\"@id\":\"https:\/\/www.ocmasrl.com\/es\/martillos-en-fondo-gt\/#breadcrumb\"},\"inLanguage\":\"es\",\"potentialAction\":[{\"@type\":\"ReadAction\",\"target\":[\"https:\/\/www.ocmasrl.com\/es\/martillos-en-fondo-gt\/\"]}]},{\"@type\":\"BreadcrumbList\",\"@id\":\"https:\/\/www.ocmasrl.com\/es\/martillos-en-fondo-gt\/#breadcrumb\",\"itemListElement\":[{\"@type\":\"ListItem\",\"position\":1,\"name\":\"Home\",\"item\":\"https:\/\/www.ocmasrl.com\/es\/\"},{\"@type\":\"ListItem\",\"position\":2,\"name\":\"martillos-en-fondo-gt\"}]}]}<\/script>\n<!-- \/ Yoast SEO Premium plugin. -->","yoast_head_json":{"title":"martillos-en-fondo-gt | Ocma","description":"Los martillos en fondo GT logran un mayor rendimiento de perforaci\u00f3n en algunas de las aplicaciones m\u00e1s desafiantes en comparaci\u00f3n con los otros martillos en el mercado.","robots":{"index":"index","follow":"follow","max-snippet":"max-snippet:-1","max-image-preview":"max-image-preview:large","max-video-preview":"max-video-preview:-1"},"canonical":"https:\/\/www.ocmasrl.com\/es\/martillos-en-fondo-gt\/","og_locale":"es_ES","og_type":"article","og_title":"martillos-en-fondo-gt | Ocma","og_description":"Los martillos en fondo GT logran un mayor rendimiento de perforaci\u00f3n en algunas de las aplicaciones m\u00e1s desafiantes en comparaci\u00f3n con los otros martillos en el mercado.","og_url":"https:\/\/www.ocmasrl.com\/es\/martillos-en-fondo-gt\/","og_site_name":"Ocma","article_publisher":"https:\/\/www.facebook.com\/OCMA-DrillTech-227901890599501\/","article_modified_time":"2023-05-26T17:03:32+00:00","twitter_card":"summary_large_image","twitter_misc":{"Tiempo de lectura":"4 minutos"},"schema":{"@context":"https:\/\/schema.org","@graph":[{"@type":"Organization","@id":"https:\/\/www.ocmasrl.com\/#organization","name":"OCMA s.r.l.","url":"https:\/\/www.ocmasrl.com\/","sameAs":["https:\/\/www.facebook.com\/OCMA-DrillTech-227901890599501\/","https:\/\/www.instagram.com\/ocmadrilltech\/"],"logo":{"@type":"ImageObject","@id":"https:\/\/www.ocmasrl.com\/#logo","inLanguage":"es","url":"https:\/\/www.ocmasrl.com\/wp-content\/uploads\/OCMA-DrillTech.jpg","contentUrl":"https:\/\/www.ocmasrl.com\/wp-content\/uploads\/OCMA-DrillTech.jpg","width":575,"height":105,"caption":"OCMA s.r.l."},"image":{"@id":"https:\/\/www.ocmasrl.com\/#logo"}},{"@type":"WebSite","@id":"https:\/\/www.ocmasrl.com\/#website","url":"https:\/\/www.ocmasrl.com\/","name":"Ocma","description":"Martelli Fondo Foro","publisher":{"@id":"https:\/\/www.ocmasrl.com\/#organization"},"potentialAction":[{"@type":"SearchAction","target":{"@type":"EntryPoint","urlTemplate":"https:\/\/www.ocmasrl.com\/?s={search_term_string}"},"query-input":"required name=search_term_string"}],"inLanguage":"es"},{"@type":"WebPage","@id":"https:\/\/www.ocmasrl.com\/es\/martillos-en-fondo-gt\/#webpage","url":"https:\/\/www.ocmasrl.com\/es\/martillos-en-fondo-gt\/","name":"martillos-en-fondo-gt | Ocma","isPartOf":{"@id":"https:\/\/www.ocmasrl.com\/#website"},"datePublished":"2020-01-20T18:24:30+00:00","dateModified":"2023-05-26T17:03:32+00:00","description":"Los martillos en fondo GT logran un mayor rendimiento de perforaci\u00f3n en algunas de las aplicaciones m\u00e1s desafiantes en comparaci\u00f3n con los otros martillos en el mercado.","breadcrumb":{"@id":"https:\/\/www.ocmasrl.com\/es\/martillos-en-fondo-gt\/#breadcrumb"},"inLanguage":"es","potentialAction":[{"@type":"ReadAction","target":["https:\/\/www.ocmasrl.com\/es\/martillos-en-fondo-gt\/"]}]},{"@type":"BreadcrumbList","@id":"https:\/\/www.ocmasrl.com\/es\/martillos-en-fondo-gt\/#breadcrumb","itemListElement":[{"@type":"ListItem","position":1,"name":"Home","item":"https:\/\/www.ocmasrl.com\/es\/"},{"@type":"ListItem","position":2,"name":"martillos-en-fondo-gt"}]}]}},"_links":{"self":[{"href":"https:\/\/www.ocmasrl.com\/es\/wp-json\/wp\/v2\/pages\/5657"}],"collection":[{"href":"https:\/\/www.ocmasrl.com\/es\/wp-json\/wp\/v2\/pages"}],"about":[{"href":"https:\/\/www.ocmasrl.com\/es\/wp-json\/wp\/v2\/types\/page"}],"author":[{"embeddable":true,"href":"https:\/\/www.ocmasrl.com\/es\/wp-json\/wp\/v2\/users\/1"}],"replies":[{"embeddable":true,"href":"https:\/\/www.ocmasrl.com\/es\/wp-json\/wp\/v2\/comments?post=5657"}],"version-history":[{"count":14,"href":"https:\/\/www.ocmasrl.com\/es\/wp-json\/wp\/v2\/pages\/5657\/revisions"}],"predecessor-version":[{"id":8036,"href":"https:\/\/www.ocmasrl.com\/es\/wp-json\/wp\/v2\/pages\/5657\/revisions\/8036"}],"wp:attachment":[{"href":"https:\/\/www.ocmasrl.com\/es\/wp-json\/wp\/v2\/media?parent=5657"}],"curies":[{"name":"wp","href":"https:\/\/api.w.org\/{rel}","templated":true}]}}