{"id":5707,"date":"2020-01-22T16:53:33","date_gmt":"2020-01-22T16:53:33","guid":{"rendered":"http:\/\/omiwebdev.it\/ocma_n\/ocma-drilltech\/"},"modified":"2020-01-27T09:27:59","modified_gmt":"2020-01-27T09:27:59","slug":"quienes-somos","status":"publish","type":"page","link":"https:\/\/www.ocmasrl.com\/es\/quienes-somos\/","title":{"rendered":"OCMA DrillTech &#8211; Leader para producci\u00f3n de Martillos en fondo y Tallantes"},"content":{"rendered":"<div class=\"wpb-content-wrapper\"><p>[vc_row unlock_row_content=\u00bbyes\u00bb row_height_percent=\u00bb0&#8243; back_color=\u00bbaccent\u00bb overlay_alpha=\u00bb50&#8243; gutter_size=\u00bb3&#8243; column_width_percent=\u00bb100&#8243; shift_y=\u00bb0&#8243; z_index=\u00bb0&#8243;][vc_column column_width_percent=\u00bb100&#8243; align_horizontal=\u00bbalign_center\u00bb style=\u00bbdark\u00bb overlay_alpha=\u00bb50&#8243; gutter_size=\u00bb3&#8243; medium_width=\u00bb0&#8243; mobile_width=\u00bb0&#8243; shift_x=\u00bb0&#8243; shift_y=\u00bb0&#8243; shift_y_down=\u00bb0&#8243; z_index=\u00bb0&#8243; width=\u00bb1\/1&#8243;][vc_column_text]<\/p>\n<h2 style=\"text-align: center;\">OCMA DrillTech &#8211; Herramientas de Perforaci\u00f3n de Rocas<\/h2>\n<p>[\/vc_column_text][\/vc_column][\/vc_row][vc_row][vc_column width=\u00bb1\/2&#8243;][vc_column_text]<\/p>\n<div>\n<p><strong>OCMA DrillTech<\/strong> fue fundada en 1976 con el objetivo de fabricar productos de alta calidad segun un modelo que pudiera responder a las necesidades espec\u00edficas de la perforaci\u00f3n subterr\u00e1nea. Desde su creaci\u00f3n <strong>OCMA<\/strong> ha tenido una visi\u00f3n clara y decidida, prestando atenci\u00f3n y prioridad a:<\/p>\n<p><em><strong>&#8211; <\/strong><\/em><em><strong>Especificaciones de proyectos<\/strong><\/em><\/p>\n<p><em><strong>&#8211; <\/strong><\/em><em><strong>Mejoramiento de los m\u00e9todos de producci\u00f3n<\/strong><\/em><em><strong><br \/>\n<\/strong><\/em><\/p>\n<p><em><strong>&#8211; Alta Calidad<\/strong><\/em><\/p>\n<p><em><strong>&#8211; Entrega de productos de calidad superior<\/strong><\/em><strong>\u00a0<\/strong><strong>\u00a0<\/strong><em> <strong><br \/>\n<\/strong><\/em><\/p>\n<\/div>\n<p>[\/vc_column_text][\/vc_column][vc_column width=\u00bb1\/2&#8243;][vc_single_image media=\u00bb3112&#8243; media_lightbox=\u00bbyes\u00bb media_width_percent=\u00bb95&#8243;][\/vc_column][\/vc_row][vc_row][vc_column width=\u00bb1\/1&#8243;][vc_column_text]Los martillos en fondo <strong>OCMA DrillTech<\/strong> se fabrican segun los m\u00e1s altos est\u00e1ndares de calidad de acuerdo con la norma <strong>ISO 9001:2015<\/strong>, principalmente para ofrecer al usuario ventajas en t\u00e9rminos de performance, fiabilidad, duracion y coste efectivo.<\/p>\n<p>Nuestra estrategia comercial es poner el cliente en el centro de todo lo que hacemos, y a trav\u00e9s de World Business Class, para satisfacer y exceder sus expectativas.<\/p>\n<p>A principios de los a\u00f1os 2000, se inici\u00f3 la producci\u00f3n de una amplia gama de nueva generaci\u00f3n de <a href=\"http:\/\/www.ocmasrl.com\/es\/productos\/serie-martillos-en-fondo\"><strong>Martillos en Fondo Series PMK<\/strong><\/a> y ahora estos productos de alta calidad est\u00e1n trayendo una serie de ventajas para la industria de perforacion en t\u00e9rminos de mayor velocidad de perforaci\u00f3n, mejor servicio, mayor duraci\u00f3n, mayor fiabilidad, facilidad de mantenimiento y de operaci\u00f3n con una m\u00e1xima performance. Con la serie <a href=\"http:\/\/www.ocmasrl.com\/es\/productos\/serie-martillos-en-fondo\"><strong>PMK<\/strong><\/a> OCMA Drilltech ha revolucionado el manejo del flujo de aire empleando una tecnolog\u00eda que reduce el flujo de retorno y las turbulencias, y eso hace los martillos en fondo mas performantes.<\/p>\n<p>En 2002, nuestro departamento tecnico proyecto&#8217; y posteriormente introdujo la serie <a href=\"http:\/\/www.ocmasrl.com\/es\/productos\/serie-martillos-en-fondo-estabilizados\"><strong>PMK de Martillos Estabilizados<\/strong><\/a> con el fin de minimizar las desviaciones del eje de perforaci\u00f3n con excelentes resultados.\u00a0 <strong>Ocma Drilltech<\/strong> se precia de esta patente y es el unico fabricante de estos martillos en el mundo.<br \/>\nOtras innovaciones se han introducido en los \u00faltimos a\u00f1os, una de estas son sin duda los <a href=\"http:\/\/www.ocmasrl.com\/es\/productos\/amortiguador-martillos-en-fondo\"><strong>Amortiguadores PHS para Martillos en Fondo<\/strong><\/a> de 4 \u00aba 12\u00bb.<\/p>\n<p>En 2003 a\u00f1adimos a nuestra produccion los <a href=\"http:\/\/www.ocmasrl.com\/es\/productos\/brocas-martillos-en-fondo\"><strong>Tallantes en Fondo<\/strong><\/a>. Los tallantes tambi\u00e9n (como los martillos y otros productos) han tenido un gran \u00e9xito entre los clientes y distribuidores en todo el mundo. La leadership de <strong>OCMA DrillTech<\/strong> en este campo ha sido el resultado directo de nuestro compromiso con la investigaci\u00f3n y desarrollo, proyectos superiores, procesos \u00fanicos\u00a0 y altos est\u00e1ndares de ingenier\u00eda, en relaci\u00f3n con una cultura de control de calidad riguroso y el excelente conocimiento de la metalurgia. Recientemente, OCMA present\u00f3 una gama completa de sistemas de carcasa para perforaci\u00f3n sobrecargada y la nueva generaci\u00f3n de la serie DTH HAMMERS GT con \u00abTecnolog\u00eda Tubeless\u00bb.<\/p>\n<p>Nos esforzamos continuamente por ofrecer los mejores productos y mejores soluciones para la perforacion con la m\u00e1xima productividad, por eso OCMA Drilltech es ahora \u00ab<strong>La Elecci\u00f3n del Perforador<\/strong>\u00ab.[\/vc_column_text][\/vc_column][\/vc_row]<\/p>\n<\/div>","protected":false},"excerpt":{"rendered":"<p>[vc_row unlock_row_content=\u00bbyes\u00bb row_height_percent=\u00bb0&#8243; back_color=\u00bbaccent\u00bb overlay_alpha=\u00bb50&#8243; gutter_size=\u00bb3&#8243; column_width_percent=\u00bb100&#8243; shift_y=\u00bb0&#8243; z_index=\u00bb0&#8243;][vc_column column_width_percent=\u00bb100&#8243; align_horizontal=\u00bbalign_center\u00bb style=\u00bbdark\u00bb overlay_alpha=\u00bb50&#8243; gutter_size=\u00bb3&#8243; medium_width=\u00bb0&#8243; mobile_width=\u00bb0&#8243; shift_x=\u00bb0&#8243; shift_y=\u00bb0&#8243; shift_y_down=\u00bb0&#8243; z_index=\u00bb0&#8243; [&hellip;]<\/p>\n","protected":false},"author":1,"featured_media":0,"parent":0,"menu_order":0,"comment_status":"closed","ping_status":"closed","template":"","meta":[],"yoast_head":"<!-- This site is optimized with the Yoast SEO Premium plugin v16.0.2 (Yoast SEO v18.2) - https:\/\/yoast.com\/wordpress\/plugins\/seo\/ -->\n<title>OCMA DrillTech - Leader para producci\u00f3n de Martillos en fondo y Tallantes | Ocma<\/title>\n<meta name=\"robots\" content=\"index, follow, max-snippet:-1, max-image-preview:large, max-video-preview:-1\" \/>\n<link rel=\"canonical\" href=\"https:\/\/www.ocmasrl.com\/es\/quienes-somos\/\" \/>\n<meta property=\"og:locale\" content=\"es_ES\" \/>\n<meta property=\"og:type\" content=\"article\" \/>\n<meta property=\"og:title\" content=\"OCMA DrillTech - Leader para producci\u00f3n de Martillos en fondo y Tallantes | Ocma\" \/>\n<meta property=\"og:description\" content=\"[vc_row unlock_row_content=\u00bbyes\u00bb row_height_percent=\u00bb0&#8243; back_color=\u00bbaccent\u00bb overlay_alpha=\u00bb50&#8243; gutter_size=\u00bb3&#8243; column_width_percent=\u00bb100&#8243; shift_y=\u00bb0&#8243; z_index=\u00bb0&#8243;][vc_column column_width_percent=\u00bb100&#8243; align_horizontal=\u00bbalign_center\u00bb style=\u00bbdark\u00bb overlay_alpha=\u00bb50&#8243; gutter_size=\u00bb3&#8243; medium_width=\u00bb0&#8243; mobile_width=\u00bb0&#8243; shift_x=\u00bb0&#8243; shift_y=\u00bb0&#8243; shift_y_down=\u00bb0&#8243; z_index=\u00bb0&#8243; [&hellip;]\" \/>\n<meta property=\"og:url\" content=\"https:\/\/www.ocmasrl.com\/es\/quienes-somos\/\" \/>\n<meta property=\"og:site_name\" content=\"Ocma\" \/>\n<meta property=\"article:publisher\" content=\"https:\/\/www.facebook.com\/OCMA-DrillTech-227901890599501\/\" \/>\n<meta property=\"article:modified_time\" content=\"2020-01-27T09:27:59+00:00\" \/>\n<meta name=\"twitter:card\" content=\"summary_large_image\" \/>\n<meta name=\"twitter:label1\" content=\"Tiempo de lectura\" \/>\n\t<meta name=\"twitter:data1\" content=\"3 minutos\" \/>\n<script type=\"application\/ld+json\" class=\"yoast-schema-graph\">{\"@context\":\"https:\/\/schema.org\",\"@graph\":[{\"@type\":\"Organization\",\"@id\":\"https:\/\/www.ocmasrl.com\/#organization\",\"name\":\"OCMA s.r.l.\",\"url\":\"https:\/\/www.ocmasrl.com\/\",\"sameAs\":[\"https:\/\/www.facebook.com\/OCMA-DrillTech-227901890599501\/\",\"https:\/\/www.instagram.com\/ocmadrilltech\/\"],\"logo\":{\"@type\":\"ImageObject\",\"@id\":\"https:\/\/www.ocmasrl.com\/#logo\",\"inLanguage\":\"es\",\"url\":\"https:\/\/www.ocmasrl.com\/wp-content\/uploads\/OCMA-DrillTech.jpg\",\"contentUrl\":\"https:\/\/www.ocmasrl.com\/wp-content\/uploads\/OCMA-DrillTech.jpg\",\"width\":575,\"height\":105,\"caption\":\"OCMA s.r.l.\"},\"image\":{\"@id\":\"https:\/\/www.ocmasrl.com\/#logo\"}},{\"@type\":\"WebSite\",\"@id\":\"https:\/\/www.ocmasrl.com\/#website\",\"url\":\"https:\/\/www.ocmasrl.com\/\",\"name\":\"Ocma\",\"description\":\"Martelli Fondo Foro\",\"publisher\":{\"@id\":\"https:\/\/www.ocmasrl.com\/#organization\"},\"potentialAction\":[{\"@type\":\"SearchAction\",\"target\":{\"@type\":\"EntryPoint\",\"urlTemplate\":\"https:\/\/www.ocmasrl.com\/?s={search_term_string}\"},\"query-input\":\"required name=search_term_string\"}],\"inLanguage\":\"es\"},{\"@type\":\"WebPage\",\"@id\":\"https:\/\/www.ocmasrl.com\/es\/quienes-somos\/#webpage\",\"url\":\"https:\/\/www.ocmasrl.com\/es\/quienes-somos\/\",\"name\":\"OCMA DrillTech - Leader para producci\u00f3n de Martillos en fondo y Tallantes | Ocma\",\"isPartOf\":{\"@id\":\"https:\/\/www.ocmasrl.com\/#website\"},\"datePublished\":\"2020-01-22T16:53:33+00:00\",\"dateModified\":\"2020-01-27T09:27:59+00:00\",\"breadcrumb\":{\"@id\":\"https:\/\/www.ocmasrl.com\/es\/quienes-somos\/#breadcrumb\"},\"inLanguage\":\"es\",\"potentialAction\":[{\"@type\":\"ReadAction\",\"target\":[\"https:\/\/www.ocmasrl.com\/es\/quienes-somos\/\"]}]},{\"@type\":\"BreadcrumbList\",\"@id\":\"https:\/\/www.ocmasrl.com\/es\/quienes-somos\/#breadcrumb\",\"itemListElement\":[{\"@type\":\"ListItem\",\"position\":1,\"name\":\"Home\",\"item\":\"https:\/\/www.ocmasrl.com\/es\/\"},{\"@type\":\"ListItem\",\"position\":2,\"name\":\"OCMA DrillTech &#8211; Leader para producci\u00f3n de Martillos en fondo y Tallantes\"}]}]}<\/script>\n<!-- \/ Yoast SEO Premium plugin. -->","yoast_head_json":{"title":"OCMA DrillTech - Leader para producci\u00f3n de Martillos en fondo y Tallantes | Ocma","robots":{"index":"index","follow":"follow","max-snippet":"max-snippet:-1","max-image-preview":"max-image-preview:large","max-video-preview":"max-video-preview:-1"},"canonical":"https:\/\/www.ocmasrl.com\/es\/quienes-somos\/","og_locale":"es_ES","og_type":"article","og_title":"OCMA DrillTech - Leader para producci\u00f3n de Martillos en fondo y Tallantes | Ocma","og_description":"[vc_row unlock_row_content=\u00bbyes\u00bb row_height_percent=\u00bb0&#8243; back_color=\u00bbaccent\u00bb overlay_alpha=\u00bb50&#8243; gutter_size=\u00bb3&#8243; column_width_percent=\u00bb100&#8243; shift_y=\u00bb0&#8243; z_index=\u00bb0&#8243;][vc_column column_width_percent=\u00bb100&#8243; align_horizontal=\u00bbalign_center\u00bb style=\u00bbdark\u00bb overlay_alpha=\u00bb50&#8243; gutter_size=\u00bb3&#8243; medium_width=\u00bb0&#8243; mobile_width=\u00bb0&#8243; shift_x=\u00bb0&#8243; shift_y=\u00bb0&#8243; shift_y_down=\u00bb0&#8243; z_index=\u00bb0&#8243; [&hellip;]","og_url":"https:\/\/www.ocmasrl.com\/es\/quienes-somos\/","og_site_name":"Ocma","article_publisher":"https:\/\/www.facebook.com\/OCMA-DrillTech-227901890599501\/","article_modified_time":"2020-01-27T09:27:59+00:00","twitter_card":"summary_large_image","twitter_misc":{"Tiempo de lectura":"3 minutos"},"schema":{"@context":"https:\/\/schema.org","@graph":[{"@type":"Organization","@id":"https:\/\/www.ocmasrl.com\/#organization","name":"OCMA s.r.l.","url":"https:\/\/www.ocmasrl.com\/","sameAs":["https:\/\/www.facebook.com\/OCMA-DrillTech-227901890599501\/","https:\/\/www.instagram.com\/ocmadrilltech\/"],"logo":{"@type":"ImageObject","@id":"https:\/\/www.ocmasrl.com\/#logo","inLanguage":"es","url":"https:\/\/www.ocmasrl.com\/wp-content\/uploads\/OCMA-DrillTech.jpg","contentUrl":"https:\/\/www.ocmasrl.com\/wp-content\/uploads\/OCMA-DrillTech.jpg","width":575,"height":105,"caption":"OCMA s.r.l."},"image":{"@id":"https:\/\/www.ocmasrl.com\/#logo"}},{"@type":"WebSite","@id":"https:\/\/www.ocmasrl.com\/#website","url":"https:\/\/www.ocmasrl.com\/","name":"Ocma","description":"Martelli Fondo Foro","publisher":{"@id":"https:\/\/www.ocmasrl.com\/#organization"},"potentialAction":[{"@type":"SearchAction","target":{"@type":"EntryPoint","urlTemplate":"https:\/\/www.ocmasrl.com\/?s={search_term_string}"},"query-input":"required name=search_term_string"}],"inLanguage":"es"},{"@type":"WebPage","@id":"https:\/\/www.ocmasrl.com\/es\/quienes-somos\/#webpage","url":"https:\/\/www.ocmasrl.com\/es\/quienes-somos\/","name":"OCMA DrillTech - Leader para producci\u00f3n de Martillos en fondo y Tallantes | Ocma","isPartOf":{"@id":"https:\/\/www.ocmasrl.com\/#website"},"datePublished":"2020-01-22T16:53:33+00:00","dateModified":"2020-01-27T09:27:59+00:00","breadcrumb":{"@id":"https:\/\/www.ocmasrl.com\/es\/quienes-somos\/#breadcrumb"},"inLanguage":"es","potentialAction":[{"@type":"ReadAction","target":["https:\/\/www.ocmasrl.com\/es\/quienes-somos\/"]}]},{"@type":"BreadcrumbList","@id":"https:\/\/www.ocmasrl.com\/es\/quienes-somos\/#breadcrumb","itemListElement":[{"@type":"ListItem","position":1,"name":"Home","item":"https:\/\/www.ocmasrl.com\/es\/"},{"@type":"ListItem","position":2,"name":"OCMA DrillTech &#8211; Leader para producci\u00f3n de Martillos en fondo y Tallantes"}]}]}},"_links":{"self":[{"href":"https:\/\/www.ocmasrl.com\/es\/wp-json\/wp\/v2\/pages\/5707"}],"collection":[{"href":"https:\/\/www.ocmasrl.com\/es\/wp-json\/wp\/v2\/pages"}],"about":[{"href":"https:\/\/www.ocmasrl.com\/es\/wp-json\/wp\/v2\/types\/page"}],"author":[{"embeddable":true,"href":"https:\/\/www.ocmasrl.com\/es\/wp-json\/wp\/v2\/users\/1"}],"replies":[{"embeddable":true,"href":"https:\/\/www.ocmasrl.com\/es\/wp-json\/wp\/v2\/comments?post=5707"}],"version-history":[{"count":5,"href":"https:\/\/www.ocmasrl.com\/es\/wp-json\/wp\/v2\/pages\/5707\/revisions"}],"predecessor-version":[{"id":6237,"href":"https:\/\/www.ocmasrl.com\/es\/wp-json\/wp\/v2\/pages\/5707\/revisions\/6237"}],"wp:attachment":[{"href":"https:\/\/www.ocmasrl.com\/es\/wp-json\/wp\/v2\/media?parent=5707"}],"curies":[{"name":"wp","href":"https:\/\/api.w.org\/{rel}","templated":true}]}}