{"id":5776,"date":"2020-01-23T09:03:19","date_gmt":"2020-01-23T09:03:19","guid":{"rendered":"http:\/\/omiwebdev.it\/ocma_n\/aseguramiento-calidad\/"},"modified":"2021-01-02T12:58:23","modified_gmt":"2021-01-02T12:58:23","slug":"aseguramiento-calidad","status":"publish","type":"page","link":"https:\/\/www.ocmasrl.com\/es\/aseguramiento-calidad\/","title":{"rendered":"Equipos de Perforaci\u00f3n de Calidad"},"content":{"rendered":"<div class=\"wpb-content-wrapper\"><p>[vc_row unlock_row_content=\u00bbyes\u00bb row_height_percent=\u00bb0&#8243; back_color=\u00bbaccent\u00bb overlay_alpha=\u00bb50&#8243; gutter_size=\u00bb3&#8243; column_width_percent=\u00bb100&#8243; shift_y=\u00bb0&#8243; z_index=\u00bb0&#8243;][vc_column column_width_percent=\u00bb100&#8243; align_horizontal=\u00bbalign_center\u00bb style=\u00bbdark\u00bb overlay_alpha=\u00bb50&#8243; gutter_size=\u00bb3&#8243; medium_width=\u00bb0&#8243; mobile_width=\u00bb0&#8243; shift_x=\u00bb0&#8243; shift_y=\u00bb0&#8243; shift_y_down=\u00bb0&#8243; z_index=\u00bb0&#8243; width=\u00bb1\/1&#8243;][vc_custom_heading]<\/p>\n<h2 style=\"text-align: center;\">Aseguramiento Calidad<\/h2>\n<p>[\/vc_custom_heading][\/vc_column][\/vc_row][vc_row][vc_column width=\u00bb1\/2&#8243;][vc_gallery el_id=\u00bbgallery-212163&#8243; type=\u00bbjustified\u00bb medias=\u00bb945,946&#8243; justify_row_height=\u00bb200&#8243; gutter_size=\u00bb3&#8243; single_overlay_opacity=\u00bb50&#8243; single_padding=\u00bb2&#8243;][vc_row_inner][vc_column_inner width=\u00bb1\/1&#8243;][vc_single_image media=\u00bb3020&#8243; media_lightbox=\u00bbyes\u00bb media_width_percent=\u00bb36&#8243; alignment=\u00bbcenter\u00bb][\/vc_column_inner][\/vc_row_inner][\/vc_column][vc_column width=\u00bb1\/2&#8243;][vc_column_text]<strong>ISO9001:2015<\/strong><\/p>\n<p><strong>OCMA DrillTech<\/strong> aplica la Certificaci\u00f3n<strong> ISO9001:2015<\/strong> para todas sus actividades con el fin de certificar todas las Herramientas de Perforaci\u00f3n de Roca, Equipos de Perforaci\u00f3n, Brocas, Martillos DTH, Barras de Perforaci\u00f3n, Amortiguadores para Martillos de Fondo fabricados y distribuidos para el Mercado Global. La certificaci\u00f3n <strong>ISO9001: 2015<\/strong> es la \u00faltima versi\u00f3n de los procedimientos de control de calidad reconocidos en todo el mundo.<\/p>\n<p>La medicion de la dureza de la pieza, las pruebas estructurales, la inspecci\u00f3n dimensional y el an\u00e1lisis por microscopio electr\u00f3nico de las microestructuras del carburo de tungsteno utilizado para las bocas en fondo son parte del control de calidad adoptado por <strong>OCMA Drilltech<\/strong>.<\/p>\n<p>La calidad tambi\u00e9n se aplica a las ventas, compras, administraci\u00f3n y gesti\u00f3n, y el certificado es verificado peri\u00f3dicamente por el ente de certificaci\u00f3n <strong>RINA<\/strong>.[\/vc_column_text][\/vc_column][\/vc_row][vc_row][vc_column width=\u00bb2\/3&#8243;][vc_column_text]<strong>ISO 14001<\/strong><br \/>\n<strong>OCMA DrillTech<\/strong> tambi\u00e9n tiene la certificaci\u00f3n <strong>ISO 14001<\/strong> que establece los requisitos de un \u00absistema de gesti\u00f3n ambiental\u00bb de cualquier organizaci\u00f3n. La norma <strong>ISO 14001 (UNI EN ISO 14001:2004)<\/strong> es la elecci\u00f3n voluntaria de nuestra empresa, que ha decidido crear \/ ejecutar \/ mantener activo \/ mejorar su propio sistema de gesti\u00f3n medioambiental en relaci\u00f3n con el medio ambiente y los impactos ambientales.[\/vc_column_text][\/vc_column][vc_column width=\u00bb1\/3&#8243;][vc_gallery el_id=\u00bbgallery-212163&#8243; type=\u00bbjustified\u00bb medias=\u00bb948,949&#8243; justify_row_height=\u00bb150&#8243; gutter_size=\u00bb3&#8243; single_overlay_opacity=\u00bb50&#8243; single_padding=\u00bb2&#8243;][\/vc_column][\/vc_row][vc_row][vc_column width=\u00bb1\/1&#8243;][vc_gallery el_id=\u00bbgallery-656507&#8243; type=\u00bbjustified\u00bb medias=\u00bb958,959,960,961,962&#8243; justify_row_height=\u00bb250&#8243; gutter_size=\u00bb3&#8243; single_overlay_opacity=\u00bb50&#8243; single_padding=\u00bb2&#8243;][\/vc_column][\/vc_row]<\/p>\n<\/div>","protected":false},"excerpt":{"rendered":"<p>[vc_row unlock_row_content=\u00bbyes\u00bb row_height_percent=\u00bb0&#8243; back_color=\u00bbaccent\u00bb overlay_alpha=\u00bb50&#8243; gutter_size=\u00bb3&#8243; column_width_percent=\u00bb100&#8243; shift_y=\u00bb0&#8243; z_index=\u00bb0&#8243;][vc_column column_width_percent=\u00bb100&#8243; align_horizontal=\u00bbalign_center\u00bb style=\u00bbdark\u00bb overlay_alpha=\u00bb50&#8243; gutter_size=\u00bb3&#8243; medium_width=\u00bb0&#8243; mobile_width=\u00bb0&#8243; shift_x=\u00bb0&#8243; shift_y=\u00bb0&#8243; shift_y_down=\u00bb0&#8243; z_index=\u00bb0&#8243; [&hellip;]<\/p>\n","protected":false},"author":1,"featured_media":0,"parent":0,"menu_order":0,"comment_status":"closed","ping_status":"closed","template":"","meta":[],"yoast_head":"<!-- This site is optimized with the Yoast SEO Premium plugin v16.0.2 (Yoast SEO v18.2) - https:\/\/yoast.com\/wordpress\/plugins\/seo\/ -->\n<title>Equipos de Perforaci\u00f3n de Calidad | Ocma<\/title>\n<meta name=\"description\" content=\"OCMA DrillTech aplica la Certificaci\u00f3n ISO9001:2015 para todas sus actividades con el fin de certificar todas las Herramientas de Perforaci\u00f3n de Roca, Equipos de Perforaci\u00f3n, Brocas, Martillos DTH, Barras de Perforaci\u00f3n, Amortiguadores para Martillos de Fondo fabricados y distribuidos para el Mercado Global.\" \/>\n<meta name=\"robots\" content=\"index, follow, max-snippet:-1, max-image-preview:large, max-video-preview:-1\" \/>\n<link rel=\"canonical\" href=\"https:\/\/www.ocmasrl.com\/es\/aseguramiento-calidad\/\" \/>\n<meta property=\"og:locale\" content=\"es_ES\" \/>\n<meta property=\"og:type\" content=\"article\" \/>\n<meta property=\"og:title\" content=\"Equipos de Perforaci\u00f3n de Calidad | Ocma\" \/>\n<meta property=\"og:description\" content=\"OCMA DrillTech aplica la Certificaci\u00f3n ISO9001:2015 para todas sus actividades con el fin de certificar todas las Herramientas de Perforaci\u00f3n de Roca, Equipos de Perforaci\u00f3n, Brocas, Martillos DTH, Barras de Perforaci\u00f3n, Amortiguadores para Martillos de Fondo fabricados y distribuidos para el Mercado Global.\" \/>\n<meta property=\"og:url\" content=\"https:\/\/www.ocmasrl.com\/es\/aseguramiento-calidad\/\" \/>\n<meta property=\"og:site_name\" content=\"Ocma\" \/>\n<meta property=\"article:publisher\" content=\"https:\/\/www.facebook.com\/OCMA-DrillTech-227901890599501\/\" \/>\n<meta property=\"article:modified_time\" content=\"2021-01-02T12:58:23+00:00\" \/>\n<meta name=\"twitter:card\" content=\"summary_large_image\" \/>\n<meta name=\"twitter:label1\" content=\"Tiempo de lectura\" \/>\n\t<meta name=\"twitter:data1\" content=\"2 minutos\" \/>\n<script type=\"application\/ld+json\" class=\"yoast-schema-graph\">{\"@context\":\"https:\/\/schema.org\",\"@graph\":[{\"@type\":\"Organization\",\"@id\":\"https:\/\/www.ocmasrl.com\/#organization\",\"name\":\"OCMA s.r.l.\",\"url\":\"https:\/\/www.ocmasrl.com\/\",\"sameAs\":[\"https:\/\/www.facebook.com\/OCMA-DrillTech-227901890599501\/\",\"https:\/\/www.instagram.com\/ocmadrilltech\/\"],\"logo\":{\"@type\":\"ImageObject\",\"@id\":\"https:\/\/www.ocmasrl.com\/#logo\",\"inLanguage\":\"es\",\"url\":\"https:\/\/www.ocmasrl.com\/wp-content\/uploads\/OCMA-DrillTech.jpg\",\"contentUrl\":\"https:\/\/www.ocmasrl.com\/wp-content\/uploads\/OCMA-DrillTech.jpg\",\"width\":575,\"height\":105,\"caption\":\"OCMA s.r.l.\"},\"image\":{\"@id\":\"https:\/\/www.ocmasrl.com\/#logo\"}},{\"@type\":\"WebSite\",\"@id\":\"https:\/\/www.ocmasrl.com\/#website\",\"url\":\"https:\/\/www.ocmasrl.com\/\",\"name\":\"Ocma\",\"description\":\"Martelli Fondo Foro\",\"publisher\":{\"@id\":\"https:\/\/www.ocmasrl.com\/#organization\"},\"potentialAction\":[{\"@type\":\"SearchAction\",\"target\":{\"@type\":\"EntryPoint\",\"urlTemplate\":\"https:\/\/www.ocmasrl.com\/?s={search_term_string}\"},\"query-input\":\"required name=search_term_string\"}],\"inLanguage\":\"es\"},{\"@type\":\"WebPage\",\"@id\":\"https:\/\/www.ocmasrl.com\/es\/aseguramiento-calidad\/#webpage\",\"url\":\"https:\/\/www.ocmasrl.com\/es\/aseguramiento-calidad\/\",\"name\":\"Equipos de Perforaci\u00f3n de Calidad | Ocma\",\"isPartOf\":{\"@id\":\"https:\/\/www.ocmasrl.com\/#website\"},\"datePublished\":\"2020-01-23T09:03:19+00:00\",\"dateModified\":\"2021-01-02T12:58:23+00:00\",\"description\":\"OCMA DrillTech aplica la Certificaci\u00f3n ISO9001:2015 para todas sus actividades con el fin de certificar todas las Herramientas de Perforaci\u00f3n de Roca, Equipos de Perforaci\u00f3n, Brocas, Martillos DTH, Barras de Perforaci\u00f3n, Amortiguadores para Martillos de Fondo fabricados y distribuidos para el Mercado Global.\",\"breadcrumb\":{\"@id\":\"https:\/\/www.ocmasrl.com\/es\/aseguramiento-calidad\/#breadcrumb\"},\"inLanguage\":\"es\",\"potentialAction\":[{\"@type\":\"ReadAction\",\"target\":[\"https:\/\/www.ocmasrl.com\/es\/aseguramiento-calidad\/\"]}]},{\"@type\":\"BreadcrumbList\",\"@id\":\"https:\/\/www.ocmasrl.com\/es\/aseguramiento-calidad\/#breadcrumb\",\"itemListElement\":[{\"@type\":\"ListItem\",\"position\":1,\"name\":\"Home\",\"item\":\"https:\/\/www.ocmasrl.com\/es\/\"},{\"@type\":\"ListItem\",\"position\":2,\"name\":\"Equipos de Perforaci\u00f3n de Calidad\"}]}]}<\/script>\n<!-- \/ Yoast SEO Premium plugin. -->","yoast_head_json":{"title":"Equipos de Perforaci\u00f3n de Calidad | Ocma","description":"OCMA DrillTech aplica la Certificaci\u00f3n ISO9001:2015 para todas sus actividades con el fin de certificar todas las Herramientas de Perforaci\u00f3n de Roca, Equipos de Perforaci\u00f3n, Brocas, Martillos DTH, Barras de Perforaci\u00f3n, Amortiguadores para Martillos de Fondo fabricados y distribuidos para el Mercado Global.","robots":{"index":"index","follow":"follow","max-snippet":"max-snippet:-1","max-image-preview":"max-image-preview:large","max-video-preview":"max-video-preview:-1"},"canonical":"https:\/\/www.ocmasrl.com\/es\/aseguramiento-calidad\/","og_locale":"es_ES","og_type":"article","og_title":"Equipos de Perforaci\u00f3n de Calidad | Ocma","og_description":"OCMA DrillTech aplica la Certificaci\u00f3n ISO9001:2015 para todas sus actividades con el fin de certificar todas las Herramientas de Perforaci\u00f3n de Roca, Equipos de Perforaci\u00f3n, Brocas, Martillos DTH, Barras de Perforaci\u00f3n, Amortiguadores para Martillos de Fondo fabricados y distribuidos para el Mercado Global.","og_url":"https:\/\/www.ocmasrl.com\/es\/aseguramiento-calidad\/","og_site_name":"Ocma","article_publisher":"https:\/\/www.facebook.com\/OCMA-DrillTech-227901890599501\/","article_modified_time":"2021-01-02T12:58:23+00:00","twitter_card":"summary_large_image","twitter_misc":{"Tiempo de lectura":"2 minutos"},"schema":{"@context":"https:\/\/schema.org","@graph":[{"@type":"Organization","@id":"https:\/\/www.ocmasrl.com\/#organization","name":"OCMA s.r.l.","url":"https:\/\/www.ocmasrl.com\/","sameAs":["https:\/\/www.facebook.com\/OCMA-DrillTech-227901890599501\/","https:\/\/www.instagram.com\/ocmadrilltech\/"],"logo":{"@type":"ImageObject","@id":"https:\/\/www.ocmasrl.com\/#logo","inLanguage":"es","url":"https:\/\/www.ocmasrl.com\/wp-content\/uploads\/OCMA-DrillTech.jpg","contentUrl":"https:\/\/www.ocmasrl.com\/wp-content\/uploads\/OCMA-DrillTech.jpg","width":575,"height":105,"caption":"OCMA s.r.l."},"image":{"@id":"https:\/\/www.ocmasrl.com\/#logo"}},{"@type":"WebSite","@id":"https:\/\/www.ocmasrl.com\/#website","url":"https:\/\/www.ocmasrl.com\/","name":"Ocma","description":"Martelli Fondo Foro","publisher":{"@id":"https:\/\/www.ocmasrl.com\/#organization"},"potentialAction":[{"@type":"SearchAction","target":{"@type":"EntryPoint","urlTemplate":"https:\/\/www.ocmasrl.com\/?s={search_term_string}"},"query-input":"required name=search_term_string"}],"inLanguage":"es"},{"@type":"WebPage","@id":"https:\/\/www.ocmasrl.com\/es\/aseguramiento-calidad\/#webpage","url":"https:\/\/www.ocmasrl.com\/es\/aseguramiento-calidad\/","name":"Equipos de Perforaci\u00f3n de Calidad | Ocma","isPartOf":{"@id":"https:\/\/www.ocmasrl.com\/#website"},"datePublished":"2020-01-23T09:03:19+00:00","dateModified":"2021-01-02T12:58:23+00:00","description":"OCMA DrillTech aplica la Certificaci\u00f3n ISO9001:2015 para todas sus actividades con el fin de certificar todas las Herramientas de Perforaci\u00f3n de Roca, Equipos de Perforaci\u00f3n, Brocas, Martillos DTH, Barras de Perforaci\u00f3n, Amortiguadores para Martillos de Fondo fabricados y distribuidos para el Mercado Global.","breadcrumb":{"@id":"https:\/\/www.ocmasrl.com\/es\/aseguramiento-calidad\/#breadcrumb"},"inLanguage":"es","potentialAction":[{"@type":"ReadAction","target":["https:\/\/www.ocmasrl.com\/es\/aseguramiento-calidad\/"]}]},{"@type":"BreadcrumbList","@id":"https:\/\/www.ocmasrl.com\/es\/aseguramiento-calidad\/#breadcrumb","itemListElement":[{"@type":"ListItem","position":1,"name":"Home","item":"https:\/\/www.ocmasrl.com\/es\/"},{"@type":"ListItem","position":2,"name":"Equipos de Perforaci\u00f3n de Calidad"}]}]}},"_links":{"self":[{"href":"https:\/\/www.ocmasrl.com\/es\/wp-json\/wp\/v2\/pages\/5776"}],"collection":[{"href":"https:\/\/www.ocmasrl.com\/es\/wp-json\/wp\/v2\/pages"}],"about":[{"href":"https:\/\/www.ocmasrl.com\/es\/wp-json\/wp\/v2\/types\/page"}],"author":[{"embeddable":true,"href":"https:\/\/www.ocmasrl.com\/es\/wp-json\/wp\/v2\/users\/1"}],"replies":[{"embeddable":true,"href":"https:\/\/www.ocmasrl.com\/es\/wp-json\/wp\/v2\/comments?post=5776"}],"version-history":[{"count":3,"href":"https:\/\/www.ocmasrl.com\/es\/wp-json\/wp\/v2\/pages\/5776\/revisions"}],"predecessor-version":[{"id":7586,"href":"https:\/\/www.ocmasrl.com\/es\/wp-json\/wp\/v2\/pages\/5776\/revisions\/7586"}],"wp:attachment":[{"href":"https:\/\/www.ocmasrl.com\/es\/wp-json\/wp\/v2\/media?parent=5776"}],"curies":[{"name":"wp","href":"https:\/\/api.w.org\/{rel}","templated":true}]}}