{"id":5790,"date":"2020-01-23T09:46:06","date_gmt":"2020-01-23T09:46:06","guid":{"rendered":"http:\/\/omiwebdev.it\/ocma_n\/distribucion-global\/"},"modified":"2021-01-11T11:47:47","modified_gmt":"2021-01-11T11:47:47","slug":"distribucion-global","status":"publish","type":"page","link":"https:\/\/www.ocmasrl.com\/es\/distribucion-global\/","title":{"rendered":"Distribuci\u00f3n global de Equipos de Perforaci\u00f3n"},"content":{"rendered":"<div class=\"wpb-content-wrapper\"><p>[vc_row unlock_row_content=\u00bbyes\u00bb row_height_percent=\u00bb0&#8243; back_color=\u00bbaccent\u00bb overlay_alpha=\u00bb50&#8243; gutter_size=\u00bb3&#8243; column_width_percent=\u00bb100&#8243; shift_y=\u00bb0&#8243; z_index=\u00bb0&#8243;][vc_column column_width_percent=\u00bb100&#8243; style=\u00bbdark\u00bb overlay_alpha=\u00bb50&#8243; gutter_size=\u00bb3&#8243; medium_width=\u00bb0&#8243; mobile_width=\u00bb0&#8243; shift_x=\u00bb0&#8243; shift_y=\u00bb0&#8243; shift_y_down=\u00bb0&#8243; z_index=\u00bb0&#8243; width=\u00bb1\/1&#8243;][vc_column_text]<\/p>\n<h2 style=\"text-align: center;\">Distribuci\u00f3n Global<\/h2>\n<p>[\/vc_column_text][\/vc_column][\/vc_row][vc_row][vc_column width=\u00bb1\/1&#8243;][vc_column_text]<strong>OCMA DrillTech<\/strong> tiene una red de distribuci\u00f3n global con presencia en Am\u00e9rica del Norte y del Sur, Australia, \u00c1frica y Europa.[\/vc_column_text][vc_single_image media=\u00bb3255&#8243; media_width_percent=\u00bb100&#8243;][\/vc_column][\/vc_row][vc_row][vc_column width=\u00bb1\/2&#8243;][vc_single_image media=\u00bb977&#8243; media_lightbox=\u00bbyes\u00bb media_width_percent=\u00bb75&#8243;][\/vc_column][vc_column width=\u00bb1\/2&#8243;][vc_column_text]<strong>SATISFACCI\u00d3N DEL CLIENTE<\/strong><\/p>\n<p>Cada d\u00eda, nuestros distribuidores y representantes satisfacen la fuerte demanda de nuestros productos de forma r\u00e1pida, proporcionando al cliente el equipo exacto que el necesita.<\/p>\n<p>Nos esforzamos por la excelencia en todos nuestros productos y estamos comprometidos a trabajar para ofrecer a todos nuestros clientes, proveedores, empleados y accionistas, performances superiores a la media.<\/p>\n<p>Desarrollamos nuestros martillos en fondo y equipos de perforaci\u00f3n sobre la base del ingreso continuo de los operadores y contratistas que trabajan en este campo.[\/vc_column_text][\/vc_column][\/vc_row][vc_row][vc_column width=\u00bb1\/2&#8243;][vc_column_text]<strong>ENTREGAS R\u00c1PIDAS E INMEDIATAS <\/strong><\/p>\n<p>La planificacion y la producci\u00f3n de OCMA DrillTech se hacen en la sede en Italia, y gracias a la gran capacidad de producci\u00f3n, se garantizan entregas rapidas e inmediatas a todos nuestros distribuidores extranjeros.<\/p>\n<p>Nuestros equipos de perforacion de rocas se utilizan en la miner\u00eda, la construcci\u00f3n, t\u00faneles, canteras y pozos de agua en todo el mundo.La progettazione e produzione di prodotti<\/p>\n<p>[\/vc_column_text][\/vc_column][vc_column width=\u00bb1\/2&#8243;][vc_single_image media=\u00bb976&#8243; media_lightbox=\u00bbyes\u00bb media_width_percent=\u00bb100&#8243; alignment=\u00bbcenter\u00bb][\/vc_column][\/vc_row]<\/p>\n<\/div>","protected":false},"excerpt":{"rendered":"<p>[vc_row unlock_row_content=\u00bbyes\u00bb row_height_percent=\u00bb0&#8243; back_color=\u00bbaccent\u00bb overlay_alpha=\u00bb50&#8243; gutter_size=\u00bb3&#8243; column_width_percent=\u00bb100&#8243; shift_y=\u00bb0&#8243; z_index=\u00bb0&#8243;][vc_column column_width_percent=\u00bb100&#8243; style=\u00bbdark\u00bb overlay_alpha=\u00bb50&#8243; gutter_size=\u00bb3&#8243; medium_width=\u00bb0&#8243; mobile_width=\u00bb0&#8243; shift_x=\u00bb0&#8243; shift_y=\u00bb0&#8243; shift_y_down=\u00bb0&#8243; z_index=\u00bb0&#8243; width=\u00bb1\/1&#8243;][vc_column_text] [&hellip;]<\/p>\n","protected":false},"author":1,"featured_media":0,"parent":0,"menu_order":0,"comment_status":"closed","ping_status":"closed","template":"","meta":[],"yoast_head":"<!-- This site is optimized with the Yoast SEO Premium plugin v16.0.2 (Yoast SEO v18.2) - https:\/\/yoast.com\/wordpress\/plugins\/seo\/ -->\n<title>Distribuci\u00f3n global de Equipos de Perforaci\u00f3n | Ocma<\/title>\n<meta name=\"description\" content=\"OCMA DrillTech tiene una distribuci\u00f3n global de Equipos de perforaci\u00f3n en fondo en Am\u00e9rica del Norte y del Sur, Australia, \u00c1frica y Europa.\" \/>\n<meta name=\"robots\" content=\"index, follow, max-snippet:-1, max-image-preview:large, max-video-preview:-1\" \/>\n<link rel=\"canonical\" href=\"https:\/\/www.ocmasrl.com\/es\/distribucion-global\/\" \/>\n<meta property=\"og:locale\" content=\"es_ES\" \/>\n<meta property=\"og:type\" content=\"article\" \/>\n<meta property=\"og:title\" content=\"Distribuci\u00f3n global de Equipos de Perforaci\u00f3n | Ocma\" \/>\n<meta property=\"og:description\" content=\"OCMA DrillTech tiene una distribuci\u00f3n global de Equipos de perforaci\u00f3n en fondo en Am\u00e9rica del Norte y del Sur, Australia, \u00c1frica y Europa.\" \/>\n<meta property=\"og:url\" content=\"https:\/\/www.ocmasrl.com\/es\/distribucion-global\/\" \/>\n<meta property=\"og:site_name\" content=\"Ocma\" \/>\n<meta property=\"article:publisher\" content=\"https:\/\/www.facebook.com\/OCMA-DrillTech-227901890599501\/\" \/>\n<meta property=\"article:modified_time\" content=\"2021-01-11T11:47:47+00:00\" \/>\n<meta name=\"twitter:card\" content=\"summary_large_image\" \/>\n<meta name=\"twitter:label1\" content=\"Tiempo de lectura\" \/>\n\t<meta name=\"twitter:data1\" content=\"2 minutos\" \/>\n<script type=\"application\/ld+json\" class=\"yoast-schema-graph\">{\"@context\":\"https:\/\/schema.org\",\"@graph\":[{\"@type\":\"Organization\",\"@id\":\"https:\/\/www.ocmasrl.com\/#organization\",\"name\":\"OCMA s.r.l.\",\"url\":\"https:\/\/www.ocmasrl.com\/\",\"sameAs\":[\"https:\/\/www.facebook.com\/OCMA-DrillTech-227901890599501\/\",\"https:\/\/www.instagram.com\/ocmadrilltech\/\"],\"logo\":{\"@type\":\"ImageObject\",\"@id\":\"https:\/\/www.ocmasrl.com\/#logo\",\"inLanguage\":\"es\",\"url\":\"https:\/\/www.ocmasrl.com\/wp-content\/uploads\/OCMA-DrillTech.jpg\",\"contentUrl\":\"https:\/\/www.ocmasrl.com\/wp-content\/uploads\/OCMA-DrillTech.jpg\",\"width\":575,\"height\":105,\"caption\":\"OCMA s.r.l.\"},\"image\":{\"@id\":\"https:\/\/www.ocmasrl.com\/#logo\"}},{\"@type\":\"WebSite\",\"@id\":\"https:\/\/www.ocmasrl.com\/#website\",\"url\":\"https:\/\/www.ocmasrl.com\/\",\"name\":\"Ocma\",\"description\":\"Martelli Fondo Foro\",\"publisher\":{\"@id\":\"https:\/\/www.ocmasrl.com\/#organization\"},\"potentialAction\":[{\"@type\":\"SearchAction\",\"target\":{\"@type\":\"EntryPoint\",\"urlTemplate\":\"https:\/\/www.ocmasrl.com\/?s={search_term_string}\"},\"query-input\":\"required name=search_term_string\"}],\"inLanguage\":\"es\"},{\"@type\":\"WebPage\",\"@id\":\"https:\/\/www.ocmasrl.com\/es\/distribucion-global\/#webpage\",\"url\":\"https:\/\/www.ocmasrl.com\/es\/distribucion-global\/\",\"name\":\"Distribuci\u00f3n global de Equipos de Perforaci\u00f3n | Ocma\",\"isPartOf\":{\"@id\":\"https:\/\/www.ocmasrl.com\/#website\"},\"datePublished\":\"2020-01-23T09:46:06+00:00\",\"dateModified\":\"2021-01-11T11:47:47+00:00\",\"description\":\"OCMA DrillTech tiene una distribuci\u00f3n global de Equipos de perforaci\u00f3n en fondo en Am\u00e9rica del Norte y del Sur, Australia, \u00c1frica y Europa.\",\"breadcrumb\":{\"@id\":\"https:\/\/www.ocmasrl.com\/es\/distribucion-global\/#breadcrumb\"},\"inLanguage\":\"es\",\"potentialAction\":[{\"@type\":\"ReadAction\",\"target\":[\"https:\/\/www.ocmasrl.com\/es\/distribucion-global\/\"]}]},{\"@type\":\"BreadcrumbList\",\"@id\":\"https:\/\/www.ocmasrl.com\/es\/distribucion-global\/#breadcrumb\",\"itemListElement\":[{\"@type\":\"ListItem\",\"position\":1,\"name\":\"Home\",\"item\":\"https:\/\/www.ocmasrl.com\/es\/\"},{\"@type\":\"ListItem\",\"position\":2,\"name\":\"Distribuci\u00f3n global de Equipos de Perforaci\u00f3n\"}]}]}<\/script>\n<!-- \/ Yoast SEO Premium plugin. -->","yoast_head_json":{"title":"Distribuci\u00f3n global de Equipos de Perforaci\u00f3n | Ocma","description":"OCMA DrillTech tiene una distribuci\u00f3n global de Equipos de perforaci\u00f3n en fondo en Am\u00e9rica del Norte y del Sur, Australia, \u00c1frica y Europa.","robots":{"index":"index","follow":"follow","max-snippet":"max-snippet:-1","max-image-preview":"max-image-preview:large","max-video-preview":"max-video-preview:-1"},"canonical":"https:\/\/www.ocmasrl.com\/es\/distribucion-global\/","og_locale":"es_ES","og_type":"article","og_title":"Distribuci\u00f3n global de Equipos de Perforaci\u00f3n | Ocma","og_description":"OCMA DrillTech tiene una distribuci\u00f3n global de Equipos de perforaci\u00f3n en fondo en Am\u00e9rica del Norte y del Sur, Australia, \u00c1frica y Europa.","og_url":"https:\/\/www.ocmasrl.com\/es\/distribucion-global\/","og_site_name":"Ocma","article_publisher":"https:\/\/www.facebook.com\/OCMA-DrillTech-227901890599501\/","article_modified_time":"2021-01-11T11:47:47+00:00","twitter_card":"summary_large_image","twitter_misc":{"Tiempo de lectura":"2 minutos"},"schema":{"@context":"https:\/\/schema.org","@graph":[{"@type":"Organization","@id":"https:\/\/www.ocmasrl.com\/#organization","name":"OCMA s.r.l.","url":"https:\/\/www.ocmasrl.com\/","sameAs":["https:\/\/www.facebook.com\/OCMA-DrillTech-227901890599501\/","https:\/\/www.instagram.com\/ocmadrilltech\/"],"logo":{"@type":"ImageObject","@id":"https:\/\/www.ocmasrl.com\/#logo","inLanguage":"es","url":"https:\/\/www.ocmasrl.com\/wp-content\/uploads\/OCMA-DrillTech.jpg","contentUrl":"https:\/\/www.ocmasrl.com\/wp-content\/uploads\/OCMA-DrillTech.jpg","width":575,"height":105,"caption":"OCMA s.r.l."},"image":{"@id":"https:\/\/www.ocmasrl.com\/#logo"}},{"@type":"WebSite","@id":"https:\/\/www.ocmasrl.com\/#website","url":"https:\/\/www.ocmasrl.com\/","name":"Ocma","description":"Martelli Fondo Foro","publisher":{"@id":"https:\/\/www.ocmasrl.com\/#organization"},"potentialAction":[{"@type":"SearchAction","target":{"@type":"EntryPoint","urlTemplate":"https:\/\/www.ocmasrl.com\/?s={search_term_string}"},"query-input":"required name=search_term_string"}],"inLanguage":"es"},{"@type":"WebPage","@id":"https:\/\/www.ocmasrl.com\/es\/distribucion-global\/#webpage","url":"https:\/\/www.ocmasrl.com\/es\/distribucion-global\/","name":"Distribuci\u00f3n global de Equipos de Perforaci\u00f3n | Ocma","isPartOf":{"@id":"https:\/\/www.ocmasrl.com\/#website"},"datePublished":"2020-01-23T09:46:06+00:00","dateModified":"2021-01-11T11:47:47+00:00","description":"OCMA DrillTech tiene una distribuci\u00f3n global de Equipos de perforaci\u00f3n en fondo en Am\u00e9rica del Norte y del Sur, Australia, \u00c1frica y Europa.","breadcrumb":{"@id":"https:\/\/www.ocmasrl.com\/es\/distribucion-global\/#breadcrumb"},"inLanguage":"es","potentialAction":[{"@type":"ReadAction","target":["https:\/\/www.ocmasrl.com\/es\/distribucion-global\/"]}]},{"@type":"BreadcrumbList","@id":"https:\/\/www.ocmasrl.com\/es\/distribucion-global\/#breadcrumb","itemListElement":[{"@type":"ListItem","position":1,"name":"Home","item":"https:\/\/www.ocmasrl.com\/es\/"},{"@type":"ListItem","position":2,"name":"Distribuci\u00f3n global de Equipos de Perforaci\u00f3n"}]}]}},"_links":{"self":[{"href":"https:\/\/www.ocmasrl.com\/es\/wp-json\/wp\/v2\/pages\/5790"}],"collection":[{"href":"https:\/\/www.ocmasrl.com\/es\/wp-json\/wp\/v2\/pages"}],"about":[{"href":"https:\/\/www.ocmasrl.com\/es\/wp-json\/wp\/v2\/types\/page"}],"author":[{"embeddable":true,"href":"https:\/\/www.ocmasrl.com\/es\/wp-json\/wp\/v2\/users\/1"}],"replies":[{"embeddable":true,"href":"https:\/\/www.ocmasrl.com\/es\/wp-json\/wp\/v2\/comments?post=5790"}],"version-history":[{"count":5,"href":"https:\/\/www.ocmasrl.com\/es\/wp-json\/wp\/v2\/pages\/5790\/revisions"}],"predecessor-version":[{"id":7599,"href":"https:\/\/www.ocmasrl.com\/es\/wp-json\/wp\/v2\/pages\/5790\/revisions\/7599"}],"wp:attachment":[{"href":"https:\/\/www.ocmasrl.com\/es\/wp-json\/wp\/v2\/media?parent=5790"}],"curies":[{"name":"wp","href":"https:\/\/api.w.org\/{rel}","templated":true}]}}