{"id":5816,"date":"2020-01-03T17:10:27","date_gmt":"2020-01-03T17:10:27","guid":{"rendered":"http:\/\/omiwebdev.it\/ocma_n\/research-and-development\/"},"modified":"2021-01-11T12:35:53","modified_gmt":"2021-01-11T12:35:53","slug":"investigacion-y-desarrollo","status":"publish","type":"page","link":"https:\/\/www.ocmasrl.com\/es\/investigacion-y-desarrollo\/","title":{"rendered":"Investigaci\u00f3n y Desarrollo Equipos de Perforaci\u00f3n"},"content":{"rendered":"<div class=\"wpb-content-wrapper\"><p>[vc_row unlock_row_content=\u00bbyes\u00bb row_height_percent=\u00bb0&#8243; back_color=\u00bbaccent\u00bb overlay_alpha=\u00bb50&#8243; gutter_size=\u00bb3&#8243; column_width_percent=\u00bb100&#8243; shift_y=\u00bb0&#8243; z_index=\u00bb0&#8243;][vc_column column_width_percent=\u00bb100&#8243; align_horizontal=\u00bbalign_center\u00bb style=\u00bbdark\u00bb overlay_alpha=\u00bb50&#8243; gutter_size=\u00bb3&#8243; medium_width=\u00bb0&#8243; mobile_width=\u00bb0&#8243; shift_x=\u00bb0&#8243; shift_y=\u00bb0&#8243; shift_y_down=\u00bb0&#8243; z_index=\u00bb0&#8243; width=\u00bb1\/1&#8243;][vc_column_text]<\/p>\n<h1>Investigaci\u00f3n y Desarrollo<\/h1>\n<p>[\/vc_column_text][\/vc_column][\/vc_row][vc_row row_height_percent=\u00bb0&#8243; overlay_alpha=\u00bb50&#8243; gutter_size=\u00bb3&#8243; column_width_percent=\u00bb100&#8243; shift_y=\u00bb0&#8243; z_index=\u00bb0&#8243;][vc_column column_width_percent=\u00bb100&#8243; position_vertical=\u00bbmiddle\u00bb overlay_alpha=\u00bb50&#8243; gutter_size=\u00bb3&#8243; medium_width=\u00bb0&#8243; mobile_width=\u00bb0&#8243; shift_x=\u00bb0&#8243; shift_y=\u00bb0&#8243; shift_y_down=\u00bb0&#8243; z_index=\u00bb0&#8243; width=\u00bb1\/2&#8243;][vc_column_text]<strong>PLANIFICACION<\/strong><\/p>\n<p>Nuestro equipo de investigaci\u00f3n y desarrollo participa constantemente en el dise\u00f1o de nuevos equipos de perforaci\u00f3n y herramientas DTH y en el mejoramiento de los productos existentes.<\/p>\n<p><strong>OCMA DrillTech<\/strong> utiliza la \u00faltima tecnolog\u00eda <strong>CAD CAM<\/strong> para hacer los tallantes y los martillos en fondo cada vez m\u00e1s performantes y que reflejan las necesidades del cliente.[\/vc_column_text][\/vc_column][vc_column width=\u00bb1\/2&#8243;][vc_single_image media=\u00bb234&#8243; media_lightbox=\u00bbyes\u00bb media_width_percent=\u00bb75&#8243; alignment=\u00bbcenter\u00bb][\/vc_column][\/vc_row][vc_row row_height_percent=\u00bb0&#8243; overlay_alpha=\u00bb50&#8243; gutter_size=\u00bb3&#8243; column_width_percent=\u00bb100&#8243; shift_y=\u00bb0&#8243; z_index=\u00bb0&#8243;][vc_column column_width_percent=\u00bb100&#8243; position_horizontal=\u00bbright\u00bb overlay_alpha=\u00bb50&#8243; gutter_size=\u00bb3&#8243; medium_width=\u00bb0&#8243; mobile_width=\u00bb0&#8243; shift_x=\u00bb0&#8243; shift_y=\u00bb0&#8243; shift_y_down=\u00bb0&#8243; z_index=\u00bb0&#8243; width=\u00bb1\/2&#8243;][vc_single_image media=\u00bb235&#8243; media_lightbox=\u00bbyes\u00bb media_width_percent=\u00bb70&#8243;][\/vc_column][vc_column column_width_percent=\u00bb100&#8243; position_vertical=\u00bbmiddle\u00bb overlay_alpha=\u00bb50&#8243; gutter_size=\u00bb3&#8243; medium_width=\u00bb0&#8243; mobile_width=\u00bb0&#8243; shift_x=\u00bb0&#8243; shift_y=\u00bb0&#8243; shift_y_down=\u00bb0&#8243; z_index=\u00bb0&#8243; width=\u00bb1\/2&#8243;][vc_column_text]<strong>MATERIALES DE PRIMERA CLASE<\/strong><\/p>\n<p>Todos los productos OCMA Drilltech est\u00e1n hechos con materiales MADE IN ITALY de primera calidad y 100% reciclable en el respecto del medio ambiente, manteniendo altos est\u00e1ndares de calidad.<\/p>\n<p>El carburo de tungsteno es de vital importancia para la duracion de los tallantes en fondo, por eso nuestro equipo de Investigaci\u00f3n y Desarollo elige las mejores materias primas, controlando las microestructuras del tungsteno y prestando especial atenci\u00f3n a la planificacion de las formas de los botones (esf\u00e9ricos, bal\u00edsticos y parab\u00f3licos) conforme a las diferentes formaciones rocosas.<\/p>\n<p>[\/vc_column_text][\/vc_column][\/vc_row]<\/p>\n<\/div>","protected":false},"excerpt":{"rendered":"<p>[vc_row unlock_row_content=\u00bbyes\u00bb row_height_percent=\u00bb0&#8243; back_color=\u00bbaccent\u00bb overlay_alpha=\u00bb50&#8243; gutter_size=\u00bb3&#8243; column_width_percent=\u00bb100&#8243; shift_y=\u00bb0&#8243; z_index=\u00bb0&#8243;][vc_column column_width_percent=\u00bb100&#8243; align_horizontal=\u00bbalign_center\u00bb style=\u00bbdark\u00bb overlay_alpha=\u00bb50&#8243; gutter_size=\u00bb3&#8243; medium_width=\u00bb0&#8243; mobile_width=\u00bb0&#8243; shift_x=\u00bb0&#8243; shift_y=\u00bb0&#8243; shift_y_down=\u00bb0&#8243; z_index=\u00bb0&#8243; [&hellip;]<\/p>\n","protected":false},"author":1,"featured_media":0,"parent":0,"menu_order":0,"comment_status":"closed","ping_status":"closed","template":"","meta":[],"yoast_head":"<!-- This site is optimized with the Yoast SEO Premium plugin v16.0.2 (Yoast SEO v18.2) - https:\/\/yoast.com\/wordpress\/plugins\/seo\/ -->\n<title>Investigaci\u00f3n y Desarrollo Equipos de Perforaci\u00f3n | Ocma<\/title>\n<meta name=\"description\" content=\"Nuestro equipo de I y D participa constantemente en el dise\u00f1o de nuevos equipos de perforaci\u00f3n y herramientas DTH y en el mejoramiento de los productos existentes.\" \/>\n<meta name=\"robots\" content=\"index, follow, max-snippet:-1, max-image-preview:large, max-video-preview:-1\" \/>\n<link rel=\"canonical\" href=\"https:\/\/www.ocmasrl.com\/es\/investigacion-y-desarrollo\/\" \/>\n<meta property=\"og:locale\" content=\"es_ES\" \/>\n<meta property=\"og:type\" content=\"article\" \/>\n<meta property=\"og:title\" content=\"Investigaci\u00f3n y Desarrollo Equipos de Perforaci\u00f3n | Ocma\" \/>\n<meta property=\"og:description\" content=\"Nuestro equipo de I y D participa constantemente en el dise\u00f1o de nuevos equipos de perforaci\u00f3n y herramientas DTH y en el mejoramiento de los productos existentes.\" \/>\n<meta property=\"og:url\" content=\"https:\/\/www.ocmasrl.com\/es\/investigacion-y-desarrollo\/\" \/>\n<meta property=\"og:site_name\" content=\"Ocma\" \/>\n<meta property=\"article:publisher\" content=\"https:\/\/www.facebook.com\/OCMA-DrillTech-227901890599501\/\" \/>\n<meta property=\"article:modified_time\" content=\"2021-01-11T12:35:53+00:00\" \/>\n<meta name=\"twitter:card\" content=\"summary_large_image\" \/>\n<meta name=\"twitter:label1\" content=\"Tiempo de lectura\" \/>\n\t<meta name=\"twitter:data1\" content=\"2 minutos\" \/>\n<script type=\"application\/ld+json\" class=\"yoast-schema-graph\">{\"@context\":\"https:\/\/schema.org\",\"@graph\":[{\"@type\":\"Organization\",\"@id\":\"https:\/\/www.ocmasrl.com\/#organization\",\"name\":\"OCMA s.r.l.\",\"url\":\"https:\/\/www.ocmasrl.com\/\",\"sameAs\":[\"https:\/\/www.facebook.com\/OCMA-DrillTech-227901890599501\/\",\"https:\/\/www.instagram.com\/ocmadrilltech\/\"],\"logo\":{\"@type\":\"ImageObject\",\"@id\":\"https:\/\/www.ocmasrl.com\/#logo\",\"inLanguage\":\"es\",\"url\":\"https:\/\/www.ocmasrl.com\/wp-content\/uploads\/OCMA-DrillTech.jpg\",\"contentUrl\":\"https:\/\/www.ocmasrl.com\/wp-content\/uploads\/OCMA-DrillTech.jpg\",\"width\":575,\"height\":105,\"caption\":\"OCMA s.r.l.\"},\"image\":{\"@id\":\"https:\/\/www.ocmasrl.com\/#logo\"}},{\"@type\":\"WebSite\",\"@id\":\"https:\/\/www.ocmasrl.com\/#website\",\"url\":\"https:\/\/www.ocmasrl.com\/\",\"name\":\"Ocma\",\"description\":\"Martelli Fondo Foro\",\"publisher\":{\"@id\":\"https:\/\/www.ocmasrl.com\/#organization\"},\"potentialAction\":[{\"@type\":\"SearchAction\",\"target\":{\"@type\":\"EntryPoint\",\"urlTemplate\":\"https:\/\/www.ocmasrl.com\/?s={search_term_string}\"},\"query-input\":\"required name=search_term_string\"}],\"inLanguage\":\"es\"},{\"@type\":\"WebPage\",\"@id\":\"https:\/\/www.ocmasrl.com\/es\/investigacion-y-desarrollo\/#webpage\",\"url\":\"https:\/\/www.ocmasrl.com\/es\/investigacion-y-desarrollo\/\",\"name\":\"Investigaci\u00f3n y Desarrollo Equipos de Perforaci\u00f3n | Ocma\",\"isPartOf\":{\"@id\":\"https:\/\/www.ocmasrl.com\/#website\"},\"datePublished\":\"2020-01-03T17:10:27+00:00\",\"dateModified\":\"2021-01-11T12:35:53+00:00\",\"description\":\"Nuestro equipo de I y D participa constantemente en el dise\u00f1o de nuevos equipos de perforaci\u00f3n y herramientas DTH y en el mejoramiento de los productos existentes.\",\"breadcrumb\":{\"@id\":\"https:\/\/www.ocmasrl.com\/es\/investigacion-y-desarrollo\/#breadcrumb\"},\"inLanguage\":\"es\",\"potentialAction\":[{\"@type\":\"ReadAction\",\"target\":[\"https:\/\/www.ocmasrl.com\/es\/investigacion-y-desarrollo\/\"]}]},{\"@type\":\"BreadcrumbList\",\"@id\":\"https:\/\/www.ocmasrl.com\/es\/investigacion-y-desarrollo\/#breadcrumb\",\"itemListElement\":[{\"@type\":\"ListItem\",\"position\":1,\"name\":\"Home\",\"item\":\"https:\/\/www.ocmasrl.com\/es\/\"},{\"@type\":\"ListItem\",\"position\":2,\"name\":\"Investigaci\u00f3n y Desarrollo Equipos de Perforaci\u00f3n\"}]}]}<\/script>\n<!-- \/ Yoast SEO Premium plugin. -->","yoast_head_json":{"title":"Investigaci\u00f3n y Desarrollo Equipos de Perforaci\u00f3n | Ocma","description":"Nuestro equipo de I y D participa constantemente en el dise\u00f1o de nuevos equipos de perforaci\u00f3n y herramientas DTH y en el mejoramiento de los productos existentes.","robots":{"index":"index","follow":"follow","max-snippet":"max-snippet:-1","max-image-preview":"max-image-preview:large","max-video-preview":"max-video-preview:-1"},"canonical":"https:\/\/www.ocmasrl.com\/es\/investigacion-y-desarrollo\/","og_locale":"es_ES","og_type":"article","og_title":"Investigaci\u00f3n y Desarrollo Equipos de Perforaci\u00f3n | Ocma","og_description":"Nuestro equipo de I y D participa constantemente en el dise\u00f1o de nuevos equipos de perforaci\u00f3n y herramientas DTH y en el mejoramiento de los productos existentes.","og_url":"https:\/\/www.ocmasrl.com\/es\/investigacion-y-desarrollo\/","og_site_name":"Ocma","article_publisher":"https:\/\/www.facebook.com\/OCMA-DrillTech-227901890599501\/","article_modified_time":"2021-01-11T12:35:53+00:00","twitter_card":"summary_large_image","twitter_misc":{"Tiempo de lectura":"2 minutos"},"schema":{"@context":"https:\/\/schema.org","@graph":[{"@type":"Organization","@id":"https:\/\/www.ocmasrl.com\/#organization","name":"OCMA s.r.l.","url":"https:\/\/www.ocmasrl.com\/","sameAs":["https:\/\/www.facebook.com\/OCMA-DrillTech-227901890599501\/","https:\/\/www.instagram.com\/ocmadrilltech\/"],"logo":{"@type":"ImageObject","@id":"https:\/\/www.ocmasrl.com\/#logo","inLanguage":"es","url":"https:\/\/www.ocmasrl.com\/wp-content\/uploads\/OCMA-DrillTech.jpg","contentUrl":"https:\/\/www.ocmasrl.com\/wp-content\/uploads\/OCMA-DrillTech.jpg","width":575,"height":105,"caption":"OCMA s.r.l."},"image":{"@id":"https:\/\/www.ocmasrl.com\/#logo"}},{"@type":"WebSite","@id":"https:\/\/www.ocmasrl.com\/#website","url":"https:\/\/www.ocmasrl.com\/","name":"Ocma","description":"Martelli Fondo Foro","publisher":{"@id":"https:\/\/www.ocmasrl.com\/#organization"},"potentialAction":[{"@type":"SearchAction","target":{"@type":"EntryPoint","urlTemplate":"https:\/\/www.ocmasrl.com\/?s={search_term_string}"},"query-input":"required name=search_term_string"}],"inLanguage":"es"},{"@type":"WebPage","@id":"https:\/\/www.ocmasrl.com\/es\/investigacion-y-desarrollo\/#webpage","url":"https:\/\/www.ocmasrl.com\/es\/investigacion-y-desarrollo\/","name":"Investigaci\u00f3n y Desarrollo Equipos de Perforaci\u00f3n | Ocma","isPartOf":{"@id":"https:\/\/www.ocmasrl.com\/#website"},"datePublished":"2020-01-03T17:10:27+00:00","dateModified":"2021-01-11T12:35:53+00:00","description":"Nuestro equipo de I y D participa constantemente en el dise\u00f1o de nuevos equipos de perforaci\u00f3n y herramientas DTH y en el mejoramiento de los productos existentes.","breadcrumb":{"@id":"https:\/\/www.ocmasrl.com\/es\/investigacion-y-desarrollo\/#breadcrumb"},"inLanguage":"es","potentialAction":[{"@type":"ReadAction","target":["https:\/\/www.ocmasrl.com\/es\/investigacion-y-desarrollo\/"]}]},{"@type":"BreadcrumbList","@id":"https:\/\/www.ocmasrl.com\/es\/investigacion-y-desarrollo\/#breadcrumb","itemListElement":[{"@type":"ListItem","position":1,"name":"Home","item":"https:\/\/www.ocmasrl.com\/es\/"},{"@type":"ListItem","position":2,"name":"Investigaci\u00f3n y Desarrollo Equipos de Perforaci\u00f3n"}]}]}},"_links":{"self":[{"href":"https:\/\/www.ocmasrl.com\/es\/wp-json\/wp\/v2\/pages\/5816"}],"collection":[{"href":"https:\/\/www.ocmasrl.com\/es\/wp-json\/wp\/v2\/pages"}],"about":[{"href":"https:\/\/www.ocmasrl.com\/es\/wp-json\/wp\/v2\/types\/page"}],"author":[{"embeddable":true,"href":"https:\/\/www.ocmasrl.com\/es\/wp-json\/wp\/v2\/users\/1"}],"replies":[{"embeddable":true,"href":"https:\/\/www.ocmasrl.com\/es\/wp-json\/wp\/v2\/comments?post=5816"}],"version-history":[{"count":5,"href":"https:\/\/www.ocmasrl.com\/es\/wp-json\/wp\/v2\/pages\/5816\/revisions"}],"predecessor-version":[{"id":7608,"href":"https:\/\/www.ocmasrl.com\/es\/wp-json\/wp\/v2\/pages\/5816\/revisions\/7608"}],"wp:attachment":[{"href":"https:\/\/www.ocmasrl.com\/es\/wp-json\/wp\/v2\/media?parent=5816"}],"curies":[{"name":"wp","href":"https:\/\/api.w.org\/{rel}","templated":true}]}}