{"id":6008,"date":"2020-01-23T17:23:53","date_gmt":"2020-01-23T17:23:53","guid":{"rendered":"http:\/\/omiwebdev.it\/ocma_n\/inicio\/"},"modified":"2021-08-09T12:01:44","modified_gmt":"2021-08-09T12:01:44","slug":"inicio","status":"publish","type":"page","link":"https:\/\/www.ocmasrl.com\/es\/","title":{"rendered":"INICIO"},"content":{"rendered":"<div class=\"wpb-content-wrapper\"><p>[vc_row unlock_row_content=\u00bbyes\u00bb row_height_percent=\u00bb0&#8243; back_color=\u00bbcolor-rgdb\u00bb overlay_alpha=\u00bb50&#8243; gutter_size=\u00bb3&#8243; column_width_percent=\u00bb100&#8243; medium_visibility=\u00bbyes\u00bb mobile_visibility=\u00bbyes\u00bb shift_y=\u00bb0&#8243; z_index=\u00bb0&#8243; shape_dividers=\u00bb\u00bb][vc_column column_width_percent=\u00bb100&#8243; align_horizontal=\u00bbalign_center\u00bb style=\u00bbdark\u00bb overlay_alpha=\u00bb50&#8243; gutter_size=\u00bb3&#8243; medium_width=\u00bb0&#8243; mobile_width=\u00bb0&#8243; shift_x=\u00bb0&#8243; shift_y=\u00bb0&#8243; shift_y_down=\u00bb0&#8243; z_index=\u00bb0&#8243; width=\u00bb1\/1&#8243;][vc_custom_heading heading_semantic=\u00bbh1&#8243; text_size=\u00bb\u00bb text_color=\u00bbaccent\u00bb sub_lead=\u00bbyes\u00bb css_animation=\u00bbzoom-in\u00bb animation_speed=\u00bb1000&#8243; animation_delay=\u00bb1000&#8243;]<\/p>\n<h1>HERRAMIENTAS DE PERFORACI\u00d3N DE ROCA DE ALTA CALIDAD<\/h1>\n<p>[\/vc_custom_heading][\/vc_column][\/vc_row][vc_row unlock_row=\u00bb\u00bb row_height_percent=\u00bb0&#8243; overlay_alpha=\u00bb50&#8243; gutter_size=\u00bb1&#8243; column_width_percent=\u00bb100&#8243; shift_y=\u00bb0&#8243; z_index=\u00bb0&#8243;][vc_column width=\u00bb1\/1&#8243;][vc_column_text]<\/p>\n<h4 style=\"text-align: center;\"><span style=\"color: #000080;\">Bienvenido en el sitio web OCMA DrillTech, \u00abL\u00edder en tecnolog\u00eda de perforaci\u00f3n de rocas\u00bb<\/span><\/h4>\n<h4 style=\"text-align: center;\"><span style=\"color: #000080;\">Equipos de Perfora<\/span><span style=\"color: #000080;\">ci\u00f3n<\/span><span style=\"color: #000080;\"> &#8211; Herramientas de <\/span><span style=\"color: #000080;\">Perforaci\u00f3n<\/span><span style=\"color: #000080;\">\u00a0<\/span><\/h4>\n<hr \/>\n<h4 style=\"text-align: center;\"><span style=\"color: #000080;\">Nuestros productos:<\/span><\/h4>\n<p>[\/vc_column_text][\/vc_column][\/vc_row][vc_row][vc_column width=\u00bb1\/3&#8243;][vc_single_image media=\u00bb1460&#8243; media_width_percent=\u00bb100&#8243; media_link=\u00bburl:https%3A%2F%2Fwww.ocmasrl.com%2Fes%2Fmartillos-en-fondo-pmk%2F|\u00bb][vc_button button_color=\u00bbaccent\u00bb wide=\u00bbyes\u00bb border_width=\u00bb0&#8243; link=\u00bburl:https%3A%2F%2Fwww.ocmasrl.com%2Fes%2Fmartillos-en-fondo-pmk%2F|\u00bb]MARTILLOS EN FONDO Serie PMK[\/vc_button][\/vc_column][vc_column width=\u00bb1\/3&#8243;][vc_single_image media=\u00bb1459&#8243; media_width_percent=\u00bb100&#8243; media_link=\u00bburl:https%3A%2F%2Fwww.ocmasrl.com%2Fes%2Fmartillos-en-fondo-gt%2F|\u00bb][vc_button button_color=\u00bbaccent\u00bb wide=\u00bbyes\u00bb border_width=\u00bb0&#8243; link=\u00bburl:https%3A%2F%2Fwww.ocmasrl.com%2Fes%2Fmartillos-en-fondo-gt%2F|\u00bb]MARTILLOS EN FONDO Serie GT[\/vc_button][\/vc_column][vc_column width=\u00bb1\/3&#8243;][vc_single_image media=\u00bb1461&#8243; media_width_percent=\u00bb100&#8243; media_link=\u00bburl:https%3A%2F%2Fwww.ocmasrl.com%2Fes%2Fmartillos-en-fondo-estabilizado%2F|\u00bb][vc_button button_color=\u00bbaccent\u00bb wide=\u00bbyes\u00bb border_width=\u00bb0&#8243; link=\u00bburl:https%3A%2F%2Fwww.ocmasrl.com%2Fes%2Fmartillos-en-fondo-estabilizado%2F|\u00bb]MARTILLOS EN FONDO ESTABILIZADOS PMK[\/vc_button][\/vc_column][\/vc_row][vc_row][vc_column width=\u00bb1\/3&#8243;][vc_single_image media=\u00bb1469&#8243; media_width_percent=\u00bb100&#8243; media_link=\u00bburl:https%3A%2F%2Fwww.ocmasrl.com%2Fes%2Fsistemas-de-perforacion-con-revestimiento%2F|\u00bb][vc_button button_color=\u00bbaccent\u00bb wide=\u00bbyes\u00bb border_width=\u00bb0&#8243; link=\u00bburl:https%3A%2F%2Fwww.ocmasrl.com%2Fes%2Fsistemas-de-perforacion-con-revestimiento%2F|\u00bb]SITEMAS DE ENTUBACION[\/vc_button][\/vc_column][vc_column width=\u00bb1\/3&#8243;][vc_single_image media=\u00bb1473&#8243; media_width_percent=\u00bb100&#8243; media_link=\u00bburl:https%3A%2F%2Fwww.ocmasrl.com%2Fes%2Fparaguas-de-micropilotes-en-tunel%2F|\u00bb][vc_button button_color=\u00bbaccent\u00bb wide=\u00bbyes\u00bb border_width=\u00bb0&#8243; link=\u00bburl:https%3A%2F%2Fwww.ocmasrl.com%2Fes%2Fparaguas-de-micropilotes-en-tunel%2F|\u00bb]SITEMAS DE ENTUBACION EN TUNEL[\/vc_button][\/vc_column][vc_column width=\u00bb1\/3&#8243;][vc_single_image media=\u00bb1480&#8243; media_width_percent=\u00bb100&#8243; media_link=\u00bburl:https%3A%2F%2Fwww.ocmasrl.com%2Fes%2Fabsorbedor-de-golpe%2F|\u00bb][vc_button button_color=\u00bbaccent\u00bb wide=\u00bbyes\u00bb border_width=\u00bb0&#8243; link=\u00bburl:https%3A%2F%2Fwww.ocmasrl.com%2Fes%2Fabsorbedor-de-golpe%2F|\u00bb]AMORTIGUADORES MARTILLOS EN FONDO[\/vc_button][\/vc_column][\/vc_row][vc_row][vc_column width=\u00bb1\/3&#8243;][vc_single_image media=\u00bb1490&#8243; media_width_percent=\u00bb100&#8243; media_link=\u00bburl:https%3A%2F%2Fwww.ocmasrl.com%2Fpunte-e-allargatori%2F%20|\u00bb][vc_button button_color=\u00bbaccent\u00bb wide=\u00bbyes\u00bb border_width=\u00bb0&#8243; link=\u00bburl:https%3A%2F%2Fwww.ocmasrl.com%2Fpunte-e-allargatori%2F%20|\u00bb]TALLANTES \/ BROCAS \/ TALLANTES ESCARIADOR[\/vc_button][\/vc_column][vc_column width=\u00bb1\/3&#8243;][vc_single_image media=\u00bb1496&#8243; media_width_percent=\u00bb100&#8243; media_link=\u00bburl:https%3A%2F%2Fwww.ocmasrl.com%2Fes%2Fmartillo-en-cabeza%2F|\u00bb][vc_button button_color=\u00bbaccent\u00bb wide=\u00bbyes\u00bb border_width=\u00bb0&#8243; link=\u00bburl:https%3A%2F%2Fwww.ocmasrl.com%2Fes%2Fmartillo-en-cabeza%2F|\u00bb]ADAPTADORES DE CULATA[\/vc_button][\/vc_column][vc_column width=\u00bb1\/3&#8243;][vc_single_image media=\u00bb1503&#8243; media_width_percent=\u00bb100&#8243; media_link=\u00bburl:https%3A%2F%2Fwww.ocmasrl.com%2Fes%2Fbarras-de-perforacion-tuberia-revestimiento%2F|\u00bb][vc_button button_color=\u00bbaccent\u00bb wide=\u00bbyes\u00bb border_width=\u00bb0&#8243; link=\u00bburl:https%3A%2F%2Fwww.ocmasrl.com%2Fes%2Fbarras-de-perforacion-tuberia-revestimiento%2F|\u00bb]BARRAS DE PERFORACION \/ TUBERIA REVESTIMIENTO[\/vc_button][\/vc_column][\/vc_row][vc_row][vc_column width=\u00bb1\/3&#8243;][vc_single_image media=\u00bb1506&#8243; media_width_percent=\u00bb100&#8243; media_link=\u00bburl:https%3A%2F%2Fwww.ocmasrl.com%2Fes%2Fmaquinas-desmonta-martillos-en-fondo%2F|\u00bb][vc_button button_color=\u00bbaccent\u00bb wide=\u00bbyes\u00bb border_width=\u00bb0&#8243; link=\u00bburl:https%3A%2F%2Fwww.ocmasrl.com%2Fes%2Fmaquinas-desmonta-martillos-en-fondo%2F|\u00bb]MAQUINAS DESMONTA MARTILLOS EN FONDO[\/vc_button][\/vc_column][vc_column width=\u00bb1\/3&#8243;][vc_single_image media=\u00bb1510&#8243; media_width_percent=\u00bb100&#8243; media_link=\u00bburl:https%3A%2F%2Fwww.ocmasrl.com%2Fprodotti%2Fraccordi-e-valvole%2F|\u00bb][vc_button button_color=\u00bbaccent\u00bb wide=\u00bbyes\u00bb border_width=\u00bb0&#8243; link=\u00bburl:https%3A%2F%2Fwww.ocmasrl.com%2Fprodotti%2Fraccordi-e-valvole%2F|\u00bb]ACCESORIOS DE PERFORACION[\/vc_button][\/vc_column][vc_column width=\u00bb1\/3&#8243;][vc_single_image media=\u00bb3043&#8243; media_width_percent=\u00bb100&#8243; media_link=\u00bburl:https%3A%2F%2Fwww.ocmasrl.com%2Fes%2Fafiladoras-tallantes-de-perforacion%2F|\u00bb][vc_button button_color=\u00bbaccent\u00bb wide=\u00bbyes\u00bb border_width=\u00bb0&#8243; link=\u00bburl:https%3A%2F%2Fwww.ocmasrl.com%2Fes%2Fafiladoras-tallantes-de-perforacion%2F|\u00bb]AFILADORAS TALLANTES DE PERFORACION[\/vc_button][\/vc_column][\/vc_row][vc_row][vc_column width=\u00bb1\/2&#8243;][vc_single_image media=\u00bb175&#8243; media_lightbox=\u00bbyes\u00bb media_width_percent=\u00bb100&#8243;][\/vc_column][vc_column width=\u00bb1\/2&#8243;][uncode_index el_id=\u00bbindex-103428&#8243; loop=\u00bbsize:1|order_by:date|post_type:post|categories:19&#8243; gutter_size=\u00bb3&#8243; post_items=\u00bbmedia|featured|onpost|original,title,link|default,sep-one|full\u00bb screen_lg=\u00bb1000&#8243; screen_md=\u00bb600&#8243; screen_sm=\u00bb480&#8243; single_overlay_opacity=\u00bb50&#8243; single_padding=\u00bb2&#8243;][\/vc_column][\/vc_row]<\/p>\n<\/div>","protected":false},"excerpt":{"rendered":"<p>[vc_row unlock_row_content=\u00bbyes\u00bb row_height_percent=\u00bb0&#8243; back_color=\u00bbcolor-rgdb\u00bb overlay_alpha=\u00bb50&#8243; gutter_size=\u00bb3&#8243; column_width_percent=\u00bb100&#8243; medium_visibility=\u00bbyes\u00bb mobile_visibility=\u00bbyes\u00bb shift_y=\u00bb0&#8243; z_index=\u00bb0&#8243; shape_dividers=\u00bb\u00bb][vc_column column_width_percent=\u00bb100&#8243; align_horizontal=\u00bbalign_center\u00bb style=\u00bbdark\u00bb overlay_alpha=\u00bb50&#8243; gutter_size=\u00bb3&#8243; medium_width=\u00bb0&#8243; mobile_width=\u00bb0&#8243; shift_x=\u00bb0&#8243; [&hellip;]<\/p>\n","protected":false},"author":1,"featured_media":0,"parent":0,"menu_order":0,"comment_status":"closed","ping_status":"closed","template":"","meta":[],"yoast_head":"<!-- This site is optimized with the Yoast SEO Premium plugin v16.0.2 (Yoast SEO v18.2) - https:\/\/yoast.com\/wordpress\/plugins\/seo\/ -->\n<title>Equipos de Perforaci\u00f3n | Herramientas de Perforaci\u00f3n<\/title>\n<meta name=\"description\" content=\"OCMA DrillTech, &quot;L\u00edder en tecnolog\u00eda de perforaci\u00f3n de rocas&quot; - Producci\u00f3n de equipos de perforaci\u00f3n - Herramientas de perforaci\u00f3n de rocas.\" \/>\n<meta name=\"robots\" content=\"index, follow, max-snippet:-1, max-image-preview:large, max-video-preview:-1\" \/>\n<link rel=\"canonical\" href=\"https:\/\/www.ocmasrl.com\/es\/\" \/>\n<meta property=\"og:locale\" content=\"es_ES\" \/>\n<meta property=\"og:type\" content=\"article\" \/>\n<meta property=\"og:title\" content=\"Equipos de Perforaci\u00f3n | Herramientas de Perforaci\u00f3n\" \/>\n<meta property=\"og:description\" content=\"OCMA DrillTech, &quot;L\u00edder en tecnolog\u00eda de perforaci\u00f3n de rocas&quot; - Producci\u00f3n de equipos de perforaci\u00f3n - Herramientas de perforaci\u00f3n de rocas.\" \/>\n<meta property=\"og:url\" content=\"https:\/\/www.ocmasrl.com\/es\/\" \/>\n<meta property=\"og:site_name\" content=\"Ocma\" \/>\n<meta property=\"article:publisher\" content=\"https:\/\/www.facebook.com\/OCMA-DrillTech-227901890599501\/\" \/>\n<meta property=\"article:modified_time\" content=\"2021-08-09T12:01:44+00:00\" \/>\n<meta name=\"twitter:card\" content=\"summary_large_image\" \/>\n<meta name=\"twitter:label1\" content=\"Tiempo de lectura\" \/>\n\t<meta name=\"twitter:data1\" content=\"4 minutos\" \/>\n<script type=\"application\/ld+json\" class=\"yoast-schema-graph\">{\"@context\":\"https:\/\/schema.org\",\"@graph\":[{\"@type\":\"Organization\",\"@id\":\"https:\/\/www.ocmasrl.com\/#organization\",\"name\":\"OCMA s.r.l.\",\"url\":\"https:\/\/www.ocmasrl.com\/\",\"sameAs\":[\"https:\/\/www.facebook.com\/OCMA-DrillTech-227901890599501\/\",\"https:\/\/www.instagram.com\/ocmadrilltech\/\"],\"logo\":{\"@type\":\"ImageObject\",\"@id\":\"https:\/\/www.ocmasrl.com\/#logo\",\"inLanguage\":\"es\",\"url\":\"https:\/\/www.ocmasrl.com\/wp-content\/uploads\/OCMA-DrillTech.jpg\",\"contentUrl\":\"https:\/\/www.ocmasrl.com\/wp-content\/uploads\/OCMA-DrillTech.jpg\",\"width\":575,\"height\":105,\"caption\":\"OCMA s.r.l.\"},\"image\":{\"@id\":\"https:\/\/www.ocmasrl.com\/#logo\"}},{\"@type\":\"WebSite\",\"@id\":\"https:\/\/www.ocmasrl.com\/#website\",\"url\":\"https:\/\/www.ocmasrl.com\/\",\"name\":\"Ocma\",\"description\":\"Martelli Fondo Foro\",\"publisher\":{\"@id\":\"https:\/\/www.ocmasrl.com\/#organization\"},\"potentialAction\":[{\"@type\":\"SearchAction\",\"target\":{\"@type\":\"EntryPoint\",\"urlTemplate\":\"https:\/\/www.ocmasrl.com\/?s={search_term_string}\"},\"query-input\":\"required name=search_term_string\"}],\"inLanguage\":\"es\"},{\"@type\":\"WebPage\",\"@id\":\"https:\/\/www.ocmasrl.com\/es\/#webpage\",\"url\":\"https:\/\/www.ocmasrl.com\/es\/\",\"name\":\"Equipos de Perforaci\u00f3n | Herramientas de Perforaci\u00f3n\",\"isPartOf\":{\"@id\":\"https:\/\/www.ocmasrl.com\/#website\"},\"datePublished\":\"2020-01-23T17:23:53+00:00\",\"dateModified\":\"2021-08-09T12:01:44+00:00\",\"description\":\"OCMA DrillTech, \\\"L\u00edder en tecnolog\u00eda de perforaci\u00f3n de rocas\\\" - Producci\u00f3n de equipos de perforaci\u00f3n - Herramientas de perforaci\u00f3n de rocas.\",\"breadcrumb\":{\"@id\":\"https:\/\/www.ocmasrl.com\/es\/#breadcrumb\"},\"inLanguage\":\"es\",\"potentialAction\":[{\"@type\":\"ReadAction\",\"target\":[\"https:\/\/www.ocmasrl.com\/es\/\"]}]},{\"@type\":\"BreadcrumbList\",\"@id\":\"https:\/\/www.ocmasrl.com\/es\/#breadcrumb\",\"itemListElement\":[{\"@type\":\"ListItem\",\"position\":1,\"name\":\"Home\",\"item\":\"https:\/\/www.ocmasrl.com\/es\/\"},{\"@type\":\"ListItem\",\"position\":2,\"name\":\"INICIO\"}]}]}<\/script>\n<!-- \/ Yoast SEO Premium plugin. -->","yoast_head_json":{"title":"Equipos de Perforaci\u00f3n | Herramientas de Perforaci\u00f3n","description":"OCMA DrillTech, \"L\u00edder en tecnolog\u00eda de perforaci\u00f3n de rocas\" - Producci\u00f3n de equipos de perforaci\u00f3n - Herramientas de perforaci\u00f3n de rocas.","robots":{"index":"index","follow":"follow","max-snippet":"max-snippet:-1","max-image-preview":"max-image-preview:large","max-video-preview":"max-video-preview:-1"},"canonical":"https:\/\/www.ocmasrl.com\/es\/","og_locale":"es_ES","og_type":"article","og_title":"Equipos de Perforaci\u00f3n | Herramientas de Perforaci\u00f3n","og_description":"OCMA DrillTech, \"L\u00edder en tecnolog\u00eda de perforaci\u00f3n de rocas\" - Producci\u00f3n de equipos de perforaci\u00f3n - Herramientas de perforaci\u00f3n de rocas.","og_url":"https:\/\/www.ocmasrl.com\/es\/","og_site_name":"Ocma","article_publisher":"https:\/\/www.facebook.com\/OCMA-DrillTech-227901890599501\/","article_modified_time":"2021-08-09T12:01:44+00:00","twitter_card":"summary_large_image","twitter_misc":{"Tiempo de lectura":"4 minutos"},"schema":{"@context":"https:\/\/schema.org","@graph":[{"@type":"Organization","@id":"https:\/\/www.ocmasrl.com\/#organization","name":"OCMA s.r.l.","url":"https:\/\/www.ocmasrl.com\/","sameAs":["https:\/\/www.facebook.com\/OCMA-DrillTech-227901890599501\/","https:\/\/www.instagram.com\/ocmadrilltech\/"],"logo":{"@type":"ImageObject","@id":"https:\/\/www.ocmasrl.com\/#logo","inLanguage":"es","url":"https:\/\/www.ocmasrl.com\/wp-content\/uploads\/OCMA-DrillTech.jpg","contentUrl":"https:\/\/www.ocmasrl.com\/wp-content\/uploads\/OCMA-DrillTech.jpg","width":575,"height":105,"caption":"OCMA s.r.l."},"image":{"@id":"https:\/\/www.ocmasrl.com\/#logo"}},{"@type":"WebSite","@id":"https:\/\/www.ocmasrl.com\/#website","url":"https:\/\/www.ocmasrl.com\/","name":"Ocma","description":"Martelli Fondo Foro","publisher":{"@id":"https:\/\/www.ocmasrl.com\/#organization"},"potentialAction":[{"@type":"SearchAction","target":{"@type":"EntryPoint","urlTemplate":"https:\/\/www.ocmasrl.com\/?s={search_term_string}"},"query-input":"required name=search_term_string"}],"inLanguage":"es"},{"@type":"WebPage","@id":"https:\/\/www.ocmasrl.com\/es\/#webpage","url":"https:\/\/www.ocmasrl.com\/es\/","name":"Equipos de Perforaci\u00f3n | Herramientas de Perforaci\u00f3n","isPartOf":{"@id":"https:\/\/www.ocmasrl.com\/#website"},"datePublished":"2020-01-23T17:23:53+00:00","dateModified":"2021-08-09T12:01:44+00:00","description":"OCMA DrillTech, \"L\u00edder en tecnolog\u00eda de perforaci\u00f3n de rocas\" - Producci\u00f3n de equipos de perforaci\u00f3n - Herramientas de perforaci\u00f3n de rocas.","breadcrumb":{"@id":"https:\/\/www.ocmasrl.com\/es\/#breadcrumb"},"inLanguage":"es","potentialAction":[{"@type":"ReadAction","target":["https:\/\/www.ocmasrl.com\/es\/"]}]},{"@type":"BreadcrumbList","@id":"https:\/\/www.ocmasrl.com\/es\/#breadcrumb","itemListElement":[{"@type":"ListItem","position":1,"name":"Home","item":"https:\/\/www.ocmasrl.com\/es\/"},{"@type":"ListItem","position":2,"name":"INICIO"}]}]}},"_links":{"self":[{"href":"https:\/\/www.ocmasrl.com\/es\/wp-json\/wp\/v2\/pages\/6008"}],"collection":[{"href":"https:\/\/www.ocmasrl.com\/es\/wp-json\/wp\/v2\/pages"}],"about":[{"href":"https:\/\/www.ocmasrl.com\/es\/wp-json\/wp\/v2\/types\/page"}],"author":[{"embeddable":true,"href":"https:\/\/www.ocmasrl.com\/es\/wp-json\/wp\/v2\/users\/1"}],"replies":[{"embeddable":true,"href":"https:\/\/www.ocmasrl.com\/es\/wp-json\/wp\/v2\/comments?post=6008"}],"version-history":[{"count":16,"href":"https:\/\/www.ocmasrl.com\/es\/wp-json\/wp\/v2\/pages\/6008\/revisions"}],"predecessor-version":[{"id":7707,"href":"https:\/\/www.ocmasrl.com\/es\/wp-json\/wp\/v2\/pages\/6008\/revisions\/7707"}],"wp:attachment":[{"href":"https:\/\/www.ocmasrl.com\/es\/wp-json\/wp\/v2\/media?parent=6008"}],"curies":[{"name":"wp","href":"https:\/\/api.w.org\/{rel}","templated":true}]}}