{"id":6062,"date":"2020-01-23T20:44:43","date_gmt":"2020-01-23T20:44:43","guid":{"rendered":"http:\/\/omiwebdev.it\/ocma_n\/martillos-en-fondo-estabilizados\/"},"modified":"2020-02-20T11:27:56","modified_gmt":"2020-02-20T11:27:56","slug":"martillos-en-fondo-estabilizado","status":"publish","type":"page","link":"https:\/\/www.ocmasrl.com\/es\/martillos-en-fondo-estabilizado\/","title":{"rendered":"martillos-en-fondo-estabilizados"},"content":{"rendered":"<div class=\"wpb-content-wrapper\"><p>[vc_row unlock_row_content=\u00bbyes\u00bb row_height_percent=\u00bb0&#8243; back_color=\u00bbaccent\u00bb overlay_alpha=\u00bb50&#8243; gutter_size=\u00bb3&#8243; column_width_percent=\u00bb100&#8243; shift_y=\u00bb0&#8243; z_index=\u00bb0&#8243;][vc_column column_width_percent=\u00bb100&#8243; align_horizontal=\u00bbalign_center\u00bb style=\u00bbdark\u00bb overlay_alpha=\u00bb50&#8243; gutter_size=\u00bb3&#8243; medium_width=\u00bb0&#8243; mobile_width=\u00bb0&#8243; shift_x=\u00bb0&#8243; shift_y=\u00bb0&#8243; shift_y_down=\u00bb0&#8243; z_index=\u00bb0&#8243; width=\u00bb1\/1&#8243;][vc_custom_heading]<\/p>\n<h2>MARTILLOS EN FONDO ESTABILIZADOS<\/h2>\n<p>[\/vc_custom_heading][vc_empty_space empty_h=\u00bb2&#8243;][\/vc_column][\/vc_row][vc_row][vc_column column_width_percent=\u00bb100&#8243; position_vertical=\u00bbmiddle\u00bb overlay_alpha=\u00bb50&#8243; gutter_size=\u00bb3&#8243; medium_width=\u00bb0&#8243; mobile_width=\u00bb0&#8243; shift_x=\u00bb0&#8243; shift_y=\u00bb0&#8243; shift_y_down=\u00bb0&#8243; z_index=\u00bb0&#8243; width=\u00bb5\/6&#8243;][vc_single_image media=\u00bb481&#8243; media_lightbox=\u00bbyes\u00bb media_width_percent=\u00bb65&#8243; alignment=\u00bbcenter\u00bb][\/vc_column][vc_column column_width_percent=\u00bb100&#8243; position_vertical=\u00bbmiddle\u00bb overlay_alpha=\u00bb50&#8243; gutter_size=\u00bb3&#8243; medium_width=\u00bb0&#8243; mobile_width=\u00bb0&#8243; shift_x=\u00bb0&#8243; shift_y=\u00bb0&#8243; shift_y_down=\u00bb0&#8243; z_index=\u00bb0&#8243; width=\u00bb1\/6&#8243;][vc_button button_color=\u00bbaccent\u00bb wide=\u00bbyes\u00bb border_width=\u00bb0&#8243; link=\u00bburl:https%3A%2F%2Fwww.ocmasrl.com%2Fserie-martelli-stabilizzati%2Fmartelli-stabilizzati-6q%2F|||\u00bb]6&#8243; MARTILLO ESTABILIZADO[\/vc_button][vc_button button_color=\u00bbaccent\u00bb wide=\u00bbyes\u00bb border_width=\u00bb0&#8243; link=\u00bburl:https%3A%2F%2Fwww.ocmasrl.com%2Fserie-martelli-stabilizzati%2Fmartelli-stabilizzati-8q%2F|||\u00bb]8&#8243; MARTILLO ESTABILIZADO[\/vc_button][\/vc_column][\/vc_row][vc_row row_height_percent=\u00bb0&#8243; back_color=\u00bbcolor-xsdn\u00bb overlay_color=\u00bbcolor-xsdn\u00bb overlay_alpha=\u00bb50&#8243; gutter_size=\u00bb3&#8243; column_width_percent=\u00bb100&#8243; shift_y=\u00bb0&#8243; z_index=\u00bb0&#8243;][vc_column width=\u00bb1\/1&#8243;][vc_custom_heading text_color=\u00bbcolor-153373&#8243; sub_reduced=\u00bbyes\u00bb css_animation=\u00bbzoom-in\u00bb animation_speed=\u00bb1000&#8243; animation_delay=\u00bb400&#8243;]La Perforaci\u00f3n Perfecta[\/vc_custom_heading][vc_column_text]<br \/>\nLos martillos estabilizados de la serie PMK ofrecen un excelente rendimiento en la perforaci\u00f3n y una precisi\u00f3n extrema para agujeros rectos. El estabilizador es un cuerpo \u00fanico al cilindro del martillo, sin ninguna soldadura, por lo tanto, perfectamente conc\u00e9ntrico con el martillo. Esta caracter\u00edstica hace que la Serie PMK Estabilizada sea \u00fanica en el mercado global y adecuada para clientes que buscan la perfecci\u00f3n en su trabajo. Las tres alas estabilizadoras est\u00e1n cubiertas con botones de carburo de tungsteno para evitar el desgaste. Los campos de aplicaciones donde se requieren son la perforaci\u00f3n de pozos de agua, perforaci\u00f3n geot\u00e9rmica, construcci\u00f3n horizontal y perforaci\u00f3n.<\/p>\n<p>Disponible con mangos Ingersoll Rand \/ Atlas Copco \/ Epiroc DHD y Sandvik DTH Bit.<br \/>\n[\/vc_column_text][vc_row_inner][vc_column_inner width=\u00bb1\/1&#8243;][vc_empty_space empty_h=\u00bb2&#8243;][vc_custom_heading heading_semantic=\u00bbh4&#8243; text_size=\u00bbh4&#8243; text_color=\u00bbcolor-153373&#8243; css_animation=\u00bbzoom-in\u00bb]SOLICITE COTIZACI\u00d3N PARA MARTILLO DTH ESTABILIZADO[\/vc_custom_heading][vc_column_text]<div role=\"form\" class=\"wpcf7\" id=\"wpcf7-f2812-o1\" lang=\"it-IT\" dir=\"ltr\">\n<div class=\"screen-reader-response\"><p role=\"status\" aria-live=\"polite\" aria-atomic=\"true\"><\/p> <ul><\/ul><\/div>\n<form action=\"\/es\/wp-json\/wp\/v2\/pages\/6062#wpcf7-f2812-o1\" method=\"post\" class=\"wpcf7-form init\" novalidate=\"novalidate\" data-status=\"init\">\n<div style=\"display: none;\">\n<input type=\"hidden\" name=\"_wpcf7\" value=\"2812\" \/>\n<input type=\"hidden\" name=\"_wpcf7_version\" value=\"5.4\" \/>\n<input type=\"hidden\" name=\"_wpcf7_locale\" value=\"it_IT\" \/>\n<input type=\"hidden\" name=\"_wpcf7_unit_tag\" value=\"wpcf7-f2812-o1\" \/>\n<input type=\"hidden\" name=\"_wpcf7_container_post\" value=\"0\" \/>\n<input type=\"hidden\" name=\"_wpcf7_posted_data_hash\" value=\"\" \/>\n<input type=\"hidden\" name=\"_wpcf7_recaptcha_response\" value=\"\" \/>\n<\/div>\n<p>STABILIZED DTH HAMMER Model PMK<br \/>\n<span class=\"wpcf7-form-control-wrap menu-7000\"><select name=\"menu-7000\" class=\"wpcf7-form-control wpcf7-select wpcf7-validates-as-required\" aria-required=\"true\" aria-invalid=\"false\"><option value=\"6&quot; HAMMER - PMK 634 Shank DHD 360\">6&quot; HAMMER - PMK 634 Shank DHD 360<\/option><option value=\"6&quot; HAMMER - PMK 634 Shank SD6\">6&quot; HAMMER - PMK 634 Shank SD6<\/option><option value=\"6&quot; HAMMER - PMK 634 Shank QL60\">6&quot; HAMMER - PMK 634 Shank QL60<\/option><option value=\"\"><\/option><option value=\"6&quot; HAMMER - PMK 700 Shank DHD 360\">6&quot; HAMMER - PMK 700 Shank DHD 360<\/option><option value=\"6&quot; HAMMER - PMK 700 Shank SD6\">6&quot; HAMMER - PMK 700 Shank SD6<\/option><option value=\"6&quot; HAMMER - PMK 700 Shank QL60\">6&quot; HAMMER - PMK 700 Shank QL60<\/option><option value=\"\"><\/option><option value=\"6&quot; HAMMER - PMK 712 Shank DHD 360\">6&quot; HAMMER - PMK 712 Shank DHD 360<\/option><option value=\"6&quot; HAMMER - PMK 712 Shank SD6\">6&quot; HAMMER - PMK 712 Shank SD6<\/option><option value=\"6&quot; HAMMER - PMK 712 Shank QL60\">6&quot; HAMMER - PMK 712 Shank QL60<\/option><option value=\"\"><\/option><option value=\"8&quot; HAMMER - PMK 858 Shank SD8\">8&quot; HAMMER - PMK 858 Shank SD8<\/option><option value=\"8&quot; HAMMER - PMK 858 Shank DHD 380\">8&quot; HAMMER - PMK 858 Shank DHD 380<\/option><option value=\"8&quot; HAMMER - PMK 858 Shank QL80\">8&quot; HAMMER - PMK 858 Shank QL80<\/option><option value=\"\"><\/option><option value=\"8&quot; HAMMER - PMK 912 Shank SD8\">8&quot; HAMMER - PMK 912 Shank SD8<\/option><option value=\"8&quot; HAMMER - PMK 912 Shank DHD 380\">8&quot; HAMMER - PMK 912 Shank DHD 380<\/option><option value=\"8&quot; HAMMER - PMK 912 Shank QL80\">8&quot; HAMMER - PMK 912 Shank QL80<\/option><option value=\"\"><\/option><option value=\"8&quot; HAMMER - PMK 105 Shank SD8\">8&quot; HAMMER - PMK 105 Shank SD8<\/option><option value=\"8&quot; HAMMER - PMK 105 Shank DHD 380\">8&quot; HAMMER - PMK 105 Shank DHD 380<\/option><option value=\"8&quot; HAMMER - PMK 105 Shank QL80\">8&quot; HAMMER - PMK 105 Shank QL80<\/option><\/select><\/span><\/p>\n<p> QUANTITY<br \/>\n<span class=\"wpcf7-form-control-wrap text-7001\"><input type=\"text\" name=\"text-7001\" value=\"\" size=\"40\" class=\"wpcf7-form-control wpcf7-text wpcf7-validates-as-required\" aria-required=\"true\" aria-invalid=\"false\" placeholder=\"N\u00b0 Pcs\" \/><\/span><\/p>\n<p> COMPANY NAME<br \/>\n<span class=\"wpcf7-form-control-wrap text-7002\"><input type=\"text\" name=\"text-7002\" value=\"\" size=\"40\" class=\"wpcf7-form-control wpcf7-text wpcf7-validates-as-required\" aria-required=\"true\" aria-invalid=\"false\" placeholder=\"COMPANY\" \/><\/span><\/p>\n<p> COUNTRY<br \/>\n<span class=\"wpcf7-form-control-wrap text-7003\"><input type=\"text\" name=\"text-7003\" value=\"\" size=\"40\" class=\"wpcf7-form-control wpcf7-text wpcf7-validates-as-required\" aria-required=\"true\" aria-invalid=\"false\" placeholder=\"COUNTRY\" \/><\/span><\/p>\n<p> EMAIL Address<br \/>\n<span class=\"wpcf7-form-control-wrap your-email\"><input type=\"email\" name=\"your-email\" value=\"\" size=\"40\" class=\"wpcf7-form-control wpcf7-text wpcf7-email wpcf7-validates-as-required wpcf7-validates-as-email\" aria-required=\"true\" aria-invalid=\"false\" placeholder=\"EMAIL\" \/><\/span> <\/p>\n<p> TELEPHONE NUMBER<br \/>\n<span class=\"wpcf7-form-control-wrap your\"><input type=\"tel\" name=\"your\" value=\"\" size=\"40\" class=\"wpcf7-form-control wpcf7-text wpcf7-tel wpcf7-validates-as-required wpcf7-validates-as-tel\" aria-required=\"true\" aria-invalid=\"false\" placeholder=\"TELEPHONE\" \/><\/span><\/p>\n<p><input type=\"submit\" value=\"SEND REQUEST OFFER\" class=\"wpcf7-form-control wpcf7-submit\" \/><\/p>\n<div class=\"wpcf7-response-output\" aria-hidden=\"true\"><\/div><\/form><\/div>[\/vc_column_text][\/vc_column_inner][\/vc_row_inner][\/vc_column][\/vc_row]<\/p>\n<\/div>","protected":false},"excerpt":{"rendered":"<p>[vc_row unlock_row_content=\u00bbyes\u00bb row_height_percent=\u00bb0&#8243; back_color=\u00bbaccent\u00bb overlay_alpha=\u00bb50&#8243; gutter_size=\u00bb3&#8243; column_width_percent=\u00bb100&#8243; shift_y=\u00bb0&#8243; z_index=\u00bb0&#8243;][vc_column column_width_percent=\u00bb100&#8243; align_horizontal=\u00bbalign_center\u00bb style=\u00bbdark\u00bb overlay_alpha=\u00bb50&#8243; gutter_size=\u00bb3&#8243; medium_width=\u00bb0&#8243; mobile_width=\u00bb0&#8243; shift_x=\u00bb0&#8243; shift_y=\u00bb0&#8243; shift_y_down=\u00bb0&#8243; z_index=\u00bb0&#8243; [&hellip;]<\/p>\n","protected":false},"author":1,"featured_media":0,"parent":0,"menu_order":0,"comment_status":"closed","ping_status":"closed","template":"","meta":[],"yoast_head":"<!-- This site is optimized with the Yoast SEO Premium plugin v16.0.2 (Yoast SEO v18.2) - https:\/\/yoast.com\/wordpress\/plugins\/seo\/ -->\n<title>martillos-en-fondo-estabilizados | Ocma<\/title>\n<meta name=\"robots\" content=\"index, follow, max-snippet:-1, max-image-preview:large, max-video-preview:-1\" \/>\n<link rel=\"canonical\" href=\"https:\/\/www.ocmasrl.com\/es\/martillos-en-fondo-estabilizado\/\" \/>\n<meta property=\"og:locale\" content=\"es_ES\" \/>\n<meta property=\"og:type\" content=\"article\" \/>\n<meta property=\"og:title\" content=\"martillos-en-fondo-estabilizados | Ocma\" \/>\n<meta property=\"og:description\" content=\"[vc_row unlock_row_content=\u00bbyes\u00bb row_height_percent=\u00bb0&#8243; back_color=\u00bbaccent\u00bb overlay_alpha=\u00bb50&#8243; gutter_size=\u00bb3&#8243; column_width_percent=\u00bb100&#8243; shift_y=\u00bb0&#8243; z_index=\u00bb0&#8243;][vc_column column_width_percent=\u00bb100&#8243; align_horizontal=\u00bbalign_center\u00bb style=\u00bbdark\u00bb overlay_alpha=\u00bb50&#8243; gutter_size=\u00bb3&#8243; medium_width=\u00bb0&#8243; mobile_width=\u00bb0&#8243; shift_x=\u00bb0&#8243; shift_y=\u00bb0&#8243; shift_y_down=\u00bb0&#8243; z_index=\u00bb0&#8243; [&hellip;]\" \/>\n<meta property=\"og:url\" content=\"https:\/\/www.ocmasrl.com\/es\/martillos-en-fondo-estabilizado\/\" \/>\n<meta property=\"og:site_name\" content=\"Ocma\" \/>\n<meta property=\"article:publisher\" content=\"https:\/\/www.facebook.com\/OCMA-DrillTech-227901890599501\/\" \/>\n<meta property=\"article:modified_time\" content=\"2020-02-20T11:27:56+00:00\" \/>\n<meta name=\"twitter:card\" content=\"summary_large_image\" \/>\n<meta name=\"twitter:label1\" content=\"Tiempo de lectura\" \/>\n\t<meta name=\"twitter:data1\" content=\"2 minutos\" \/>\n<script type=\"application\/ld+json\" class=\"yoast-schema-graph\">{\"@context\":\"https:\/\/schema.org\",\"@graph\":[{\"@type\":\"Organization\",\"@id\":\"https:\/\/www.ocmasrl.com\/#organization\",\"name\":\"OCMA s.r.l.\",\"url\":\"https:\/\/www.ocmasrl.com\/\",\"sameAs\":[\"https:\/\/www.facebook.com\/OCMA-DrillTech-227901890599501\/\",\"https:\/\/www.instagram.com\/ocmadrilltech\/\"],\"logo\":{\"@type\":\"ImageObject\",\"@id\":\"https:\/\/www.ocmasrl.com\/#logo\",\"inLanguage\":\"es\",\"url\":\"https:\/\/www.ocmasrl.com\/wp-content\/uploads\/OCMA-DrillTech.jpg\",\"contentUrl\":\"https:\/\/www.ocmasrl.com\/wp-content\/uploads\/OCMA-DrillTech.jpg\",\"width\":575,\"height\":105,\"caption\":\"OCMA s.r.l.\"},\"image\":{\"@id\":\"https:\/\/www.ocmasrl.com\/#logo\"}},{\"@type\":\"WebSite\",\"@id\":\"https:\/\/www.ocmasrl.com\/#website\",\"url\":\"https:\/\/www.ocmasrl.com\/\",\"name\":\"Ocma\",\"description\":\"Martelli Fondo Foro\",\"publisher\":{\"@id\":\"https:\/\/www.ocmasrl.com\/#organization\"},\"potentialAction\":[{\"@type\":\"SearchAction\",\"target\":{\"@type\":\"EntryPoint\",\"urlTemplate\":\"https:\/\/www.ocmasrl.com\/?s={search_term_string}\"},\"query-input\":\"required name=search_term_string\"}],\"inLanguage\":\"es\"},{\"@type\":\"WebPage\",\"@id\":\"https:\/\/www.ocmasrl.com\/es\/martillos-en-fondo-estabilizado\/#webpage\",\"url\":\"https:\/\/www.ocmasrl.com\/es\/martillos-en-fondo-estabilizado\/\",\"name\":\"martillos-en-fondo-estabilizados | Ocma\",\"isPartOf\":{\"@id\":\"https:\/\/www.ocmasrl.com\/#website\"},\"datePublished\":\"2020-01-23T20:44:43+00:00\",\"dateModified\":\"2020-02-20T11:27:56+00:00\",\"breadcrumb\":{\"@id\":\"https:\/\/www.ocmasrl.com\/es\/martillos-en-fondo-estabilizado\/#breadcrumb\"},\"inLanguage\":\"es\",\"potentialAction\":[{\"@type\":\"ReadAction\",\"target\":[\"https:\/\/www.ocmasrl.com\/es\/martillos-en-fondo-estabilizado\/\"]}]},{\"@type\":\"BreadcrumbList\",\"@id\":\"https:\/\/www.ocmasrl.com\/es\/martillos-en-fondo-estabilizado\/#breadcrumb\",\"itemListElement\":[{\"@type\":\"ListItem\",\"position\":1,\"name\":\"Home\",\"item\":\"https:\/\/www.ocmasrl.com\/es\/\"},{\"@type\":\"ListItem\",\"position\":2,\"name\":\"martillos-en-fondo-estabilizados\"}]}]}<\/script>\n<!-- \/ Yoast SEO Premium plugin. -->","yoast_head_json":{"title":"martillos-en-fondo-estabilizados | Ocma","robots":{"index":"index","follow":"follow","max-snippet":"max-snippet:-1","max-image-preview":"max-image-preview:large","max-video-preview":"max-video-preview:-1"},"canonical":"https:\/\/www.ocmasrl.com\/es\/martillos-en-fondo-estabilizado\/","og_locale":"es_ES","og_type":"article","og_title":"martillos-en-fondo-estabilizados | Ocma","og_description":"[vc_row unlock_row_content=\u00bbyes\u00bb row_height_percent=\u00bb0&#8243; back_color=\u00bbaccent\u00bb overlay_alpha=\u00bb50&#8243; gutter_size=\u00bb3&#8243; column_width_percent=\u00bb100&#8243; shift_y=\u00bb0&#8243; z_index=\u00bb0&#8243;][vc_column column_width_percent=\u00bb100&#8243; align_horizontal=\u00bbalign_center\u00bb style=\u00bbdark\u00bb overlay_alpha=\u00bb50&#8243; gutter_size=\u00bb3&#8243; medium_width=\u00bb0&#8243; mobile_width=\u00bb0&#8243; shift_x=\u00bb0&#8243; shift_y=\u00bb0&#8243; shift_y_down=\u00bb0&#8243; z_index=\u00bb0&#8243; [&hellip;]","og_url":"https:\/\/www.ocmasrl.com\/es\/martillos-en-fondo-estabilizado\/","og_site_name":"Ocma","article_publisher":"https:\/\/www.facebook.com\/OCMA-DrillTech-227901890599501\/","article_modified_time":"2020-02-20T11:27:56+00:00","twitter_card":"summary_large_image","twitter_misc":{"Tiempo de lectura":"2 minutos"},"schema":{"@context":"https:\/\/schema.org","@graph":[{"@type":"Organization","@id":"https:\/\/www.ocmasrl.com\/#organization","name":"OCMA s.r.l.","url":"https:\/\/www.ocmasrl.com\/","sameAs":["https:\/\/www.facebook.com\/OCMA-DrillTech-227901890599501\/","https:\/\/www.instagram.com\/ocmadrilltech\/"],"logo":{"@type":"ImageObject","@id":"https:\/\/www.ocmasrl.com\/#logo","inLanguage":"es","url":"https:\/\/www.ocmasrl.com\/wp-content\/uploads\/OCMA-DrillTech.jpg","contentUrl":"https:\/\/www.ocmasrl.com\/wp-content\/uploads\/OCMA-DrillTech.jpg","width":575,"height":105,"caption":"OCMA s.r.l."},"image":{"@id":"https:\/\/www.ocmasrl.com\/#logo"}},{"@type":"WebSite","@id":"https:\/\/www.ocmasrl.com\/#website","url":"https:\/\/www.ocmasrl.com\/","name":"Ocma","description":"Martelli Fondo Foro","publisher":{"@id":"https:\/\/www.ocmasrl.com\/#organization"},"potentialAction":[{"@type":"SearchAction","target":{"@type":"EntryPoint","urlTemplate":"https:\/\/www.ocmasrl.com\/?s={search_term_string}"},"query-input":"required name=search_term_string"}],"inLanguage":"es"},{"@type":"WebPage","@id":"https:\/\/www.ocmasrl.com\/es\/martillos-en-fondo-estabilizado\/#webpage","url":"https:\/\/www.ocmasrl.com\/es\/martillos-en-fondo-estabilizado\/","name":"martillos-en-fondo-estabilizados | Ocma","isPartOf":{"@id":"https:\/\/www.ocmasrl.com\/#website"},"datePublished":"2020-01-23T20:44:43+00:00","dateModified":"2020-02-20T11:27:56+00:00","breadcrumb":{"@id":"https:\/\/www.ocmasrl.com\/es\/martillos-en-fondo-estabilizado\/#breadcrumb"},"inLanguage":"es","potentialAction":[{"@type":"ReadAction","target":["https:\/\/www.ocmasrl.com\/es\/martillos-en-fondo-estabilizado\/"]}]},{"@type":"BreadcrumbList","@id":"https:\/\/www.ocmasrl.com\/es\/martillos-en-fondo-estabilizado\/#breadcrumb","itemListElement":[{"@type":"ListItem","position":1,"name":"Home","item":"https:\/\/www.ocmasrl.com\/es\/"},{"@type":"ListItem","position":2,"name":"martillos-en-fondo-estabilizados"}]}]}},"_links":{"self":[{"href":"https:\/\/www.ocmasrl.com\/es\/wp-json\/wp\/v2\/pages\/6062"}],"collection":[{"href":"https:\/\/www.ocmasrl.com\/es\/wp-json\/wp\/v2\/pages"}],"about":[{"href":"https:\/\/www.ocmasrl.com\/es\/wp-json\/wp\/v2\/types\/page"}],"author":[{"embeddable":true,"href":"https:\/\/www.ocmasrl.com\/es\/wp-json\/wp\/v2\/users\/1"}],"replies":[{"embeddable":true,"href":"https:\/\/www.ocmasrl.com\/es\/wp-json\/wp\/v2\/comments?post=6062"}],"version-history":[{"count":8,"href":"https:\/\/www.ocmasrl.com\/es\/wp-json\/wp\/v2\/pages\/6062\/revisions"}],"predecessor-version":[{"id":7176,"href":"https:\/\/www.ocmasrl.com\/es\/wp-json\/wp\/v2\/pages\/6062\/revisions\/7176"}],"wp:attachment":[{"href":"https:\/\/www.ocmasrl.com\/es\/wp-json\/wp\/v2\/media?parent=6062"}],"curies":[{"name":"wp","href":"https:\/\/api.w.org\/{rel}","templated":true}]}}