{"id":6099,"date":"2020-01-24T10:18:00","date_gmt":"2020-01-24T10:18:00","guid":{"rendered":"http:\/\/omiwebdev.it\/ocma_n\/tallantes-en-fondo-tallante-escariador\/"},"modified":"2020-12-29T17:42:38","modified_gmt":"2020-12-29T17:42:38","slug":"tallantes-en-fondo-tallante-escariador","status":"publish","type":"page","link":"https:\/\/www.ocmasrl.com\/es\/tallantes-en-fondo-tallante-escariador\/","title":{"rendered":"TALLANTES EN FONDO TALLANTE ESCARIADOR"},"content":{"rendered":"<div class=\"wpb-content-wrapper\"><p>[vc_row unlock_row_content=\u00bbyes\u00bb row_height_percent=\u00bb0&#8243; back_color=\u00bbaccent\u00bb overlay_alpha=\u00bb50&#8243; gutter_size=\u00bb3&#8243; column_width_percent=\u00bb100&#8243; shift_y=\u00bb0&#8243; z_index=\u00bb0&#8243;][vc_column column_width_percent=\u00bb100&#8243; align_horizontal=\u00bbalign_center\u00bb style=\u00bbdark\u00bb overlay_alpha=\u00bb50&#8243; gutter_size=\u00bb3&#8243; medium_width=\u00bb0&#8243; mobile_width=\u00bb0&#8243; shift_x=\u00bb0&#8243; shift_y=\u00bb0&#8243; shift_y_down=\u00bb0&#8243; z_index=\u00bb0&#8243; width=\u00bb1\/1&#8243;][vc_custom_heading]<br \/>\nTALLANTES EN FONDO \/ TALLANTE ESCARIADOR<br \/>\n[\/vc_custom_heading][\/vc_column][\/vc_row][vc_row][vc_column column_width_percent=\u00bb100&#8243; overlay_alpha=\u00bb50&#8243; gutter_size=\u00bb3&#8243; medium_width=\u00bb0&#8243; mobile_width=\u00bb0&#8243; shift_x=\u00bb0&#8243; shift_y=\u00bb0&#8243; shift_y_down=\u00bb0&#8243; z_index=\u00bb0&#8243; width=\u00bb1\/2&#8243;][vc_single_image media=\u00bb2028&#8243; media_width_percent=\u00bb70&#8243; alignment=\u00bbcenter\u00bb media_link=\u00bburl:https%3A%2F%2Fwww.ocmasrl.com%2Fes%2Ftallantes-en-fondo%2F|\u00bb][vc_button button_color=\u00bbaccent\u00bb wide=\u00bbyes\u00bb border_width=\u00bb0&#8243; link=\u00bburl:https%3A%2F%2Fwww.ocmasrl.com%2Fes%2Ftallantes-en-fondo%2F|\u00bb]TALLANTES EN FONDO &#8211; Personaliza tus Broca de Perforacion[\/vc_button][\/vc_column][vc_column width=\u00bb1\/2&#8243;][vc_single_image media=\u00bb2018&#8243; media_width_percent=\u00bb70&#8243; alignment=\u00bbcenter\u00bb media_link=\u00bburl:https%3A%2F%2Fwww.ocmasrl.com%2Fes%2Ftallantes-en-fondo-escariador%2F|\u00bb][vc_button button_color=\u00bbaccent\u00bb wide=\u00bbyes\u00bb border_width=\u00bb0&#8243; link=\u00bburl:https%3A%2F%2Fwww.ocmasrl.com%2Fes%2Ftallantes-en-fondo-escariador%2F|\u00bb]TALLANTE ESCARIADOR &#8211; Personaliza tus Broca Ercariador[\/vc_button][\/vc_column][\/vc_row]<\/p>\n<\/div>","protected":false},"excerpt":{"rendered":"<p>[vc_row unlock_row_content=\u00bbyes\u00bb row_height_percent=\u00bb0&#8243; back_color=\u00bbaccent\u00bb overlay_alpha=\u00bb50&#8243; gutter_size=\u00bb3&#8243; column_width_percent=\u00bb100&#8243; shift_y=\u00bb0&#8243; z_index=\u00bb0&#8243;][vc_column column_width_percent=\u00bb100&#8243; align_horizontal=\u00bbalign_center\u00bb style=\u00bbdark\u00bb overlay_alpha=\u00bb50&#8243; gutter_size=\u00bb3&#8243; medium_width=\u00bb0&#8243; mobile_width=\u00bb0&#8243; shift_x=\u00bb0&#8243; shift_y=\u00bb0&#8243; shift_y_down=\u00bb0&#8243; z_index=\u00bb0&#8243; [&hellip;]<\/p>\n","protected":false},"author":3,"featured_media":0,"parent":0,"menu_order":0,"comment_status":"closed","ping_status":"closed","template":"","meta":[],"yoast_head":"<!-- This site is optimized with the Yoast SEO Premium plugin v16.0.2 (Yoast SEO v18.2) - https:\/\/yoast.com\/wordpress\/plugins\/seo\/ -->\n<title>TALLANTES EN FONDO TALLANTE ESCARIADOR | Ocma<\/title>\n<meta name=\"description\" content=\"Producci\u00f3n de Brocas en fondo y Ensanchadores para Perforaci\u00f3n de Pozos de Agua, Energ\u00eda Geot\u00e9rmica, Micropilotes, Cimentaciones.\" \/>\n<meta name=\"robots\" content=\"index, follow, max-snippet:-1, max-image-preview:large, max-video-preview:-1\" \/>\n<link rel=\"canonical\" href=\"https:\/\/www.ocmasrl.com\/es\/tallantes-en-fondo-tallante-escariador\/\" \/>\n<meta property=\"og:locale\" content=\"es_ES\" \/>\n<meta property=\"og:type\" content=\"article\" \/>\n<meta property=\"og:title\" content=\"TALLANTES EN FONDO TALLANTE ESCARIADOR | Ocma\" \/>\n<meta property=\"og:description\" content=\"Producci\u00f3n de Brocas en fondo y Ensanchadores para Perforaci\u00f3n de Pozos de Agua, Energ\u00eda Geot\u00e9rmica, Micropilotes, Cimentaciones.\" \/>\n<meta property=\"og:url\" content=\"https:\/\/www.ocmasrl.com\/es\/tallantes-en-fondo-tallante-escariador\/\" \/>\n<meta property=\"og:site_name\" content=\"Ocma\" \/>\n<meta property=\"article:publisher\" content=\"https:\/\/www.facebook.com\/OCMA-DrillTech-227901890599501\/\" \/>\n<meta property=\"article:modified_time\" content=\"2020-12-29T17:42:38+00:00\" \/>\n<meta name=\"twitter:card\" content=\"summary_large_image\" \/>\n<meta name=\"twitter:label1\" content=\"Tiempo de lectura\" \/>\n\t<meta name=\"twitter:data1\" content=\"1 minuto\" \/>\n<script type=\"application\/ld+json\" class=\"yoast-schema-graph\">{\"@context\":\"https:\/\/schema.org\",\"@graph\":[{\"@type\":\"Organization\",\"@id\":\"https:\/\/www.ocmasrl.com\/#organization\",\"name\":\"OCMA s.r.l.\",\"url\":\"https:\/\/www.ocmasrl.com\/\",\"sameAs\":[\"https:\/\/www.facebook.com\/OCMA-DrillTech-227901890599501\/\",\"https:\/\/www.instagram.com\/ocmadrilltech\/\"],\"logo\":{\"@type\":\"ImageObject\",\"@id\":\"https:\/\/www.ocmasrl.com\/#logo\",\"inLanguage\":\"es\",\"url\":\"https:\/\/www.ocmasrl.com\/wp-content\/uploads\/OCMA-DrillTech.jpg\",\"contentUrl\":\"https:\/\/www.ocmasrl.com\/wp-content\/uploads\/OCMA-DrillTech.jpg\",\"width\":575,\"height\":105,\"caption\":\"OCMA s.r.l.\"},\"image\":{\"@id\":\"https:\/\/www.ocmasrl.com\/#logo\"}},{\"@type\":\"WebSite\",\"@id\":\"https:\/\/www.ocmasrl.com\/#website\",\"url\":\"https:\/\/www.ocmasrl.com\/\",\"name\":\"Ocma\",\"description\":\"Martelli Fondo Foro\",\"publisher\":{\"@id\":\"https:\/\/www.ocmasrl.com\/#organization\"},\"potentialAction\":[{\"@type\":\"SearchAction\",\"target\":{\"@type\":\"EntryPoint\",\"urlTemplate\":\"https:\/\/www.ocmasrl.com\/?s={search_term_string}\"},\"query-input\":\"required name=search_term_string\"}],\"inLanguage\":\"es\"},{\"@type\":\"WebPage\",\"@id\":\"https:\/\/www.ocmasrl.com\/es\/tallantes-en-fondo-tallante-escariador\/#webpage\",\"url\":\"https:\/\/www.ocmasrl.com\/es\/tallantes-en-fondo-tallante-escariador\/\",\"name\":\"TALLANTES EN FONDO TALLANTE ESCARIADOR | Ocma\",\"isPartOf\":{\"@id\":\"https:\/\/www.ocmasrl.com\/#website\"},\"datePublished\":\"2020-01-24T10:18:00+00:00\",\"dateModified\":\"2020-12-29T17:42:38+00:00\",\"description\":\"Producci\u00f3n de Brocas en fondo y Ensanchadores para Perforaci\u00f3n de Pozos de Agua, Energ\u00eda Geot\u00e9rmica, Micropilotes, Cimentaciones.\",\"breadcrumb\":{\"@id\":\"https:\/\/www.ocmasrl.com\/es\/tallantes-en-fondo-tallante-escariador\/#breadcrumb\"},\"inLanguage\":\"es\",\"potentialAction\":[{\"@type\":\"ReadAction\",\"target\":[\"https:\/\/www.ocmasrl.com\/es\/tallantes-en-fondo-tallante-escariador\/\"]}]},{\"@type\":\"BreadcrumbList\",\"@id\":\"https:\/\/www.ocmasrl.com\/es\/tallantes-en-fondo-tallante-escariador\/#breadcrumb\",\"itemListElement\":[{\"@type\":\"ListItem\",\"position\":1,\"name\":\"Home\",\"item\":\"https:\/\/www.ocmasrl.com\/es\/\"},{\"@type\":\"ListItem\",\"position\":2,\"name\":\"TALLANTES EN FONDO TALLANTE ESCARIADOR\"}]}]}<\/script>\n<!-- \/ Yoast SEO Premium plugin. -->","yoast_head_json":{"title":"TALLANTES EN FONDO TALLANTE ESCARIADOR | Ocma","description":"Producci\u00f3n de Brocas en fondo y Ensanchadores para Perforaci\u00f3n de Pozos de Agua, Energ\u00eda Geot\u00e9rmica, Micropilotes, Cimentaciones.","robots":{"index":"index","follow":"follow","max-snippet":"max-snippet:-1","max-image-preview":"max-image-preview:large","max-video-preview":"max-video-preview:-1"},"canonical":"https:\/\/www.ocmasrl.com\/es\/tallantes-en-fondo-tallante-escariador\/","og_locale":"es_ES","og_type":"article","og_title":"TALLANTES EN FONDO TALLANTE ESCARIADOR | Ocma","og_description":"Producci\u00f3n de Brocas en fondo y Ensanchadores para Perforaci\u00f3n de Pozos de Agua, Energ\u00eda Geot\u00e9rmica, Micropilotes, Cimentaciones.","og_url":"https:\/\/www.ocmasrl.com\/es\/tallantes-en-fondo-tallante-escariador\/","og_site_name":"Ocma","article_publisher":"https:\/\/www.facebook.com\/OCMA-DrillTech-227901890599501\/","article_modified_time":"2020-12-29T17:42:38+00:00","twitter_card":"summary_large_image","twitter_misc":{"Tiempo de lectura":"1 minuto"},"schema":{"@context":"https:\/\/schema.org","@graph":[{"@type":"Organization","@id":"https:\/\/www.ocmasrl.com\/#organization","name":"OCMA s.r.l.","url":"https:\/\/www.ocmasrl.com\/","sameAs":["https:\/\/www.facebook.com\/OCMA-DrillTech-227901890599501\/","https:\/\/www.instagram.com\/ocmadrilltech\/"],"logo":{"@type":"ImageObject","@id":"https:\/\/www.ocmasrl.com\/#logo","inLanguage":"es","url":"https:\/\/www.ocmasrl.com\/wp-content\/uploads\/OCMA-DrillTech.jpg","contentUrl":"https:\/\/www.ocmasrl.com\/wp-content\/uploads\/OCMA-DrillTech.jpg","width":575,"height":105,"caption":"OCMA s.r.l."},"image":{"@id":"https:\/\/www.ocmasrl.com\/#logo"}},{"@type":"WebSite","@id":"https:\/\/www.ocmasrl.com\/#website","url":"https:\/\/www.ocmasrl.com\/","name":"Ocma","description":"Martelli Fondo Foro","publisher":{"@id":"https:\/\/www.ocmasrl.com\/#organization"},"potentialAction":[{"@type":"SearchAction","target":{"@type":"EntryPoint","urlTemplate":"https:\/\/www.ocmasrl.com\/?s={search_term_string}"},"query-input":"required name=search_term_string"}],"inLanguage":"es"},{"@type":"WebPage","@id":"https:\/\/www.ocmasrl.com\/es\/tallantes-en-fondo-tallante-escariador\/#webpage","url":"https:\/\/www.ocmasrl.com\/es\/tallantes-en-fondo-tallante-escariador\/","name":"TALLANTES EN FONDO TALLANTE ESCARIADOR | Ocma","isPartOf":{"@id":"https:\/\/www.ocmasrl.com\/#website"},"datePublished":"2020-01-24T10:18:00+00:00","dateModified":"2020-12-29T17:42:38+00:00","description":"Producci\u00f3n de Brocas en fondo y Ensanchadores para Perforaci\u00f3n de Pozos de Agua, Energ\u00eda Geot\u00e9rmica, Micropilotes, Cimentaciones.","breadcrumb":{"@id":"https:\/\/www.ocmasrl.com\/es\/tallantes-en-fondo-tallante-escariador\/#breadcrumb"},"inLanguage":"es","potentialAction":[{"@type":"ReadAction","target":["https:\/\/www.ocmasrl.com\/es\/tallantes-en-fondo-tallante-escariador\/"]}]},{"@type":"BreadcrumbList","@id":"https:\/\/www.ocmasrl.com\/es\/tallantes-en-fondo-tallante-escariador\/#breadcrumb","itemListElement":[{"@type":"ListItem","position":1,"name":"Home","item":"https:\/\/www.ocmasrl.com\/es\/"},{"@type":"ListItem","position":2,"name":"TALLANTES EN FONDO TALLANTE ESCARIADOR"}]}]}},"_links":{"self":[{"href":"https:\/\/www.ocmasrl.com\/es\/wp-json\/wp\/v2\/pages\/6099"}],"collection":[{"href":"https:\/\/www.ocmasrl.com\/es\/wp-json\/wp\/v2\/pages"}],"about":[{"href":"https:\/\/www.ocmasrl.com\/es\/wp-json\/wp\/v2\/types\/page"}],"author":[{"embeddable":true,"href":"https:\/\/www.ocmasrl.com\/es\/wp-json\/wp\/v2\/users\/3"}],"replies":[{"embeddable":true,"href":"https:\/\/www.ocmasrl.com\/es\/wp-json\/wp\/v2\/comments?post=6099"}],"version-history":[{"count":10,"href":"https:\/\/www.ocmasrl.com\/es\/wp-json\/wp\/v2\/pages\/6099\/revisions"}],"predecessor-version":[{"id":7369,"href":"https:\/\/www.ocmasrl.com\/es\/wp-json\/wp\/v2\/pages\/6099\/revisions\/7369"}],"wp:attachment":[{"href":"https:\/\/www.ocmasrl.com\/es\/wp-json\/wp\/v2\/media?parent=6099"}],"curies":[{"name":"wp","href":"https:\/\/api.w.org\/{rel}","templated":true}]}}