{"id":5158,"date":"2020-01-14T17:13:43","date_gmt":"2020-01-14T17:13:43","guid":{"rendered":"http:\/\/omiwebdev.it\/ocma_n\/cle-devissage-marteaux\/"},"modified":"2020-12-30T13:12:08","modified_gmt":"2020-12-30T13:12:08","slug":"cle-devissage-marteaux","status":"publish","type":"page","link":"https:\/\/www.ocmasrl.com\/fr\/cle-devissage-marteaux\/","title":{"rendered":"Cle Devissage Marteaux"},"content":{"rendered":"<div class=\"wpb-content-wrapper\"><p>[vc_row unlock_row_content=\u00a0\u00bbyes\u00a0\u00bb row_height_percent=\u00a0\u00bb0&Prime; back_color=\u00a0\u00bbaccent\u00a0\u00bb overlay_alpha=\u00a0\u00bb50&Prime; gutter_size=\u00a0\u00bb3&Prime; column_width_percent=\u00a0\u00bb100&Prime; shift_y=\u00a0\u00bb0&Prime; z_index=\u00a0\u00bb0&Prime;][vc_column column_width_percent=\u00a0\u00bb100&Prime; align_horizontal=\u00a0\u00bbalign_center\u00a0\u00bb style=\u00a0\u00bbdark\u00a0\u00bb overlay_alpha=\u00a0\u00bb50&Prime; gutter_size=\u00a0\u00bb3&Prime; medium_width=\u00a0\u00bb0&Prime; mobile_width=\u00a0\u00bb0&Prime; shift_x=\u00a0\u00bb0&Prime; shift_y=\u00a0\u00bb0&Prime; shift_y_down=\u00a0\u00bb0&Prime; z_index=\u00a0\u00bb0&Prime; width=\u00a0\u00bb1\/1&Prime;][vc_custom_heading]<br \/>\nCle Devissage Marteaux fond Trou<br \/>\n[\/vc_custom_heading][\/vc_column][\/vc_row][vc_row][vc_column width=\u00a0\u00bb1\/1&Prime;][vc_column_text]Les cl\u00e9s <strong>HERCULE<\/strong> sont des unit\u00e9s mobiles, pr\u00e9vues et construits par <strong>OCMA Drilltech<\/strong>\u00a0 pour le d\u00e9vissage des marteaux fond de trou et autres accessoires de forage.<br \/>\nGr\u00e2ce \u00e0 leurs dimensions r\u00e9duites, elles sont extr\u00eamement man\u0153uvrables et pratiques, y compris dans les petits espaces de travail. Leur structure m\u00e9tallique en HARDOX 400 leur conf\u00e8re des contraintes et des charges admissibles importantes. Les cl\u00e9s HERCULE peuvent \u00eatre utilis\u00e9es en position horizontale et verticale en fonction des exigences du chantier. Elles sont disponibles en version : moteur thermique ou moteur \u00e9lectrique.[\/vc_column_text][\/vc_column][\/vc_row][vc_row][vc_column width=\u00a0\u00bb1\/2&Prime;][vc_single_image media=\u00a0\u00bb2252&Prime; media_width_percent=\u00a0\u00bb69&Prime; alignment=\u00a0\u00bbcenter\u00a0\u00bb media_link=\u00a0\u00bb|||\u00a0\u00bb][vc_button button_color=\u00a0\u00bbaccent\u00a0\u00bb wide=\u00a0\u00bbyes\u00a0\u00bb border_width=\u00a0\u00bb0&Prime; link=\u00a0\u00bb|||\u00a0\u00bb]HERCULES K1 &#8211; ELECTRIQUE MOTEUR[\/vc_button][\/vc_column][vc_column width=\u00a0\u00bb1\/2&Prime;][vc_single_image media=\u00a0\u00bb2258&Prime; media_width_percent=\u00a0\u00bb66&Prime; alignment=\u00a0\u00bbcenter\u00a0\u00bb media_link=\u00a0\u00bb|||\u00a0\u00bb][vc_button button_color=\u00a0\u00bbaccent\u00a0\u00bb wide=\u00a0\u00bbyes\u00a0\u00bb border_width=\u00a0\u00bb0&Prime; link=\u00a0\u00bb|||\u00a0\u00bb]HERCULES K1 &#8211; THERMIQUE MOTEUR[\/vc_button][\/vc_column][\/vc_row][vc_row][vc_column width=\u00a0\u00bb2\/3&Prime;][vc_single_image media=\u00a0\u00bb1506&Prime; media_width_percent=\u00a0\u00bb100&Prime;][\/vc_column][vc_column width=\u00a0\u00bb1\/3&Prime;][vc_column_text]<strong>POSITION HORIZONTALE:<\/strong><\/p>\n<p>The Down the Hole Hammer is positioned in vertical position for dismantle.[\/vc_column_text][vc_column_text]<strong>POSITION VERTICALE:<\/strong><\/p>\n<p>The Down the Hole Hammer is positioned in horizontal position for dismantle.[\/vc_column_text][\/vc_column][\/vc_row][vc_row][vc_column column_width_percent=\u00a0\u00bb100&Prime; position_vertical=\u00a0\u00bbmiddle\u00a0\u00bb align_horizontal=\u00a0\u00bbalign_center\u00a0\u00bb overlay_alpha=\u00a0\u00bb50&Prime; gutter_size=\u00a0\u00bb3&Prime; medium_width=\u00a0\u00bb0&Prime; mobile_width=\u00a0\u00bb0&Prime; shift_x=\u00a0\u00bb0&Prime; shift_y=\u00a0\u00bb0&Prime; shift_y_down=\u00a0\u00bb0&Prime; z_index=\u00a0\u00bb0&Prime; width=\u00a0\u00bb1\/1&Prime;][vc_tabs][vc_tab title=\u00a0\u00bbHERCULES K1 VERSIONS\u00a0\u00bb tab_id=\u00a0\u00bb1548405905-1-280f1f-024fed17-ead2534b-9e061572282388472&Prime;][vc_empty_space empty_h=\u00a0\u00bb0&Prime;][vc_column_text]<\/p>\n<ul>\n<li style=\"text-align: left;\">MOD. K1-EM \/ ELECTRIC MOTOR: Motore 380V &#8211; 3 P \/ 4HP \/ Basic Rail<\/li>\n<li style=\"text-align: left;\">MOD. K1-GM \/ GASOLINE MOTOR: Motor &#8211; 6HP \/ Fork Lift Rail<\/li>\n<li style=\"text-align: left;\">MOD. K1-DM \/ DIESEL MOTOR: Motor &#8211; 6HP \/ Fork Lift Rail<\/li>\n<li style=\"text-align: left;\">MOD. K1-WM \/ WITHOUT MOTOR<\/li>\n<\/ul>\n<p>[\/vc_column_text][\/vc_tab][vc_tab title=\u00a0\u00bbTECHNICAL CHARACTERISTICS\u00a0\u00bb tab_id=\u00a0\u00bb1548405905-2-100f1f-024fed17-ead2534b-9e061572282388472&Prime;][vc_empty_space empty_h=\u00a0\u00bb0&Prime;][vc_column_text]<\/p>\n<p style=\"text-align: left;\"><strong>Working Range:<\/strong> da 3&Prime; a 12&Prime;<br \/>\n<strong>Weight:<\/strong> 450 Kg<br \/>\n<strong>Max Working Pressure:<\/strong> 120bar<br \/>\n<strong>Lenght:<\/strong> 190 cm &#8211; Larghezza: 90 cm<br \/>\n<strong>Thrust torque:<\/strong> 110000 N<br \/>\n<strong>Twisting torque:<\/strong> 55000 Nm<br \/>\n<strong>Piston Bore:<\/strong> \u00d8 110 mm<\/p>\n<p>[\/vc_column_text][\/vc_tab][vc_tab title=\u00a0\u00bbDOWNLOAD PDF\u00a0\u00bb tab_id=\u00a0\u00bb1548406101286-2-00f1f-024fed17-ead2534b-9e061572282388472&Prime;][vc_empty_space empty_h=\u00a0\u00bb0&Prime;][vc_icon icon=\u00a0\u00bbfa fa-file-pdf-o\u00a0\u00bb icon_color=\u00a0\u00bbcolor-153373&Prime; size=\u00a0\u00bbfa-5x\u00a0\u00bb heading_semantic=\u00a0\u00bbh4&Prime; text_size=\u00a0\u00bbh4&Prime; link=\u00a0\u00bburl:https%3A%2F%2Fwww.ocmasrl.com%2Fwp-content%2Fuploads%2FBreakout-chain-tong-K1.pdf||target:%20_blank|\u00a0\u00bb][\/vc_icon][vc_column_text]Download Catalogue[\/vc_column_text][\/vc_tab][\/vc_tabs][\/vc_column][\/vc_row][vc_row][vc_column width=\u00a0\u00bb1\/1&Prime;][vc_gallery el_id=\u00a0\u00bbgallery-134774&Prime; medias=\u00a0\u00bb2288,2287,2294,2295&Prime; gutter_size=\u00a0\u00bb3&Prime; screen_lg=\u00a0\u00bb1000&Prime; screen_md=\u00a0\u00bb600&Prime; screen_sm=\u00a0\u00bb480&Prime; single_width=\u00a0\u00bb3&Prime; images_size=\u00a0\u00bbone-one\u00a0\u00bb single_overlay_opacity=\u00a0\u00bb50&Prime; single_padding=\u00a0\u00bb2&Prime;][\/vc_column][\/vc_row][vc_row][vc_column width=\u00a0\u00bb1\/1&Prime;][vc_column_text]<div role=\"form\" class=\"wpcf7\" id=\"wpcf7-f2971-o1\" lang=\"it-IT\" dir=\"ltr\">\n<div class=\"screen-reader-response\"><p role=\"status\" aria-live=\"polite\" aria-atomic=\"true\"><\/p> <ul><\/ul><\/div>\n<form action=\"\/fr\/wp-json\/wp\/v2\/pages\/5158#wpcf7-f2971-o1\" method=\"post\" class=\"wpcf7-form init\" novalidate=\"novalidate\" data-status=\"init\">\n<div style=\"display: none;\">\n<input type=\"hidden\" name=\"_wpcf7\" value=\"2971\" \/>\n<input type=\"hidden\" name=\"_wpcf7_version\" value=\"5.4\" \/>\n<input type=\"hidden\" name=\"_wpcf7_locale\" value=\"it_IT\" \/>\n<input type=\"hidden\" name=\"_wpcf7_unit_tag\" value=\"wpcf7-f2971-o1\" \/>\n<input type=\"hidden\" name=\"_wpcf7_container_post\" value=\"0\" \/>\n<input type=\"hidden\" name=\"_wpcf7_posted_data_hash\" value=\"\" \/>\n<input type=\"hidden\" name=\"_wpcf7_recaptcha_response\" value=\"\" \/>\n<\/div>\n<p>HERCULES K1 MODEL<br \/>\n<span class=\"wpcf7-form-control-wrap menu-700\"><select name=\"menu-700\" class=\"wpcf7-form-control wpcf7-select wpcf7-validates-as-required\" aria-required=\"true\" aria-invalid=\"false\"><option value=\"MOD. K1-EM \/ELECTRIC MOTOR: Motor 380V \u2013 3 P \/ 4HP \/ Basic Rail\">MOD. K1-EM \/ELECTRIC MOTOR: Motor 380V \u2013 3 P \/ 4HP \/ Basic Rail<\/option><option value=\"MOD. K1-GM \/ GASOLINE MOTOR: Motor \u2013 6HP \/ Fork Lift Rail\">MOD. K1-GM \/ GASOLINE MOTOR: Motor \u2013 6HP \/ Fork Lift Rail<\/option><option value=\"MOD. K1-DM \/ DIESEL MOTOR: Motor \u2013 6HP \/ Fork Lift Rail\">MOD. K1-DM \/ DIESEL MOTOR: Motor \u2013 6HP \/ Fork Lift Rail<\/option><option value=\"MOD. K1-WM \/ VERSION WITHOUT MOTOR: Hydraulic Distributor System Included\">MOD. K1-WM \/ VERSION WITHOUT MOTOR: Hydraulic Distributor System Included<\/option><\/select><\/span><\/p>\n<p> QUANTITY<br \/>\n<span class=\"wpcf7-form-control-wrap text-701\"><input type=\"text\" name=\"text-701\" value=\"\" size=\"40\" class=\"wpcf7-form-control wpcf7-text wpcf7-validates-as-required\" aria-required=\"true\" aria-invalid=\"false\" placeholder=\"N\u00b0 PZ\" \/><\/span><\/p>\n<p> COMPANY NAME<br \/>\n<span class=\"wpcf7-form-control-wrap text-702\"><input type=\"text\" name=\"text-702\" value=\"\" size=\"40\" class=\"wpcf7-form-control wpcf7-text wpcf7-validates-as-required\" aria-required=\"true\" aria-invalid=\"false\" placeholder=\"COMPANY\" \/><\/span><\/p>\n<p> COUNTRY<br \/>\n<span class=\"wpcf7-form-control-wrap text-703\"><input type=\"text\" name=\"text-703\" value=\"\" size=\"40\" class=\"wpcf7-form-control wpcf7-text wpcf7-validates-as-required\" aria-required=\"true\" aria-invalid=\"false\" placeholder=\"COUNTRY\" \/><\/span><\/p>\n<p> EMAIL ADDRESS<br \/>\n<span class=\"wpcf7-form-control-wrap your-email\"><input type=\"email\" name=\"your-email\" value=\"\" size=\"40\" class=\"wpcf7-form-control wpcf7-text wpcf7-email wpcf7-validates-as-required wpcf7-validates-as-email\" aria-required=\"true\" aria-invalid=\"false\" placeholder=\"EMAIL\" \/><\/span> <\/p>\n<p> TELEPHONE NUMBER<br \/>\n<span class=\"wpcf7-form-control-wrap your\"><input type=\"tel\" name=\"your\" value=\"\" size=\"40\" class=\"wpcf7-form-control wpcf7-text wpcf7-tel wpcf7-validates-as-required wpcf7-validates-as-tel\" aria-required=\"true\" aria-invalid=\"false\" placeholder=\"TELEPHONE\" \/><\/span><\/p>\n<p><input type=\"submit\" value=\"SEND REQUEST OFFER\" class=\"wpcf7-form-control wpcf7-submit\" \/><\/p>\n<div class=\"wpcf7-response-output\" aria-hidden=\"true\"><\/div><\/form><\/div>[\/vc_column_text][\/vc_column][\/vc_row]<\/p>\n<\/div>","protected":false},"excerpt":{"rendered":"<p>[vc_row unlock_row_content=\u00a0\u00bbyes\u00a0\u00bb row_height_percent=\u00a0\u00bb0&Prime; back_color=\u00a0\u00bbaccent\u00a0\u00bb overlay_alpha=\u00a0\u00bb50&Prime; gutter_size=\u00a0\u00bb3&Prime; column_width_percent=\u00a0\u00bb100&Prime; shift_y=\u00a0\u00bb0&Prime; z_index=\u00a0\u00bb0&Prime;][vc_column column_width_percent=\u00a0\u00bb100&Prime; align_horizontal=\u00a0\u00bbalign_center\u00a0\u00bb style=\u00a0\u00bbdark\u00a0\u00bb overlay_alpha=\u00a0\u00bb50&Prime; gutter_size=\u00a0\u00bb3&Prime; medium_width=\u00a0\u00bb0&Prime; mobile_width=\u00a0\u00bb0&Prime; shift_x=\u00a0\u00bb0&Prime; shift_y=\u00a0\u00bb0&Prime; shift_y_down=\u00a0\u00bb0&Prime; z_index=\u00a0\u00bb0&Prime; [&hellip;]<\/p>\n","protected":false},"author":1,"featured_media":0,"parent":0,"menu_order":0,"comment_status":"closed","ping_status":"closed","template":"","meta":[],"yoast_head":"<!-- This site is optimized with the Yoast SEO Premium plugin v16.0.2 (Yoast SEO v18.2) - https:\/\/yoast.com\/wordpress\/plugins\/seo\/ -->\n<title>Cle Devissage Marteaux | Ocma<\/title>\n<meta name=\"description\" content=\"HERCULES MACHINE K1 est une Machine pour le d\u00e9montage des outils de forage, Marteaux Fond de Trou et de l&#039;\u00e9quipement de forage.\" \/>\n<meta name=\"robots\" content=\"index, follow, max-snippet:-1, max-image-preview:large, max-video-preview:-1\" \/>\n<link rel=\"canonical\" href=\"https:\/\/www.ocmasrl.com\/fr\/cle-devissage-marteaux\/\" \/>\n<meta property=\"og:locale\" content=\"fr_FR\" \/>\n<meta property=\"og:type\" content=\"article\" \/>\n<meta property=\"og:title\" content=\"Cle Devissage Marteaux | Ocma\" \/>\n<meta property=\"og:description\" content=\"HERCULES MACHINE K1 est une Machine pour le d\u00e9montage des outils de forage, Marteaux Fond de Trou et de l&#039;\u00e9quipement de forage.\" \/>\n<meta property=\"og:url\" content=\"https:\/\/www.ocmasrl.com\/fr\/cle-devissage-marteaux\/\" \/>\n<meta property=\"og:site_name\" content=\"Ocma\" \/>\n<meta property=\"article:publisher\" content=\"https:\/\/www.facebook.com\/OCMA-DrillTech-227901890599501\/\" \/>\n<meta property=\"article:modified_time\" content=\"2020-12-30T13:12:08+00:00\" \/>\n<meta name=\"twitter:card\" content=\"summary_large_image\" \/>\n<meta name=\"twitter:label1\" content=\"Dur\u00e9e de lecture estim\u00e9e\" \/>\n\t<meta name=\"twitter:data1\" content=\"3 minutes\" \/>\n<script type=\"application\/ld+json\" class=\"yoast-schema-graph\">{\"@context\":\"https:\/\/schema.org\",\"@graph\":[{\"@type\":\"Organization\",\"@id\":\"https:\/\/www.ocmasrl.com\/#organization\",\"name\":\"OCMA s.r.l.\",\"url\":\"https:\/\/www.ocmasrl.com\/\",\"sameAs\":[\"https:\/\/www.facebook.com\/OCMA-DrillTech-227901890599501\/\",\"https:\/\/www.instagram.com\/ocmadrilltech\/\"],\"logo\":{\"@type\":\"ImageObject\",\"@id\":\"https:\/\/www.ocmasrl.com\/#logo\",\"inLanguage\":\"fr-FR\",\"url\":\"https:\/\/www.ocmasrl.com\/wp-content\/uploads\/OCMA-DrillTech.jpg\",\"contentUrl\":\"https:\/\/www.ocmasrl.com\/wp-content\/uploads\/OCMA-DrillTech.jpg\",\"width\":575,\"height\":105,\"caption\":\"OCMA s.r.l.\"},\"image\":{\"@id\":\"https:\/\/www.ocmasrl.com\/#logo\"}},{\"@type\":\"WebSite\",\"@id\":\"https:\/\/www.ocmasrl.com\/#website\",\"url\":\"https:\/\/www.ocmasrl.com\/\",\"name\":\"Ocma\",\"description\":\"Martelli Fondo Foro\",\"publisher\":{\"@id\":\"https:\/\/www.ocmasrl.com\/#organization\"},\"potentialAction\":[{\"@type\":\"SearchAction\",\"target\":{\"@type\":\"EntryPoint\",\"urlTemplate\":\"https:\/\/www.ocmasrl.com\/?s={search_term_string}\"},\"query-input\":\"required name=search_term_string\"}],\"inLanguage\":\"fr-FR\"},{\"@type\":\"WebPage\",\"@id\":\"https:\/\/www.ocmasrl.com\/fr\/cle-devissage-marteaux\/#webpage\",\"url\":\"https:\/\/www.ocmasrl.com\/fr\/cle-devissage-marteaux\/\",\"name\":\"Cle Devissage Marteaux | Ocma\",\"isPartOf\":{\"@id\":\"https:\/\/www.ocmasrl.com\/#website\"},\"datePublished\":\"2020-01-14T17:13:43+00:00\",\"dateModified\":\"2020-12-30T13:12:08+00:00\",\"description\":\"HERCULES MACHINE K1 est une Machine pour le d\u00e9montage des outils de forage, Marteaux Fond de Trou et de l'\u00e9quipement de forage.\",\"breadcrumb\":{\"@id\":\"https:\/\/www.ocmasrl.com\/fr\/cle-devissage-marteaux\/#breadcrumb\"},\"inLanguage\":\"fr-FR\",\"potentialAction\":[{\"@type\":\"ReadAction\",\"target\":[\"https:\/\/www.ocmasrl.com\/fr\/cle-devissage-marteaux\/\"]}]},{\"@type\":\"BreadcrumbList\",\"@id\":\"https:\/\/www.ocmasrl.com\/fr\/cle-devissage-marteaux\/#breadcrumb\",\"itemListElement\":[{\"@type\":\"ListItem\",\"position\":1,\"name\":\"Home\",\"item\":\"https:\/\/www.ocmasrl.com\/fr\/\"},{\"@type\":\"ListItem\",\"position\":2,\"name\":\"Cle Devissage Marteaux\"}]}]}<\/script>\n<!-- \/ Yoast SEO Premium plugin. -->","yoast_head_json":{"title":"Cle Devissage Marteaux | Ocma","description":"HERCULES MACHINE K1 est une Machine pour le d\u00e9montage des outils de forage, Marteaux Fond de Trou et de l'\u00e9quipement de forage.","robots":{"index":"index","follow":"follow","max-snippet":"max-snippet:-1","max-image-preview":"max-image-preview:large","max-video-preview":"max-video-preview:-1"},"canonical":"https:\/\/www.ocmasrl.com\/fr\/cle-devissage-marteaux\/","og_locale":"fr_FR","og_type":"article","og_title":"Cle Devissage Marteaux | Ocma","og_description":"HERCULES MACHINE K1 est une Machine pour le d\u00e9montage des outils de forage, Marteaux Fond de Trou et de l'\u00e9quipement de forage.","og_url":"https:\/\/www.ocmasrl.com\/fr\/cle-devissage-marteaux\/","og_site_name":"Ocma","article_publisher":"https:\/\/www.facebook.com\/OCMA-DrillTech-227901890599501\/","article_modified_time":"2020-12-30T13:12:08+00:00","twitter_card":"summary_large_image","twitter_misc":{"Dur\u00e9e de lecture estim\u00e9e":"3 minutes"},"schema":{"@context":"https:\/\/schema.org","@graph":[{"@type":"Organization","@id":"https:\/\/www.ocmasrl.com\/#organization","name":"OCMA s.r.l.","url":"https:\/\/www.ocmasrl.com\/","sameAs":["https:\/\/www.facebook.com\/OCMA-DrillTech-227901890599501\/","https:\/\/www.instagram.com\/ocmadrilltech\/"],"logo":{"@type":"ImageObject","@id":"https:\/\/www.ocmasrl.com\/#logo","inLanguage":"fr-FR","url":"https:\/\/www.ocmasrl.com\/wp-content\/uploads\/OCMA-DrillTech.jpg","contentUrl":"https:\/\/www.ocmasrl.com\/wp-content\/uploads\/OCMA-DrillTech.jpg","width":575,"height":105,"caption":"OCMA s.r.l."},"image":{"@id":"https:\/\/www.ocmasrl.com\/#logo"}},{"@type":"WebSite","@id":"https:\/\/www.ocmasrl.com\/#website","url":"https:\/\/www.ocmasrl.com\/","name":"Ocma","description":"Martelli Fondo Foro","publisher":{"@id":"https:\/\/www.ocmasrl.com\/#organization"},"potentialAction":[{"@type":"SearchAction","target":{"@type":"EntryPoint","urlTemplate":"https:\/\/www.ocmasrl.com\/?s={search_term_string}"},"query-input":"required name=search_term_string"}],"inLanguage":"fr-FR"},{"@type":"WebPage","@id":"https:\/\/www.ocmasrl.com\/fr\/cle-devissage-marteaux\/#webpage","url":"https:\/\/www.ocmasrl.com\/fr\/cle-devissage-marteaux\/","name":"Cle Devissage Marteaux | Ocma","isPartOf":{"@id":"https:\/\/www.ocmasrl.com\/#website"},"datePublished":"2020-01-14T17:13:43+00:00","dateModified":"2020-12-30T13:12:08+00:00","description":"HERCULES MACHINE K1 est une Machine pour le d\u00e9montage des outils de forage, Marteaux Fond de Trou et de l'\u00e9quipement de forage.","breadcrumb":{"@id":"https:\/\/www.ocmasrl.com\/fr\/cle-devissage-marteaux\/#breadcrumb"},"inLanguage":"fr-FR","potentialAction":[{"@type":"ReadAction","target":["https:\/\/www.ocmasrl.com\/fr\/cle-devissage-marteaux\/"]}]},{"@type":"BreadcrumbList","@id":"https:\/\/www.ocmasrl.com\/fr\/cle-devissage-marteaux\/#breadcrumb","itemListElement":[{"@type":"ListItem","position":1,"name":"Home","item":"https:\/\/www.ocmasrl.com\/fr\/"},{"@type":"ListItem","position":2,"name":"Cle Devissage Marteaux"}]}]}},"_links":{"self":[{"href":"https:\/\/www.ocmasrl.com\/fr\/wp-json\/wp\/v2\/pages\/5158"}],"collection":[{"href":"https:\/\/www.ocmasrl.com\/fr\/wp-json\/wp\/v2\/pages"}],"about":[{"href":"https:\/\/www.ocmasrl.com\/fr\/wp-json\/wp\/v2\/types\/page"}],"author":[{"embeddable":true,"href":"https:\/\/www.ocmasrl.com\/fr\/wp-json\/wp\/v2\/users\/1"}],"replies":[{"embeddable":true,"href":"https:\/\/www.ocmasrl.com\/fr\/wp-json\/wp\/v2\/comments?post=5158"}],"version-history":[{"count":10,"href":"https:\/\/www.ocmasrl.com\/fr\/wp-json\/wp\/v2\/pages\/5158\/revisions"}],"predecessor-version":[{"id":7209,"href":"https:\/\/www.ocmasrl.com\/fr\/wp-json\/wp\/v2\/pages\/5158\/revisions\/7209"}],"wp:attachment":[{"href":"https:\/\/www.ocmasrl.com\/fr\/wp-json\/wp\/v2\/media?parent=5158"}],"curies":[{"name":"wp","href":"https:\/\/api.w.org\/{rel}","templated":true}]}}