{"id":5246,"date":"2020-01-15T09:06:09","date_gmt":"2020-01-15T09:06:09","guid":{"rendered":"http:\/\/omiwebdev.it\/ocma_n\/affuteuses-taillants-de-forage\/"},"modified":"2023-08-29T10:28:19","modified_gmt":"2023-08-29T10:28:19","slug":"affuteuses-taillants-de-forage","status":"publish","type":"page","link":"https:\/\/www.ocmasrl.com\/fr\/affuteuses-taillants-de-forage\/","title":{"rendered":"Affuteuses Taillants de Forage"},"content":{"rendered":"<div class=\"wpb-content-wrapper\"><p>[vc_row unlock_row_content=\u00a0\u00bbyes\u00a0\u00bb row_height_percent=\u00a0\u00bb0&Prime; back_color=\u00a0\u00bbaccent\u00a0\u00bb overlay_alpha=\u00a0\u00bb50&Prime; gutter_size=\u00a0\u00bb3&Prime; column_width_percent=\u00a0\u00bb100&Prime; shift_y=\u00a0\u00bb0&Prime; z_index=\u00a0\u00bb0&Prime;][vc_column column_width_percent=\u00a0\u00bb100&Prime; align_horizontal=\u00a0\u00bbalign_center\u00a0\u00bb gutter_size=\u00a0\u00bb3&Prime; style=\u00a0\u00bbdark\u00a0\u00bb overlay_alpha=\u00a0\u00bb50&Prime; shift_x=\u00a0\u00bb0&Prime; shift_y=\u00a0\u00bb0&Prime; shift_y_down=\u00a0\u00bb0&Prime; z_index=\u00a0\u00bb0&Prime; medium_width=\u00a0\u00bb0&Prime; mobile_width=\u00a0\u00bb0&Prime; width=\u00a0\u00bb1\/1&Prime;][vc_custom_heading]<\/p>\n<h2 style=\"text-align: center;\">Affuteuses Taillants de Forage<\/h2>\n<p>[\/vc_custom_heading][\/vc_column][\/vc_row][vc_row][vc_column column_width_percent=\u00a0\u00bb100&Prime; position_vertical=\u00a0\u00bbmiddle\u00a0\u00bb gutter_size=\u00a0\u00bb3&Prime; overlay_alpha=\u00a0\u00bb50&Prime; shift_x=\u00a0\u00bb0&Prime; shift_y=\u00a0\u00bb0&Prime; shift_y_down=\u00a0\u00bb0&Prime; z_index=\u00a0\u00bb0&Prime; medium_width=\u00a0\u00bb0&Prime; mobile_width=\u00a0\u00bb0&Prime; width=\u00a0\u00bb1\/3&Prime;][vc_column_text]OCMA Drilltech est \u00e9galement revendeur de la soci\u00e9t\u00e9 CME Blasting &amp; Mining Equipment Ltd. La CME est une soci\u00e9t\u00e9 su\u00e9doise sp\u00e9cialis\u00e9e dans la production d&rsquo;affuteuses manuelles et automatiques pour les taillants pour le forage du sous-sol.[\/vc_column_text][\/vc_column][vc_column width=\u00a0\u00bb1\/3&Prime;][vc_single_image media=\u00a0\u00bb857&Prime; media_lightbox=\u00a0\u00bbyes\u00a0\u00bb media_width_percent=\u00a0\u00bb65&Prime;][vc_row_inner row_inner_height_percent=\u00a0\u00bb0&Prime; back_color=\u00a0\u00bbaccent\u00a0\u00bb overlay_alpha=\u00a0\u00bb50&Prime; gutter_size=\u00a0\u00bb3&Prime; shift_y=\u00a0\u00bb0&Prime; z_index=\u00a0\u00bb0&Prime; limit_content=\u00a0\u00bb\u00a0\u00bb][vc_column_inner column_width_percent=\u00a0\u00bb100&Prime; gutter_size=\u00a0\u00bb3&Prime; style=\u00a0\u00bbdark\u00a0\u00bb overlay_alpha=\u00a0\u00bb50&Prime; shift_x=\u00a0\u00bb0&Prime; shift_y=\u00a0\u00bb0&Prime; shift_y_down=\u00a0\u00bb0&Prime; z_index=\u00a0\u00bb0&Prime; medium_width=\u00a0\u00bb0&Prime; mobile_width=\u00a0\u00bb0&Prime; width=\u00a0\u00bb1\/1&Prime;][vc_column_text]<\/p>\n<p style=\"text-align: center;\"><strong>MINI JUNIOR ELECTRIC<\/strong><\/p>\n<p>[\/vc_column_text][\/vc_column_inner][\/vc_row_inner][\/vc_column][vc_column width=\u00a0\u00bb1\/3&Prime;][vc_single_image media=\u00a0\u00bb858&Prime; media_lightbox=\u00a0\u00bbyes\u00a0\u00bb media_width_percent=\u00a0\u00bb61&Prime;][vc_row_inner row_inner_height_percent=\u00a0\u00bb0&Prime; back_color=\u00a0\u00bbaccent\u00a0\u00bb overlay_alpha=\u00a0\u00bb50&Prime; gutter_size=\u00a0\u00bb3&Prime; shift_y=\u00a0\u00bb0&Prime; z_index=\u00a0\u00bb0&Prime; limit_content=\u00a0\u00bb\u00a0\u00bb][vc_column_inner column_width_percent=\u00a0\u00bb100&Prime; gutter_size=\u00a0\u00bb3&Prime; style=\u00a0\u00bbdark\u00a0\u00bb overlay_alpha=\u00a0\u00bb50&Prime; shift_x=\u00a0\u00bb0&Prime; shift_y=\u00a0\u00bb0&Prime; shift_y_down=\u00a0\u00bb0&Prime; z_index=\u00a0\u00bb0&Prime; medium_width=\u00a0\u00bb0&Prime; mobile_width=\u00a0\u00bb0&Prime; width=\u00a0\u00bb1\/1&Prime;][vc_column_text]<\/p>\n<p style=\"text-align: center;\"><strong>ROBOT ARM ESD<\/strong><\/p>\n<p>[\/vc_column_text][\/vc_column_inner][\/vc_row_inner][\/vc_column][\/vc_row][vc_row][vc_column width=\u00a0\u00bb1\/3&Prime;][vc_single_image media=\u00a0\u00bb7915&Prime; media_lightbox=\u00a0\u00bbyes\u00a0\u00bb media_width_percent=\u00a0\u00bb97&Prime;][vc_row_inner row_inner_height_percent=\u00a0\u00bb0&Prime; back_color=\u00a0\u00bbaccent\u00a0\u00bb overlay_alpha=\u00a0\u00bb50&Prime; gutter_size=\u00a0\u00bb3&Prime; shift_y=\u00a0\u00bb0&Prime; z_index=\u00a0\u00bb0&Prime; limit_content=\u00a0\u00bb\u00a0\u00bb][vc_column_inner column_width_percent=\u00a0\u00bb100&Prime; gutter_size=\u00a0\u00bb3&Prime; style=\u00a0\u00bbdark\u00a0\u00bb overlay_alpha=\u00a0\u00bb50&Prime; shift_x=\u00a0\u00bb0&Prime; shift_y=\u00a0\u00bb0&Prime; shift_y_down=\u00a0\u00bb0&Prime; z_index=\u00a0\u00bb0&Prime; medium_width=\u00a0\u00bb0&Prime; mobile_width=\u00a0\u00bb0&Prime; width=\u00a0\u00bb1\/1&Prime;][vc_column_text]<\/p>\n<p style=\"text-align: center;\"><strong>ROBOT ARM EDS 3 &#8211; CME<\/strong><\/p>\n<p>[\/vc_column_text][\/vc_column_inner][\/vc_row_inner][\/vc_column][vc_column width=\u00a0\u00bb1\/3&Prime;][vc_single_image media=\u00a0\u00bb7922&Prime; media_lightbox=\u00a0\u00bbyes\u00a0\u00bb media_width_percent=\u00a0\u00bb100&Prime;][vc_row_inner row_inner_height_percent=\u00a0\u00bb0&Prime; back_color=\u00a0\u00bbaccent\u00a0\u00bb overlay_alpha=\u00a0\u00bb50&Prime; gutter_size=\u00a0\u00bb3&Prime; shift_y=\u00a0\u00bb0&Prime; z_index=\u00a0\u00bb0&Prime; limit_content=\u00a0\u00bb\u00a0\u00bb][vc_column_inner column_width_percent=\u00a0\u00bb100&Prime; gutter_size=\u00a0\u00bb3&Prime; style=\u00a0\u00bbdark\u00a0\u00bb overlay_alpha=\u00a0\u00bb50&Prime; shift_x=\u00a0\u00bb0&Prime; shift_y=\u00a0\u00bb0&Prime; shift_y_down=\u00a0\u00bb0&Prime; z_index=\u00a0\u00bb0&Prime; medium_width=\u00a0\u00bb0&Prime; mobile_width=\u00a0\u00bb0&Prime; width=\u00a0\u00bb1\/1&Prime;][vc_column_text]<\/p>\n<p style=\"text-align: center;\"><strong>CME JUMBO PRO<\/strong><\/p>\n<p>[\/vc_column_text][\/vc_column_inner][\/vc_row_inner][\/vc_column][\/vc_row][vc_row][vc_column width=\u00a0\u00bb1\/3&Prime;][vc_single_image media=\u00a0\u00bb7930&Prime; media_lightbox=\u00a0\u00bbyes\u00a0\u00bb media_width_percent=\u00a0\u00bb98&Prime;][vc_row_inner row_inner_height_percent=\u00a0\u00bb0&Prime; back_color=\u00a0\u00bbaccent\u00a0\u00bb overlay_alpha=\u00a0\u00bb50&Prime; gutter_size=\u00a0\u00bb3&Prime; shift_y=\u00a0\u00bb0&Prime; z_index=\u00a0\u00bb0&Prime; limit_content=\u00a0\u00bb\u00a0\u00bb][vc_column_inner column_width_percent=\u00a0\u00bb100&Prime; gutter_size=\u00a0\u00bb3&Prime; style=\u00a0\u00bbdark\u00a0\u00bb overlay_alpha=\u00a0\u00bb50&Prime; shift_x=\u00a0\u00bb0&Prime; shift_y=\u00a0\u00bb0&Prime; shift_y_down=\u00a0\u00bb0&Prime; z_index=\u00a0\u00bb0&Prime; medium_width=\u00a0\u00bb0&Prime; mobile_width=\u00a0\u00bb0&Prime; width=\u00a0\u00bb1\/1&Prime;][vc_column_text]<\/p>\n<p style=\"text-align: center;\"><strong>ELECTRIC MINI JUNIOR &#8211; CME<\/strong><\/p>\n<p>[\/vc_column_text][\/vc_column_inner][\/vc_row_inner][\/vc_column][vc_column width=\u00a0\u00bb1\/3&Prime;][vc_single_image media=\u00a0\u00bb7937&Prime; media_lightbox=\u00a0\u00bbyes\u00a0\u00bb media_width_percent=\u00a0\u00bb100&Prime;][vc_row_inner row_inner_height_percent=\u00a0\u00bb0&Prime; back_color=\u00a0\u00bbaccent\u00a0\u00bb overlay_alpha=\u00a0\u00bb50&Prime; gutter_size=\u00a0\u00bb3&Prime; shift_y=\u00a0\u00bb0&Prime; z_index=\u00a0\u00bb0&Prime; limit_content=\u00a0\u00bb\u00a0\u00bb][vc_column_inner column_width_percent=\u00a0\u00bb100&Prime; gutter_size=\u00a0\u00bb3&Prime; style=\u00a0\u00bbdark\u00a0\u00bb overlay_alpha=\u00a0\u00bb50&Prime; shift_x=\u00a0\u00bb0&Prime; shift_y=\u00a0\u00bb0&Prime; shift_y_down=\u00a0\u00bb0&Prime; z_index=\u00a0\u00bb0&Prime; medium_width=\u00a0\u00bb0&Prime; mobile_width=\u00a0\u00bb0&Prime; width=\u00a0\u00bb1\/1&Prime;][vc_column_text]<\/p>\n<p style=\"text-align: center;\"><strong>MINI JUNIOR PRO<\/strong><\/p>\n<p>[\/vc_column_text][\/vc_column_inner][\/vc_row_inner][\/vc_column][\/vc_row][vc_row][vc_column width=\u00a0\u00bb1\/3&Prime;][vc_single_image media=\u00a0\u00bb7945&Prime; media_lightbox=\u00a0\u00bbyes\u00a0\u00bb media_width_percent=\u00a0\u00bb100&Prime;][vc_row_inner row_inner_height_percent=\u00a0\u00bb0&Prime; back_color=\u00a0\u00bbaccent\u00a0\u00bb overlay_alpha=\u00a0\u00bb50&Prime; gutter_size=\u00a0\u00bb3&Prime; shift_y=\u00a0\u00bb0&Prime; z_index=\u00a0\u00bb0&Prime; limit_content=\u00a0\u00bb\u00a0\u00bb][vc_column_inner column_width_percent=\u00a0\u00bb100&Prime; gutter_size=\u00a0\u00bb3&Prime; style=\u00a0\u00bbdark\u00a0\u00bb overlay_alpha=\u00a0\u00bb50&Prime; shift_x=\u00a0\u00bb0&Prime; shift_y=\u00a0\u00bb0&Prime; shift_y_down=\u00a0\u00bb0&Prime; z_index=\u00a0\u00bb0&Prime; medium_width=\u00a0\u00bb0&Prime; mobile_width=\u00a0\u00bb0&Prime; width=\u00a0\u00bb1\/1&Prime;][vc_column_text]<\/p>\n<p style=\"text-align: center;\"><strong>MANUAL GRINDING MACHINE VS220 &#8211; CME<\/strong><\/p>\n<p>[\/vc_column_text][\/vc_column_inner][\/vc_row_inner][\/vc_column][vc_column width=\u00a0\u00bb1\/3&Prime;][vc_single_image media=\u00a0\u00bb7951&Prime; media_lightbox=\u00a0\u00bbyes\u00a0\u00bb media_width_percent=\u00a0\u00bb89&Prime;][vc_row_inner row_inner_height_percent=\u00a0\u00bb0&Prime; back_color=\u00a0\u00bbaccent\u00a0\u00bb overlay_alpha=\u00a0\u00bb50&Prime; gutter_size=\u00a0\u00bb3&Prime; shift_y=\u00a0\u00bb0&Prime; z_index=\u00a0\u00bb0&Prime; limit_content=\u00a0\u00bb\u00a0\u00bb][vc_column_inner column_width_percent=\u00a0\u00bb100&Prime; gutter_size=\u00a0\u00bb3&Prime; style=\u00a0\u00bbdark\u00a0\u00bb overlay_alpha=\u00a0\u00bb50&Prime; shift_x=\u00a0\u00bb0&Prime; shift_y=\u00a0\u00bb0&Prime; shift_y_down=\u00a0\u00bb0&Prime; z_index=\u00a0\u00bb0&Prime; medium_width=\u00a0\u00bb0&Prime; mobile_width=\u00a0\u00bb0&Prime; width=\u00a0\u00bb1\/1&Prime;][vc_column_text]<\/p>\n<p style=\"text-align: center;\"><strong>MANUAL GRINDING MACHINE VS220 PRO &#8211; CME<\/strong><\/p>\n<p>[\/vc_column_text][\/vc_column_inner][\/vc_row_inner][\/vc_column][\/vc_row][vc_row][vc_column width=\u00a0\u00bb1\/3&Prime;][vc_single_image media=\u00a0\u00bb863&Prime; media_lightbox=\u00a0\u00bbyes\u00a0\u00bb media_width_percent=\u00a0\u00bb73&Prime;][vc_row_inner row_inner_height_percent=\u00a0\u00bb0&Prime; back_color=\u00a0\u00bbaccent\u00a0\u00bb overlay_alpha=\u00a0\u00bb50&Prime; gutter_size=\u00a0\u00bb3&Prime; shift_y=\u00a0\u00bb0&Prime; z_index=\u00a0\u00bb0&Prime; limit_content=\u00a0\u00bb\u00a0\u00bb][vc_column_inner column_width_percent=\u00a0\u00bb100&Prime; gutter_size=\u00a0\u00bb3&Prime; style=\u00a0\u00bbdark\u00a0\u00bb overlay_alpha=\u00a0\u00bb50&Prime; shift_x=\u00a0\u00bb0&Prime; shift_y=\u00a0\u00bb0&Prime; shift_y_down=\u00a0\u00bb0&Prime; z_index=\u00a0\u00bb0&Prime; medium_width=\u00a0\u00bb0&Prime; mobile_width=\u00a0\u00bb0&Prime; width=\u00a0\u00bb1\/1&Prime;][vc_column_text]<\/p>\n<p style=\"text-align: center;\"><strong>AFFUTEUSEUS MANUELLES Vs 220<\/strong><\/p>\n<p>[\/vc_column_text][\/vc_column_inner][\/vc_row_inner][\/vc_column][vc_column width=\u00a0\u00bb1\/3&Prime;][vc_single_image media=\u00a0\u00bb864&Prime; media_lightbox=\u00a0\u00bbyes\u00a0\u00bb media_width_percent=\u00a0\u00bb65&Prime;][vc_row_inner row_inner_height_percent=\u00a0\u00bb0&Prime; back_color=\u00a0\u00bbaccent\u00a0\u00bb overlay_alpha=\u00a0\u00bb50&Prime; gutter_size=\u00a0\u00bb3&Prime; shift_y=\u00a0\u00bb0&Prime; z_index=\u00a0\u00bb0&Prime; limit_content=\u00a0\u00bb\u00a0\u00bb][vc_column_inner column_width_percent=\u00a0\u00bb100&Prime; gutter_size=\u00a0\u00bb3&Prime; style=\u00a0\u00bbdark\u00a0\u00bb overlay_alpha=\u00a0\u00bb50&Prime; shift_x=\u00a0\u00bb0&Prime; shift_y=\u00a0\u00bb0&Prime; shift_y_down=\u00a0\u00bb0&Prime; z_index=\u00a0\u00bb0&Prime; medium_width=\u00a0\u00bb0&Prime; mobile_width=\u00a0\u00bb0&Prime; width=\u00a0\u00bb1\/1&Prime;][vc_column_text]<\/p>\n<p style=\"text-align: center;\"><strong>OUTILES DIAMANTES<\/strong><\/p>\n<p>[\/vc_column_text][\/vc_column_inner][\/vc_row_inner][\/vc_column][vc_column column_width_percent=\u00a0\u00bb100&Prime; position_vertical=\u00a0\u00bbmiddle\u00a0\u00bb gutter_size=\u00a0\u00bb3&Prime; overlay_alpha=\u00a0\u00bb50&Prime; shift_x=\u00a0\u00bb0&Prime; shift_y=\u00a0\u00bb0&Prime; shift_y_down=\u00a0\u00bb0&Prime; z_index=\u00a0\u00bb0&Prime; medium_width=\u00a0\u00bb0&Prime; mobile_width=\u00a0\u00bb0&Prime; width=\u00a0\u00bb1\/3&Prime;][vc_column_text]Ces syst\u00e8mes sont con\u00e7us pour r\u00e9tablir le profil des boutons en carbure de tungst\u00e8ne de toute taille et sur tous types de taillants fond de trou pour marteaux, outils et taillants filet\u00e9s pour Top Hammers. Les syst\u00e8mes CME peuvent \u00eatre mont\u00e9s directement sur \u200b\u200bles foreuses, da banco et portables. Ils sont faits avec mouvements hydrauliques, \u00e9lectriques et pneumatiques.[\/vc_column_text][\/vc_column][\/vc_row][vc_row][vc_column width=\u00a0\u00bb1\/1&Prime;][vc_custom_heading heading_semantic=\u00a0\u00bbh4&Prime; text_size=\u00a0\u00bbh4&Prime; text_color=\u00a0\u00bbcolor-153373&Prime; css_animation=\u00a0\u00bbzoom-in\u00a0\u00bb]DEMANDE VOTRE AFFUTEUSEUS CME[\/vc_custom_heading][\/vc_column][\/vc_row][vc_row][vc_column width=\u00a0\u00bb1\/1&Prime;][vc_column_text]<div role=\"form\" class=\"wpcf7\" id=\"wpcf7-f3016-o1\" lang=\"it-IT\" dir=\"ltr\">\n<div class=\"screen-reader-response\"><p role=\"status\" aria-live=\"polite\" aria-atomic=\"true\"><\/p> <ul><\/ul><\/div>\n<form action=\"\/fr\/wp-json\/wp\/v2\/pages\/5246#wpcf7-f3016-o1\" method=\"post\" class=\"wpcf7-form init\" novalidate=\"novalidate\" data-status=\"init\">\n<div style=\"display: none;\">\n<input type=\"hidden\" name=\"_wpcf7\" value=\"3016\" \/>\n<input type=\"hidden\" name=\"_wpcf7_version\" value=\"5.4\" \/>\n<input type=\"hidden\" name=\"_wpcf7_locale\" value=\"it_IT\" \/>\n<input type=\"hidden\" name=\"_wpcf7_unit_tag\" value=\"wpcf7-f3016-o1\" \/>\n<input type=\"hidden\" name=\"_wpcf7_container_post\" value=\"0\" \/>\n<input type=\"hidden\" name=\"_wpcf7_posted_data_hash\" value=\"\" \/>\n<input type=\"hidden\" name=\"_wpcf7_recaptcha_response\" value=\"\" \/>\n<\/div>\n<p>CME BIT GRINDING MODEL<br \/>\n<span class=\"wpcf7-form-control-wrap menu-2000\"><select name=\"menu-2000\" class=\"wpcf7-form-control wpcf7-select wpcf7-validates-as-required\" aria-required=\"true\" aria-invalid=\"false\"><option value=\"VS-220 HD\">VS-220 HD<\/option><option value=\"MINI JUNIOR PNEUMATIC\">MINI JUNIOR PNEUMATIC<\/option><option value=\"MINI JUNIOR ELECTRIC\">MINI JUNIOR ELECTRIC<\/option><option value=\"MINI JUNIOR PRO H HYDRAULIC\">MINI JUNIOR PRO H HYDRAULIC<\/option><option value=\"CME ROBOT ARM ESDII\">CME ROBOT ARM ESDII<\/option><\/select><\/span><\/p>\n<p> QUANTITY<br \/>\n<span class=\"wpcf7-form-control-wrap text-2001\"><input type=\"text\" name=\"text-2001\" value=\"\" size=\"40\" class=\"wpcf7-form-control wpcf7-text wpcf7-validates-as-required\" aria-required=\"true\" aria-invalid=\"false\" placeholder=\"N\u00b0 PZ\" \/><\/span><\/p>\n<p> COMPANY NAME<br \/>\n<span class=\"wpcf7-form-control-wrap text-2002\"><input type=\"text\" name=\"text-2002\" value=\"\" size=\"40\" class=\"wpcf7-form-control wpcf7-text wpcf7-validates-as-required\" aria-required=\"true\" aria-invalid=\"false\" placeholder=\"COMPANY\" \/><\/span><\/p>\n<p> COUNTRY<br \/>\n<span class=\"wpcf7-form-control-wrap text-2003\"><input type=\"text\" name=\"text-2003\" value=\"\" size=\"40\" class=\"wpcf7-form-control wpcf7-text wpcf7-validates-as-required\" aria-required=\"true\" aria-invalid=\"false\" placeholder=\"COUNTRY\" \/><\/span><\/p>\n<p> EMAIL ADDRESS<br \/>\n<span class=\"wpcf7-form-control-wrap your-email\"><input type=\"email\" name=\"your-email\" value=\"\" size=\"40\" class=\"wpcf7-form-control wpcf7-text wpcf7-email wpcf7-validates-as-required wpcf7-validates-as-email\" aria-required=\"true\" aria-invalid=\"false\" placeholder=\"EMAIL\" \/><\/span> <\/p>\n<p> TELEPHONE NUMBER<br \/>\n<span class=\"wpcf7-form-control-wrap your\"><input type=\"tel\" name=\"your\" value=\"\" size=\"40\" class=\"wpcf7-form-control wpcf7-text wpcf7-tel wpcf7-validates-as-required wpcf7-validates-as-tel\" aria-required=\"true\" aria-invalid=\"false\" placeholder=\"TELEPHONE\" \/><\/span><\/p>\n<p><input type=\"submit\" value=\"SEND REQUEST OFFER\" class=\"wpcf7-form-control wpcf7-submit\" \/><\/p>\n<div class=\"wpcf7-response-output\" aria-hidden=\"true\"><\/div><\/form><\/div>[\/vc_column_text][\/vc_column][\/vc_row]<\/p>\n<\/div>","protected":false},"excerpt":{"rendered":"<p>[vc_row unlock_row_content=\u00a0\u00bbyes\u00a0\u00bb row_height_percent=\u00a0\u00bb0&Prime; back_color=\u00a0\u00bbaccent\u00a0\u00bb overlay_alpha=\u00a0\u00bb50&Prime; gutter_size=\u00a0\u00bb3&Prime; column_width_percent=\u00a0\u00bb100&Prime; shift_y=\u00a0\u00bb0&Prime; z_index=\u00a0\u00bb0&Prime;][vc_column column_width_percent=\u00a0\u00bb100&Prime; align_horizontal=\u00a0\u00bbalign_center\u00a0\u00bb gutter_size=\u00a0\u00bb3&Prime; style=\u00a0\u00bbdark\u00a0\u00bb overlay_alpha=\u00a0\u00bb50&Prime; shift_x=\u00a0\u00bb0&Prime; shift_y=\u00a0\u00bb0&Prime; shift_y_down=\u00a0\u00bb0&Prime; z_index=\u00a0\u00bb0&Prime; medium_width=\u00a0\u00bb0&Prime; mobile_width=\u00a0\u00bb0&Prime; [&hellip;]<\/p>\n","protected":false},"author":1,"featured_media":0,"parent":0,"menu_order":0,"comment_status":"closed","ping_status":"closed","template":"","meta":[],"yoast_head":"<!-- This site is optimized with the Yoast SEO Premium plugin v16.0.2 (Yoast SEO v18.2) - https:\/\/yoast.com\/wordpress\/plugins\/seo\/ -->\n<title>Affuteuses Taillants de Forage | Ocma<\/title>\n<meta name=\"description\" content=\"OCMA Drilltech est revendeur de la soci\u00e9t\u00e9 CME Blasting &amp; Mining Equipment Ltd. La CME est une soci\u00e9t\u00e9 sp\u00e9cialis\u00e9e dans la production d&#039;affuteuses pour outils de forage manuelles et automatiques pour les taillants pour le forage du sous-sol.\" \/>\n<meta name=\"robots\" content=\"index, follow, max-snippet:-1, max-image-preview:large, max-video-preview:-1\" \/>\n<link rel=\"canonical\" href=\"https:\/\/www.ocmasrl.com\/fr\/affuteuses-taillants-de-forage\/\" \/>\n<meta property=\"og:locale\" content=\"fr_FR\" \/>\n<meta property=\"og:type\" content=\"article\" \/>\n<meta property=\"og:title\" content=\"Affuteuses Taillants de Forage | Ocma\" \/>\n<meta property=\"og:description\" content=\"OCMA Drilltech est revendeur de la soci\u00e9t\u00e9 CME Blasting &amp; Mining Equipment Ltd. La CME est une soci\u00e9t\u00e9 sp\u00e9cialis\u00e9e dans la production d&#039;affuteuses pour outils de forage manuelles et automatiques pour les taillants pour le forage du sous-sol.\" \/>\n<meta property=\"og:url\" content=\"https:\/\/www.ocmasrl.com\/fr\/affuteuses-taillants-de-forage\/\" \/>\n<meta property=\"og:site_name\" content=\"Ocma\" \/>\n<meta property=\"article:publisher\" content=\"https:\/\/www.facebook.com\/OCMA-DrillTech-227901890599501\/\" \/>\n<meta property=\"article:modified_time\" content=\"2023-08-29T10:28:19+00:00\" \/>\n<meta name=\"twitter:card\" content=\"summary_large_image\" \/>\n<meta name=\"twitter:label1\" content=\"Dur\u00e9e de lecture estim\u00e9e\" \/>\n\t<meta name=\"twitter:data1\" content=\"3 minutes\" \/>\n<script type=\"application\/ld+json\" class=\"yoast-schema-graph\">{\"@context\":\"https:\/\/schema.org\",\"@graph\":[{\"@type\":\"Organization\",\"@id\":\"https:\/\/www.ocmasrl.com\/#organization\",\"name\":\"OCMA s.r.l.\",\"url\":\"https:\/\/www.ocmasrl.com\/\",\"sameAs\":[\"https:\/\/www.facebook.com\/OCMA-DrillTech-227901890599501\/\",\"https:\/\/www.instagram.com\/ocmadrilltech\/\"],\"logo\":{\"@type\":\"ImageObject\",\"@id\":\"https:\/\/www.ocmasrl.com\/#logo\",\"inLanguage\":\"fr-FR\",\"url\":\"https:\/\/www.ocmasrl.com\/wp-content\/uploads\/OCMA-DrillTech.jpg\",\"contentUrl\":\"https:\/\/www.ocmasrl.com\/wp-content\/uploads\/OCMA-DrillTech.jpg\",\"width\":575,\"height\":105,\"caption\":\"OCMA s.r.l.\"},\"image\":{\"@id\":\"https:\/\/www.ocmasrl.com\/#logo\"}},{\"@type\":\"WebSite\",\"@id\":\"https:\/\/www.ocmasrl.com\/#website\",\"url\":\"https:\/\/www.ocmasrl.com\/\",\"name\":\"Ocma\",\"description\":\"Martelli Fondo Foro\",\"publisher\":{\"@id\":\"https:\/\/www.ocmasrl.com\/#organization\"},\"potentialAction\":[{\"@type\":\"SearchAction\",\"target\":{\"@type\":\"EntryPoint\",\"urlTemplate\":\"https:\/\/www.ocmasrl.com\/?s={search_term_string}\"},\"query-input\":\"required name=search_term_string\"}],\"inLanguage\":\"fr-FR\"},{\"@type\":\"WebPage\",\"@id\":\"https:\/\/www.ocmasrl.com\/fr\/affuteuses-taillants-de-forage\/#webpage\",\"url\":\"https:\/\/www.ocmasrl.com\/fr\/affuteuses-taillants-de-forage\/\",\"name\":\"Affuteuses Taillants de Forage | Ocma\",\"isPartOf\":{\"@id\":\"https:\/\/www.ocmasrl.com\/#website\"},\"datePublished\":\"2020-01-15T09:06:09+00:00\",\"dateModified\":\"2023-08-29T10:28:19+00:00\",\"description\":\"OCMA Drilltech est revendeur de la soci\u00e9t\u00e9 CME Blasting & Mining Equipment Ltd. La CME est une soci\u00e9t\u00e9 sp\u00e9cialis\u00e9e dans la production d'affuteuses pour outils de forage manuelles et automatiques pour les taillants pour le forage du sous-sol.\",\"breadcrumb\":{\"@id\":\"https:\/\/www.ocmasrl.com\/fr\/affuteuses-taillants-de-forage\/#breadcrumb\"},\"inLanguage\":\"fr-FR\",\"potentialAction\":[{\"@type\":\"ReadAction\",\"target\":[\"https:\/\/www.ocmasrl.com\/fr\/affuteuses-taillants-de-forage\/\"]}]},{\"@type\":\"BreadcrumbList\",\"@id\":\"https:\/\/www.ocmasrl.com\/fr\/affuteuses-taillants-de-forage\/#breadcrumb\",\"itemListElement\":[{\"@type\":\"ListItem\",\"position\":1,\"name\":\"Home\",\"item\":\"https:\/\/www.ocmasrl.com\/fr\/\"},{\"@type\":\"ListItem\",\"position\":2,\"name\":\"Affuteuses Taillants de Forage\"}]}]}<\/script>\n<!-- \/ Yoast SEO Premium plugin. -->","yoast_head_json":{"title":"Affuteuses Taillants de Forage | Ocma","description":"OCMA Drilltech est revendeur de la soci\u00e9t\u00e9 CME Blasting & Mining Equipment Ltd. La CME est une soci\u00e9t\u00e9 sp\u00e9cialis\u00e9e dans la production d'affuteuses pour outils de forage manuelles et automatiques pour les taillants pour le forage du sous-sol.","robots":{"index":"index","follow":"follow","max-snippet":"max-snippet:-1","max-image-preview":"max-image-preview:large","max-video-preview":"max-video-preview:-1"},"canonical":"https:\/\/www.ocmasrl.com\/fr\/affuteuses-taillants-de-forage\/","og_locale":"fr_FR","og_type":"article","og_title":"Affuteuses Taillants de Forage | Ocma","og_description":"OCMA Drilltech est revendeur de la soci\u00e9t\u00e9 CME Blasting & Mining Equipment Ltd. La CME est une soci\u00e9t\u00e9 sp\u00e9cialis\u00e9e dans la production d'affuteuses pour outils de forage manuelles et automatiques pour les taillants pour le forage du sous-sol.","og_url":"https:\/\/www.ocmasrl.com\/fr\/affuteuses-taillants-de-forage\/","og_site_name":"Ocma","article_publisher":"https:\/\/www.facebook.com\/OCMA-DrillTech-227901890599501\/","article_modified_time":"2023-08-29T10:28:19+00:00","twitter_card":"summary_large_image","twitter_misc":{"Dur\u00e9e de lecture estim\u00e9e":"3 minutes"},"schema":{"@context":"https:\/\/schema.org","@graph":[{"@type":"Organization","@id":"https:\/\/www.ocmasrl.com\/#organization","name":"OCMA s.r.l.","url":"https:\/\/www.ocmasrl.com\/","sameAs":["https:\/\/www.facebook.com\/OCMA-DrillTech-227901890599501\/","https:\/\/www.instagram.com\/ocmadrilltech\/"],"logo":{"@type":"ImageObject","@id":"https:\/\/www.ocmasrl.com\/#logo","inLanguage":"fr-FR","url":"https:\/\/www.ocmasrl.com\/wp-content\/uploads\/OCMA-DrillTech.jpg","contentUrl":"https:\/\/www.ocmasrl.com\/wp-content\/uploads\/OCMA-DrillTech.jpg","width":575,"height":105,"caption":"OCMA s.r.l."},"image":{"@id":"https:\/\/www.ocmasrl.com\/#logo"}},{"@type":"WebSite","@id":"https:\/\/www.ocmasrl.com\/#website","url":"https:\/\/www.ocmasrl.com\/","name":"Ocma","description":"Martelli Fondo Foro","publisher":{"@id":"https:\/\/www.ocmasrl.com\/#organization"},"potentialAction":[{"@type":"SearchAction","target":{"@type":"EntryPoint","urlTemplate":"https:\/\/www.ocmasrl.com\/?s={search_term_string}"},"query-input":"required name=search_term_string"}],"inLanguage":"fr-FR"},{"@type":"WebPage","@id":"https:\/\/www.ocmasrl.com\/fr\/affuteuses-taillants-de-forage\/#webpage","url":"https:\/\/www.ocmasrl.com\/fr\/affuteuses-taillants-de-forage\/","name":"Affuteuses Taillants de Forage | Ocma","isPartOf":{"@id":"https:\/\/www.ocmasrl.com\/#website"},"datePublished":"2020-01-15T09:06:09+00:00","dateModified":"2023-08-29T10:28:19+00:00","description":"OCMA Drilltech est revendeur de la soci\u00e9t\u00e9 CME Blasting & Mining Equipment Ltd. La CME est une soci\u00e9t\u00e9 sp\u00e9cialis\u00e9e dans la production d'affuteuses pour outils de forage manuelles et automatiques pour les taillants pour le forage du sous-sol.","breadcrumb":{"@id":"https:\/\/www.ocmasrl.com\/fr\/affuteuses-taillants-de-forage\/#breadcrumb"},"inLanguage":"fr-FR","potentialAction":[{"@type":"ReadAction","target":["https:\/\/www.ocmasrl.com\/fr\/affuteuses-taillants-de-forage\/"]}]},{"@type":"BreadcrumbList","@id":"https:\/\/www.ocmasrl.com\/fr\/affuteuses-taillants-de-forage\/#breadcrumb","itemListElement":[{"@type":"ListItem","position":1,"name":"Home","item":"https:\/\/www.ocmasrl.com\/fr\/"},{"@type":"ListItem","position":2,"name":"Affuteuses Taillants de Forage"}]}]}},"_links":{"self":[{"href":"https:\/\/www.ocmasrl.com\/fr\/wp-json\/wp\/v2\/pages\/5246"}],"collection":[{"href":"https:\/\/www.ocmasrl.com\/fr\/wp-json\/wp\/v2\/pages"}],"about":[{"href":"https:\/\/www.ocmasrl.com\/fr\/wp-json\/wp\/v2\/types\/page"}],"author":[{"embeddable":true,"href":"https:\/\/www.ocmasrl.com\/fr\/wp-json\/wp\/v2\/users\/1"}],"replies":[{"embeddable":true,"href":"https:\/\/www.ocmasrl.com\/fr\/wp-json\/wp\/v2\/comments?post=5246"}],"version-history":[{"count":10,"href":"https:\/\/www.ocmasrl.com\/fr\/wp-json\/wp\/v2\/pages\/5246\/revisions"}],"predecessor-version":[{"id":8061,"href":"https:\/\/www.ocmasrl.com\/fr\/wp-json\/wp\/v2\/pages\/5246\/revisions\/8061"}],"wp:attachment":[{"href":"https:\/\/www.ocmasrl.com\/fr\/wp-json\/wp\/v2\/media?parent=5246"}],"curies":[{"name":"wp","href":"https:\/\/api.w.org\/{rel}","templated":true}]}}