{"id":5253,"date":"2020-01-15T16:39:04","date_gmt":"2020-01-15T16:39:04","guid":{"rendered":"http:\/\/omiwebdev.it\/ocma_n\/tubage-a-lavancement-hyperbit\/"},"modified":"2024-10-08T10:39:38","modified_gmt":"2024-10-08T10:39:38","slug":"tubage-a-lavancement-hyperbit","status":"publish","type":"page","link":"https:\/\/www.ocmasrl.com\/fr\/tubage-a-lavancement-hyperbit\/","title":{"rendered":"Tubage-a-lavancement-Hyperbit"},"content":{"rendered":"<div class=\"wpb-content-wrapper\"><p>[vc_row unlock_row_content=\u00a0\u00bbyes\u00a0\u00bb row_height_percent=\u00a0\u00bb0&Prime; back_color=\u00a0\u00bbaccent\u00a0\u00bb overlay_alpha=\u00a0\u00bb50&Prime; gutter_size=\u00a0\u00bb3&Prime; column_width_percent=\u00a0\u00bb100&Prime; shift_y=\u00a0\u00bb0&Prime; z_index=\u00a0\u00bb0&Prime;][vc_column column_width_percent=\u00a0\u00bb100&Prime; align_horizontal=\u00a0\u00bbalign_center\u00a0\u00bb gutter_size=\u00a0\u00bb3&Prime; style=\u00a0\u00bbdark\u00a0\u00bb overlay_alpha=\u00a0\u00bb50&Prime; shift_x=\u00a0\u00bb0&Prime; shift_y=\u00a0\u00bb0&Prime; shift_y_down=\u00a0\u00bb0&Prime; z_index=\u00a0\u00bb0&Prime; medium_width=\u00a0\u00bb0&Prime; mobile_width=\u00a0\u00bb0&Prime; width=\u00a0\u00bb1\/1&Prime;][vc_custom_heading]<\/p>\n<h2>Taillants pour Tubage &#8211; Tubage \u00e0 l&rsquo;avancement HYPERBIT<\/h2>\n<p>[\/vc_custom_heading][\/vc_column][\/vc_row][vc_row][vc_column column_width_percent=\u00a0\u00bb100&Prime; position_vertical=\u00a0\u00bbmiddle\u00a0\u00bb gutter_size=\u00a0\u00bb3&Prime; overlay_alpha=\u00a0\u00bb50&Prime; shift_x=\u00a0\u00bb0&Prime; shift_y=\u00a0\u00bb0&Prime; shift_y_down=\u00a0\u00bb0&Prime; z_index=\u00a0\u00bb0&Prime; medium_width=\u00a0\u00bb0&Prime; mobile_width=\u00a0\u00bb0&Prime; width=\u00a0\u00bb1\/2&Prime;][vc_row_inner limit_content=\u00a0\u00bb\u00a0\u00bb][vc_column_inner column_width_percent=\u00a0\u00bb100&Prime; position_vertical=\u00a0\u00bbmiddle\u00a0\u00bb gutter_size=\u00a0\u00bb3&Prime; overlay_alpha=\u00a0\u00bb50&Prime; shift_x=\u00a0\u00bb0&Prime; shift_y=\u00a0\u00bb0&Prime; shift_y_down=\u00a0\u00bb0&Prime; z_index=\u00a0\u00bb0&Prime; medium_width=\u00a0\u00bb0&Prime; mobile_width=\u00a0\u00bb0&Prime; width=\u00a0\u00bb1\/1&Prime;][vc_single_image media=\u00a0\u00bb731&Prime; media_width_percent=\u00a0\u00bb100&Prime; alignment=\u00a0\u00bbcenter\u00a0\u00bb][\/vc_column_inner][\/vc_row_inner][vc_column_text]<strong>HYPERBIT<\/strong> est un syst\u00e8me de tubage avanc\u00e9 (Overburden Drilling System) pour le forage \u00e0 grande vitesse dans des formations molles et dures. Le syst\u00e8me de tubage HYPERBIT est applicable pour la construction de fondations et de pieux, puits d&rsquo;eau et le forage g\u00e9othermique. Disponible avec deux ou trois ailes selon la taille du bo\u00eetier et son diam\u00e8tre, le syst\u00e8me est connect\u00e9 au marteau DTH.[\/vc_column_text][vc_single_image media=\u00a0\u00bb175&Prime; media_width_percent=\u00a0\u00bb100&Prime;][\/vc_column][vc_column column_width_percent=\u00a0\u00bb100&Prime; position_vertical=\u00a0\u00bbmiddle\u00a0\u00bb gutter_size=\u00a0\u00bb3&Prime; overlay_alpha=\u00a0\u00bb50&Prime; shift_x=\u00a0\u00bb0&Prime; shift_y=\u00a0\u00bb0&Prime; shift_y_down=\u00a0\u00bb0&Prime; z_index=\u00a0\u00bb0&Prime; medium_width=\u00a0\u00bb0&Prime; mobile_width=\u00a0\u00bb0&Prime; width=\u00a0\u00bb1\/2&Prime;][vc_single_image media=\u00a0\u00bb738&Prime; media_lightbox=\u00a0\u00bbyes\u00a0\u00bb media_width_percent=\u00a0\u00bb80&Prime; alignment=\u00a0\u00bbcenter\u00a0\u00bb][vc_column_text]<\/p>\n<p style=\"text-align: center;\"><span style=\"color: #ff0000;\"><em><strong>M\u00e9canisme d&rsquo;ailes ouvertes SIMPLE et RAPIDE<\/strong><\/em><\/span><\/p>\n<p>[\/vc_column_text][vc_single_image media=\u00a0\u00bb740&Prime; media_lightbox=\u00a0\u00bbyes\u00a0\u00bb media_width_percent=\u00a0\u00bb60&Prime; alignment=\u00a0\u00bbcenter\u00a0\u00bb][\/vc_column][\/vc_row][vc_row][vc_column width=\u00a0\u00bb1\/2&Prime;][vc_row_inner row_inner_height_percent=\u00a0\u00bb0&Prime; back_color=\u00a0\u00bbaccent\u00a0\u00bb overlay_alpha=\u00a0\u00bb50&Prime; gutter_size=\u00a0\u00bb3&Prime; shift_y=\u00a0\u00bb0&Prime; z_index=\u00a0\u00bb0&Prime; limit_content=\u00a0\u00bb\u00a0\u00bb][vc_column_inner column_width_percent=\u00a0\u00bb100&Prime; gutter_size=\u00a0\u00bb3&Prime; style=\u00a0\u00bbdark\u00a0\u00bb overlay_alpha=\u00a0\u00bb50&Prime; shift_x=\u00a0\u00bb0&Prime; shift_y=\u00a0\u00bb0&Prime; shift_y_down=\u00a0\u00bb0&Prime; z_index=\u00a0\u00bb0&Prime; medium_width=\u00a0\u00bb0&Prime; mobile_width=\u00a0\u00bb0&Prime; width=\u00a0\u00bb1\/1&Prime;][vc_column_text]<\/p>\n<p style=\"text-align: center;\"><strong>Avantages HYPERBIT<\/strong><strong><br \/>\n<\/strong>[\/vc_column_text][\/vc_column_inner][\/vc_row_inner][vc_column_text]\u2022 Forage \u00e0 grande vitesse en formation douce et dure<br \/>\n\u2022 Syst\u00e8me rapide pour retirer \/ changer les ailes<br \/>\n\u2022 Trous droits<br \/>\n\u2022 M\u00e9canisme des ailes solides<br \/>\n\u2022 Ailes longue dur\u00e9e avec protection contre l&rsquo;usure en carbure[\/vc_column_text][vc_row_inner limit_content=\u00a0\u00bb\u00a0\u00bb][vc_column_inner column_width_percent=\u00a0\u00bb100&Prime; position_vertical=\u00a0\u00bbmiddle\u00a0\u00bb align_horizontal=\u00a0\u00bbalign_center\u00a0\u00bb gutter_size=\u00a0\u00bb3&Prime; overlay_alpha=\u00a0\u00bb50&Prime; shift_x=\u00a0\u00bb0&Prime; shift_y=\u00a0\u00bb0&Prime; shift_y_down=\u00a0\u00bb0&Prime; z_index=\u00a0\u00bb0&Prime; medium_width=\u00a0\u00bb0&Prime; mobile_width=\u00a0\u00bb0&Prime; width=\u00a0\u00bb1\/1&Prime;][vc_icon icon=\u00a0\u00bbfa fa-file-pdf-o\u00a0\u00bb icon_color=\u00a0\u00bbcolor-153373&Prime; size=\u00a0\u00bbfa-5x\u00a0\u00bb heading_semantic=\u00a0\u00bbh5&Prime; text_size=\u00a0\u00bbh5&Prime; link=\u00a0\u00bburl:https%3A%2F%2Fwww.ocmasrl.com%2Fwp-content%2Fuploads%2FHYPERBIT-2024.pdf|title:HYPERBIT%202024|target:_blank\u00a0\u00bb][\/vc_icon][vc_column_text]Download Catalogue[\/vc_column_text][\/vc_column_inner][\/vc_row_inner][\/vc_column][vc_column width=\u00a0\u00bb1\/2&Prime;][vc_row_inner row_inner_height_percent=\u00a0\u00bb0&Prime; back_color=\u00a0\u00bbaccent\u00a0\u00bb overlay_alpha=\u00a0\u00bb50&Prime; gutter_size=\u00a0\u00bb3&Prime; shift_y=\u00a0\u00bb0&Prime; z_index=\u00a0\u00bb0&Prime; limit_content=\u00a0\u00bb\u00a0\u00bb][vc_column_inner column_width_percent=\u00a0\u00bb100&Prime; gutter_size=\u00a0\u00bb3&Prime; style=\u00a0\u00bbdark\u00a0\u00bb overlay_alpha=\u00a0\u00bb50&Prime; shift_x=\u00a0\u00bb0&Prime; shift_y=\u00a0\u00bb0&Prime; shift_y_down=\u00a0\u00bb0&Prime; z_index=\u00a0\u00bb0&Prime; medium_width=\u00a0\u00bb0&Prime; mobile_width=\u00a0\u00bb0&Prime; width=\u00a0\u00bb1\/1&Prime;][vc_column_text]<\/p>\n<p style=\"text-align: center;\"><strong>PUSH TO RELEASE<\/strong><\/p>\n<p>[\/vc_column_text][\/vc_column_inner][\/vc_row_inner][vc_column_text]<strong>\u00ab\u00a0PUSH TO RELEASE\u00a0\u00bb<\/strong> est un syst\u00e8me de verrouillage innovant con\u00e7u par <strong>OCMA DrillTech<\/strong> qui permet de remplacer tr\u00e8s rapidement les ailes utilis\u00e9es. Les ailes utilis\u00e9es peuvent \u00eatre retir\u00e9es par la m\u00e8che pilote en appuyant sur <strong>\u00ab\u00a0PLUG\u00a0\u00bb<\/strong> et en retirant l&rsquo;anneau, le ressort et la broche.[\/vc_column_text][vc_single_image media=\u00a0\u00bb747&Prime; media_lightbox=\u00a0\u00bbyes\u00a0\u00bb media_width_percent=\u00a0\u00bb80&Prime;][\/vc_column][\/vc_row][vc_row][vc_column width=\u00a0\u00bb1\/1&Prime;][vc_tabs][vc_tab title=\u00a0\u00bbDIMENSIONS\u00a0\u00bb tab_id=\u00a0\u00bb1549131001512-3-6e3ac-3c9d\u00a0\u00bb][vc_row_inner limit_content=\u00a0\u00bb\u00a0\u00bb][vc_column_inner width=\u00a0\u00bb1\/1&Prime;][vc_single_image media=\u00a0\u00bb8079&Prime; media_lightbox=\u00a0\u00bbyes\u00a0\u00bb media_width_percent=\u00a0\u00bb68&Prime;][vc_custom_heading heading_semantic=\u00a0\u00bbh4&Prime; text_size=\u00a0\u00bbh4&Prime; text_color=\u00a0\u00bbcolor-153373&Prime; css_animation=\u00a0\u00bbzoom-in\u00a0\u00bb]DEMANDEZ VOTRE SYST\u00c8ME DE REV\u00caTEMENT HYPERBIT[\/vc_custom_heading][vc_column_text]<div role=\"form\" class=\"wpcf7\" id=\"wpcf7-f2767-o1\" lang=\"it-IT\" dir=\"ltr\">\n<div class=\"screen-reader-response\"><p role=\"status\" aria-live=\"polite\" aria-atomic=\"true\"><\/p> <ul><\/ul><\/div>\n<form action=\"\/fr\/wp-json\/wp\/v2\/pages\/5253#wpcf7-f2767-o1\" method=\"post\" class=\"wpcf7-form init\" novalidate=\"novalidate\" data-status=\"init\">\n<div style=\"display: none;\">\n<input type=\"hidden\" name=\"_wpcf7\" value=\"2767\" \/>\n<input type=\"hidden\" name=\"_wpcf7_version\" value=\"5.4\" \/>\n<input type=\"hidden\" name=\"_wpcf7_locale\" value=\"it_IT\" \/>\n<input type=\"hidden\" name=\"_wpcf7_unit_tag\" value=\"wpcf7-f2767-o1\" \/>\n<input type=\"hidden\" name=\"_wpcf7_container_post\" value=\"0\" \/>\n<input type=\"hidden\" name=\"_wpcf7_posted_data_hash\" value=\"\" \/>\n<input type=\"hidden\" name=\"_wpcf7_recaptcha_response\" value=\"\" \/>\n<\/div>\n<p>CASING Outside Diam. - mm<br \/>\n<span class=\"wpcf7-form-control-wrap menu-2000\"><select name=\"menu-2000\" class=\"wpcf7-form-control wpcf7-select wpcf7-validates-as-required\" aria-required=\"true\" aria-invalid=\"false\"><option value=\"114.3 mm\">114.3 mm<\/option><option value=\"127 mm\">127 mm<\/option><option value=\"133 mm\">133 mm<\/option><option value=\"139.8 mm\">139.8 mm<\/option><option value=\"152 mm\">152 mm<\/option><option value=\"159 mm\">159 mm<\/option><option value=\"168 mm\">168 mm<\/option><option value=\"177.8 mm\">177.8 mm<\/option><option value=\"193.7 mm\">193.7 mm<\/option><option value=\"203 mm\">203 mm<\/option><option value=\"219.1 mm\">219.1 mm<\/option><option value=\"244.4 mm\">244.4 mm<\/option><option value=\"254 mm\">254 mm<\/option><option value=\"273 mm\">273 mm<\/option><option value=\"298.5 mm\">298.5 mm<\/option><option value=\"323.9 mm\">323.9 mm<\/option><option value=\"355.6 mm\">355.6 mm<\/option><option value=\"368 mm\">368 mm<\/option><option value=\"406.4 mm\">406.4 mm<\/option><option value=\"508 mm\">508 mm<\/option><\/select><\/span><\/p>\n<p> CASING Wall Thickness - mm<br \/>\n<span class=\"wpcf7-form-control-wrap menu-2001\"><select name=\"menu-2001\" class=\"wpcf7-form-control wpcf7-select wpcf7-validates-as-required\" aria-required=\"true\" aria-invalid=\"false\"><option value=\"4 mm\">4 mm<\/option><option value=\"4.5 mm\">4.5 mm<\/option><option value=\"5 mm\">5 mm<\/option><option value=\"5.5 mm\">5.5 mm<\/option><option value=\"6.3 mm\">6.3 mm<\/option><option value=\"7.1 mm\">7.1 mm<\/option><option value=\"8 mm\">8 mm<\/option><option value=\"8.8 mm\">8.8 mm<\/option><option value=\"10 mm\">10 mm<\/option><option value=\"11 mm\">11 mm<\/option><option value=\"12.5 mm\">12.5 mm<\/option><option value=\"14 mm\">14 mm<\/option><\/select><\/span><\/p>\n<p> DTH HAMMER Size (Inch\")<br \/>\n<span class=\"wpcf7-form-control-wrap menu-2002\"><select name=\"menu-2002\" class=\"wpcf7-form-control wpcf7-select wpcf7-validates-as-required\" aria-required=\"true\" aria-invalid=\"false\"><option value=\"3&quot; HAMMER\">3&quot; HAMMER<\/option><option value=\"4&quot; HAMMER\">4&quot; HAMMER<\/option><option value=\"5&quot; HAMMER\">5&quot; HAMMER<\/option><option value=\"6&quot; HAMMER\">6&quot; HAMMER<\/option><option value=\"8&quot; HAMMER\">8&quot; HAMMER<\/option><option value=\"10&quot; HAMMER\">10&quot; HAMMER<\/option><option value=\"12&quot; HAMMER\">12&quot; HAMMER<\/option><\/select><\/span><\/p>\n<p> BIT SHANK Type<br \/>\n<span class=\"wpcf7-form-control-wrap menu-2003\"><select name=\"menu-2003\" class=\"wpcf7-form-control wpcf7-select wpcf7-validates-as-required\" aria-required=\"true\" aria-invalid=\"false\"><option value=\"DHD 3.5\">DHD 3.5<\/option><option value=\"DHD 340\">DHD 340<\/option><option value=\"DHD 350\">DHD 350<\/option><option value=\"DHD 360\">DHD 360<\/option><option value=\"DHD 380\">DHD 380<\/option><option value=\"DHD112\">DHD112<\/option><option value=\"\"><\/option><option value=\"QL40\/TD40\">QL40\/TD40<\/option><option value=\"QL50\">QL50<\/option><option value=\"QL60\">QL60<\/option><option value=\"QL80\">QL80<\/option><option value=\"QL120\">QL120<\/option><option value=\"\"><\/option><option value=\"M40\">M40<\/option><option value=\"M50\">M50<\/option><option value=\"M60\">M60<\/option><option value=\"M85\">M85<\/option><option value=\"\"><\/option><option value=\"SD5\">SD5<\/option><option value=\"SD6\">SD6<\/option><option value=\"SD8\">SD8<\/option><option value=\"SD10\">SD10<\/option><option value=\"SD12\">SD12<\/option><option value=\"\"><\/option><option value=\"MACH44\">MACH44<\/option><option value=\"MACH50\">MACH50<\/option><option value=\"MACH60\">MACH60<\/option><option value=\"MACH80\">MACH80<\/option><option value=\"\"><\/option><option value=\"N100\">N100<\/option><option value=\"N120\">N120<\/option><option value=\"N125\">N125<\/option><\/select><\/span><\/p>\n<p> HYPERBIT Model<br \/>\n<span class=\"wpcf7-form-control-wrap menu-2004\"><select name=\"menu-2004\" class=\"wpcf7-form-control wpcf7-select wpcf7-validates-as-required\" aria-required=\"true\" aria-invalid=\"false\"><option value=\"HYPERBIT 90\">HYPERBIT 90<\/option><option value=\"HYPERBIT 105\">HYPERBIT 105<\/option><option value=\"HYPERBIT 110\">HYPERBIT 110<\/option><option value=\"HYPERBIT 115\">HYPERBIT 115<\/option><option value=\"HYPERBIT 125\">HYPERBIT 125<\/option><option value=\"HYPERBIT 130\">HYPERBIT 130<\/option><option value=\"HYPERBIT 135\">HYPERBIT 135<\/option><option value=\"HYPERBIT 140\">HYPERBIT 140<\/option><option value=\"HYPERBIT 150\">HYPERBIT 150<\/option><option value=\"HYPERBIT 165\">HYPERBIT 165<\/option><option value=\"HYPERBIT 185\">HYPERBIT 185<\/option><option value=\"HYPERBIT 190\">HYPERBIT 190<\/option><option value=\"HYPERBIT 215\">HYPERBIT 215<\/option><option value=\"HYPERBIT 220\">HYPERBIT 220<\/option><option value=\"HYPERBIT 230\">HYPERBIT 230<\/option><option value=\"HYPERBIT 240\">HYPERBIT 240<\/option><option value=\"HYPERBIT 265\">HYPERBIT 265<\/option><option value=\"HYPERBIT 275\">HYPERBIT 275<\/option><option value=\"HYPERBIT 280\">HYPERBIT 280<\/option><option value=\"HYPERBIT 315\">HYPERBIT 315<\/option><option value=\"HYPERBIT 330\">HYPERBIT 330<\/option><option value=\"HYPERBIT 355\">HYPERBIT 355<\/option><option value=\"HYPERBIT 365\">HYPERBIT 365<\/option><option value=\"HYPERBIT 460\">HYPERBIT 460<\/option><option value=\"HYPERBIT 465\">HYPERBIT 465<\/option><option value=\"HYPERBIT 470\">HYPERBIT 470<\/option><\/select><\/span><\/p>\n<p> QUANTITY<br \/>\n<span class=\"wpcf7-form-control-wrap text-2005\"><input type=\"text\" name=\"text-2005\" value=\"\" size=\"40\" class=\"wpcf7-form-control wpcf7-text wpcf7-validates-as-required\" aria-required=\"true\" aria-invalid=\"false\" placeholder=\"N\u00b0 Pz\" \/><\/span><\/p>\n<p> COMPANY NAME<br \/>\n<span class=\"wpcf7-form-control-wrap text-2006\"><input type=\"text\" name=\"text-2006\" value=\"\" size=\"40\" class=\"wpcf7-form-control wpcf7-text wpcf7-validates-as-required\" aria-required=\"true\" aria-invalid=\"false\" placeholder=\"COMPANY\" \/><\/span><\/p>\n<p> COUNTRY<br \/>\n<span class=\"wpcf7-form-control-wrap text-2007\"><input type=\"text\" name=\"text-2007\" value=\"\" size=\"40\" class=\"wpcf7-form-control wpcf7-text wpcf7-validates-as-required\" aria-required=\"true\" aria-invalid=\"false\" placeholder=\"COUNTRY\" \/><\/span><\/p>\n<p> EMAIL Address<br \/>\n<span class=\"wpcf7-form-control-wrap your-email\"><input type=\"email\" name=\"your-email\" value=\"\" size=\"40\" class=\"wpcf7-form-control wpcf7-text wpcf7-email wpcf7-validates-as-required wpcf7-validates-as-email\" aria-required=\"true\" aria-invalid=\"false\" placeholder=\"EMAIL\" \/><\/span> <\/p>\n<p><input type=\"submit\" value=\"Send Request Offer\" class=\"wpcf7-form-control wpcf7-submit\" \/><\/p>\n<div class=\"wpcf7-response-output\" aria-hidden=\"true\"><\/div><\/form><\/div>[\/vc_column_text][\/vc_column_inner][\/vc_row_inner][\/vc_tab][vc_tab title=\u00a0\u00bbAPPLICAZIONI\u00a0\u00bb tab_id=\u00a0\u00bb1549131264130-4-1e3ac-3c9d\u00a0\u00bb][vc_gallery el_id=\u00a0\u00bbgallery-193510&Prime; medias=\u00a0\u00bb721,723,724,725&Prime; gutter_size=\u00a0\u00bb2&Prime; media_items=\u00a0\u00bbmedia|lightbox|original,title\u00a0\u00bb screen_lg=\u00a0\u00bb1000&Prime; screen_md=\u00a0\u00bb600&Prime; screen_sm=\u00a0\u00bb480&Prime; single_width=\u00a0\u00bb3&Prime; images_size=\u00a0\u00bbone-one\u00a0\u00bb single_overlay_opacity=\u00a0\u00bb50&Prime; single_padding=\u00a0\u00bb2&Prime; lbox_title=\u00a0\u00bbyes\u00a0\u00bb][\/vc_tab][\/vc_tabs][vc_tab title=\u00a0\u00bbGHIERA USO SINGOLO\u00a0\u00bb tab_id=\u00a0\u00bb1549111315-2-39e3ac-3c9d\u00a0\u00bb][\/vc_tab][\/vc_column][\/vc_row]<\/p>\n<\/div>","protected":false},"excerpt":{"rendered":"<p>[vc_row unlock_row_content=\u00a0\u00bbyes\u00a0\u00bb row_height_percent=\u00a0\u00bb0&Prime; back_color=\u00a0\u00bbaccent\u00a0\u00bb overlay_alpha=\u00a0\u00bb50&Prime; gutter_size=\u00a0\u00bb3&Prime; column_width_percent=\u00a0\u00bb100&Prime; shift_y=\u00a0\u00bb0&Prime; z_index=\u00a0\u00bb0&Prime;][vc_column column_width_percent=\u00a0\u00bb100&Prime; align_horizontal=\u00a0\u00bbalign_center\u00a0\u00bb gutter_size=\u00a0\u00bb3&Prime; style=\u00a0\u00bbdark\u00a0\u00bb overlay_alpha=\u00a0\u00bb50&Prime; shift_x=\u00a0\u00bb0&Prime; shift_y=\u00a0\u00bb0&Prime; shift_y_down=\u00a0\u00bb0&Prime; z_index=\u00a0\u00bb0&Prime; medium_width=\u00a0\u00bb0&Prime; mobile_width=\u00a0\u00bb0&Prime; [&hellip;]<\/p>\n","protected":false},"author":1,"featured_media":0,"parent":0,"menu_order":0,"comment_status":"closed","ping_status":"closed","template":"","meta":[],"yoast_head":"<!-- This site is optimized with the Yoast SEO Premium plugin v16.0.2 (Yoast SEO v18.2) - https:\/\/yoast.com\/wordpress\/plugins\/seo\/ -->\n<title>Tubage-a-lavancement-Hyperbit | Ocma<\/title>\n<meta name=\"description\" content=\"HYPERBIT Syst\u00e8me de tubage pour le forage \u00e0 grande vitesse dans des formations molles et dures. Le syst\u00e8me de tubage \u00e0 l&#039;avancement HYPERBIT est applicable pour la construction de fondations et de pieux, puits d\u2019eau et le forage g\u00e9othermique.\" \/>\n<meta name=\"robots\" content=\"index, follow, max-snippet:-1, max-image-preview:large, max-video-preview:-1\" \/>\n<link rel=\"canonical\" href=\"https:\/\/www.ocmasrl.com\/fr\/tubage-a-lavancement-hyperbit\/\" \/>\n<meta property=\"og:locale\" content=\"fr_FR\" \/>\n<meta property=\"og:type\" content=\"article\" \/>\n<meta property=\"og:title\" content=\"Tubage-a-lavancement-Hyperbit | Ocma\" \/>\n<meta property=\"og:description\" content=\"HYPERBIT Syst\u00e8me de tubage pour le forage \u00e0 grande vitesse dans des formations molles et dures. Le syst\u00e8me de tubage \u00e0 l&#039;avancement HYPERBIT est applicable pour la construction de fondations et de pieux, puits d\u2019eau et le forage g\u00e9othermique.\" \/>\n<meta property=\"og:url\" content=\"https:\/\/www.ocmasrl.com\/fr\/tubage-a-lavancement-hyperbit\/\" \/>\n<meta property=\"og:site_name\" content=\"Ocma\" \/>\n<meta property=\"article:publisher\" content=\"https:\/\/www.facebook.com\/OCMA-DrillTech-227901890599501\/\" \/>\n<meta property=\"article:modified_time\" content=\"2024-10-08T10:39:38+00:00\" \/>\n<meta name=\"twitter:card\" content=\"summary_large_image\" \/>\n<meta name=\"twitter:label1\" content=\"Dur\u00e9e de lecture estim\u00e9e\" \/>\n\t<meta name=\"twitter:data1\" content=\"4 minutes\" \/>\n<script type=\"application\/ld+json\" class=\"yoast-schema-graph\">{\"@context\":\"https:\/\/schema.org\",\"@graph\":[{\"@type\":\"Organization\",\"@id\":\"https:\/\/www.ocmasrl.com\/#organization\",\"name\":\"OCMA s.r.l.\",\"url\":\"https:\/\/www.ocmasrl.com\/\",\"sameAs\":[\"https:\/\/www.facebook.com\/OCMA-DrillTech-227901890599501\/\",\"https:\/\/www.instagram.com\/ocmadrilltech\/\"],\"logo\":{\"@type\":\"ImageObject\",\"@id\":\"https:\/\/www.ocmasrl.com\/#logo\",\"inLanguage\":\"fr-FR\",\"url\":\"https:\/\/www.ocmasrl.com\/wp-content\/uploads\/OCMA-DrillTech.jpg\",\"contentUrl\":\"https:\/\/www.ocmasrl.com\/wp-content\/uploads\/OCMA-DrillTech.jpg\",\"width\":575,\"height\":105,\"caption\":\"OCMA s.r.l.\"},\"image\":{\"@id\":\"https:\/\/www.ocmasrl.com\/#logo\"}},{\"@type\":\"WebSite\",\"@id\":\"https:\/\/www.ocmasrl.com\/#website\",\"url\":\"https:\/\/www.ocmasrl.com\/\",\"name\":\"Ocma\",\"description\":\"Martelli Fondo Foro\",\"publisher\":{\"@id\":\"https:\/\/www.ocmasrl.com\/#organization\"},\"potentialAction\":[{\"@type\":\"SearchAction\",\"target\":{\"@type\":\"EntryPoint\",\"urlTemplate\":\"https:\/\/www.ocmasrl.com\/?s={search_term_string}\"},\"query-input\":\"required name=search_term_string\"}],\"inLanguage\":\"fr-FR\"},{\"@type\":\"WebPage\",\"@id\":\"https:\/\/www.ocmasrl.com\/fr\/tubage-a-lavancement-hyperbit\/#webpage\",\"url\":\"https:\/\/www.ocmasrl.com\/fr\/tubage-a-lavancement-hyperbit\/\",\"name\":\"Tubage-a-lavancement-Hyperbit | Ocma\",\"isPartOf\":{\"@id\":\"https:\/\/www.ocmasrl.com\/#website\"},\"datePublished\":\"2020-01-15T16:39:04+00:00\",\"dateModified\":\"2024-10-08T10:39:38+00:00\",\"description\":\"HYPERBIT Syst\u00e8me de tubage pour le forage \u00e0 grande vitesse dans des formations molles et dures. Le syst\u00e8me de tubage \u00e0 l'avancement HYPERBIT est applicable pour la construction de fondations et de pieux, puits d\u2019eau et le forage g\u00e9othermique.\",\"breadcrumb\":{\"@id\":\"https:\/\/www.ocmasrl.com\/fr\/tubage-a-lavancement-hyperbit\/#breadcrumb\"},\"inLanguage\":\"fr-FR\",\"potentialAction\":[{\"@type\":\"ReadAction\",\"target\":[\"https:\/\/www.ocmasrl.com\/fr\/tubage-a-lavancement-hyperbit\/\"]}]},{\"@type\":\"BreadcrumbList\",\"@id\":\"https:\/\/www.ocmasrl.com\/fr\/tubage-a-lavancement-hyperbit\/#breadcrumb\",\"itemListElement\":[{\"@type\":\"ListItem\",\"position\":1,\"name\":\"Home\",\"item\":\"https:\/\/www.ocmasrl.com\/fr\/\"},{\"@type\":\"ListItem\",\"position\":2,\"name\":\"Tubage-a-lavancement-Hyperbit\"}]}]}<\/script>\n<!-- \/ Yoast SEO Premium plugin. -->","yoast_head_json":{"title":"Tubage-a-lavancement-Hyperbit | Ocma","description":"HYPERBIT Syst\u00e8me de tubage pour le forage \u00e0 grande vitesse dans des formations molles et dures. Le syst\u00e8me de tubage \u00e0 l'avancement HYPERBIT est applicable pour la construction de fondations et de pieux, puits d\u2019eau et le forage g\u00e9othermique.","robots":{"index":"index","follow":"follow","max-snippet":"max-snippet:-1","max-image-preview":"max-image-preview:large","max-video-preview":"max-video-preview:-1"},"canonical":"https:\/\/www.ocmasrl.com\/fr\/tubage-a-lavancement-hyperbit\/","og_locale":"fr_FR","og_type":"article","og_title":"Tubage-a-lavancement-Hyperbit | Ocma","og_description":"HYPERBIT Syst\u00e8me de tubage pour le forage \u00e0 grande vitesse dans des formations molles et dures. Le syst\u00e8me de tubage \u00e0 l'avancement HYPERBIT est applicable pour la construction de fondations et de pieux, puits d\u2019eau et le forage g\u00e9othermique.","og_url":"https:\/\/www.ocmasrl.com\/fr\/tubage-a-lavancement-hyperbit\/","og_site_name":"Ocma","article_publisher":"https:\/\/www.facebook.com\/OCMA-DrillTech-227901890599501\/","article_modified_time":"2024-10-08T10:39:38+00:00","twitter_card":"summary_large_image","twitter_misc":{"Dur\u00e9e de lecture estim\u00e9e":"4 minutes"},"schema":{"@context":"https:\/\/schema.org","@graph":[{"@type":"Organization","@id":"https:\/\/www.ocmasrl.com\/#organization","name":"OCMA s.r.l.","url":"https:\/\/www.ocmasrl.com\/","sameAs":["https:\/\/www.facebook.com\/OCMA-DrillTech-227901890599501\/","https:\/\/www.instagram.com\/ocmadrilltech\/"],"logo":{"@type":"ImageObject","@id":"https:\/\/www.ocmasrl.com\/#logo","inLanguage":"fr-FR","url":"https:\/\/www.ocmasrl.com\/wp-content\/uploads\/OCMA-DrillTech.jpg","contentUrl":"https:\/\/www.ocmasrl.com\/wp-content\/uploads\/OCMA-DrillTech.jpg","width":575,"height":105,"caption":"OCMA s.r.l."},"image":{"@id":"https:\/\/www.ocmasrl.com\/#logo"}},{"@type":"WebSite","@id":"https:\/\/www.ocmasrl.com\/#website","url":"https:\/\/www.ocmasrl.com\/","name":"Ocma","description":"Martelli Fondo Foro","publisher":{"@id":"https:\/\/www.ocmasrl.com\/#organization"},"potentialAction":[{"@type":"SearchAction","target":{"@type":"EntryPoint","urlTemplate":"https:\/\/www.ocmasrl.com\/?s={search_term_string}"},"query-input":"required name=search_term_string"}],"inLanguage":"fr-FR"},{"@type":"WebPage","@id":"https:\/\/www.ocmasrl.com\/fr\/tubage-a-lavancement-hyperbit\/#webpage","url":"https:\/\/www.ocmasrl.com\/fr\/tubage-a-lavancement-hyperbit\/","name":"Tubage-a-lavancement-Hyperbit | Ocma","isPartOf":{"@id":"https:\/\/www.ocmasrl.com\/#website"},"datePublished":"2020-01-15T16:39:04+00:00","dateModified":"2024-10-08T10:39:38+00:00","description":"HYPERBIT Syst\u00e8me de tubage pour le forage \u00e0 grande vitesse dans des formations molles et dures. Le syst\u00e8me de tubage \u00e0 l'avancement HYPERBIT est applicable pour la construction de fondations et de pieux, puits d\u2019eau et le forage g\u00e9othermique.","breadcrumb":{"@id":"https:\/\/www.ocmasrl.com\/fr\/tubage-a-lavancement-hyperbit\/#breadcrumb"},"inLanguage":"fr-FR","potentialAction":[{"@type":"ReadAction","target":["https:\/\/www.ocmasrl.com\/fr\/tubage-a-lavancement-hyperbit\/"]}]},{"@type":"BreadcrumbList","@id":"https:\/\/www.ocmasrl.com\/fr\/tubage-a-lavancement-hyperbit\/#breadcrumb","itemListElement":[{"@type":"ListItem","position":1,"name":"Home","item":"https:\/\/www.ocmasrl.com\/fr\/"},{"@type":"ListItem","position":2,"name":"Tubage-a-lavancement-Hyperbit"}]}]}},"_links":{"self":[{"href":"https:\/\/www.ocmasrl.com\/fr\/wp-json\/wp\/v2\/pages\/5253"}],"collection":[{"href":"https:\/\/www.ocmasrl.com\/fr\/wp-json\/wp\/v2\/pages"}],"about":[{"href":"https:\/\/www.ocmasrl.com\/fr\/wp-json\/wp\/v2\/types\/page"}],"author":[{"embeddable":true,"href":"https:\/\/www.ocmasrl.com\/fr\/wp-json\/wp\/v2\/users\/1"}],"replies":[{"embeddable":true,"href":"https:\/\/www.ocmasrl.com\/fr\/wp-json\/wp\/v2\/comments?post=5253"}],"version-history":[{"count":6,"href":"https:\/\/www.ocmasrl.com\/fr\/wp-json\/wp\/v2\/pages\/5253\/revisions"}],"predecessor-version":[{"id":8251,"href":"https:\/\/www.ocmasrl.com\/fr\/wp-json\/wp\/v2\/pages\/5253\/revisions\/8251"}],"wp:attachment":[{"href":"https:\/\/www.ocmasrl.com\/fr\/wp-json\/wp\/v2\/media?parent=5253"}],"curies":[{"name":"wp","href":"https:\/\/api.w.org\/{rel}","templated":true}]}}