{"id":5494,"date":"2020-01-17T13:12:56","date_gmt":"2020-01-17T13:12:56","guid":{"rendered":"http:\/\/omiwebdev.it\/ocma_n\/taillants-aleseurs\/"},"modified":"2020-12-28T09:26:11","modified_gmt":"2020-12-28T09:26:11","slug":"taillants-aleseurs","status":"publish","type":"page","link":"https:\/\/www.ocmasrl.com\/fr\/taillants-aleseurs\/","title":{"rendered":"Taillants al\u00e9seurs"},"content":{"rendered":"<div class=\"wpb-content-wrapper\"><p>[vc_row unlock_row_content=\u00a0\u00bbyes\u00a0\u00bb row_height_percent=\u00a0\u00bb0&Prime; back_color=\u00a0\u00bbaccent\u00a0\u00bb overlay_alpha=\u00a0\u00bb50&Prime; gutter_size=\u00a0\u00bb3&Prime; column_width_percent=\u00a0\u00bb100&Prime; shift_y=\u00a0\u00bb0&Prime; z_index=\u00a0\u00bb0&Prime;][vc_column column_width_percent=\u00a0\u00bb100&Prime; align_horizontal=\u00a0\u00bbalign_center\u00a0\u00bb style=\u00a0\u00bbdark\u00a0\u00bb overlay_alpha=\u00a0\u00bb50&Prime; gutter_size=\u00a0\u00bb3&Prime; medium_width=\u00a0\u00bb0&Prime; mobile_width=\u00a0\u00bb0&Prime; shift_x=\u00a0\u00bb0&Prime; shift_y=\u00a0\u00bb0&Prime; shift_y_down=\u00a0\u00bb0&Prime; z_index=\u00a0\u00bb0&Prime; width=\u00a0\u00bb1\/1&Prime;][vc_column_text]<\/p>\n<h1 style=\"text-align: center;\">Taillants Al\u00e9seurs pour Marteaus Fond Trou<\/h1>\n<p>[\/vc_column_text][\/vc_column][\/vc_row][vc_row][vc_column width=\u00a0\u00bb1\/1&Prime;][vc_column_text]<\/p>\n<p>Les Taillants Al\u00e9seurs sont fabriqu\u00e9s selon les meilleures normes de qualit\u00e9 et selon les besoins du client. En utilisant le configurateur ci-dessous, vous pouvez demander un devis gratuit pour tout diam\u00e8tre de foret d&rsquo;ouverture de trou DTH. Disponible pour tous les types de marteaux DTH sur le march\u00e9.<\/p>\n<p>[\/vc_column_text][vc_single_image media=\u00a0\u00bb2018&Prime; media_width_percent=\u00a0\u00bb35&Prime; alignment=\u00a0\u00bbcenter\u00a0\u00bb css_animation=\u00a0\u00bbzoom-in\u00a0\u00bb][vc_custom_heading heading_semantic=\u00a0\u00bbh4&Prime; text_size=\u00a0\u00bbh4&Prime; text_color=\u00a0\u00bbcolor-153373&Prime; css_animation=\u00a0\u00bbzoom-in\u00a0\u00bb animation_speed=\u00a0\u00bb400&Prime; animation_delay=\u00a0\u00bb400&Prime;]<\/p>\n<h4 class=\"h4 text-color-153373-color\">Personnalisez votre Taillants Al\u00e9seurs<\/h4>\n<p>[\/vc_custom_heading][vc_single_image media=\u00a0\u00bb2081&Prime; media_width_percent=\u00a0\u00bb70&Prime;][vc_column_text]<div role=\"form\" class=\"wpcf7\" id=\"wpcf7-f2088-o1\" lang=\"it-IT\" dir=\"ltr\">\n<div class=\"screen-reader-response\"><p role=\"status\" aria-live=\"polite\" aria-atomic=\"true\"><\/p> <ul><\/ul><\/div>\n<form action=\"\/fr\/wp-json\/wp\/v2\/pages\/5494#wpcf7-f2088-o1\" method=\"post\" class=\"wpcf7-form init\" novalidate=\"novalidate\" data-status=\"init\">\n<div style=\"display: none;\">\n<input type=\"hidden\" name=\"_wpcf7\" value=\"2088\" \/>\n<input type=\"hidden\" name=\"_wpcf7_version\" value=\"5.4\" \/>\n<input type=\"hidden\" name=\"_wpcf7_locale\" value=\"it_IT\" \/>\n<input type=\"hidden\" name=\"_wpcf7_unit_tag\" value=\"wpcf7-f2088-o1\" \/>\n<input type=\"hidden\" name=\"_wpcf7_container_post\" value=\"0\" \/>\n<input type=\"hidden\" name=\"_wpcf7_posted_data_hash\" value=\"\" \/>\n<input type=\"hidden\" name=\"_wpcf7_recaptcha_response\" value=\"\" \/>\n<\/div>\n<p>INSERIRE DIAMETRO \"D1\" - mm \/ inch<br \/>\n<span class=\"wpcf7-form-control-wrap text-300\"><input type=\"text\" name=\"text-300\" value=\"\" size=\"40\" class=\"wpcf7-form-control wpcf7-text wpcf7-validates-as-required\" aria-required=\"true\" aria-invalid=\"false\" placeholder=\"DIAMETRO D1\" \/><\/span><\/p>\n<p>INSERIRE DIAMETRO \"D2\" - mm \/ inch<br \/>\n<span class=\"wpcf7-form-control-wrap text-301\"><input type=\"text\" name=\"text-301\" value=\"\" size=\"40\" class=\"wpcf7-form-control wpcf7-text wpcf7-validates-as-required\" aria-required=\"true\" aria-invalid=\"false\" placeholder=\"DIAMETRO D2\" \/><\/span><\/p>\n<p> DIMENSIONE MARTELLO FONDO FORO (Inch\")<br \/>\n<span class=\"wpcf7-form-control-wrap menu-302\"><select name=\"menu-302\" class=\"wpcf7-form-control wpcf7-select wpcf7-validates-as-required\" aria-required=\"true\" aria-invalid=\"false\"><option value=\"3&quot; HAMMER\">3&quot; HAMMER<\/option><option value=\"4&quot; HAMMER\">4&quot; HAMMER<\/option><option value=\"5&quot; HAMMER\">5&quot; HAMMER<\/option><option value=\"6&quot; HAMMER\">6&quot; HAMMER<\/option><option value=\"8&quot; HAMMER\">8&quot; HAMMER<\/option><option value=\"10&quot; HAMMER\">10&quot; HAMMER<\/option><option value=\"12&quot; HAMMER\">12&quot; HAMMER<\/option><\/select><\/span><\/p>\n<p> TIPO DI ATTACCO PUNTA<br \/>\n<span class=\"wpcf7-form-control-wrap menu-303\"><select name=\"menu-303\" class=\"wpcf7-form-control wpcf7-select wpcf7-validates-as-required\" aria-required=\"true\" aria-invalid=\"false\"><option value=\"BR2\">BR2<\/option><option value=\"\"><\/option><option value=\"DHD 3.5\">DHD 3.5<\/option><option value=\"DHD 340\">DHD 340<\/option><option value=\"DHD 350\">DHD 350<\/option><option value=\"DHD 360\">DHD 360<\/option><option value=\"DHD 380\">DHD 380<\/option><option value=\"DHD112\">DHD112<\/option><option value=\"\"><\/option><option value=\"QL40\/TD40\">QL40\/TD40<\/option><option value=\"QL50\">QL50<\/option><option value=\"QL60\">QL60<\/option><option value=\"QL80\">QL80<\/option><option value=\"QL120\">QL120<\/option><option value=\"\"><\/option><option value=\"M40\">M40<\/option><option value=\"M50\">M50<\/option><option value=\"M60\">M60<\/option><option value=\"M85\">M85<\/option><option value=\"\"><\/option><option value=\"SD5\">SD5<\/option><option value=\"SD6\">SD6<\/option><option value=\"SD8\">SD8<\/option><option value=\"SD10\">SD10<\/option><option value=\"SD12\">SD12<\/option><option value=\"\"><\/option><option value=\"MACH44\">MACH44<\/option><option value=\"MACH50\">MACH50<\/option><option value=\"MACH60\">MACH60<\/option><option value=\"MACH80\">MACH80<\/option><option value=\"\"><\/option><option value=\"N100\">N100<\/option><option value=\"N120\">N120<\/option><option value=\"N125\">N125<\/option><\/select><\/span><\/p>\n<p> N\u00b0 FORI DI SCARICO ARIA<br \/>\n<span class=\"wpcf7-form-control-wrap menu-304\"><select name=\"menu-304\" class=\"wpcf7-form-control wpcf7-select wpcf7-validates-as-required\" aria-required=\"true\" aria-invalid=\"false\"><option value=\"N\u00b0 2 FORI DI SCARICO\">N\u00b0 2 FORI DI SCARICO<\/option><option value=\"N\u00b0 3 FORI DI SCARICO\">N\u00b0 3 FORI DI SCARICO<\/option><\/select><\/span> <\/p>\n<p> TIPO DI BOTTONI IN CARBURO DI TUNGSTENO<br \/>\n<span class=\"wpcf7-form-control-wrap menu-305\"><select name=\"menu-305\" class=\"wpcf7-form-control wpcf7-select wpcf7-validates-as-required\" aria-required=\"true\" aria-invalid=\"false\"><option value=\"BOTTONI SFERICI\">BOTTONI SFERICI<\/option><option value=\"BOTTONI BALISTICI\">BOTTONI BALISTICI<\/option><option value=\"BOTTONI SEMIBALISTICI\">BOTTONI SEMIBALISTICI<\/option><option value=\"BOTTONI SFERICI\/BALISTICI\">BOTTONI SFERICI\/BALISTICI<\/option><option value=\"BOTTONI SFERICI\/SEMIBALISTICI\">BOTTONI SFERICI\/SEMIBALISTICI<\/option><\/select><\/span><\/p>\n<p> FORO CENTRALE ADDIZIONALE<br \/>\n<span class=\"wpcf7-form-control-wrap menu-306\"><select name=\"menu-306\" class=\"wpcf7-form-control wpcf7-select wpcf7-validates-as-required\" aria-required=\"true\" aria-invalid=\"false\"><option value=\"SI\">SI<\/option><option value=\"NO\">NO<\/option><\/select><\/span><\/p>\n<p> QUANTITA' RICHIESTA<br \/>\n<span class=\"wpcf7-form-control-wrap text-307\"><input type=\"text\" name=\"text-307\" value=\"\" size=\"40\" class=\"wpcf7-form-control wpcf7-text wpcf7-validates-as-required\" aria-required=\"true\" aria-invalid=\"false\" placeholder=\"N\u00b0 PZ\" \/><\/span><\/p>\n<p> NOME AZIENDA<br \/>\n<span class=\"wpcf7-form-control-wrap text-308\"><input type=\"text\" name=\"text-308\" value=\"\" size=\"40\" class=\"wpcf7-form-control wpcf7-text wpcf7-validates-as-required\" aria-required=\"true\" aria-invalid=\"false\" placeholder=\"AZIENDA\" \/><\/span><\/p>\n<p> NAZIONE<br \/>\n<span class=\"wpcf7-form-control-wrap text-309\"><input type=\"text\" name=\"text-309\" value=\"\" size=\"40\" class=\"wpcf7-form-control wpcf7-text wpcf7-validates-as-required\" aria-required=\"true\" aria-invalid=\"false\" placeholder=\"PAESE\" \/><\/span><\/p>\n<p> INDIRIZZO MAIL<br \/>\n<span class=\"wpcf7-form-control-wrap your-email\"><input type=\"email\" name=\"your-email\" value=\"\" size=\"40\" class=\"wpcf7-form-control wpcf7-text wpcf7-email wpcf7-validates-as-required wpcf7-validates-as-email\" aria-required=\"true\" aria-invalid=\"false\" placeholder=\"EMAIL\" \/><\/span><\/p>\n<p> TELEFONO<br \/>\n<span class=\"wpcf7-form-control-wrap your\"><input type=\"tel\" name=\"your\" value=\"\" size=\"40\" class=\"wpcf7-form-control wpcf7-text wpcf7-tel wpcf7-validates-as-required wpcf7-validates-as-tel\" aria-required=\"true\" aria-invalid=\"false\" placeholder=\"TELEFONO\" \/><\/span> <\/p>\n<p><input type=\"submit\" value=\"INVIA RICHIESTA D&#039;OFFERTA\" class=\"wpcf7-form-control wpcf7-submit\" \/><\/p>\n<div class=\"wpcf7-response-output\" aria-hidden=\"true\"><\/div><\/form><\/div>[\/vc_column_text][\/vc_column][\/vc_row][vc_row][vc_column width=\u00a0\u00bb1\/1&Prime;][\/vc_column][\/vc_row][vc_row][vc_column width=\u00a0\u00bb5\/6&Prime;][\/vc_column][vc_column width=\u00a0\u00bb1\/6&Prime;][\/vc_column][\/vc_row]<\/p>\n<\/div>","protected":false},"excerpt":{"rendered":"<p>[vc_row unlock_row_content=\u00a0\u00bbyes\u00a0\u00bb row_height_percent=\u00a0\u00bb0&Prime; back_color=\u00a0\u00bbaccent\u00a0\u00bb overlay_alpha=\u00a0\u00bb50&Prime; gutter_size=\u00a0\u00bb3&Prime; column_width_percent=\u00a0\u00bb100&Prime; shift_y=\u00a0\u00bb0&Prime; z_index=\u00a0\u00bb0&Prime;][vc_column column_width_percent=\u00a0\u00bb100&Prime; align_horizontal=\u00a0\u00bbalign_center\u00a0\u00bb style=\u00a0\u00bbdark\u00a0\u00bb overlay_alpha=\u00a0\u00bb50&Prime; gutter_size=\u00a0\u00bb3&Prime; medium_width=\u00a0\u00bb0&Prime; mobile_width=\u00a0\u00bb0&Prime; shift_x=\u00a0\u00bb0&Prime; shift_y=\u00a0\u00bb0&Prime; shift_y_down=\u00a0\u00bb0&Prime; z_index=\u00a0\u00bb0&Prime; [&hellip;]<\/p>\n","protected":false},"author":1,"featured_media":0,"parent":0,"menu_order":0,"comment_status":"closed","ping_status":"closed","template":"","meta":[],"yoast_head":"<!-- This site is optimized with the Yoast SEO Premium plugin v16.0.2 (Yoast SEO v18.2) - https:\/\/yoast.com\/wordpress\/plugins\/seo\/ -->\n<title>Taillants al\u00e9seurs | Ocma<\/title>\n<meta name=\"description\" content=\"Les Taillants Al\u00e9seurs sont fabriqu\u00e9s selon les meilleures normes de qualit\u00e9 et selon les besoins du client.\" \/>\n<meta name=\"robots\" content=\"index, follow, max-snippet:-1, max-image-preview:large, max-video-preview:-1\" \/>\n<link rel=\"canonical\" href=\"https:\/\/www.ocmasrl.com\/fr\/taillants-aleseurs\/\" \/>\n<meta property=\"og:locale\" content=\"fr_FR\" \/>\n<meta property=\"og:type\" content=\"article\" \/>\n<meta property=\"og:title\" content=\"Taillants al\u00e9seurs | Ocma\" \/>\n<meta property=\"og:description\" content=\"Les Taillants Al\u00e9seurs sont fabriqu\u00e9s selon les meilleures normes de qualit\u00e9 et selon les besoins du client.\" \/>\n<meta property=\"og:url\" content=\"https:\/\/www.ocmasrl.com\/fr\/taillants-aleseurs\/\" \/>\n<meta property=\"og:site_name\" content=\"Ocma\" \/>\n<meta property=\"article:publisher\" content=\"https:\/\/www.facebook.com\/OCMA-DrillTech-227901890599501\/\" \/>\n<meta property=\"article:modified_time\" content=\"2020-12-28T09:26:11+00:00\" \/>\n<meta name=\"twitter:card\" content=\"summary_large_image\" \/>\n<meta name=\"twitter:label1\" content=\"Dur\u00e9e de lecture estim\u00e9e\" \/>\n\t<meta name=\"twitter:data1\" content=\"1 minute\" \/>\n<script type=\"application\/ld+json\" class=\"yoast-schema-graph\">{\"@context\":\"https:\/\/schema.org\",\"@graph\":[{\"@type\":\"Organization\",\"@id\":\"https:\/\/www.ocmasrl.com\/#organization\",\"name\":\"OCMA s.r.l.\",\"url\":\"https:\/\/www.ocmasrl.com\/\",\"sameAs\":[\"https:\/\/www.facebook.com\/OCMA-DrillTech-227901890599501\/\",\"https:\/\/www.instagram.com\/ocmadrilltech\/\"],\"logo\":{\"@type\":\"ImageObject\",\"@id\":\"https:\/\/www.ocmasrl.com\/#logo\",\"inLanguage\":\"fr-FR\",\"url\":\"https:\/\/www.ocmasrl.com\/wp-content\/uploads\/OCMA-DrillTech.jpg\",\"contentUrl\":\"https:\/\/www.ocmasrl.com\/wp-content\/uploads\/OCMA-DrillTech.jpg\",\"width\":575,\"height\":105,\"caption\":\"OCMA s.r.l.\"},\"image\":{\"@id\":\"https:\/\/www.ocmasrl.com\/#logo\"}},{\"@type\":\"WebSite\",\"@id\":\"https:\/\/www.ocmasrl.com\/#website\",\"url\":\"https:\/\/www.ocmasrl.com\/\",\"name\":\"Ocma\",\"description\":\"Martelli Fondo Foro\",\"publisher\":{\"@id\":\"https:\/\/www.ocmasrl.com\/#organization\"},\"potentialAction\":[{\"@type\":\"SearchAction\",\"target\":{\"@type\":\"EntryPoint\",\"urlTemplate\":\"https:\/\/www.ocmasrl.com\/?s={search_term_string}\"},\"query-input\":\"required name=search_term_string\"}],\"inLanguage\":\"fr-FR\"},{\"@type\":\"WebPage\",\"@id\":\"https:\/\/www.ocmasrl.com\/fr\/taillants-aleseurs\/#webpage\",\"url\":\"https:\/\/www.ocmasrl.com\/fr\/taillants-aleseurs\/\",\"name\":\"Taillants al\u00e9seurs | Ocma\",\"isPartOf\":{\"@id\":\"https:\/\/www.ocmasrl.com\/#website\"},\"datePublished\":\"2020-01-17T13:12:56+00:00\",\"dateModified\":\"2020-12-28T09:26:11+00:00\",\"description\":\"Les Taillants Al\u00e9seurs sont fabriqu\u00e9s selon les meilleures normes de qualit\u00e9 et selon les besoins du client.\",\"breadcrumb\":{\"@id\":\"https:\/\/www.ocmasrl.com\/fr\/taillants-aleseurs\/#breadcrumb\"},\"inLanguage\":\"fr-FR\",\"potentialAction\":[{\"@type\":\"ReadAction\",\"target\":[\"https:\/\/www.ocmasrl.com\/fr\/taillants-aleseurs\/\"]}]},{\"@type\":\"BreadcrumbList\",\"@id\":\"https:\/\/www.ocmasrl.com\/fr\/taillants-aleseurs\/#breadcrumb\",\"itemListElement\":[{\"@type\":\"ListItem\",\"position\":1,\"name\":\"Home\",\"item\":\"https:\/\/www.ocmasrl.com\/fr\/\"},{\"@type\":\"ListItem\",\"position\":2,\"name\":\"Taillants al\u00e9seurs\"}]}]}<\/script>\n<!-- \/ Yoast SEO Premium plugin. -->","yoast_head_json":{"title":"Taillants al\u00e9seurs | Ocma","description":"Les Taillants Al\u00e9seurs sont fabriqu\u00e9s selon les meilleures normes de qualit\u00e9 et selon les besoins du client.","robots":{"index":"index","follow":"follow","max-snippet":"max-snippet:-1","max-image-preview":"max-image-preview:large","max-video-preview":"max-video-preview:-1"},"canonical":"https:\/\/www.ocmasrl.com\/fr\/taillants-aleseurs\/","og_locale":"fr_FR","og_type":"article","og_title":"Taillants al\u00e9seurs | Ocma","og_description":"Les Taillants Al\u00e9seurs sont fabriqu\u00e9s selon les meilleures normes de qualit\u00e9 et selon les besoins du client.","og_url":"https:\/\/www.ocmasrl.com\/fr\/taillants-aleseurs\/","og_site_name":"Ocma","article_publisher":"https:\/\/www.facebook.com\/OCMA-DrillTech-227901890599501\/","article_modified_time":"2020-12-28T09:26:11+00:00","twitter_card":"summary_large_image","twitter_misc":{"Dur\u00e9e de lecture estim\u00e9e":"1 minute"},"schema":{"@context":"https:\/\/schema.org","@graph":[{"@type":"Organization","@id":"https:\/\/www.ocmasrl.com\/#organization","name":"OCMA s.r.l.","url":"https:\/\/www.ocmasrl.com\/","sameAs":["https:\/\/www.facebook.com\/OCMA-DrillTech-227901890599501\/","https:\/\/www.instagram.com\/ocmadrilltech\/"],"logo":{"@type":"ImageObject","@id":"https:\/\/www.ocmasrl.com\/#logo","inLanguage":"fr-FR","url":"https:\/\/www.ocmasrl.com\/wp-content\/uploads\/OCMA-DrillTech.jpg","contentUrl":"https:\/\/www.ocmasrl.com\/wp-content\/uploads\/OCMA-DrillTech.jpg","width":575,"height":105,"caption":"OCMA s.r.l."},"image":{"@id":"https:\/\/www.ocmasrl.com\/#logo"}},{"@type":"WebSite","@id":"https:\/\/www.ocmasrl.com\/#website","url":"https:\/\/www.ocmasrl.com\/","name":"Ocma","description":"Martelli Fondo Foro","publisher":{"@id":"https:\/\/www.ocmasrl.com\/#organization"},"potentialAction":[{"@type":"SearchAction","target":{"@type":"EntryPoint","urlTemplate":"https:\/\/www.ocmasrl.com\/?s={search_term_string}"},"query-input":"required name=search_term_string"}],"inLanguage":"fr-FR"},{"@type":"WebPage","@id":"https:\/\/www.ocmasrl.com\/fr\/taillants-aleseurs\/#webpage","url":"https:\/\/www.ocmasrl.com\/fr\/taillants-aleseurs\/","name":"Taillants al\u00e9seurs | Ocma","isPartOf":{"@id":"https:\/\/www.ocmasrl.com\/#website"},"datePublished":"2020-01-17T13:12:56+00:00","dateModified":"2020-12-28T09:26:11+00:00","description":"Les Taillants Al\u00e9seurs sont fabriqu\u00e9s selon les meilleures normes de qualit\u00e9 et selon les besoins du client.","breadcrumb":{"@id":"https:\/\/www.ocmasrl.com\/fr\/taillants-aleseurs\/#breadcrumb"},"inLanguage":"fr-FR","potentialAction":[{"@type":"ReadAction","target":["https:\/\/www.ocmasrl.com\/fr\/taillants-aleseurs\/"]}]},{"@type":"BreadcrumbList","@id":"https:\/\/www.ocmasrl.com\/fr\/taillants-aleseurs\/#breadcrumb","itemListElement":[{"@type":"ListItem","position":1,"name":"Home","item":"https:\/\/www.ocmasrl.com\/fr\/"},{"@type":"ListItem","position":2,"name":"Taillants al\u00e9seurs"}]}]}},"_links":{"self":[{"href":"https:\/\/www.ocmasrl.com\/fr\/wp-json\/wp\/v2\/pages\/5494"}],"collection":[{"href":"https:\/\/www.ocmasrl.com\/fr\/wp-json\/wp\/v2\/pages"}],"about":[{"href":"https:\/\/www.ocmasrl.com\/fr\/wp-json\/wp\/v2\/types\/page"}],"author":[{"embeddable":true,"href":"https:\/\/www.ocmasrl.com\/fr\/wp-json\/wp\/v2\/users\/1"}],"replies":[{"embeddable":true,"href":"https:\/\/www.ocmasrl.com\/fr\/wp-json\/wp\/v2\/comments?post=5494"}],"version-history":[{"count":4,"href":"https:\/\/www.ocmasrl.com\/fr\/wp-json\/wp\/v2\/pages\/5494\/revisions"}],"predecessor-version":[{"id":7353,"href":"https:\/\/www.ocmasrl.com\/fr\/wp-json\/wp\/v2\/pages\/5494\/revisions\/7353"}],"wp:attachment":[{"href":"https:\/\/www.ocmasrl.com\/fr\/wp-json\/wp\/v2\/media?parent=5494"}],"curies":[{"name":"wp","href":"https:\/\/api.w.org\/{rel}","templated":true}]}}