{"id":5665,"date":"2020-01-22T11:22:16","date_gmt":"2020-01-22T11:22:16","guid":{"rendered":"http:\/\/omiwebdev.it\/ocma_n\/amortisseurs\/"},"modified":"2024-03-11T11:49:26","modified_gmt":"2024-03-11T11:49:26","slug":"amortisseurs","status":"publish","type":"page","link":"https:\/\/www.ocmasrl.com\/fr\/amortisseurs\/","title":{"rendered":"Amortisseurs pour Marteau Fond de Trou"},"content":{"rendered":"<div class=\"wpb-content-wrapper\"><p>[vc_row unlock_row_content=\u00a0\u00bbyes\u00a0\u00bb row_height_percent=\u00a0\u00bb0&Prime; back_color=\u00a0\u00bbaccent\u00a0\u00bb overlay_alpha=\u00a0\u00bb50&Prime; gutter_size=\u00a0\u00bb3&Prime; column_width_percent=\u00a0\u00bb100&Prime; shift_y=\u00a0\u00bb0&Prime; z_index=\u00a0\u00bb0&Prime;][vc_column column_width_percent=\u00a0\u00bb100&Prime; align_horizontal=\u00a0\u00bbalign_center\u00a0\u00bb gutter_size=\u00a0\u00bb3&Prime; style=\u00a0\u00bbdark\u00a0\u00bb overlay_alpha=\u00a0\u00bb50&Prime; shift_x=\u00a0\u00bb0&Prime; shift_y=\u00a0\u00bb0&Prime; shift_y_down=\u00a0\u00bb0&Prime; z_index=\u00a0\u00bb0&Prime; medium_width=\u00a0\u00bb0&Prime; mobile_width=\u00a0\u00bb0&Prime; width=\u00a0\u00bb1\/1&Prime;][vc_custom_heading]<\/p>\n<h2>Amortisseurs Marteaux Fond Trou Gamme PHS<\/h2>\n<p>[\/vc_custom_heading][\/vc_column][\/vc_row][vc_row][vc_column width=\u00a0\u00bb5\/6&Prime;][vc_single_image media=\u00a0\u00bb576&Prime; media_lightbox=\u00a0\u00bbyes\u00a0\u00bb media_width_percent=\u00a0\u00bb75&Prime;][vc_single_image media=\u00a0\u00bb2975&Prime; media_lightbox=\u00a0\u00bbyes\u00a0\u00bb media_width_percent=\u00a0\u00bb38&Prime;][vc_empty_space empty_h=\u00a0\u00bb1&Prime;][vc_custom_heading text_color=\u00a0\u00bbcolor-153373&Prime; css_animation=\u00a0\u00bbzoom-in\u00a0\u00bb animation_speed=\u00a0\u00bb1000&Prime; animation_delay=\u00a0\u00bb600&Prime;]<strong>Augmente la vie de votre Machine Foreure &#8211; Utilisez l&rsquo;Amortisseurs pour Marteau Fond de Trou!<\/strong>[\/vc_custom_heading][vc_column_text]L&rsquo;utilisation d&rsquo;un amortisseur pour Marteau Fond de Trou est recommand\u00e9e pour \u00e9viter une d\u00e9faillance pr\u00e9matur\u00e9e de la t\u00eate de rotation de la machine de forage \u00e0 cause des percussions g\u00e9n\u00e9r\u00e9es par l&rsquo;utilisation du marteau fond de trou.[\/vc_column_text][vc_row_inner limit_content=\u00a0\u00bb\u00a0\u00bb][vc_column_inner width=\u00a0\u00bb1\/1&Prime;][vc_empty_space empty_h=\u00a0\u00bb1&Prime;][vc_custom_heading heading_semantic=\u00a0\u00bbh4&Prime; text_size=\u00a0\u00bbh4&Prime; text_color=\u00a0\u00bbcolor-153373&Prime; css_animation=\u00a0\u00bbzoom-in\u00a0\u00bb]<\/p>\n<h4 class=\"h4 text-color-153373-color\">DEMANDE VOUS VOTRE AMMORTISSEUR POUR MARTEAU FOND DE TROU<\/h4>\n<p>[\/vc_custom_heading][vc_column_text]<div role=\"form\" class=\"wpcf7\" id=\"wpcf7-f2386-o1\" lang=\"it-IT\" dir=\"ltr\">\n<div class=\"screen-reader-response\"><p role=\"status\" aria-live=\"polite\" aria-atomic=\"true\"><\/p> <ul><\/ul><\/div>\n<form action=\"\/fr\/wp-json\/wp\/v2\/pages\/5665#wpcf7-f2386-o1\" method=\"post\" class=\"wpcf7-form init\" novalidate=\"novalidate\" data-status=\"init\">\n<div style=\"display: none;\">\n<input type=\"hidden\" name=\"_wpcf7\" value=\"2386\" \/>\n<input type=\"hidden\" name=\"_wpcf7_version\" value=\"5.4\" \/>\n<input type=\"hidden\" name=\"_wpcf7_locale\" value=\"it_IT\" \/>\n<input type=\"hidden\" name=\"_wpcf7_unit_tag\" value=\"wpcf7-f2386-o1\" \/>\n<input type=\"hidden\" name=\"_wpcf7_container_post\" value=\"0\" \/>\n<input type=\"hidden\" name=\"_wpcf7_posted_data_hash\" value=\"\" \/>\n<input type=\"hidden\" name=\"_wpcf7_recaptcha_response\" value=\"\" \/>\n<\/div>\n<p>MODELLO AMMORTIZZATORE MARTELLO Serie PHS<br \/>\n<span class=\"wpcf7-form-control-wrap menu-8000\"><select name=\"menu-8000\" class=\"wpcf7-form-control wpcf7-select wpcf7-validates-as-required\" aria-required=\"true\" aria-invalid=\"false\"><option value=\"PHS3 - Threads PIN\/BOX 2 3\/8&quot; API Reg. for 3&quot; HAMMER\">PHS3 - Threads PIN\/BOX 2 3\/8&quot; API Reg. for 3&quot; HAMMER<\/option><option value=\"\"><\/option><option value=\"PHS4 - Threads PIN\/BOX 2 3\/8&quot; API Reg. for 4&quot; HAMMER\">PHS4 - Threads PIN\/BOX 2 3\/8&quot; API Reg. for 4&quot; HAMMER<\/option><option value=\"\"><\/option><option value=\"PHS5 - Threads PIN\/BOX 3 1\/2&quot; API Reg. for 5&quot; HAMMER\">PHS5 - Threads PIN\/BOX 3 1\/2&quot; API Reg. for 5&quot; HAMMER<\/option><option value=\"\"><\/option><option value=\"PHS6 - Threads PIN\/BOX 3 1\/2&quot; API Reg. for 6&quot; HAMMER\">PHS6 - Threads PIN\/BOX 3 1\/2&quot; API Reg. for 6&quot; HAMMER<\/option><option value=\"\"><\/option><option value=\"PHS8 - Threads PIN\/BOX 4 1\/2&quot; API Reg. for 8&quot; HAMMER\">PHS8 - Threads PIN\/BOX 4 1\/2&quot; API Reg. for 8&quot; HAMMER<\/option><option value=\"\"><\/option><option value=\"PHS10 - Threads PIN\/BOX 6 5\/8&quot; API Reg. for 10&quot; HAMMER\">PHS10 - Threads PIN\/BOX 6 5\/8&quot; API Reg. for 10&quot; HAMMER<\/option><option value=\"\"><\/option><option value=\"PHS12 - Threads PIN\/BOX 6 5\/8&quot; API Reg. for 12&quot; HAMMER\">PHS12 - Threads PIN\/BOX 6 5\/8&quot; API Reg. for 12&quot; HAMMER<\/option><\/select><\/span><\/p>\n<p> QUANTITA' RICHIESTA<br \/>\n<span class=\"wpcf7-form-control-wrap text-8001\"><input type=\"text\" name=\"text-8001\" value=\"\" size=\"40\" class=\"wpcf7-form-control wpcf7-text wpcf7-validates-as-required\" aria-required=\"true\" aria-invalid=\"false\" placeholder=\"N\u00b0 PZ\" \/><\/span><\/p>\n<p> NOME AZIENDA<br \/>\n<span class=\"wpcf7-form-control-wrap text-8002\"><input type=\"text\" name=\"text-8002\" value=\"\" size=\"40\" class=\"wpcf7-form-control wpcf7-text wpcf7-validates-as-required\" aria-required=\"true\" aria-invalid=\"false\" placeholder=\"AZIENDA\" \/><\/span><\/p>\n<p> NAZIONE<br \/>\n<span class=\"wpcf7-form-control-wrap text-8003\"><input type=\"text\" name=\"text-8003\" value=\"\" size=\"40\" class=\"wpcf7-form-control wpcf7-text wpcf7-validates-as-required\" aria-required=\"true\" aria-invalid=\"false\" placeholder=\"PAESE\" \/><\/span><\/p>\n<p> INDIRIZZO MAIL<br \/>\n<span class=\"wpcf7-form-control-wrap your-email\"><input type=\"email\" name=\"your-email\" value=\"\" size=\"40\" class=\"wpcf7-form-control wpcf7-text wpcf7-email wpcf7-validates-as-required wpcf7-validates-as-email\" aria-required=\"true\" aria-invalid=\"false\" placeholder=\"EMAIL\" \/><\/span><\/p>\n<p> CONTATTO TELEFONICO<br \/>\n<span class=\"wpcf7-form-control-wrap your\"><input type=\"tel\" name=\"your\" value=\"\" size=\"40\" class=\"wpcf7-form-control wpcf7-text wpcf7-tel wpcf7-validates-as-required wpcf7-validates-as-tel\" aria-required=\"true\" aria-invalid=\"false\" placeholder=\"TELEFONO\" \/><\/span> <\/p>\n<p><input type=\"submit\" value=\"INVIA RICHIESTA D&#039;OFFERTA\" class=\"wpcf7-form-control wpcf7-submit\" \/><\/p>\n<div class=\"wpcf7-response-output\" aria-hidden=\"true\"><\/div><\/form><\/div>[\/vc_column_text][\/vc_column_inner][\/vc_row_inner][\/vc_column][vc_column width=\u00a0\u00bb1\/6&Prime;][vc_button button_color=\u00a0\u00bbaccent\u00a0\u00bb wide=\u00a0\u00bbyes\u00a0\u00bb border_width=\u00a0\u00bb0&Prime; link=\u00a0\u00bburl:https%3A%2F%2Fwww.ocmasrl.com%2Ffr%2Famortisseur-marteau-fond-trou-phs3%2F\u00a0\u00bb]AMORTISSEUR PHS 3[\/vc_button][vc_button button_color=\u00a0\u00bbaccent\u00a0\u00bb wide=\u00a0\u00bbyes\u00a0\u00bb border_width=\u00a0\u00bb0&Prime; link=\u00a0\u00bburl:https%3A%2F%2Fwww.ocmasrl.com%2Ffr%2Famortisseur-marteau-fond-trou-phs4%2F|\u00a0\u00bb]Amortisseur PHS4[\/vc_button][vc_button button_color=\u00a0\u00bbaccent\u00a0\u00bb wide=\u00a0\u00bbyes\u00a0\u00bb border_width=\u00a0\u00bb0&Prime; link=\u00a0\u00bburl:https%3A%2F%2Fwww.ocmasrl.com%2Ffr%2Famortisseur-marteau-fond-trou-phs5%2F|\u00a0\u00bb]Amortisseur PHS5[\/vc_button][vc_button button_color=\u00a0\u00bbaccent\u00a0\u00bb wide=\u00a0\u00bbyes\u00a0\u00bb border_width=\u00a0\u00bb0&Prime; link=\u00a0\u00bburl:https%3A%2F%2Fwww.ocmasrl.com%2Ffr%2Famortisseur-marteau-fond-trou-phs6%2F|\u00a0\u00bb]Amortisseur PHS6[\/vc_button][vc_button button_color=\u00a0\u00bbaccent\u00a0\u00bb wide=\u00a0\u00bbyes\u00a0\u00bb border_width=\u00a0\u00bb0&Prime; link=\u00a0\u00bburl:https%3A%2F%2Fwww.ocmasrl.com%2Ffr%2Famortisseur-marteau-fond-trou-phs8%2F|\u00a0\u00bb]Amortisseur PHS8[\/vc_button][vc_button button_color=\u00a0\u00bbaccent\u00a0\u00bb wide=\u00a0\u00bbyes\u00a0\u00bb border_width=\u00a0\u00bb0&Prime; link=\u00a0\u00bburl:https%3A%2F%2Fwww.ocmasrl.com%2Ffr%2Famortisseur-marteau-fond-trou-phs10%2F|\u00a0\u00bb]Amortisseur PHS10[\/vc_button][vc_button button_color=\u00a0\u00bbaccent\u00a0\u00bb wide=\u00a0\u00bbyes\u00a0\u00bb border_width=\u00a0\u00bb0&Prime; link=\u00a0\u00bburl:https%3A%2F%2Fwww.ocmasrl.com%2Ffr%2Famortisseur-marteau-fond-trou-phs12%2F|\u00a0\u00bb]Amortisseur PHS12[\/vc_button][\/vc_column][\/vc_row]<\/p>\n<\/div>","protected":false},"excerpt":{"rendered":"<p>[vc_row unlock_row_content=\u00a0\u00bbyes\u00a0\u00bb row_height_percent=\u00a0\u00bb0&Prime; back_color=\u00a0\u00bbaccent\u00a0\u00bb overlay_alpha=\u00a0\u00bb50&Prime; gutter_size=\u00a0\u00bb3&Prime; column_width_percent=\u00a0\u00bb100&Prime; shift_y=\u00a0\u00bb0&Prime; z_index=\u00a0\u00bb0&Prime;][vc_column column_width_percent=\u00a0\u00bb100&Prime; align_horizontal=\u00a0\u00bbalign_center\u00a0\u00bb gutter_size=\u00a0\u00bb3&Prime; style=\u00a0\u00bbdark\u00a0\u00bb overlay_alpha=\u00a0\u00bb50&Prime; shift_x=\u00a0\u00bb0&Prime; shift_y=\u00a0\u00bb0&Prime; shift_y_down=\u00a0\u00bb0&Prime; z_index=\u00a0\u00bb0&Prime; medium_width=\u00a0\u00bb0&Prime; mobile_width=\u00a0\u00bb0&Prime; [&hellip;]<\/p>\n","protected":false},"author":1,"featured_media":0,"parent":0,"menu_order":0,"comment_status":"closed","ping_status":"closed","template":"","meta":[],"yoast_head":"<!-- This site is optimized with the Yoast SEO Premium plugin v16.0.2 (Yoast SEO v18.2) - https:\/\/yoast.com\/wordpress\/plugins\/seo\/ -->\n<title>Amortisseurs pour Marteau Fond de Trou | Ocma<\/title>\n<meta name=\"description\" content=\"L&#039;utilisation d&#039;un amortisseur pour Marteau Fond de Trou est recommand\u00e9e pour \u00e9viter une d\u00e9faillance pr\u00e9matur\u00e9e de la t\u00eate de rotation de la machine de forage \u00e0 cause des percussions g\u00e9n\u00e9r\u00e9es par l&#039;utilisation du marteau fond de trou.\" \/>\n<meta name=\"robots\" content=\"index, follow, max-snippet:-1, max-image-preview:large, max-video-preview:-1\" \/>\n<link rel=\"canonical\" href=\"https:\/\/www.ocmasrl.com\/fr\/amortisseurs\/\" \/>\n<meta property=\"og:locale\" content=\"fr_FR\" \/>\n<meta property=\"og:type\" content=\"article\" \/>\n<meta property=\"og:title\" content=\"Amortisseurs pour Marteau Fond de Trou | Ocma\" \/>\n<meta property=\"og:description\" content=\"L&#039;utilisation d&#039;un amortisseur pour Marteau Fond de Trou est recommand\u00e9e pour \u00e9viter une d\u00e9faillance pr\u00e9matur\u00e9e de la t\u00eate de rotation de la machine de forage \u00e0 cause des percussions g\u00e9n\u00e9r\u00e9es par l&#039;utilisation du marteau fond de trou.\" \/>\n<meta property=\"og:url\" content=\"https:\/\/www.ocmasrl.com\/fr\/amortisseurs\/\" \/>\n<meta property=\"og:site_name\" content=\"Ocma\" \/>\n<meta property=\"article:publisher\" content=\"https:\/\/www.facebook.com\/OCMA-DrillTech-227901890599501\/\" \/>\n<meta property=\"article:modified_time\" content=\"2024-03-11T11:49:26+00:00\" \/>\n<meta name=\"twitter:card\" content=\"summary_large_image\" \/>\n<meta name=\"twitter:label1\" content=\"Dur\u00e9e de lecture estim\u00e9e\" \/>\n\t<meta name=\"twitter:data1\" content=\"2 minutes\" \/>\n<script type=\"application\/ld+json\" class=\"yoast-schema-graph\">{\"@context\":\"https:\/\/schema.org\",\"@graph\":[{\"@type\":\"Organization\",\"@id\":\"https:\/\/www.ocmasrl.com\/#organization\",\"name\":\"OCMA s.r.l.\",\"url\":\"https:\/\/www.ocmasrl.com\/\",\"sameAs\":[\"https:\/\/www.facebook.com\/OCMA-DrillTech-227901890599501\/\",\"https:\/\/www.instagram.com\/ocmadrilltech\/\"],\"logo\":{\"@type\":\"ImageObject\",\"@id\":\"https:\/\/www.ocmasrl.com\/#logo\",\"inLanguage\":\"fr-FR\",\"url\":\"https:\/\/www.ocmasrl.com\/wp-content\/uploads\/OCMA-DrillTech.jpg\",\"contentUrl\":\"https:\/\/www.ocmasrl.com\/wp-content\/uploads\/OCMA-DrillTech.jpg\",\"width\":575,\"height\":105,\"caption\":\"OCMA s.r.l.\"},\"image\":{\"@id\":\"https:\/\/www.ocmasrl.com\/#logo\"}},{\"@type\":\"WebSite\",\"@id\":\"https:\/\/www.ocmasrl.com\/#website\",\"url\":\"https:\/\/www.ocmasrl.com\/\",\"name\":\"Ocma\",\"description\":\"Martelli Fondo Foro\",\"publisher\":{\"@id\":\"https:\/\/www.ocmasrl.com\/#organization\"},\"potentialAction\":[{\"@type\":\"SearchAction\",\"target\":{\"@type\":\"EntryPoint\",\"urlTemplate\":\"https:\/\/www.ocmasrl.com\/?s={search_term_string}\"},\"query-input\":\"required name=search_term_string\"}],\"inLanguage\":\"fr-FR\"},{\"@type\":\"WebPage\",\"@id\":\"https:\/\/www.ocmasrl.com\/fr\/amortisseurs\/#webpage\",\"url\":\"https:\/\/www.ocmasrl.com\/fr\/amortisseurs\/\",\"name\":\"Amortisseurs pour Marteau Fond de Trou | Ocma\",\"isPartOf\":{\"@id\":\"https:\/\/www.ocmasrl.com\/#website\"},\"datePublished\":\"2020-01-22T11:22:16+00:00\",\"dateModified\":\"2024-03-11T11:49:26+00:00\",\"description\":\"L'utilisation d'un amortisseur pour Marteau Fond de Trou est recommand\u00e9e pour \u00e9viter une d\u00e9faillance pr\u00e9matur\u00e9e de la t\u00eate de rotation de la machine de forage \u00e0 cause des percussions g\u00e9n\u00e9r\u00e9es par l'utilisation du marteau fond de trou.\",\"breadcrumb\":{\"@id\":\"https:\/\/www.ocmasrl.com\/fr\/amortisseurs\/#breadcrumb\"},\"inLanguage\":\"fr-FR\",\"potentialAction\":[{\"@type\":\"ReadAction\",\"target\":[\"https:\/\/www.ocmasrl.com\/fr\/amortisseurs\/\"]}]},{\"@type\":\"BreadcrumbList\",\"@id\":\"https:\/\/www.ocmasrl.com\/fr\/amortisseurs\/#breadcrumb\",\"itemListElement\":[{\"@type\":\"ListItem\",\"position\":1,\"name\":\"Home\",\"item\":\"https:\/\/www.ocmasrl.com\/fr\/\"},{\"@type\":\"ListItem\",\"position\":2,\"name\":\"Amortisseurs pour Marteau Fond de Trou\"}]}]}<\/script>\n<!-- \/ Yoast SEO Premium plugin. -->","yoast_head_json":{"title":"Amortisseurs pour Marteau Fond de Trou | Ocma","description":"L'utilisation d'un amortisseur pour Marteau Fond de Trou est recommand\u00e9e pour \u00e9viter une d\u00e9faillance pr\u00e9matur\u00e9e de la t\u00eate de rotation de la machine de forage \u00e0 cause des percussions g\u00e9n\u00e9r\u00e9es par l'utilisation du marteau fond de trou.","robots":{"index":"index","follow":"follow","max-snippet":"max-snippet:-1","max-image-preview":"max-image-preview:large","max-video-preview":"max-video-preview:-1"},"canonical":"https:\/\/www.ocmasrl.com\/fr\/amortisseurs\/","og_locale":"fr_FR","og_type":"article","og_title":"Amortisseurs pour Marteau Fond de Trou | Ocma","og_description":"L'utilisation d'un amortisseur pour Marteau Fond de Trou est recommand\u00e9e pour \u00e9viter une d\u00e9faillance pr\u00e9matur\u00e9e de la t\u00eate de rotation de la machine de forage \u00e0 cause des percussions g\u00e9n\u00e9r\u00e9es par l'utilisation du marteau fond de trou.","og_url":"https:\/\/www.ocmasrl.com\/fr\/amortisseurs\/","og_site_name":"Ocma","article_publisher":"https:\/\/www.facebook.com\/OCMA-DrillTech-227901890599501\/","article_modified_time":"2024-03-11T11:49:26+00:00","twitter_card":"summary_large_image","twitter_misc":{"Dur\u00e9e de lecture estim\u00e9e":"2 minutes"},"schema":{"@context":"https:\/\/schema.org","@graph":[{"@type":"Organization","@id":"https:\/\/www.ocmasrl.com\/#organization","name":"OCMA s.r.l.","url":"https:\/\/www.ocmasrl.com\/","sameAs":["https:\/\/www.facebook.com\/OCMA-DrillTech-227901890599501\/","https:\/\/www.instagram.com\/ocmadrilltech\/"],"logo":{"@type":"ImageObject","@id":"https:\/\/www.ocmasrl.com\/#logo","inLanguage":"fr-FR","url":"https:\/\/www.ocmasrl.com\/wp-content\/uploads\/OCMA-DrillTech.jpg","contentUrl":"https:\/\/www.ocmasrl.com\/wp-content\/uploads\/OCMA-DrillTech.jpg","width":575,"height":105,"caption":"OCMA s.r.l."},"image":{"@id":"https:\/\/www.ocmasrl.com\/#logo"}},{"@type":"WebSite","@id":"https:\/\/www.ocmasrl.com\/#website","url":"https:\/\/www.ocmasrl.com\/","name":"Ocma","description":"Martelli Fondo Foro","publisher":{"@id":"https:\/\/www.ocmasrl.com\/#organization"},"potentialAction":[{"@type":"SearchAction","target":{"@type":"EntryPoint","urlTemplate":"https:\/\/www.ocmasrl.com\/?s={search_term_string}"},"query-input":"required name=search_term_string"}],"inLanguage":"fr-FR"},{"@type":"WebPage","@id":"https:\/\/www.ocmasrl.com\/fr\/amortisseurs\/#webpage","url":"https:\/\/www.ocmasrl.com\/fr\/amortisseurs\/","name":"Amortisseurs pour Marteau Fond de Trou | Ocma","isPartOf":{"@id":"https:\/\/www.ocmasrl.com\/#website"},"datePublished":"2020-01-22T11:22:16+00:00","dateModified":"2024-03-11T11:49:26+00:00","description":"L'utilisation d'un amortisseur pour Marteau Fond de Trou est recommand\u00e9e pour \u00e9viter une d\u00e9faillance pr\u00e9matur\u00e9e de la t\u00eate de rotation de la machine de forage \u00e0 cause des percussions g\u00e9n\u00e9r\u00e9es par l'utilisation du marteau fond de trou.","breadcrumb":{"@id":"https:\/\/www.ocmasrl.com\/fr\/amortisseurs\/#breadcrumb"},"inLanguage":"fr-FR","potentialAction":[{"@type":"ReadAction","target":["https:\/\/www.ocmasrl.com\/fr\/amortisseurs\/"]}]},{"@type":"BreadcrumbList","@id":"https:\/\/www.ocmasrl.com\/fr\/amortisseurs\/#breadcrumb","itemListElement":[{"@type":"ListItem","position":1,"name":"Home","item":"https:\/\/www.ocmasrl.com\/fr\/"},{"@type":"ListItem","position":2,"name":"Amortisseurs pour Marteau Fond de Trou"}]}]}},"_links":{"self":[{"href":"https:\/\/www.ocmasrl.com\/fr\/wp-json\/wp\/v2\/pages\/5665"}],"collection":[{"href":"https:\/\/www.ocmasrl.com\/fr\/wp-json\/wp\/v2\/pages"}],"about":[{"href":"https:\/\/www.ocmasrl.com\/fr\/wp-json\/wp\/v2\/types\/page"}],"author":[{"embeddable":true,"href":"https:\/\/www.ocmasrl.com\/fr\/wp-json\/wp\/v2\/users\/1"}],"replies":[{"embeddable":true,"href":"https:\/\/www.ocmasrl.com\/fr\/wp-json\/wp\/v2\/comments?post=5665"}],"version-history":[{"count":36,"href":"https:\/\/www.ocmasrl.com\/fr\/wp-json\/wp\/v2\/pages\/5665\/revisions"}],"predecessor-version":[{"id":8233,"href":"https:\/\/www.ocmasrl.com\/fr\/wp-json\/wp\/v2\/pages\/5665\/revisions\/8233"}],"wp:attachment":[{"href":"https:\/\/www.ocmasrl.com\/fr\/wp-json\/wp\/v2\/media?parent=5665"}],"curies":[{"name":"wp","href":"https:\/\/api.w.org\/{rel}","templated":true}]}}