{"id":5771,"date":"2020-01-23T08:59:15","date_gmt":"2020-01-23T08:59:15","guid":{"rendered":"http:\/\/omiwebdev.it\/ocma_n\/assurance-qualite\/"},"modified":"2021-01-02T12:39:22","modified_gmt":"2021-01-02T12:39:22","slug":"assurance-qualite","status":"publish","type":"page","link":"https:\/\/www.ocmasrl.com\/fr\/assurance-qualite\/","title":{"rendered":"Outils de Forage de Qualit\u00e9"},"content":{"rendered":"<div class=\"wpb-content-wrapper\"><p>[vc_row unlock_row_content=\u00a0\u00bbyes\u00a0\u00bb row_height_percent=\u00a0\u00bb0&Prime; back_color=\u00a0\u00bbaccent\u00a0\u00bb overlay_alpha=\u00a0\u00bb50&Prime; gutter_size=\u00a0\u00bb3&Prime; column_width_percent=\u00a0\u00bb100&Prime; shift_y=\u00a0\u00bb0&Prime; z_index=\u00a0\u00bb0&Prime;][vc_column column_width_percent=\u00a0\u00bb100&Prime; align_horizontal=\u00a0\u00bbalign_center\u00a0\u00bb style=\u00a0\u00bbdark\u00a0\u00bb overlay_alpha=\u00a0\u00bb50&Prime; gutter_size=\u00a0\u00bb3&Prime; medium_width=\u00a0\u00bb0&Prime; mobile_width=\u00a0\u00bb0&Prime; shift_x=\u00a0\u00bb0&Prime; shift_y=\u00a0\u00bb0&Prime; shift_y_down=\u00a0\u00bb0&Prime; z_index=\u00a0\u00bb0&Prime; width=\u00a0\u00bb1\/1&Prime;][vc_custom_heading]<\/p>\n<h2 style=\"text-align: center;\">Outils de Forage de Qualit\u00e9<\/h2>\n<p>[\/vc_custom_heading][\/vc_column][\/vc_row][vc_row][vc_column width=\u00a0\u00bb1\/2&Prime;][vc_gallery el_id=\u00a0\u00bbgallery-212163&Prime; type=\u00a0\u00bbjustified\u00a0\u00bb medias=\u00a0\u00bb945,946&Prime; justify_row_height=\u00a0\u00bb200&Prime; gutter_size=\u00a0\u00bb3&Prime; single_overlay_opacity=\u00a0\u00bb50&Prime; single_padding=\u00a0\u00bb2&Prime;][vc_row_inner][vc_column_inner width=\u00a0\u00bb1\/1&Prime;][vc_single_image media=\u00a0\u00bb3020&Prime; media_lightbox=\u00a0\u00bbyes\u00a0\u00bb media_width_percent=\u00a0\u00bb36&Prime; alignment=\u00a0\u00bbcenter\u00a0\u00bb][\/vc_column_inner][\/vc_row_inner][\/vc_column][vc_column width=\u00a0\u00bb1\/2&Prime;][vc_column_text]<strong>ISO9001:2015<\/strong><\/p>\n<p><strong>OCMA DrillTech<\/strong> applique la certification <strong>ISO9001:2015<\/strong> pour toutes ses activit\u00e9s afin de Certifier tous les Outils de Forage, \u00e9quipements de forage, Marteaux DTH, Tiges de forage, Amortisseurs pour Marteaux fond de Trou fabriqu\u00e9s et distribu\u00e9s pour le march\u00e9 mondial. La certification <strong>ISO9001:2015<\/strong> est la derni\u00e8re version des proc\u00e9dures de contr\u00f4le qualit\u00e9 reconnues dans le monde entier.<\/p>\n<p>Le mesurage de la duret\u00e9 de la pi\u00e8ce, les essais structuraux, le contr\u00f4le dimensionnel et l&rsquo;analyse par un microscopie \u00e9lectronique des microstructures du carbure de tungst\u00e8ne utilis\u00e9 pour les taillants fond de trou font partie du contr\u00f4le de qualit\u00e9 adopt\u00e9 par <strong>OCMA Drilltech<\/strong>.<\/p>\n<p>La qualit\u00e9 est \u00e9galement appliqu\u00e9e aux ventes, achats, administration et gestion, et le certificat est v\u00e9rifi\u00e9 p\u00e9riodiquement par l&rsquo;organisme de certification RINA.[\/vc_column_text][\/vc_column][\/vc_row][vc_row][vc_column width=\u00a0\u00bb2\/3&Prime;][vc_column_text]<strong>ISO 14001<\/strong><br \/>\nOCMA Drilltech est \u00e9galement certifi\u00e9e <strong>ISO 14001<\/strong> qui d\u00e9finit les exigences d&rsquo;un \u00absyst\u00e8me de gestion environnemental\u00a0\u00bb de toutes les organisations. La norme <strong>ISO 14001 (UNI EN ISO 14001:2004)<\/strong> est le choix volontaire de notre soci\u00e9t\u00e9 qui a d\u00e9cid\u00e9 de cr\u00e9er \/ ex\u00e9cuter \/ maintenir actif \/ am\u00e9liorer son propre syst\u00e8me de gestion environnementale dans le respect de l&rsquo;environnement et des impacts environnementaux.[\/vc_column_text][\/vc_column][vc_column width=\u00a0\u00bb1\/3&Prime;][vc_gallery el_id=\u00a0\u00bbgallery-212163&Prime; type=\u00a0\u00bbjustified\u00a0\u00bb medias=\u00a0\u00bb948,949&Prime; justify_row_height=\u00a0\u00bb150&Prime; gutter_size=\u00a0\u00bb3&Prime; single_overlay_opacity=\u00a0\u00bb50&Prime; single_padding=\u00a0\u00bb2&Prime;][\/vc_column][\/vc_row][vc_row][vc_column width=\u00a0\u00bb1\/1&Prime;][vc_gallery el_id=\u00a0\u00bbgallery-656507&Prime; type=\u00a0\u00bbjustified\u00a0\u00bb medias=\u00a0\u00bb958,959,960,961,962&Prime; justify_row_height=\u00a0\u00bb250&Prime; gutter_size=\u00a0\u00bb3&Prime; single_overlay_opacity=\u00a0\u00bb50&Prime; single_padding=\u00a0\u00bb2&Prime;][\/vc_column][\/vc_row]<\/p>\n<\/div>","protected":false},"excerpt":{"rendered":"<p>[vc_row unlock_row_content=\u00a0\u00bbyes\u00a0\u00bb row_height_percent=\u00a0\u00bb0&Prime; back_color=\u00a0\u00bbaccent\u00a0\u00bb overlay_alpha=\u00a0\u00bb50&Prime; gutter_size=\u00a0\u00bb3&Prime; column_width_percent=\u00a0\u00bb100&Prime; shift_y=\u00a0\u00bb0&Prime; z_index=\u00a0\u00bb0&Prime;][vc_column column_width_percent=\u00a0\u00bb100&Prime; align_horizontal=\u00a0\u00bbalign_center\u00a0\u00bb style=\u00a0\u00bbdark\u00a0\u00bb overlay_alpha=\u00a0\u00bb50&Prime; gutter_size=\u00a0\u00bb3&Prime; medium_width=\u00a0\u00bb0&Prime; mobile_width=\u00a0\u00bb0&Prime; shift_x=\u00a0\u00bb0&Prime; shift_y=\u00a0\u00bb0&Prime; shift_y_down=\u00a0\u00bb0&Prime; z_index=\u00a0\u00bb0&Prime; [&hellip;]<\/p>\n","protected":false},"author":1,"featured_media":0,"parent":0,"menu_order":0,"comment_status":"closed","ping_status":"closed","template":"","meta":[],"yoast_head":"<!-- This site is optimized with the Yoast SEO Premium plugin v16.0.2 (Yoast SEO v18.2) - https:\/\/yoast.com\/wordpress\/plugins\/seo\/ -->\n<title>Outils de Forage de Qualit\u00e9 | Ocma<\/title>\n<meta name=\"description\" content=\"OCMA DrillTech applique la certification ISO9001:2015 pour toutes ses activit\u00e9s afin de Certifier tous les Outils de Forage, \u00e9quipements de forage, Marteaux DTH, Tiges de forage, Amortisseurs pour Marteaux fond de Trou fabriqu\u00e9s et distribu\u00e9s pour le march\u00e9 mondial.\" \/>\n<meta name=\"robots\" content=\"index, follow, max-snippet:-1, max-image-preview:large, max-video-preview:-1\" \/>\n<link rel=\"canonical\" href=\"https:\/\/www.ocmasrl.com\/fr\/assurance-qualite\/\" \/>\n<meta property=\"og:locale\" content=\"fr_FR\" \/>\n<meta property=\"og:type\" content=\"article\" \/>\n<meta property=\"og:title\" content=\"Outils de Forage de Qualit\u00e9 | Ocma\" \/>\n<meta property=\"og:description\" content=\"OCMA DrillTech applique la certification ISO9001:2015 pour toutes ses activit\u00e9s afin de Certifier tous les Outils de Forage, \u00e9quipements de forage, Marteaux DTH, Tiges de forage, Amortisseurs pour Marteaux fond de Trou fabriqu\u00e9s et distribu\u00e9s pour le march\u00e9 mondial.\" \/>\n<meta property=\"og:url\" content=\"https:\/\/www.ocmasrl.com\/fr\/assurance-qualite\/\" \/>\n<meta property=\"og:site_name\" content=\"Ocma\" \/>\n<meta property=\"article:publisher\" content=\"https:\/\/www.facebook.com\/OCMA-DrillTech-227901890599501\/\" \/>\n<meta property=\"article:modified_time\" content=\"2021-01-02T12:39:22+00:00\" \/>\n<meta name=\"twitter:card\" content=\"summary_large_image\" \/>\n<meta name=\"twitter:label1\" content=\"Dur\u00e9e de lecture estim\u00e9e\" \/>\n\t<meta name=\"twitter:data1\" content=\"2 minutes\" \/>\n<script type=\"application\/ld+json\" class=\"yoast-schema-graph\">{\"@context\":\"https:\/\/schema.org\",\"@graph\":[{\"@type\":\"Organization\",\"@id\":\"https:\/\/www.ocmasrl.com\/#organization\",\"name\":\"OCMA s.r.l.\",\"url\":\"https:\/\/www.ocmasrl.com\/\",\"sameAs\":[\"https:\/\/www.facebook.com\/OCMA-DrillTech-227901890599501\/\",\"https:\/\/www.instagram.com\/ocmadrilltech\/\"],\"logo\":{\"@type\":\"ImageObject\",\"@id\":\"https:\/\/www.ocmasrl.com\/#logo\",\"inLanguage\":\"fr-FR\",\"url\":\"https:\/\/www.ocmasrl.com\/wp-content\/uploads\/OCMA-DrillTech.jpg\",\"contentUrl\":\"https:\/\/www.ocmasrl.com\/wp-content\/uploads\/OCMA-DrillTech.jpg\",\"width\":575,\"height\":105,\"caption\":\"OCMA s.r.l.\"},\"image\":{\"@id\":\"https:\/\/www.ocmasrl.com\/#logo\"}},{\"@type\":\"WebSite\",\"@id\":\"https:\/\/www.ocmasrl.com\/#website\",\"url\":\"https:\/\/www.ocmasrl.com\/\",\"name\":\"Ocma\",\"description\":\"Martelli Fondo Foro\",\"publisher\":{\"@id\":\"https:\/\/www.ocmasrl.com\/#organization\"},\"potentialAction\":[{\"@type\":\"SearchAction\",\"target\":{\"@type\":\"EntryPoint\",\"urlTemplate\":\"https:\/\/www.ocmasrl.com\/?s={search_term_string}\"},\"query-input\":\"required name=search_term_string\"}],\"inLanguage\":\"fr-FR\"},{\"@type\":\"WebPage\",\"@id\":\"https:\/\/www.ocmasrl.com\/fr\/assurance-qualite\/#webpage\",\"url\":\"https:\/\/www.ocmasrl.com\/fr\/assurance-qualite\/\",\"name\":\"Outils de Forage de Qualit\u00e9 | Ocma\",\"isPartOf\":{\"@id\":\"https:\/\/www.ocmasrl.com\/#website\"},\"datePublished\":\"2020-01-23T08:59:15+00:00\",\"dateModified\":\"2021-01-02T12:39:22+00:00\",\"description\":\"OCMA DrillTech applique la certification ISO9001:2015 pour toutes ses activit\u00e9s afin de Certifier tous les Outils de Forage, \u00e9quipements de forage, Marteaux DTH, Tiges de forage, Amortisseurs pour Marteaux fond de Trou fabriqu\u00e9s et distribu\u00e9s pour le march\u00e9 mondial.\",\"breadcrumb\":{\"@id\":\"https:\/\/www.ocmasrl.com\/fr\/assurance-qualite\/#breadcrumb\"},\"inLanguage\":\"fr-FR\",\"potentialAction\":[{\"@type\":\"ReadAction\",\"target\":[\"https:\/\/www.ocmasrl.com\/fr\/assurance-qualite\/\"]}]},{\"@type\":\"BreadcrumbList\",\"@id\":\"https:\/\/www.ocmasrl.com\/fr\/assurance-qualite\/#breadcrumb\",\"itemListElement\":[{\"@type\":\"ListItem\",\"position\":1,\"name\":\"Home\",\"item\":\"https:\/\/www.ocmasrl.com\/fr\/\"},{\"@type\":\"ListItem\",\"position\":2,\"name\":\"Outils de Forage de Qualit\u00e9\"}]}]}<\/script>\n<!-- \/ Yoast SEO Premium plugin. -->","yoast_head_json":{"title":"Outils de Forage de Qualit\u00e9 | Ocma","description":"OCMA DrillTech applique la certification ISO9001:2015 pour toutes ses activit\u00e9s afin de Certifier tous les Outils de Forage, \u00e9quipements de forage, Marteaux DTH, Tiges de forage, Amortisseurs pour Marteaux fond de Trou fabriqu\u00e9s et distribu\u00e9s pour le march\u00e9 mondial.","robots":{"index":"index","follow":"follow","max-snippet":"max-snippet:-1","max-image-preview":"max-image-preview:large","max-video-preview":"max-video-preview:-1"},"canonical":"https:\/\/www.ocmasrl.com\/fr\/assurance-qualite\/","og_locale":"fr_FR","og_type":"article","og_title":"Outils de Forage de Qualit\u00e9 | Ocma","og_description":"OCMA DrillTech applique la certification ISO9001:2015 pour toutes ses activit\u00e9s afin de Certifier tous les Outils de Forage, \u00e9quipements de forage, Marteaux DTH, Tiges de forage, Amortisseurs pour Marteaux fond de Trou fabriqu\u00e9s et distribu\u00e9s pour le march\u00e9 mondial.","og_url":"https:\/\/www.ocmasrl.com\/fr\/assurance-qualite\/","og_site_name":"Ocma","article_publisher":"https:\/\/www.facebook.com\/OCMA-DrillTech-227901890599501\/","article_modified_time":"2021-01-02T12:39:22+00:00","twitter_card":"summary_large_image","twitter_misc":{"Dur\u00e9e de lecture estim\u00e9e":"2 minutes"},"schema":{"@context":"https:\/\/schema.org","@graph":[{"@type":"Organization","@id":"https:\/\/www.ocmasrl.com\/#organization","name":"OCMA s.r.l.","url":"https:\/\/www.ocmasrl.com\/","sameAs":["https:\/\/www.facebook.com\/OCMA-DrillTech-227901890599501\/","https:\/\/www.instagram.com\/ocmadrilltech\/"],"logo":{"@type":"ImageObject","@id":"https:\/\/www.ocmasrl.com\/#logo","inLanguage":"fr-FR","url":"https:\/\/www.ocmasrl.com\/wp-content\/uploads\/OCMA-DrillTech.jpg","contentUrl":"https:\/\/www.ocmasrl.com\/wp-content\/uploads\/OCMA-DrillTech.jpg","width":575,"height":105,"caption":"OCMA s.r.l."},"image":{"@id":"https:\/\/www.ocmasrl.com\/#logo"}},{"@type":"WebSite","@id":"https:\/\/www.ocmasrl.com\/#website","url":"https:\/\/www.ocmasrl.com\/","name":"Ocma","description":"Martelli Fondo Foro","publisher":{"@id":"https:\/\/www.ocmasrl.com\/#organization"},"potentialAction":[{"@type":"SearchAction","target":{"@type":"EntryPoint","urlTemplate":"https:\/\/www.ocmasrl.com\/?s={search_term_string}"},"query-input":"required name=search_term_string"}],"inLanguage":"fr-FR"},{"@type":"WebPage","@id":"https:\/\/www.ocmasrl.com\/fr\/assurance-qualite\/#webpage","url":"https:\/\/www.ocmasrl.com\/fr\/assurance-qualite\/","name":"Outils de Forage de Qualit\u00e9 | Ocma","isPartOf":{"@id":"https:\/\/www.ocmasrl.com\/#website"},"datePublished":"2020-01-23T08:59:15+00:00","dateModified":"2021-01-02T12:39:22+00:00","description":"OCMA DrillTech applique la certification ISO9001:2015 pour toutes ses activit\u00e9s afin de Certifier tous les Outils de Forage, \u00e9quipements de forage, Marteaux DTH, Tiges de forage, Amortisseurs pour Marteaux fond de Trou fabriqu\u00e9s et distribu\u00e9s pour le march\u00e9 mondial.","breadcrumb":{"@id":"https:\/\/www.ocmasrl.com\/fr\/assurance-qualite\/#breadcrumb"},"inLanguage":"fr-FR","potentialAction":[{"@type":"ReadAction","target":["https:\/\/www.ocmasrl.com\/fr\/assurance-qualite\/"]}]},{"@type":"BreadcrumbList","@id":"https:\/\/www.ocmasrl.com\/fr\/assurance-qualite\/#breadcrumb","itemListElement":[{"@type":"ListItem","position":1,"name":"Home","item":"https:\/\/www.ocmasrl.com\/fr\/"},{"@type":"ListItem","position":2,"name":"Outils de Forage de Qualit\u00e9"}]}]}},"_links":{"self":[{"href":"https:\/\/www.ocmasrl.com\/fr\/wp-json\/wp\/v2\/pages\/5771"}],"collection":[{"href":"https:\/\/www.ocmasrl.com\/fr\/wp-json\/wp\/v2\/pages"}],"about":[{"href":"https:\/\/www.ocmasrl.com\/fr\/wp-json\/wp\/v2\/types\/page"}],"author":[{"embeddable":true,"href":"https:\/\/www.ocmasrl.com\/fr\/wp-json\/wp\/v2\/users\/1"}],"replies":[{"embeddable":true,"href":"https:\/\/www.ocmasrl.com\/fr\/wp-json\/wp\/v2\/comments?post=5771"}],"version-history":[{"count":3,"href":"https:\/\/www.ocmasrl.com\/fr\/wp-json\/wp\/v2\/pages\/5771\/revisions"}],"predecessor-version":[{"id":7582,"href":"https:\/\/www.ocmasrl.com\/fr\/wp-json\/wp\/v2\/pages\/5771\/revisions\/7582"}],"wp:attachment":[{"href":"https:\/\/www.ocmasrl.com\/fr\/wp-json\/wp\/v2\/media?parent=5771"}],"curies":[{"name":"wp","href":"https:\/\/api.w.org\/{rel}","templated":true}]}}