{"id":5783,"date":"2020-01-23T09:20:05","date_gmt":"2020-01-23T09:20:05","guid":{"rendered":"http:\/\/omiwebdev.it\/ocma_n\/reseau-mondial\/"},"modified":"2021-01-04T18:12:05","modified_gmt":"2021-01-04T18:12:05","slug":"reseau-mondial","status":"publish","type":"page","link":"https:\/\/www.ocmasrl.com\/fr\/reseau-mondial\/","title":{"rendered":"Reseau Mondial pour Outils de Forage"},"content":{"rendered":"<div class=\"wpb-content-wrapper\"><p>[vc_row unlock_row_content=\u00a0\u00bbyes\u00a0\u00bb row_height_percent=\u00a0\u00bb0&Prime; back_color=\u00a0\u00bbaccent\u00a0\u00bb overlay_alpha=\u00a0\u00bb50&Prime; gutter_size=\u00a0\u00bb3&Prime; column_width_percent=\u00a0\u00bb100&Prime; shift_y=\u00a0\u00bb0&Prime; z_index=\u00a0\u00bb0&Prime;][vc_column column_width_percent=\u00a0\u00bb100&Prime; style=\u00a0\u00bbdark\u00a0\u00bb overlay_alpha=\u00a0\u00bb50&Prime; gutter_size=\u00a0\u00bb3&Prime; medium_width=\u00a0\u00bb0&Prime; mobile_width=\u00a0\u00bb0&Prime; shift_x=\u00a0\u00bb0&Prime; shift_y=\u00a0\u00bb0&Prime; shift_y_down=\u00a0\u00bb0&Prime; z_index=\u00a0\u00bb0&Prime; width=\u00a0\u00bb1\/1&Prime;][vc_column_text]<\/p>\n<h2 style=\"text-align: center;\">R\u00c9SEAU MONDIAL<\/h2>\n<p>[\/vc_column_text][\/vc_column][\/vc_row][vc_row][vc_column width=\u00a0\u00bb1\/1&Prime;][vc_column_text]<strong>OCMA Drilltech<\/strong> dispose d&rsquo;un r\u00e9seau de distribution mondiale avec une pr\u00e9sence en Am\u00e9rique du Nord et Am\u00e9rique du Sud, Australie, Afrique et Europe.[\/vc_column_text][vc_single_image media=\u00a0\u00bb3255&Prime; media_width_percent=\u00a0\u00bb100&Prime;][\/vc_column][\/vc_row][vc_row][vc_column width=\u00a0\u00bb1\/2&Prime;][vc_single_image media=\u00a0\u00bb977&Prime; media_lightbox=\u00a0\u00bbyes\u00a0\u00bb media_width_percent=\u00a0\u00bb75&Prime;][\/vc_column][vc_column width=\u00a0\u00bb1\/2&Prime;][vc_column_text]<strong>SATISFACTION DU CLIENT<\/strong><\/p>\n<p>Chaque jour, nos distributeurs et agents sont tenus de r\u00e9pondre rapidement \u00e0 la forte demande de nos produits aupr\u00e8s de leurs clients en leur fournissant l&rsquo;\u00e9quipement exact dont ils ont besoin. <strong>OCMA DrillTech<\/strong> propose une large s\u00e9lection de forets, de Marteaux fond de Trou DTH et materiel de forage pour diff\u00e9rentes applications et conditions. Les mod\u00e8les standard incluent plusieurs alternatives pour vous permettre de choisir le meilleur embout pour vos besoins. Notre \u00e9quipe orient\u00e9e client est pr\u00eate \u00e0 trouver les meilleures solutions pour vous!<\/p>\n<p>Nous visons l&rsquo;excellence dans tous nos produits et nous nous engageons \u00e0 travailler pour fournir \u00e0 tous nos partenaires, clients, fournisseurs, employ\u00e9s et actionnaires, des rendements sup\u00e9rieurs \u00e0 la moyenne. Nous d\u00e9veloppons nos marteaux fond de trou et nos outils de forage de roche bas\u00e9s sur l&rsquo;apport continu d&rsquo;op\u00e9rateurs et d&rsquo;entrepreneurs travaillant sur le terrain.<\/p>\n<p>[\/vc_column_text][\/vc_column][\/vc_row][vc_row][vc_column width=\u00a0\u00bb1\/2&Prime;][vc_column_text]<strong>LIVRAISONS RAPIDES ET IMM\u00c9DIATES<\/strong><\/p>\n<p>La conception et la production des articles OCMA Drilltech sont faites dans le si\u00e8ge principal en Italie. Gr\u00e2ce \u00e0 la production \u00e9lev\u00e9e, on garantit \u00e0 tous nos distributeurs \u00e9trangers une livraison rapide et imm\u00e9diate.<\/p>\n<p>Nos outils de forage de roche sont utilis\u00e9s dans les mines, la construction, les tunnels, les carri\u00e8res et le forage d&rsquo;eau dans le monde entier. [\/vc_column_text][\/vc_column][vc_column width=\u00a0\u00bb1\/2&Prime;][vc_single_image media=\u00a0\u00bb976&Prime; media_lightbox=\u00a0\u00bbyes\u00a0\u00bb media_width_percent=\u00a0\u00bb100&Prime; alignment=\u00a0\u00bbcenter\u00a0\u00bb][\/vc_column][\/vc_row]<\/p>\n<\/div>","protected":false},"excerpt":{"rendered":"<p>[vc_row unlock_row_content=\u00a0\u00bbyes\u00a0\u00bb row_height_percent=\u00a0\u00bb0&Prime; back_color=\u00a0\u00bbaccent\u00a0\u00bb overlay_alpha=\u00a0\u00bb50&Prime; gutter_size=\u00a0\u00bb3&Prime; column_width_percent=\u00a0\u00bb100&Prime; shift_y=\u00a0\u00bb0&Prime; z_index=\u00a0\u00bb0&Prime;][vc_column column_width_percent=\u00a0\u00bb100&Prime; style=\u00a0\u00bbdark\u00a0\u00bb overlay_alpha=\u00a0\u00bb50&Prime; gutter_size=\u00a0\u00bb3&Prime; medium_width=\u00a0\u00bb0&Prime; mobile_width=\u00a0\u00bb0&Prime; shift_x=\u00a0\u00bb0&Prime; shift_y=\u00a0\u00bb0&Prime; shift_y_down=\u00a0\u00bb0&Prime; z_index=\u00a0\u00bb0&Prime; width=\u00a0\u00bb1\/1&Prime;][vc_column_text] [&hellip;]<\/p>\n","protected":false},"author":1,"featured_media":0,"parent":0,"menu_order":0,"comment_status":"closed","ping_status":"closed","template":"","meta":[],"yoast_head":"<!-- This site is optimized with the Yoast SEO Premium plugin v16.0.2 (Yoast SEO v18.2) - https:\/\/yoast.com\/wordpress\/plugins\/seo\/ -->\n<title>Reseau Mondial pour Outils de Forage | Ocma<\/title>\n<meta name=\"description\" content=\"OCMA Drilltech dispose d\u2019un r\u00e9seau de distribution mondiale de Outils de Forage en Am\u00e9rique du Nord et Am\u00e9rique du Sud, Australie, Afrique et Europe.\" \/>\n<meta name=\"robots\" content=\"index, follow, max-snippet:-1, max-image-preview:large, max-video-preview:-1\" \/>\n<link rel=\"canonical\" href=\"https:\/\/www.ocmasrl.com\/fr\/reseau-mondial\/\" \/>\n<meta property=\"og:locale\" content=\"fr_FR\" \/>\n<meta property=\"og:type\" content=\"article\" \/>\n<meta property=\"og:title\" content=\"Reseau Mondial pour Outils de Forage | Ocma\" \/>\n<meta property=\"og:description\" content=\"OCMA Drilltech dispose d\u2019un r\u00e9seau de distribution mondiale de Outils de Forage en Am\u00e9rique du Nord et Am\u00e9rique du Sud, Australie, Afrique et Europe.\" \/>\n<meta property=\"og:url\" content=\"https:\/\/www.ocmasrl.com\/fr\/reseau-mondial\/\" \/>\n<meta property=\"og:site_name\" content=\"Ocma\" \/>\n<meta property=\"article:publisher\" content=\"https:\/\/www.facebook.com\/OCMA-DrillTech-227901890599501\/\" \/>\n<meta property=\"article:modified_time\" content=\"2021-01-04T18:12:05+00:00\" \/>\n<meta name=\"twitter:card\" content=\"summary_large_image\" \/>\n<meta name=\"twitter:label1\" content=\"Dur\u00e9e de lecture estim\u00e9e\" \/>\n\t<meta name=\"twitter:data1\" content=\"2 minutes\" \/>\n<script type=\"application\/ld+json\" class=\"yoast-schema-graph\">{\"@context\":\"https:\/\/schema.org\",\"@graph\":[{\"@type\":\"Organization\",\"@id\":\"https:\/\/www.ocmasrl.com\/#organization\",\"name\":\"OCMA s.r.l.\",\"url\":\"https:\/\/www.ocmasrl.com\/\",\"sameAs\":[\"https:\/\/www.facebook.com\/OCMA-DrillTech-227901890599501\/\",\"https:\/\/www.instagram.com\/ocmadrilltech\/\"],\"logo\":{\"@type\":\"ImageObject\",\"@id\":\"https:\/\/www.ocmasrl.com\/#logo\",\"inLanguage\":\"fr-FR\",\"url\":\"https:\/\/www.ocmasrl.com\/wp-content\/uploads\/OCMA-DrillTech.jpg\",\"contentUrl\":\"https:\/\/www.ocmasrl.com\/wp-content\/uploads\/OCMA-DrillTech.jpg\",\"width\":575,\"height\":105,\"caption\":\"OCMA s.r.l.\"},\"image\":{\"@id\":\"https:\/\/www.ocmasrl.com\/#logo\"}},{\"@type\":\"WebSite\",\"@id\":\"https:\/\/www.ocmasrl.com\/#website\",\"url\":\"https:\/\/www.ocmasrl.com\/\",\"name\":\"Ocma\",\"description\":\"Martelli Fondo Foro\",\"publisher\":{\"@id\":\"https:\/\/www.ocmasrl.com\/#organization\"},\"potentialAction\":[{\"@type\":\"SearchAction\",\"target\":{\"@type\":\"EntryPoint\",\"urlTemplate\":\"https:\/\/www.ocmasrl.com\/?s={search_term_string}\"},\"query-input\":\"required name=search_term_string\"}],\"inLanguage\":\"fr-FR\"},{\"@type\":\"WebPage\",\"@id\":\"https:\/\/www.ocmasrl.com\/fr\/reseau-mondial\/#webpage\",\"url\":\"https:\/\/www.ocmasrl.com\/fr\/reseau-mondial\/\",\"name\":\"Reseau Mondial pour Outils de Forage | Ocma\",\"isPartOf\":{\"@id\":\"https:\/\/www.ocmasrl.com\/#website\"},\"datePublished\":\"2020-01-23T09:20:05+00:00\",\"dateModified\":\"2021-01-04T18:12:05+00:00\",\"description\":\"OCMA Drilltech dispose d\u2019un r\u00e9seau de distribution mondiale de Outils de Forage en Am\u00e9rique du Nord et Am\u00e9rique du Sud, Australie, Afrique et Europe.\",\"breadcrumb\":{\"@id\":\"https:\/\/www.ocmasrl.com\/fr\/reseau-mondial\/#breadcrumb\"},\"inLanguage\":\"fr-FR\",\"potentialAction\":[{\"@type\":\"ReadAction\",\"target\":[\"https:\/\/www.ocmasrl.com\/fr\/reseau-mondial\/\"]}]},{\"@type\":\"BreadcrumbList\",\"@id\":\"https:\/\/www.ocmasrl.com\/fr\/reseau-mondial\/#breadcrumb\",\"itemListElement\":[{\"@type\":\"ListItem\",\"position\":1,\"name\":\"Home\",\"item\":\"https:\/\/www.ocmasrl.com\/fr\/\"},{\"@type\":\"ListItem\",\"position\":2,\"name\":\"Reseau Mondial pour Outils de Forage\"}]}]}<\/script>\n<!-- \/ Yoast SEO Premium plugin. -->","yoast_head_json":{"title":"Reseau Mondial pour Outils de Forage | Ocma","description":"OCMA Drilltech dispose d\u2019un r\u00e9seau de distribution mondiale de Outils de Forage en Am\u00e9rique du Nord et Am\u00e9rique du Sud, Australie, Afrique et Europe.","robots":{"index":"index","follow":"follow","max-snippet":"max-snippet:-1","max-image-preview":"max-image-preview:large","max-video-preview":"max-video-preview:-1"},"canonical":"https:\/\/www.ocmasrl.com\/fr\/reseau-mondial\/","og_locale":"fr_FR","og_type":"article","og_title":"Reseau Mondial pour Outils de Forage | Ocma","og_description":"OCMA Drilltech dispose d\u2019un r\u00e9seau de distribution mondiale de Outils de Forage en Am\u00e9rique du Nord et Am\u00e9rique du Sud, Australie, Afrique et Europe.","og_url":"https:\/\/www.ocmasrl.com\/fr\/reseau-mondial\/","og_site_name":"Ocma","article_publisher":"https:\/\/www.facebook.com\/OCMA-DrillTech-227901890599501\/","article_modified_time":"2021-01-04T18:12:05+00:00","twitter_card":"summary_large_image","twitter_misc":{"Dur\u00e9e de lecture estim\u00e9e":"2 minutes"},"schema":{"@context":"https:\/\/schema.org","@graph":[{"@type":"Organization","@id":"https:\/\/www.ocmasrl.com\/#organization","name":"OCMA s.r.l.","url":"https:\/\/www.ocmasrl.com\/","sameAs":["https:\/\/www.facebook.com\/OCMA-DrillTech-227901890599501\/","https:\/\/www.instagram.com\/ocmadrilltech\/"],"logo":{"@type":"ImageObject","@id":"https:\/\/www.ocmasrl.com\/#logo","inLanguage":"fr-FR","url":"https:\/\/www.ocmasrl.com\/wp-content\/uploads\/OCMA-DrillTech.jpg","contentUrl":"https:\/\/www.ocmasrl.com\/wp-content\/uploads\/OCMA-DrillTech.jpg","width":575,"height":105,"caption":"OCMA s.r.l."},"image":{"@id":"https:\/\/www.ocmasrl.com\/#logo"}},{"@type":"WebSite","@id":"https:\/\/www.ocmasrl.com\/#website","url":"https:\/\/www.ocmasrl.com\/","name":"Ocma","description":"Martelli Fondo Foro","publisher":{"@id":"https:\/\/www.ocmasrl.com\/#organization"},"potentialAction":[{"@type":"SearchAction","target":{"@type":"EntryPoint","urlTemplate":"https:\/\/www.ocmasrl.com\/?s={search_term_string}"},"query-input":"required name=search_term_string"}],"inLanguage":"fr-FR"},{"@type":"WebPage","@id":"https:\/\/www.ocmasrl.com\/fr\/reseau-mondial\/#webpage","url":"https:\/\/www.ocmasrl.com\/fr\/reseau-mondial\/","name":"Reseau Mondial pour Outils de Forage | Ocma","isPartOf":{"@id":"https:\/\/www.ocmasrl.com\/#website"},"datePublished":"2020-01-23T09:20:05+00:00","dateModified":"2021-01-04T18:12:05+00:00","description":"OCMA Drilltech dispose d\u2019un r\u00e9seau de distribution mondiale de Outils de Forage en Am\u00e9rique du Nord et Am\u00e9rique du Sud, Australie, Afrique et Europe.","breadcrumb":{"@id":"https:\/\/www.ocmasrl.com\/fr\/reseau-mondial\/#breadcrumb"},"inLanguage":"fr-FR","potentialAction":[{"@type":"ReadAction","target":["https:\/\/www.ocmasrl.com\/fr\/reseau-mondial\/"]}]},{"@type":"BreadcrumbList","@id":"https:\/\/www.ocmasrl.com\/fr\/reseau-mondial\/#breadcrumb","itemListElement":[{"@type":"ListItem","position":1,"name":"Home","item":"https:\/\/www.ocmasrl.com\/fr\/"},{"@type":"ListItem","position":2,"name":"Reseau Mondial pour Outils de Forage"}]}]}},"_links":{"self":[{"href":"https:\/\/www.ocmasrl.com\/fr\/wp-json\/wp\/v2\/pages\/5783"}],"collection":[{"href":"https:\/\/www.ocmasrl.com\/fr\/wp-json\/wp\/v2\/pages"}],"about":[{"href":"https:\/\/www.ocmasrl.com\/fr\/wp-json\/wp\/v2\/types\/page"}],"author":[{"embeddable":true,"href":"https:\/\/www.ocmasrl.com\/fr\/wp-json\/wp\/v2\/users\/1"}],"replies":[{"embeddable":true,"href":"https:\/\/www.ocmasrl.com\/fr\/wp-json\/wp\/v2\/comments?post=5783"}],"version-history":[{"count":5,"href":"https:\/\/www.ocmasrl.com\/fr\/wp-json\/wp\/v2\/pages\/5783\/revisions"}],"predecessor-version":[{"id":7591,"href":"https:\/\/www.ocmasrl.com\/fr\/wp-json\/wp\/v2\/pages\/5783\/revisions\/7591"}],"wp:attachment":[{"href":"https:\/\/www.ocmasrl.com\/fr\/wp-json\/wp\/v2\/media?parent=5783"}],"curies":[{"name":"wp","href":"https:\/\/api.w.org\/{rel}","templated":true}]}}