{"id":5028,"date":"2019-02-01T20:16:54","date_gmt":"2019-02-01T20:16:54","guid":{"rendered":"http:\/\/omiwebdev.it\/ocma_n\/amortisseur-marteau-fond-trou-phs4\/"},"modified":"2024-03-04T16:46:32","modified_gmt":"2024-03-04T16:46:32","slug":"amortisseur-marteau-fond-trou-phs4","status":"publish","type":"product","link":"https:\/\/www.ocmasrl.com\/fr\/amortisseur-marteau-fond-trou-phs4\/","title":{"rendered":"Amortisseur Marteau Fond Trou PHS4"},"content":{"rendered":"<div class=\"wpb-content-wrapper\"><p>[vc_row][vc_column column_width_percent=\u00a0\u00bb100&Prime; position_vertical=\u00a0\u00bbmiddle\u00a0\u00bb align_horizontal=\u00a0\u00bbalign_center\u00a0\u00bb gutter_size=\u00a0\u00bb3&Prime; overlay_alpha=\u00a0\u00bb50&Prime; shift_x=\u00a0\u00bb0&Prime; shift_y=\u00a0\u00bb0&Prime; shift_y_down=\u00a0\u00bb0&Prime; z_index=\u00a0\u00bb0&Prime; medium_width=\u00a0\u00bb0&Prime; mobile_width=\u00a0\u00bb0&Prime; width=\u00a0\u00bb1\/1&Prime;][vc_tabs][vc_tab title=\u00a0\u00bbSPECIFICHE TECNICHE\u00a0\u00bb tab_id=\u00a0\u00bb1548405905-1-280f1f-024fed17-ead2534b-9e065e6d-c7e2&Prime;][vc_empty_space empty_h=\u00a0\u00bb0&Prime;][vc_single_image media=\u00a0\u00bb586&Prime; media_lightbox=\u00a0\u00bbyes\u00a0\u00bb media_width_percent=\u00a0\u00bb100&Prime;][vc_column_text]<\/p>\n<p class=\"p1\">\n<table id=\"tablepress-51\" class=\"tablepress tablepress-id-51\">\n<thead>\n<tr class=\"row-1 odd\">\n\t<th class=\"column-1\">COD. ART.<\/th><th class=\"column-2\">DIAM. EST. (mm)<\/th><th class=\"column-3\">PESO (Kg)<\/th><th class=\"column-4\">LUNGH (mm)<\/th><th class=\"column-5\">THREAD (API REG.)<\/th>\n<\/tr>\n<\/thead>\n<tbody>\n<tr class=\"row-2 even\">\n\t<td class=\"column-1\">PHS 4<\/td><td class=\"column-2\">94<\/td><td class=\"column-3\">22<\/td><td class=\"column-4\">533<\/td><td class=\"column-5\">2\" 3\/8<\/td>\n<\/tr>\n<tr class=\"row-3 odd\">\n\t<td class=\"column-1\"><\/td><td class=\"column-2\"><\/td><td class=\"column-3\"><\/td><td class=\"column-4\"><\/td><td class=\"column-5\"><\/td>\n<\/tr>\n<\/tbody>\n<\/table>\n<!-- #tablepress-51 from cache --><\/p>\n<p>[\/vc_column_text][\/vc_tab][vc_tab title=\u00a0\u00bbCONSIGLI\u00a0\u00bb tab_id=\u00a0\u00bb1548405905-2-100f1f-024fed17-ead2534b-9e065e6d-c7e2&Prime;][vc_empty_space empty_h=\u00a0\u00bb0&Prime;][vc_column_text]<br \/>\nL&rsquo;utilisation d&rsquo;un amortisseur est recommand\u00e9e pour \u00e9viter une d\u00e9faillance pr\u00e9matur\u00e9e de la t\u00eate de<br \/>\nrotation de la machine \u00e0 cause des percussions g\u00e9n\u00e9r\u00e9es par l&rsquo;utilisation du marteau fond de trou.<\/p>\n<p>Tous les amortisseurs OCMA Drilltech sont fabriqu\u00e9s avec des filetages sup\u00e9rieures et inf\u00e9rieures<br \/>\nselon les normes internationales, mais d&rsquo;autres types de filetage sont disponibles sur demande du client.<\/p>\n<p>Nos amortisseurs sont adapt\u00e9s \u00e0 chaque type de marteau.<strong><br \/>\n<\/strong><br \/>\n[\/vc_column_text][\/vc_tab][vc_tab title=\u00a0\u00bbPDF\u00a0\u00bb tab_id=\u00a0\u00bb1548406101286-2-00f1f-024fed17-ead2534b-9e065e6d-c7e2&Prime;][vc_empty_space empty_h=\u00a0\u00bb0&Prime;][vc_icon icon=\u00a0\u00bbfa fa-file-pdf-o\u00a0\u00bb icon_color=\u00a0\u00bbcolor-153373&Prime; size=\u00a0\u00bbfa-5x\u00a0\u00bb link=\u00a0\u00bburl:https%3A%2F%2Fwww.ocmasrl.com%2Fwp-content%2Fuploads%2FShock-Absorbers-2023.pdf|target:_blank|\u00a0\u00bb][\/vc_icon][vc_column_text]Download Catalogue[\/vc_column_text][\/vc_tab][\/vc_tabs][\/vc_column][\/vc_row]<\/p>\n<\/div>","protected":false},"excerpt":{"rendered":"<p>[vc_row][vc_column column_width_percent=\u00a0\u00bb100&Prime; position_vertical=\u00a0\u00bbmiddle\u00a0\u00bb align_horizontal=\u00a0\u00bbalign_center\u00a0\u00bb gutter_size=\u00a0\u00bb3&Prime; overlay_alpha=\u00a0\u00bb50&Prime; shift_x=\u00a0\u00bb0&Prime; shift_y=\u00a0\u00bb0&Prime; shift_y_down=\u00a0\u00bb0&Prime; z_index=\u00a0\u00bb0&Prime; medium_width=\u00a0\u00bb0&Prime; mobile_width=\u00a0\u00bb0&Prime; width=\u00a0\u00bb1\/1&Prime;][vc_tabs][vc_tab title=\u00a0\u00bbSPECIFICHE TECNICHE\u00a0\u00bb tab_id=\u00a0\u00bb1548405905-1-280f1f-024fed17-ead2534b-9e065e6d-c7e2&Prime;][vc_empty_space empty_h=\u00a0\u00bb0&Prime;][vc_single_image media=\u00a0\u00bb586&Prime; media_lightbox=\u00a0\u00bbyes\u00a0\u00bb media_width_percent=\u00a0\u00bb100&Prime;][vc_column_text] [&hellip;]<\/p>\n","protected":false},"featured_media":5032,"template":"","meta":[],"product_cat":[164],"product_tag":[],"yoast_head":"<!-- This site is optimized with the Yoast SEO Premium plugin v16.0.2 (Yoast SEO v18.2) - https:\/\/yoast.com\/wordpress\/plugins\/seo\/ -->\n<title>Amortisseur Marteau Fond Trou PHS4 | Ocma<\/title>\n<meta name=\"robots\" content=\"index, follow, max-snippet:-1, max-image-preview:large, max-video-preview:-1\" \/>\n<link rel=\"canonical\" href=\"https:\/\/www.ocmasrl.com\/fr\/amortisseur-marteau-fond-trou-phs4\/\" \/>\n<meta property=\"og:locale\" content=\"fr_FR\" \/>\n<meta property=\"og:type\" content=\"article\" \/>\n<meta property=\"og:title\" content=\"Amortisseur Marteau Fond Trou PHS4 | Ocma\" \/>\n<meta property=\"og:description\" content=\"[vc_row][vc_column column_width_percent=\u00a0\u00bb100&Prime; position_vertical=\u00a0\u00bbmiddle\u00a0\u00bb align_horizontal=\u00a0\u00bbalign_center\u00a0\u00bb gutter_size=\u00a0\u00bb3&Prime; overlay_alpha=\u00a0\u00bb50&Prime; shift_x=\u00a0\u00bb0&Prime; shift_y=\u00a0\u00bb0&Prime; shift_y_down=\u00a0\u00bb0&Prime; z_index=\u00a0\u00bb0&Prime; medium_width=\u00a0\u00bb0&Prime; mobile_width=\u00a0\u00bb0&Prime; width=\u00a0\u00bb1\/1&Prime;][vc_tabs][vc_tab title=\u00a0\u00bbSPECIFICHE TECNICHE\u00a0\u00bb tab_id=\u00a0\u00bb1548405905-1-280f1f-024fed17-ead2534b-9e065e6d-c7e2&Prime;][vc_empty_space empty_h=\u00a0\u00bb0&Prime;][vc_single_image media=\u00a0\u00bb586&Prime; media_lightbox=\u00a0\u00bbyes\u00a0\u00bb media_width_percent=\u00a0\u00bb100&Prime;][vc_column_text] [&hellip;]\" \/>\n<meta property=\"og:url\" content=\"https:\/\/www.ocmasrl.com\/fr\/amortisseur-marteau-fond-trou-phs4\/\" \/>\n<meta property=\"og:site_name\" content=\"Ocma\" \/>\n<meta property=\"article:publisher\" content=\"https:\/\/www.facebook.com\/OCMA-DrillTech-227901890599501\/\" \/>\n<meta property=\"article:modified_time\" content=\"2024-03-04T16:46:32+00:00\" \/>\n<meta property=\"og:image\" content=\"https:\/\/www.ocmasrl.com\/wp-content\/uploads\/PHS4.jpg\" \/>\n\t<meta property=\"og:image:width\" content=\"692\" \/>\n\t<meta property=\"og:image:height\" content=\"131\" \/>\n\t<meta property=\"og:image:type\" content=\"image\/jpeg\" \/>\n<meta name=\"twitter:card\" content=\"summary_large_image\" \/>\n<meta name=\"twitter:label1\" content=\"Dur\u00e9e de lecture estim\u00e9e\" \/>\n\t<meta name=\"twitter:data1\" content=\"1 minute\" \/>\n<script type=\"application\/ld+json\" class=\"yoast-schema-graph\">{\"@context\":\"https:\/\/schema.org\",\"@graph\":[{\"@type\":\"Organization\",\"@id\":\"https:\/\/www.ocmasrl.com\/#organization\",\"name\":\"OCMA s.r.l.\",\"url\":\"https:\/\/www.ocmasrl.com\/\",\"sameAs\":[\"https:\/\/www.facebook.com\/OCMA-DrillTech-227901890599501\/\",\"https:\/\/www.instagram.com\/ocmadrilltech\/\"],\"logo\":{\"@type\":\"ImageObject\",\"@id\":\"https:\/\/www.ocmasrl.com\/#logo\",\"inLanguage\":\"fr-FR\",\"url\":\"https:\/\/www.ocmasrl.com\/wp-content\/uploads\/OCMA-DrillTech.jpg\",\"contentUrl\":\"https:\/\/www.ocmasrl.com\/wp-content\/uploads\/OCMA-DrillTech.jpg\",\"width\":575,\"height\":105,\"caption\":\"OCMA s.r.l.\"},\"image\":{\"@id\":\"https:\/\/www.ocmasrl.com\/#logo\"}},{\"@type\":\"WebSite\",\"@id\":\"https:\/\/www.ocmasrl.com\/#website\",\"url\":\"https:\/\/www.ocmasrl.com\/\",\"name\":\"Ocma\",\"description\":\"Martelli Fondo Foro\",\"publisher\":{\"@id\":\"https:\/\/www.ocmasrl.com\/#organization\"},\"potentialAction\":[{\"@type\":\"SearchAction\",\"target\":{\"@type\":\"EntryPoint\",\"urlTemplate\":\"https:\/\/www.ocmasrl.com\/?s={search_term_string}\"},\"query-input\":\"required name=search_term_string\"}],\"inLanguage\":\"fr-FR\"},{\"@type\":\"ImageObject\",\"@id\":\"https:\/\/www.ocmasrl.com\/fr\/amortisseur-marteau-fond-trou-phs4\/#primaryimage\",\"inLanguage\":\"fr-FR\",\"url\":\"https:\/\/www.ocmasrl.com\/wp-content\/uploads\/PHS4.jpg\",\"contentUrl\":\"https:\/\/www.ocmasrl.com\/wp-content\/uploads\/PHS4.jpg\",\"width\":692,\"height\":131},{\"@type\":\"WebPage\",\"@id\":\"https:\/\/www.ocmasrl.com\/fr\/amortisseur-marteau-fond-trou-phs4\/#webpage\",\"url\":\"https:\/\/www.ocmasrl.com\/fr\/amortisseur-marteau-fond-trou-phs4\/\",\"name\":\"Amortisseur Marteau Fond Trou PHS4 | Ocma\",\"isPartOf\":{\"@id\":\"https:\/\/www.ocmasrl.com\/#website\"},\"primaryImageOfPage\":{\"@id\":\"https:\/\/www.ocmasrl.com\/fr\/amortisseur-marteau-fond-trou-phs4\/#primaryimage\"},\"datePublished\":\"2019-02-01T20:16:54+00:00\",\"dateModified\":\"2024-03-04T16:46:32+00:00\",\"breadcrumb\":{\"@id\":\"https:\/\/www.ocmasrl.com\/fr\/amortisseur-marteau-fond-trou-phs4\/#breadcrumb\"},\"inLanguage\":\"fr-FR\",\"potentialAction\":[{\"@type\":\"ReadAction\",\"target\":[\"https:\/\/www.ocmasrl.com\/fr\/amortisseur-marteau-fond-trou-phs4\/\"]}]},{\"@type\":\"BreadcrumbList\",\"@id\":\"https:\/\/www.ocmasrl.com\/fr\/amortisseur-marteau-fond-trou-phs4\/#breadcrumb\",\"itemListElement\":[{\"@type\":\"ListItem\",\"position\":1,\"name\":\"Home\",\"item\":\"https:\/\/www.ocmasrl.com\/fr\/\"},{\"@type\":\"ListItem\",\"position\":2,\"name\":\"Shop\",\"item\":\"https:\/\/www.ocmasrl.com\/negozio\/\"},{\"@type\":\"ListItem\",\"position\":3,\"name\":\"Amortisseur Marteau Fond Trou PHS4\"}]}]}<\/script>\n<!-- \/ Yoast SEO Premium plugin. -->","yoast_head_json":{"title":"Amortisseur Marteau Fond Trou PHS4 | Ocma","robots":{"index":"index","follow":"follow","max-snippet":"max-snippet:-1","max-image-preview":"max-image-preview:large","max-video-preview":"max-video-preview:-1"},"canonical":"https:\/\/www.ocmasrl.com\/fr\/amortisseur-marteau-fond-trou-phs4\/","og_locale":"fr_FR","og_type":"article","og_title":"Amortisseur Marteau Fond Trou PHS4 | Ocma","og_description":"[vc_row][vc_column column_width_percent=\u00a0\u00bb100&Prime; position_vertical=\u00a0\u00bbmiddle\u00a0\u00bb align_horizontal=\u00a0\u00bbalign_center\u00a0\u00bb gutter_size=\u00a0\u00bb3&Prime; overlay_alpha=\u00a0\u00bb50&Prime; shift_x=\u00a0\u00bb0&Prime; shift_y=\u00a0\u00bb0&Prime; shift_y_down=\u00a0\u00bb0&Prime; z_index=\u00a0\u00bb0&Prime; medium_width=\u00a0\u00bb0&Prime; mobile_width=\u00a0\u00bb0&Prime; width=\u00a0\u00bb1\/1&Prime;][vc_tabs][vc_tab title=\u00a0\u00bbSPECIFICHE TECNICHE\u00a0\u00bb tab_id=\u00a0\u00bb1548405905-1-280f1f-024fed17-ead2534b-9e065e6d-c7e2&Prime;][vc_empty_space empty_h=\u00a0\u00bb0&Prime;][vc_single_image media=\u00a0\u00bb586&Prime; media_lightbox=\u00a0\u00bbyes\u00a0\u00bb media_width_percent=\u00a0\u00bb100&Prime;][vc_column_text] [&hellip;]","og_url":"https:\/\/www.ocmasrl.com\/fr\/amortisseur-marteau-fond-trou-phs4\/","og_site_name":"Ocma","article_publisher":"https:\/\/www.facebook.com\/OCMA-DrillTech-227901890599501\/","article_modified_time":"2024-03-04T16:46:32+00:00","og_image":[{"width":692,"height":131,"url":"https:\/\/www.ocmasrl.com\/wp-content\/uploads\/PHS4.jpg","type":"image\/jpeg"}],"twitter_card":"summary_large_image","twitter_misc":{"Dur\u00e9e de lecture estim\u00e9e":"1 minute"},"schema":{"@context":"https:\/\/schema.org","@graph":[{"@type":"Organization","@id":"https:\/\/www.ocmasrl.com\/#organization","name":"OCMA s.r.l.","url":"https:\/\/www.ocmasrl.com\/","sameAs":["https:\/\/www.facebook.com\/OCMA-DrillTech-227901890599501\/","https:\/\/www.instagram.com\/ocmadrilltech\/"],"logo":{"@type":"ImageObject","@id":"https:\/\/www.ocmasrl.com\/#logo","inLanguage":"fr-FR","url":"https:\/\/www.ocmasrl.com\/wp-content\/uploads\/OCMA-DrillTech.jpg","contentUrl":"https:\/\/www.ocmasrl.com\/wp-content\/uploads\/OCMA-DrillTech.jpg","width":575,"height":105,"caption":"OCMA s.r.l."},"image":{"@id":"https:\/\/www.ocmasrl.com\/#logo"}},{"@type":"WebSite","@id":"https:\/\/www.ocmasrl.com\/#website","url":"https:\/\/www.ocmasrl.com\/","name":"Ocma","description":"Martelli Fondo Foro","publisher":{"@id":"https:\/\/www.ocmasrl.com\/#organization"},"potentialAction":[{"@type":"SearchAction","target":{"@type":"EntryPoint","urlTemplate":"https:\/\/www.ocmasrl.com\/?s={search_term_string}"},"query-input":"required name=search_term_string"}],"inLanguage":"fr-FR"},{"@type":"ImageObject","@id":"https:\/\/www.ocmasrl.com\/fr\/amortisseur-marteau-fond-trou-phs4\/#primaryimage","inLanguage":"fr-FR","url":"https:\/\/www.ocmasrl.com\/wp-content\/uploads\/PHS4.jpg","contentUrl":"https:\/\/www.ocmasrl.com\/wp-content\/uploads\/PHS4.jpg","width":692,"height":131},{"@type":"WebPage","@id":"https:\/\/www.ocmasrl.com\/fr\/amortisseur-marteau-fond-trou-phs4\/#webpage","url":"https:\/\/www.ocmasrl.com\/fr\/amortisseur-marteau-fond-trou-phs4\/","name":"Amortisseur Marteau Fond Trou PHS4 | Ocma","isPartOf":{"@id":"https:\/\/www.ocmasrl.com\/#website"},"primaryImageOfPage":{"@id":"https:\/\/www.ocmasrl.com\/fr\/amortisseur-marteau-fond-trou-phs4\/#primaryimage"},"datePublished":"2019-02-01T20:16:54+00:00","dateModified":"2024-03-04T16:46:32+00:00","breadcrumb":{"@id":"https:\/\/www.ocmasrl.com\/fr\/amortisseur-marteau-fond-trou-phs4\/#breadcrumb"},"inLanguage":"fr-FR","potentialAction":[{"@type":"ReadAction","target":["https:\/\/www.ocmasrl.com\/fr\/amortisseur-marteau-fond-trou-phs4\/"]}]},{"@type":"BreadcrumbList","@id":"https:\/\/www.ocmasrl.com\/fr\/amortisseur-marteau-fond-trou-phs4\/#breadcrumb","itemListElement":[{"@type":"ListItem","position":1,"name":"Home","item":"https:\/\/www.ocmasrl.com\/fr\/"},{"@type":"ListItem","position":2,"name":"Shop","item":"https:\/\/www.ocmasrl.com\/negozio\/"},{"@type":"ListItem","position":3,"name":"Amortisseur Marteau Fond Trou PHS4"}]}]}},"_links":{"self":[{"href":"https:\/\/www.ocmasrl.com\/fr\/wp-json\/wp\/v2\/product\/5028"}],"collection":[{"href":"https:\/\/www.ocmasrl.com\/fr\/wp-json\/wp\/v2\/product"}],"about":[{"href":"https:\/\/www.ocmasrl.com\/fr\/wp-json\/wp\/v2\/types\/product"}],"wp:featuredmedia":[{"embeddable":true,"href":"https:\/\/www.ocmasrl.com\/fr\/wp-json\/wp\/v2\/media\/5032"}],"wp:attachment":[{"href":"https:\/\/www.ocmasrl.com\/fr\/wp-json\/wp\/v2\/media?parent=5028"}],"wp:term":[{"taxonomy":"product_cat","embeddable":true,"href":"https:\/\/www.ocmasrl.com\/fr\/wp-json\/wp\/v2\/product_cat?post=5028"},{"taxonomy":"product_tag","embeddable":true,"href":"https:\/\/www.ocmasrl.com\/fr\/wp-json\/wp\/v2\/product_tag?post=5028"}],"curies":[{"name":"wp","href":"https:\/\/api.w.org\/{rel}","templated":true}]}}